{"id":12934,"date":"2024-09-02T09:34:41","date_gmt":"2024-09-02T09:34:41","guid":{"rendered":"https:\/\/drterziler.com\/?page_id=12934"},"modified":"2026-04-06T11:02:33","modified_gmt":"2026-04-06T11:02:33","slug":"haarausfall","status":"publish","type":"page","link":"https:\/\/drterziler.com\/de\/haarausfall\/","title":{"rendered":"Haarausfall"},"content":{"rendered":"<div class=\"page-content\">\n<div id=\"header-area\">\n<div class=\"container\" id=\"firstContent\">\n<div class=\"header-content d-flex flex-column\">\n<h1 class=\"content-title h1-header\">Haarausfall<\/h1>\n<div class=\"content-paragraph\">\n<p class=\"p-text\">\n<\/p><\/div>\n<nav aria-label=\"breadcrumb\" class=\"breadcrumbs\">\n<ul class=\"d-flex align-items-center mb-0\">\n<li><a class=\"link\" href=\"https:\/\/drterziler.com\/de\/\"><span>Dr. Terziler Exclusive Clinic<\/span><\/a><\/li>\n<li class=\"separator\">\u00bb<\/li>\n<li class=\"current-page\"><span>Haarausfall<\/span><\/li>\n<\/ul>\n<\/nav><\/div>\n<\/p><\/div>\n<\/p><\/div>\n<\/div>\n<section id=\"content-area\">\n<div class=\"container my-5\">\n<div class=\"row align-items-start\">\n<div class=\"col-md-6 order-2 order-md-1\">\n<div class=\"custom-toc-box\">\n<div id=\"toc-header\">\n<h4>Inhaltsverzeichnis<\/h4>\n<div class=\"toc-toggle-icon\"><\/div>\n<\/p><\/div>\n<div class=\"toc-full-divider\"><\/div>\n<div id=\"toc-body\">\n<div id=\"toc-container\"><\/div>\n<\/p><\/div>\n<\/p><\/div>\n<\/p><\/div>\n<div class=\"col-md-6 order-1 order-md-2\" id=\"jForm\">\n                <script type=\"text\/javascript\" src=\"https:\/\/form.jotform.com\/jsform\/242882128947973\"><\/script>\n            <\/div>\n<\/p><\/div>\n<\/p><\/div>\n<div class=\"container\">\n<div class=\"img-thumb\">\n            <img loading=\"lazy\" decoding=\"async\" width=\"2560\" height=\"1709\" src=\"https:\/\/drterziler.com\/wp-content\/uploads\/2024\/09\/mid-adult-man-with-alopecia-looking-at-mirror-hai-2023-11-27-04-59-36-utc-scaled.jpg\" alt=\"\" srcset=\"https:\/\/drterziler.com\/wp-content\/uploads\/2024\/09\/mid-adult-man-with-alopecia-looking-at-mirror-hai-2023-11-27-04-59-36-utc-scaled.jpg 2560w, https:\/\/drterziler.com\/wp-content\/uploads\/2024\/09\/mid-adult-man-with-alopecia-looking-at-mirror-hai-2023-11-27-04-59-36-utc-300x200.jpg 300w, https:\/\/drterziler.com\/wp-content\/uploads\/2024\/09\/mid-adult-man-with-alopecia-looking-at-mirror-hai-2023-11-27-04-59-36-utc-1024x683.jpg 1024w, https:\/\/drterziler.com\/wp-content\/uploads\/2024\/09\/mid-adult-man-with-alopecia-looking-at-mirror-hai-2023-11-27-04-59-36-utc-768x513.jpg 768w, https:\/\/drterziler.com\/wp-content\/uploads\/2024\/09\/mid-adult-man-with-alopecia-looking-at-mirror-hai-2023-11-27-04-59-36-utc-1536x1025.jpg 1536w, https:\/\/drterziler.com\/wp-content\/uploads\/2024\/09\/mid-adult-man-with-alopecia-looking-at-mirror-hai-2023-11-27-04-59-36-utc-2048x1367.jpg 2048w\" sizes=\"auto, (max-width: 2560px) 100vw, 2560px\">\n        <\/div>\n<div>\n<div>\n<h2 class=\"h2-header\">Was ist die Ursache f\u00fcr Haarausfall?<\/h2>\n<\/p><\/div>\n<div>\n<p class=\"p-text\">Haarausfall kann durch verschiedene Faktoren verursacht werden, darunter: Genetik: M\u00e4nnlicher und weiblicher Haarausfall (androgenetische Alopezie) wird oft vererbt. (Arten von Alopezie) Hormonelle Ver\u00e4nderungen: Erkrankungen wie Schilddr\u00fcsenerkrankungen k\u00f6nnen zu Haarausfall f\u00fchren. Medizinische Erkrankungen: Bestimmte Autoimmunerkrankungen und Kopfhautinfektionen k\u00f6nnen Haarausfall verursachen. Medikamente: Einige Medikamente, die bei Krebs, Arthritis, Depressionen und Herzproblemen eingesetzt werden, k\u00f6nnen Haarausfall verursachen. Stress: K\u00f6rperlicher und emotionaler Stress kann zu vor\u00fcbergehendem Haarausfall f\u00fchren. Mangelern\u00e4hrung: Ein Mangel an essenziellen Vitaminen und Mineralstoffen kann die Gesundheit der Haare beeintr\u00e4chtigen. Altern: Mit zunehmendem Alter verlangsamt sich das Haarwachstum auf nat\u00fcrliche Weise. Kommt der Haarausfall vom Vater oder von der Mutter? Beeinflusst die Haarfarbe den Haarausfall? Wie geht man mit einer kahlen Stelle um? Wie wirkt sich Schlafmangel auf den Haarausfall aus? K\u00f6nnen hei\u00dfe Duschen zu Haarausfall f\u00fchren? Verursachen Haartrockner Haarausfall? Verursacht das Schlafen auf nur einer Seite Haarausfall? Kann zu viel k\u00f6rperliche Bet\u00e4tigung zu Haarausfall f\u00fchren?<\/p>\n<\/p><\/div>\n<\/p><\/div>\n<div>\n<div>\n<h2 class=\"h2-header\">Die Rolle von DHT bei Haarausfall<\/h2>\n<\/p><\/div>\n<div>\n<p class=\"p-text\">Dihydrotestosteron (DHT) ist ein Hormon, das eine wichtige Rolle bei Haarausfall spielt, insbesondere bei genetisch bedingtem Haarausfall. DHT kann die Haarfollikel schrumpfen lassen, was mit der Zeit zu d\u00fcnnerem und schw\u00e4cherem Haar f\u00fchrt.<\/p>\n<\/p><\/div>\n<\/p><\/div>\n<div>\n<div>\n<h2 class=\"h2-header\">Die psychologischen Auswirkungen von Haarausfall<\/h2>\n<\/p><\/div>\n<div>\n<p class=\"p-text\">Haarausfall kann erhebliche psychologische Auswirkungen haben, darunter: Verringertes Selbstwertgef\u00fchl und Selbstvertrauen Angst und Depression Sozialer R\u00fcckzug Negative Auswirkungen auf pers\u00f6nliche und berufliche Beziehungen F\u00fcr eine umfassende Behandlung ist es wichtig, sowohl die k\u00f6rperlichen als auch die emotionalen Aspekte des Haarausfalls zu ber\u00fccksichtigen.<\/p>\n<\/p><\/div>\n<\/p><\/div>\n<div>\n<div>\n<h2 class=\"h2-header\">Diagnose von Haarausfall<\/h2>\n<\/p><\/div>\n<div>\n<p class=\"p-text\">Eine professionelle Diagnose ist f\u00fcr eine wirksame Behandlung von entscheidender Bedeutung. In der Dr. Terziler Exclusive Hair Clinic wenden wir fortschrittliche Techniken an, um Ihren Haarausfall zu beurteilen, darunter: Detaillierte Auswertung der Krankengeschichte Kopfhautuntersuchung Analyse des Haarausfallmusters unter Verwendung von Skalen wie der Ludwig-Skala f\u00fcr Frauen M\u00f6gliche Bluttests zur \u00dcberpr\u00fcfung auf zugrunde liegende Gesundheitsprobleme<\/p>\n<\/p><\/div>\n<\/p><\/div>\n<div>\n<div>\n<h2 class=\"h2-header\">L\u00f6sungen f\u00fcr Haarausfall<\/h2>\n<\/p><\/div>\n<div>\n<p class=\"p-text\">Haartransplantation Eine Haartransplantation ist eine dauerhafte L\u00f6sung bei Haarausfall. In unserer Klinik bieten wir modernste Techniken an: Robotic DHI (Direct Hair Implantation): Eine minimalinvasive Methode, die eine pr\u00e4zise Platzierung der Haarfollikel erm\u00f6glicht, ohne den Empf\u00e4ngerbereich zu rasieren. Sapphire FUE (Follicular Unit Extraction): Eine Technik, bei der einzelne Haarfollikel f\u00fcr die Transplantation entnommen werden. Medikamente Finasterid: Hilft, die DHT-Produktion zu blockieren Minoxidil: F\u00f6rdert das Haarwachstum und verlangsamt den Haarausfall Ern\u00e4hrungsunterst\u00fctzung Eine ausgewogene Ern\u00e4hrung, die reich an essenziellen N\u00e4hrstoffen ist, kann die Gesundheit der Haare unterst\u00fctzen. Zu den wichtigsten Vitaminen und Mineralien geh\u00f6ren: Biotin Vitamin D Eisen Zink Omega-3-Fetts\u00e4uren S\u00e4gepalme \u00c4nderungen des Lebensstils Techniken zum Stressmanagement Schonende Haarpflegepraktiken Vermeidung aggressiver chemischer Behandlungen Kopfhautbehandlungen PRP-Therapie (Therapie mit pl\u00e4ttchenreichem Plasma) Low-Level-Lasertherapie<\/p>\n<\/p><\/div>\n<\/p><\/div>\n<div>\n<div>\n<h2 class=\"h2-header\">Warum Dr. Terziler Exclusive Hair Clinic w\u00e4hlen?<\/h2>\n<\/p><\/div>\n<div>\n<p class=\"p-text\">In der Dr. Terziler Exclusive Hair Clinic bieten wir: Modernste Techniken zur Haarwiederherstellung Individuelle Behandlungspl\u00e4ne Erfahrenes und qualifiziertes medizinisches Team Umfassende Betreuung vor und nach der Behandlung Lassen Sie nicht zu, dass Haarausfall Ihr Selbstvertrauen und Ihre Lebensqualit\u00e4t beeintr\u00e4chtigt. Wenden Sie sich noch heute an die Dr. Terziler Exclusive Hair Clinic, um einen Beratungstermin zu vereinbaren und den ersten Schritt zur Wiederherstellung Ihres Haares und Ihres Selbstvertrauens zu machen.<\/p>\n<\/p><\/div>\n<\/p><\/div>\n<\/p><\/div>\n<\/section>\n","protected":false},"excerpt":{"rendered":"<p>Haarausfall Dr. Terziler Exclusive Clinic \u00bb Haarausfall Inhaltsverzeichnis Was ist die Ursache f\u00fcr Haarausfall? Haarausfall kann durch verschiedene Faktoren verursacht werden, darunter: Genetik: M\u00e4nnlicher und weiblicher Haarausfall (androgenetische Alopezie) wird oft vererbt. (Arten von Alopezie) Hormonelle Ver\u00e4nderungen: Erkrankungen wie Schilddr\u00fcsenerkrankungen k\u00f6nnen zu Haarausfall f\u00fchren. Medizinische Erkrankungen: Bestimmte Autoimmunerkrankungen und Kopfhautinfektionen k\u00f6nnen Haarausfall verursachen. Medikamente: Einige [&hellip;]<\/p>\n","protected":false},"author":6,"featured_media":0,"parent":0,"menu_order":0,"comment_status":"closed","ping_status":"closed","template":"","meta":{"footnotes":""},"class_list":["post-12934","page","type-page","status-publish","hentry"],"_links":{"self":[{"href":"https:\/\/drterziler.com\/de\/wp-json\/wp\/v2\/pages\/12934","targetHints":{"allow":["GET"]}}],"collection":[{"href":"https:\/\/drterziler.com\/de\/wp-json\/wp\/v2\/pages"}],"about":[{"href":"https:\/\/drterziler.com\/de\/wp-json\/wp\/v2\/types\/page"}],"author":[{"embeddable":true,"href":"https:\/\/drterziler.com\/de\/wp-json\/wp\/v2\/users\/6"}],"replies":[{"embeddable":true,"href":"https:\/\/drterziler.com\/de\/wp-json\/wp\/v2\/comments?post=12934"}],"version-history":[{"count":13,"href":"https:\/\/drterziler.com\/de\/wp-json\/wp\/v2\/pages\/12934\/revisions"}],"predecessor-version":[{"id":61338,"href":"https:\/\/drterziler.com\/de\/wp-json\/wp\/v2\/pages\/12934\/revisions\/61338"}],"wp:attachment":[{"href":"https:\/\/drterziler.com\/de\/wp-json\/wp\/v2\/media?parent=12934"}],"curies":[{"name":"wp","href":"https:\/\/api.w.org\/{rel}","templated":true}]}}