{"id":12939,"date":"2024-09-25T07:50:00","date_gmt":"2024-09-25T07:50:00","guid":{"rendered":"https:\/\/drterziler.com\/?page_id=12939"},"modified":"2026-02-28T16:43:57","modified_gmt":"2026-02-28T16:43:57","slug":"beeinflusst-die-haarfarbe-den-haarausfall","status":"publish","type":"page","link":"https:\/\/drterziler.com\/de\/haarausfall\/beeinflusst-die-haarfarbe-den-haarausfall\/","title":{"rendered":"Beeinflusst die Haarfarbe den Haarausfall?"},"content":{"rendered":"<div class=\"page-content\">\n<div id=\"header-area\">\n<div class=\"container\" id=\"firstContent\">\n<div class=\"header-content d-flex flex-column\">\n<h1 class=\"content-title h1-header\">Beeinflusst die Haarfarbe den Haarausfall?<\/h1>\n<div class=\"content-paragraph\">\n<p class=\"p-text\">\n<\/p><\/div>\n<nav aria-label=\"breadcrumb\" class=\"breadcrumbs\">\n<ul class=\"d-flex align-items-center mb-0\">\n<li><a class=\"link\" href=\"https:\/\/drterziler.com\/de\/\"><span>Dr. Terziler Exclusive Clinic<\/span><\/a><\/li>\n<li class=\"separator\">\u00bb<\/li>\n<li><a class=\"link\" href=\"https:\/\/drterziler.com\/de\/haarausfall\/\"><span>Haarausfall<\/span><\/a><\/li>\n<li class=\"separator\">\u00bb<\/li>\n<li class=\"current-page\"><span>Beeinflusst die Haarfarbe den Haarausfall?<\/span><\/li>\n<\/ul>\n<\/nav><\/div>\n<\/p><\/div>\n<\/p><\/div>\n<\/div>\n<section id=\"content-area\">\n<div class=\"container my-5\">\n<div class=\"row align-items-start\">\n<div class=\"col-md-6 order-2 order-md-1\">\n<div class=\"custom-toc-box\">\n<div id=\"toc-header\">\n<h4>Inhaltsverzeichnis<\/h4>\n<div class=\"toc-toggle-icon\"><\/div>\n<\/p><\/div>\n<div class=\"toc-full-divider\"><\/div>\n<div id=\"toc-body\">\n<div id=\"toc-container\"><\/div>\n<\/p><\/div>\n<\/p><\/div>\n<\/p><\/div>\n<div class=\"col-md-6 order-1 order-md-2\" id=\"jForm\">\n                <script type=\"text\/javascript\" src=\"https:\/\/form.jotform.com\/jsform\/242882128947973\"><\/script>\n            <\/div>\n<\/p><\/div>\n<\/p><\/div>\n<div class=\"container\">\n<div class=\"img-thumb\">\n            <img loading=\"lazy\" decoding=\"async\" width=\"886\" height=\"517\" src=\"https:\/\/drterziler.com\/wp-content\/uploads\/2024\/09\/hair-color-affect-hair-loss.png\" alt=\"\" srcset=\"https:\/\/drterziler.com\/wp-content\/uploads\/2024\/09\/hair-color-affect-hair-loss.png 886w, https:\/\/drterziler.com\/wp-content\/uploads\/2024\/09\/hair-color-affect-hair-loss-300x175.png 300w, https:\/\/drterziler.com\/wp-content\/uploads\/2024\/09\/hair-color-affect-hair-loss-768x448.png 768w\" sizes=\"auto, (max-width: 886px) 100vw, 886px\">\n        <\/div>\n<div>\n<div>\n<h2 class=\"h2-header\">Fragen zur Haarfarbe<\/h2>\n<\/p><\/div>\n<div>\n<p class=\"p-text\">Verursacht das F\u00e4rben meiner Haare Haarausfall? Das F\u00e4rben der Haare selbst verursacht nicht direkt Haarausfall. Die Chemikalien in Haarf\u00e4rbemitteln k\u00f6nnen jedoch das Haar schw\u00e4chen und es anf\u00e4lliger f\u00fcr Sch\u00e4den und Haarbruch machen, was mit der Zeit zu Haarausfall f\u00fchren kann Sind bestimmte Haarfarben sch\u00e4dlicher als andere? Ja, permanente Haarf\u00e4rbemittel enthalten oft st\u00e4rkere Chemikalien als semipermanente oder tempor\u00e4re F\u00e4rbemittel. Die h\u00e4ufige Verwendung von permanenten F\u00e4rbemitteln kann zu gr\u00f6\u00dferen Sch\u00e4den an der Haarstruktur f\u00fchren Wie kann ich Sch\u00e4den durch Haarf\u00e4rbung minimieren? Um Sch\u00e4den zu minimieren, sollten Sie die H\u00e4ufigkeit des Haaref\u00e4rbens begrenzen, hochwertige Produkte verwenden und Pflegebehandlungen in Ihre Haarpflegeroutine einbauen. Auch der Verzicht auf \u00fcberm\u00e4\u00dfiges Hitzestyling kann zur Erhaltung der Haargesundheit beitragen Kann Haarf\u00e4rbemittel die Kopfhaut reizen oder Haarausfall verursachen? Haarf\u00e4rbemittel k\u00f6nnen bei manchen Menschen Kopfhautreizungen verursachen, die bei starker Reizung zu Haarausfall f\u00fchren k\u00f6nnen. Es ist wichtig, vor dem F\u00e4rben einen Patch-Test durchzuf\u00fchren, um sicherzustellen, dass Sie nicht allergisch reagieren. Wie oft sollte ich mein Haar pflegen, wenn ich es regelm\u00e4\u00dfig f\u00e4rbe? Wenn Sie Ihr Haar regelm\u00e4\u00dfig f\u00e4rben, ist es von Vorteil, es regelm\u00e4\u00dfig, mindestens einmal pro Woche, zu pflegen, um die Feuchtigkeit wiederherzustellen und das Haar zu st\u00e4rken. Eine Tiefenpflege kann helfen, den Auswirkungen des F\u00e4rbens entgegenzuwirken Ist es m\u00f6glich, durch F\u00e4rben verursachte Haarsch\u00e4den r\u00fcckg\u00e4ngig zu machen? Auch wenn Sie Haarsch\u00e4den nicht vollst\u00e4ndig r\u00fcckg\u00e4ngig machen k\u00f6nnen, k\u00f6nnen Sie den Zustand Ihres Haares mit der richtigen Pflege verbessern. Die Anwendung von Pflegebehandlungen, der Verzicht auf Hitzestyling und eine gesunde Ern\u00e4hrung k\u00f6nnen dazu beitragen, Feuchtigkeit und St\u00e4rke wiederherzustellen Das F\u00e4rben der Haare selbst verursacht nicht direkt Haarausfall. Die Chemikalien in Haarf\u00e4rbemitteln k\u00f6nnen jedoch das Haar schw\u00e4chen und es anf\u00e4lliger f\u00fcr Sch\u00e4den und Haarbruch machen, was mit der Zeit zu Haarausfall f\u00fchren kann Ja, permanente Haarf\u00e4rbemittel enthalten oft st\u00e4rkere Chemikalien als semipermanente oder tempor\u00e4re F\u00e4rbemittel. Die h\u00e4ufige Verwendung von permanenten F\u00e4rbemitteln kann zu gr\u00f6\u00dferen Sch\u00e4den an der Haarstruktur f\u00fchren Um Sch\u00e4den zu minimieren, sollten Sie die H\u00e4ufigkeit des Haaref\u00e4rbens begrenzen, hochwertige Produkte verwenden und Pflegebehandlungen in Ihre Haarpflegeroutine einbauen. Auch der Verzicht auf \u00fcberm\u00e4\u00dfiges Hitzestyling kann zur Erhaltung der Haargesundheit beitragen Haarf\u00e4rbemittel k\u00f6nnen bei manchen Menschen Kopfhautreizungen verursachen, die bei starker Reizung zu Haarausfall f\u00fchren k\u00f6nnen. Es ist wichtig, vor dem F\u00e4rben einen Patch-Test durchzuf\u00fchren, um sicherzustellen, dass Sie nicht allergisch reagieren. Wenn Sie Ihr Haar regelm\u00e4\u00dfig f\u00e4rben, ist es von Vorteil, es regelm\u00e4\u00dfig, mindestens einmal pro Woche, zu pflegen, um die Feuchtigkeit wiederherzustellen und das Haar zu st\u00e4rken. Eine Tiefenpflege kann helfen, den Auswirkungen des F\u00e4rbens entgegenzuwirken Auch wenn Sie Haarsch\u00e4den nicht vollst\u00e4ndig r\u00fcckg\u00e4ngig machen k\u00f6nnen, k\u00f6nnen Sie den Zustand Ihres Haares mit der richtigen Pflege verbessern. Die Anwendung von Pflegebehandlungen, der Verzicht auf Hitzestyling und eine gesunde Ern\u00e4hrung k\u00f6nnen dazu beitragen, Feuchtigkeit und St\u00e4rke wiederherzustellen<\/p>\n<\/p><\/div>\n<\/p><\/div>\n<\/p><\/div>\n<\/section>\n","protected":false},"excerpt":{"rendered":"<p>Beeinflusst die Haarfarbe den Haarausfall? Dr. Terziler Exclusive Clinic \u00bb Haarausfall \u00bb Beeinflusst die Haarfarbe den Haarausfall? Inhaltsverzeichnis Fragen zur Haarfarbe Verursacht das F\u00e4rben meiner Haare Haarausfall? Das F\u00e4rben der Haare selbst verursacht nicht direkt Haarausfall. Die Chemikalien in Haarf\u00e4rbemitteln k\u00f6nnen jedoch das Haar schw\u00e4chen und es anf\u00e4lliger f\u00fcr Sch\u00e4den und Haarbruch machen, was mit [&hellip;]<\/p>\n","protected":false},"author":6,"featured_media":0,"parent":12934,"menu_order":0,"comment_status":"closed","ping_status":"closed","template":"","meta":{"footnotes":""},"class_list":["post-12939","page","type-page","status-publish","hentry"],"_links":{"self":[{"href":"https:\/\/drterziler.com\/de\/wp-json\/wp\/v2\/pages\/12939","targetHints":{"allow":["GET"]}}],"collection":[{"href":"https:\/\/drterziler.com\/de\/wp-json\/wp\/v2\/pages"}],"about":[{"href":"https:\/\/drterziler.com\/de\/wp-json\/wp\/v2\/types\/page"}],"author":[{"embeddable":true,"href":"https:\/\/drterziler.com\/de\/wp-json\/wp\/v2\/users\/6"}],"replies":[{"embeddable":true,"href":"https:\/\/drterziler.com\/de\/wp-json\/wp\/v2\/comments?post=12939"}],"version-history":[{"count":7,"href":"https:\/\/drterziler.com\/de\/wp-json\/wp\/v2\/pages\/12939\/revisions"}],"predecessor-version":[{"id":58055,"href":"https:\/\/drterziler.com\/de\/wp-json\/wp\/v2\/pages\/12939\/revisions\/58055"}],"up":[{"embeddable":true,"href":"https:\/\/drterziler.com\/de\/wp-json\/wp\/v2\/pages\/12934"}],"wp:attachment":[{"href":"https:\/\/drterziler.com\/de\/wp-json\/wp\/v2\/media?parent=12939"}],"curies":[{"name":"wp","href":"https:\/\/api.w.org\/{rel}","templated":true}]}}