{"id":13574,"date":"2024-09-03T08:14:56","date_gmt":"2024-09-03T08:14:56","guid":{"rendered":"https:\/\/drterziler.com\/?page_id=13574"},"modified":"2025-06-11T06:13:57","modified_gmt":"2025-06-11T06:13:57","slug":"was-ist-eine-haartransplantation","status":"publish","type":"page","link":"https:\/\/drterziler.com\/de\/haartransplantation\/was-ist-eine-haartransplantation\/","title":{"rendered":"Was ist eine Haartransplantation?"},"content":{"rendered":"<nav aria-label=\"breadcrumbs\">\n<p>Dr. Terziler<\/p>\n<\/nav>\n<h4>\n\t\t\t\tInhaltsverzeichnis\t\t\t<\/h4>\n<p>\t\t\t\t\t\t\t<svg aria-hidden=\"true\" viewBox=\"0 0 448 512\" xmlns=\"http:\/\/www.w3.org\/2000\/svg\"><path d=\"M207.029 381.476L12.686 187.132c-9.373-9.373-9.373-24.569 0-33.941l22.667-22.667c9.357-9.357 24.522-9.375 33.901-.04L224 284.505l154.745-154.021c9.379-9.335 24.544-9.317 33.901.04l22.667 22.667c9.373 9.373 9.373 24.569 0 33.941L240.971 381.476c-9.373 9.372-24.569 9.372-33.942 0z\"><\/path><\/svg><br \/>\n\t\t\t\t<svg aria-hidden=\"true\" viewBox=\"0 0 448 512\" xmlns=\"http:\/\/www.w3.org\/2000\/svg\"><path d=\"M240.971 130.524l194.343 194.343c9.373 9.373 9.373 24.569 0 33.941l-22.667 22.667c-9.357 9.357-24.522 9.375-33.901.04L224 227.495 69.255 381.516c-9.379 9.335-24.544 9.317-33.901-.04l-22.667-22.667c-9.373-9.373-9.373-24.569 0-33.941L207.03 130.525c9.372-9.373 24.568-9.373 33.941-.001z\"><\/path><\/svg><br \/>\n\t\t\t\t<svg aria-hidden=\"true\" viewBox=\"0 0 1000 1000\" xmlns=\"http:\/\/www.w3.org\/2000\/svg\"><path d=\"M500 975V858C696 858 858 696 858 500S696 142 500 142 142 304 142 500H25C25 237 238 25 500 25S975 237 975 500 763 975 500 975Z\"><\/path><\/svg><br \/>\n\t\t\t\t\t\t\t\t\t\t\t\t\t\t\t\t\t\t\t\t\t\t<img loading=\"lazy\" decoding=\"async\" width=\"912\" height=\"697\" src=\"https:\/\/drterziler.com\/wp-content\/uploads\/2024\/11\/hair-graft.png\" alt=\"\" srcset=\"https:\/\/drterziler.com\/wp-content\/uploads\/2024\/11\/hair-graft.png 912w, https:\/\/drterziler.com\/wp-content\/uploads\/2024\/11\/hair-graft-300x229.png 300w, https:\/\/drterziler.com\/wp-content\/uploads\/2024\/11\/hair-graft-768x587.png 768w\" sizes=\"auto, (max-width: 912px) 100vw, 912px\">\t\t\t\t\t\t\t\t\t\t\t\t\t<\/p>\n<h1>Was ist ein Haartransplantat?<\/h1>\n<p>Haarausfall kann f\u00fcr viele Menschen eine Quelle der Verzweiflung sein und ihr Selbstwertgef\u00fchl und Selbstvertrauen beeintr\u00e4chtigen. Gl\u00fccklicherweise bieten moderne Haartransplantationstechniken eine L\u00f6sung, um wieder volles Haar zu bekommen. Im Mittelpunkt dieser Verfahren steht das Konzept der Haartransplantation. In diesem Artikel erkl\u00e4rt Dr. Terziler, ein renommierter Experte f\u00fcr Haarwiederherstellung, was ein Haartransplantat ist und welche entscheidende Rolle es bei Haartransplantationen spielt.<\/p>\n<h2>Haartransplantate verstehen<\/h2>\n<p>Ein Haartransplantat ist ein kleines Hautst\u00fcck mit einem oder mehreren Haarfollikeln, das aus einem Spenderbereich (normalerweise am Hinterkopf oder an den Seiten) entnommen und in einen Bereich mit Haarausfall verpflanzt wird. Diese Transplantate sind die Bausteine der Haartransplantation, mit denen Chirurgen Haare in Bereiche umverteilen k\u00f6nnen, in denen sie am dringendsten ben\u00f6tigt werden.<\/p>\n<h3>Arten von Haartransplantaten<\/h3>\n<ol>\n<li><strong>Einzelne follikul\u00e4re Einheit (FU)<\/strong>: Enth\u00e4lt 1 Haarfollikel<\/li>\n<li><strong>Doppelte FU<\/strong>: Enth\u00e4lt 2 Haarfollikel<\/li>\n<li><strong>Dreifache FU<\/strong>: Enth\u00e4lt 3 Haarfollikel<\/li>\n<li><strong>Vierfache FU<\/strong>: Enth\u00e4lt 4 oder mehr Haarfollikel<\/li>\n<\/ol>\n<h2>Die Rolle von Haartransplantaten bei Transplantationen<\/h2>\n<p>Haartransplantate spielen eine entscheidende Rolle bei der Erzielung nat\u00fcrlich aussehender Ergebnisse bei Haartransplantationen. Durch die sorgf\u00e4ltige Entnahme und Platzierung einzelner Transplantate k\u00f6nnen Chirurgen:<\/p>\n<ul>\n<li>das nat\u00fcrliche Haarwuchsmuster nachahmen<\/li>\n<li>eine nahtlose Mischung mit dem vorhandenen Haar erzeugen<\/li>\n<li>optimale Dichte in sch\u00fctteren Bereichen zu erreichen<\/li>\n<li>einen individuellen Haaransatz zu gestalten, der zu den Gesichtsz\u00fcgen des Patienten passt<\/li>\n<\/ul>\n<h2>Transplantationstechniken<\/h2>\n<p>In der Dr. Terziler Exclusive Clinic verwenden wir fortschrittliche Transplantationstechniken, um unseren Patienten die bestm\u00f6glichen Ergebnisse zu bieten:<\/p>\n<h3>1. Follicular Unit Extraction (FUE)<\/h3>\n<p>Bei der FUE werden einzelne follikul\u00e4re Einheiten mit einem speziellen Stanzwerkzeug direkt aus dem Spenderbereich entnommen. Diese Technik bietet:<\/p>\n<ul>\n<li>Minimale Narbenbildung<\/li>\n<li>Schnellere Genesungszeit<\/li>\n<li>Flexibilit\u00e4t bei der Platzierung der Transplantate<\/li>\n<\/ul>\n<h3>2. Direkte Haarimplantation (DHI)<\/h3>\n<p>DHI ist eine fortschrittliche Technik, die die gleichzeitige Entnahme und Implantation von Haartransplantaten erm\u00f6glicht. Zu den Vorteilen geh\u00f6ren:<\/p>\n<ul>\n<li>Erh\u00f6hte Pr\u00e4zision bei der Platzierung der Transplantate<\/li>\n<li>K\u00fcrzere Verweildauer der Transplantate au\u00dferhalb des K\u00f6rpers<\/li>\n<li>Potenziell h\u00f6here \u00dcberlebensrate der Transplantate<\/li>\n<\/ul>\n<h3>3. Robotergest\u00fctzte DHI<\/h3>\n<p>Als Pionier in der Haartransplantationstechnologie ist die Dr. Terziler Exclusive Clinic stolz darauf, die fortschrittlichste Haartransplantationstechnik, die robotergest\u00fctzte DHI, anbieten zu k\u00f6nnen. Diese innovative Methode kombiniert die Pr\u00e4zision der Robotik mit dem Fachwissen unserer Chirurgen und bietet:<\/p>\n<ul>\n<li>Un\u00fcbertroffene Genauigkeit bei der Entnahme und Platzierung von Transplantaten<\/li>\n<li>Minimierung menschlicher Fehler<\/li>\n<li>Schnellere Eingriffszeiten<\/li>\n<li>Optimierte \u00dcberlebensraten der Transplantate<\/li>\n<\/ul>\n<h2>Vorteile der Haartransplantation<\/h2>\n<p>Die Haartransplantation bietet zahlreiche Vorteile f\u00fcr Personen, die ihr Haar wiederherstellen m\u00f6chten:<\/p>\n<ol>\n<li><strong>Nat\u00fcrlich aussehende Ergebnisse<\/strong>: Die Transplantate werden so eingesetzt, dass sie die nat\u00fcrlichen Haarwuchsstrukturen nachahmen.<\/li>\n<li><strong>Dauerhafte L\u00f6sung<\/strong>: Das transplantierte Haar ist resistent gegen weiteren Verlust.<\/li>\n<li><strong>Verbessertes Selbstbewusstsein<\/strong>: Die Wiederherstellung des Haares kann das Selbstwertgef\u00fchl erheblich steigern.<\/li>\n<li><strong>Vielseitigkeit<\/strong>: Kann zur Wiederherstellung von Kopfhaar, Augenbrauen und Bart verwendet werden.<\/li>\n<li><strong>Minimal invasiv<\/strong>: Moderne Techniken f\u00fchren zu minimaler Narbenbildung und schneller Genesung.<\/li>\n<\/ol>\n<p>F\u00fcr alle, die eine Haartransplantation in Betracht ziehen, ist es wichtig, die Haartransplantation zu verstehen. In der Dr. Terziler Exclusive Clinic nutzen wir unser Fachwissen und modernste Technologie, um unseren Patienten die bestm\u00f6glichen Ergebnisse zu bieten. Ganz gleich, ob Sie mit Geheimratsecken, sch\u00fctterem Haar oder st\u00e4rkerem Haarausfall zu k\u00e4mpfen haben, unser Team kann einen individuellen Behandlungsplan mit fortschrittlichen Transplantationsverfahren erstellen, um Ihnen zu dem vollen, nat\u00fcrlich aussehenden Haar zu verhelfen, das Sie sich w\u00fcnschen.<\/p>\n<p>Wenn Sie eine Haartransplantation in Erw\u00e4gung ziehen oder mehr \u00fcber Haartransplantationen erfahren m\u00f6chten, wenden Sie sich bitte an die Dr. Terziler Exclusive Clinic. Unser Expertenteam steht bereit, um Sie durch den Prozess zu f\u00fchren und Ihnen dabei zu helfen, eine fundierte Entscheidung \u00fcber Ihre Haartransplantation zu treffen.<\/p>\n<details id=\"e-n-accordion-item-3980\" open>\n<summary data-accordion-index=\"1\" tabindex=\"0\" aria-expanded=\"true\" aria-controls=\"e-n-accordion-item-3980\" >\n\t\t\t\t\t Wie viele Haare befinden sich in einem einzigen Transplantat?<br \/>\n\t\t\t<svg aria-hidden=\"true\" viewBox=\"0 0 448 512\" xmlns=\"http:\/\/www.w3.org\/2000\/svg\"><path d=\"M416 208H32c-17.67 0-32 14.33-32 32v32c0 17.67 14.33 32 32 32h384c17.67 0 32-14.33 32-32v-32c0-17.67-14.33-32-32-32z\"><\/path><\/svg><br \/>\n\t\t\t<svg aria-hidden=\"true\" viewBox=\"0 0 448 512\" xmlns=\"http:\/\/www.w3.org\/2000\/svg\"><path d=\"M416 208H272V64c0-17.67-14.33-32-32-32h-32c-17.67 0-32 14.33-32 32v144H32c-17.67 0-32 14.33-32 32v32c0 17.67 14.33 32 32 32h144v144c0 17.67 14.33 32 32 32h32c17.67 0 32-14.33 32-32V304h144c17.67 0 32-14.33 32-32v-32c0-17.67-14.33-32-32-32z\"><\/path><\/svg><br \/>\n\t\t\t\t\t\t<\/summary>\n<p>Jedes Transplantat kann 1 bis 4 Haarfollikel enthalten, abh\u00e4ngig von der Entnahmemethode und den nat\u00fcrlichen Haaren des Patienten.<\/p>\n<\/details>\n<details id=\"e-n-accordion-item-3981\" >\n<summary data-accordion-index=\"2\" tabindex=\"-1\" aria-expanded=\"false\" aria-controls=\"e-n-accordion-item-3981\" >\n\t\t\t\t\t Woher werden die Haartransplantate genommen?<br \/>\n\t\t\t<svg aria-hidden=\"true\" viewBox=\"0 0 448 512\" xmlns=\"http:\/\/www.w3.org\/2000\/svg\"><path d=\"M416 208H32c-17.67 0-32 14.33-32 32v32c0 17.67 14.33 32 32 32h384c17.67 0 32-14.33 32-32v-32c0-17.67-14.33-32-32-32z\"><\/path><\/svg><br \/>\n\t\t\t<svg aria-hidden=\"true\" viewBox=\"0 0 448 512\" xmlns=\"http:\/\/www.w3.org\/2000\/svg\"><path d=\"M416 208H272V64c0-17.67-14.33-32-32-32h-32c-17.67 0-32 14.33-32 32v144H32c-17.67 0-32 14.33-32 32v32c0 17.67 14.33 32 32 32h144v144c0 17.67 14.33 32 32 32h32c17.67 0 32-14.33 32-32V304h144c17.67 0 32-14.33 32-32v-32c0-17.67-14.33-32-32-32z\"><\/path><\/svg><br \/>\n\t\t\t\t\t\t<\/summary>\n<p>Haartransplantate werden in der Regel aus dem Spenderbereich am R\u00fccken oder an den Seiten der Kopfhaut entnommen, da diese Haare resistenter gegen hormonell bedingten Haarausfall sind. In einigen F\u00e4llen k\u00f6nnen auch K\u00f6rperhaare (z. B. aus dem Bart oder der Brust) verwendet werden.<\/p>\n<\/details>\n<details id=\"e-n-accordion-item-3982\" >\n<summary data-accordion-index=\"3\" tabindex=\"-1\" aria-expanded=\"false\" aria-controls=\"e-n-accordion-item-3982\" >\n\t\t\t\t\t Wie viele Grafts werden f\u00fcr eine Haartransplantation ben\u00f6tigt?<br \/>\n\t\t\t<svg aria-hidden=\"true\" viewBox=\"0 0 448 512\" xmlns=\"http:\/\/www.w3.org\/2000\/svg\"><path d=\"M416 208H32c-17.67 0-32 14.33-32 32v32c0 17.67 14.33 32 32 32h384c17.67 0 32-14.33 32-32v-32c0-17.67-14.33-32-32-32z\"><\/path><\/svg><br \/>\n\t\t\t<svg aria-hidden=\"true\" viewBox=\"0 0 448 512\" xmlns=\"http:\/\/www.w3.org\/2000\/svg\"><path d=\"M416 208H272V64c0-17.67-14.33-32-32-32h-32c-17.67 0-32 14.33-32 32v144H32c-17.67 0-32 14.33-32 32v32c0 17.67 14.33 32 32 32h144v144c0 17.67 14.33 32 32 32h32c17.67 0 32-14.33 32-32V304h144c17.67 0 32-14.33 32-32v-32c0-17.67-14.33-32-32-32z\"><\/path><\/svg><br \/>\n\t\t\t\t\t\t<\/summary>\n<p>Die Anzahl der ben\u00f6tigten Grafts h\u00e4ngt von der Gr\u00f6\u00dfe der kahlen Stelle, der gew\u00fcnschten Dichte und den Haareigenschaften des Patienten ab. In der Regel k\u00f6nnen 1.000 bis 4.000 Grafts in einer einzigen Sitzung transplantiert werden.<\/p>\n<\/details>\n<details id=\"e-n-accordion-item-3983\" >\n<summary data-accordion-index=\"4\" tabindex=\"-1\" aria-expanded=\"false\" aria-controls=\"e-n-accordion-item-3983\" >\n\t\t\t\t\t Ist der Prozess der Transplantatentnahme schmerzhaft?<br \/>\n\t\t\t<svg aria-hidden=\"true\" viewBox=\"0 0 448 512\" xmlns=\"http:\/\/www.w3.org\/2000\/svg\"><path d=\"M416 208H32c-17.67 0-32 14.33-32 32v32c0 17.67 14.33 32 32 32h384c17.67 0 32-14.33 32-32v-32c0-17.67-14.33-32-32-32z\"><\/path><\/svg><br \/>\n\t\t\t<svg aria-hidden=\"true\" viewBox=\"0 0 448 512\" xmlns=\"http:\/\/www.w3.org\/2000\/svg\"><path d=\"M416 208H272V64c0-17.67-14.33-32-32-32h-32c-17.67 0-32 14.33-32 32v144H32c-17.67 0-32 14.33-32 32v32c0 17.67 14.33 32 32 32h144v144c0 17.67 14.33 32 32 32h32c17.67 0 32-14.33 32-32V304h144c17.67 0 32-14.33 32-32v-32c0-17.67-14.33-32-32-32z\"><\/path><\/svg><br \/>\n\t\t\t\t\t\t<\/summary>\n<p>Nein, das Verfahren ist nicht schmerzhaft, da der Spenderbereich w\u00e4hrend der Transplantatentnahme lokal bet\u00e4ubt wird. Die Patienten k\u00f6nnen w\u00e4hrend der Genesung ein leichtes Unbehagen versp\u00fcren.<\/p>\n<\/details>\n<details id=\"e-n-accordion-item-3984\" >\n<summary data-accordion-index=\"5\" tabindex=\"-1\" aria-expanded=\"false\" aria-controls=\"e-n-accordion-item-3984\" >\n\t\t\t\t\t K\u00f6nnen alle Transplantate nach der Transplantation \u00fcberleben?<br \/>\n\t\t\t<svg aria-hidden=\"true\" viewBox=\"0 0 448 512\" xmlns=\"http:\/\/www.w3.org\/2000\/svg\"><path d=\"M416 208H32c-17.67 0-32 14.33-32 32v32c0 17.67 14.33 32 32 32h384c17.67 0 32-14.33 32-32v-32c0-17.67-14.33-32-32-32z\"><\/path><\/svg><br \/>\n\t\t\t<svg aria-hidden=\"true\" viewBox=\"0 0 448 512\" xmlns=\"http:\/\/www.w3.org\/2000\/svg\"><path d=\"M416 208H272V64c0-17.67-14.33-32-32-32h-32c-17.67 0-32 14.33-32 32v144H32c-17.67 0-32 14.33-32 32v32c0 17.67 14.33 32 32 32h144v144c0 17.67 14.33 32 32 32h32c17.67 0 32-14.33 32-32V304h144c17.67 0 32-14.33 32-32v-32c0-17.67-14.33-32-32-32z\"><\/path><\/svg><br \/>\n\t\t\t\t\t\t<\/summary>\n<p>Nicht alle Transplantate \u00fcberleben nach der Transplantation, aber ein erfahrener Chirurg kann eine \u00dcberlebensrate von 90 % oder mehr erreichen, wenn er die richtigen Techniken anwendet und eine optimale Behandlung der Transplantate gew\u00e4hrleistet.<\/p>\n<\/details>\n<details id=\"e-n-accordion-item-3985\" >\n<summary data-accordion-index=\"6\" tabindex=\"-1\" aria-expanded=\"false\" aria-controls=\"e-n-accordion-item-3985\" >\n\t\t\t\t\t Was geschieht mit dem Spenderbereich, nachdem die Transplantate entfernt wurden?<br \/>\n\t\t\t<svg aria-hidden=\"true\" viewBox=\"0 0 448 512\" xmlns=\"http:\/\/www.w3.org\/2000\/svg\"><path d=\"M416 208H32c-17.67 0-32 14.33-32 32v32c0 17.67 14.33 32 32 32h384c17.67 0 32-14.33 32-32v-32c0-17.67-14.33-32-32-32z\"><\/path><\/svg><br \/>\n\t\t\t<svg aria-hidden=\"true\" viewBox=\"0 0 448 512\" xmlns=\"http:\/\/www.w3.org\/2000\/svg\"><path d=\"M416 208H272V64c0-17.67-14.33-32-32-32h-32c-17.67 0-32 14.33-32 32v144H32c-17.67 0-32 14.33-32 32v32c0 17.67 14.33 32 32 32h144v144c0 17.67 14.33 32 32 32h32c17.67 0 32-14.33 32-32V304h144c17.67 0 32-14.33 32-32v-32c0-17.67-14.33-32-32-32z\"><\/path><\/svg><br \/>\n\t\t\t\t\t\t<\/summary>\n<p>Der Spenderbereich heilt innerhalb weniger Wochen ab. Bei FUE bleiben kleine Punkte zur\u00fcck, die kaum sichtbar sind, w\u00e4hrend bei FUT eine lineare Narbe zur\u00fcckbleiben kann, die durch das umliegende Haar verdeckt werden kann.<\/p>\n<\/details>\n<details id=\"e-n-accordion-item-3986\" >\n<summary data-accordion-index=\"7\" tabindex=\"-1\" aria-expanded=\"false\" aria-controls=\"e-n-accordion-item-3986\" >\n\t\t\t\t\t Warum ist die Qualit\u00e4t der Haartransplantate wichtig f\u00fcr eine erfolgreiche Transplantation?<br \/>\n\t\t\t<svg aria-hidden=\"true\" viewBox=\"0 0 448 512\" xmlns=\"http:\/\/www.w3.org\/2000\/svg\"><path d=\"M416 208H32c-17.67 0-32 14.33-32 32v32c0 17.67 14.33 32 32 32h384c17.67 0 32-14.33 32-32v-32c0-17.67-14.33-32-32-32z\"><\/path><\/svg><br \/>\n\t\t\t<svg aria-hidden=\"true\" viewBox=\"0 0 448 512\" xmlns=\"http:\/\/www.w3.org\/2000\/svg\"><path d=\"M416 208H272V64c0-17.67-14.33-32-32-32h-32c-17.67 0-32 14.33-32 32v144H32c-17.67 0-32 14.33-32 32v32c0 17.67 14.33 32 32 32h144v144c0 17.67 14.33 32 32 32h32c17.67 0 32-14.33 32-32V304h144c17.67 0 32-14.33 32-32v-32c0-17.67-14.33-32-32-32z\"><\/path><\/svg><br \/>\n\t\t\t\t\t\t<\/summary>\n<p>Qualitativ hochwertige Grafts sorgen f\u00fcr bessere \u00dcberlebensraten, nat\u00fcrlich aussehende Ergebnisse und langfristiges Haarwachstum. Die ordnungsgem\u00e4\u00dfe Entnahme, Handhabung und Platzierung der Grafts ist f\u00fcr den Erfolg einer Haartransplantation entscheidend.<\/p>\n<\/details>\n<p>Jedes Transplantat kann 1 bis 4 Haarfollikel enthalten, abh\u00e4ngig von der Entnahmemethode und den nat\u00fcrlichen Haaren des Patienten.<\/p>\n<p>Haartransplantate werden in der Regel aus dem Spenderbereich am R\u00fccken oder an den Seiten der Kopfhaut entnommen, da diese Haare resistenter gegen hormonell bedingten Haarausfall sind. In einigen F\u00e4llen k\u00f6nnen auch K\u00f6rperhaare (z. B. aus dem Bart oder der Brust) verwendet werden.<\/p>\n<p>Die Anzahl der ben\u00f6tigten Grafts h\u00e4ngt von der Gr\u00f6\u00dfe der kahlen Stelle, der gew\u00fcnschten Dichte und den Haareigenschaften des Patienten ab. In der Regel k\u00f6nnen 1.000 bis 4.000 Grafts in einer einzigen Sitzung transplantiert werden.<\/p>\n<p>Nein, das Verfahren ist nicht schmerzhaft, da der Spenderbereich w\u00e4hrend der Transplantatentnahme lokal bet\u00e4ubt wird. Die Patienten k\u00f6nnen w\u00e4hrend der Genesung ein leichtes Unbehagen versp\u00fcren.<\/p>\n<p>Nicht alle Transplantate \u00fcberleben nach der Transplantation, aber ein erfahrener Chirurg kann eine \u00dcberlebensrate von 90 % oder mehr erreichen, wenn er die richtigen Techniken anwendet und eine optimale Behandlung der Transplantate gew\u00e4hrleistet.<\/p>\n<p>Der Spenderbereich heilt innerhalb weniger Wochen ab. Bei FUE bleiben kleine Punkte zur\u00fcck, die kaum sichtbar sind, w\u00e4hrend bei FUT eine lineare Narbe zur\u00fcckbleiben kann, die durch das umliegende Haar verdeckt werden kann.<\/p>\n<p>Qualitativ hochwertige Grafts sorgen f\u00fcr bessere \u00dcberlebensraten, nat\u00fcrlich aussehende Ergebnisse und langfristiges Haarwachstum. Die ordnungsgem\u00e4\u00dfe Entnahme, Handhabung und Platzierung der Grafts ist f\u00fcr den Erfolg einer Haartransplantation entscheidend.<\/p>\n","protected":false},"excerpt":{"rendered":"<p>Dr. Terziler Inhaltsverzeichnis Was ist ein Haartransplantat? Haarausfall kann f\u00fcr viele Menschen eine Quelle der Verzweiflung sein und ihr Selbstwertgef\u00fchl und Selbstvertrauen beeintr\u00e4chtigen. Gl\u00fccklicherweise bieten moderne Haartransplantationstechniken eine L\u00f6sung, um wieder volles Haar zu bekommen. Im Mittelpunkt dieser Verfahren steht das Konzept der Haartransplantation. In diesem Artikel erkl\u00e4rt Dr. Terziler, ein renommierter Experte f\u00fcr Haarwiederherstellung, [&hellip;]<\/p>\n","protected":false},"author":6,"featured_media":0,"parent":2826,"menu_order":0,"comment_status":"closed","ping_status":"closed","template":"","meta":{"footnotes":""},"class_list":["post-13574","page","type-page","status-publish","hentry"],"_links":{"self":[{"href":"https:\/\/drterziler.com\/de\/wp-json\/wp\/v2\/pages\/13574","targetHints":{"allow":["GET"]}}],"collection":[{"href":"https:\/\/drterziler.com\/de\/wp-json\/wp\/v2\/pages"}],"about":[{"href":"https:\/\/drterziler.com\/de\/wp-json\/wp\/v2\/types\/page"}],"author":[{"embeddable":true,"href":"https:\/\/drterziler.com\/de\/wp-json\/wp\/v2\/users\/6"}],"replies":[{"embeddable":true,"href":"https:\/\/drterziler.com\/de\/wp-json\/wp\/v2\/comments?post=13574"}],"version-history":[{"count":8,"href":"https:\/\/drterziler.com\/de\/wp-json\/wp\/v2\/pages\/13574\/revisions"}],"predecessor-version":[{"id":42984,"href":"https:\/\/drterziler.com\/de\/wp-json\/wp\/v2\/pages\/13574\/revisions\/42984"}],"up":[{"embeddable":true,"href":"https:\/\/drterziler.com\/de\/wp-json\/wp\/v2\/pages\/2826"}],"wp:attachment":[{"href":"https:\/\/drterziler.com\/de\/wp-json\/wp\/v2\/media?parent=13574"}],"curies":[{"name":"wp","href":"https:\/\/api.w.org\/{rel}","templated":true}]}}