{"id":13576,"date":"2024-09-02T10:59:48","date_gmt":"2024-09-02T10:59:48","guid":{"rendered":"https:\/\/drterziler.com\/?page_id=13576"},"modified":"2025-05-22T10:26:16","modified_gmt":"2025-05-22T10:26:16","slug":"beste-laender-fuer-haartransplantation","status":"publish","type":"page","link":"https:\/\/drterziler.com\/de\/haartransplantation\/beste-laender-fuer-haartransplantation\/","title":{"rendered":"Beste L\u00e4nder f\u00fcr Haartransplantation"},"content":{"rendered":"<nav aria-label=\"breadcrumbs\">\n<p>Dr. Terziler<\/p>\n<\/nav>\n<h4>\n\t\t\t\tInhaltsverzeichnis\t\t\t<\/h4>\n<p>\t\t\t\t\t\t\t<svg aria-hidden=\"true\" viewBox=\"0 0 448 512\" xmlns=\"http:\/\/www.w3.org\/2000\/svg\"><path d=\"M207.029 381.476L12.686 187.132c-9.373-9.373-9.373-24.569 0-33.941l22.667-22.667c9.357-9.357 24.522-9.375 33.901-.04L224 284.505l154.745-154.021c9.379-9.335 24.544-9.317 33.901.04l22.667 22.667c9.373 9.373 9.373 24.569 0 33.941L240.971 381.476c-9.373 9.372-24.569 9.372-33.942 0z\"><\/path><\/svg><br \/>\n\t\t\t\t<svg aria-hidden=\"true\" viewBox=\"0 0 448 512\" xmlns=\"http:\/\/www.w3.org\/2000\/svg\"><path d=\"M240.971 130.524l194.343 194.343c9.373 9.373 9.373 24.569 0 33.941l-22.667 22.667c-9.357 9.357-24.522 9.375-33.901.04L224 227.495 69.255 381.516c-9.379 9.335-24.544 9.317-33.901-.04l-22.667-22.667c-9.373-9.373-9.373-24.569 0-33.941L207.03 130.525c9.372-9.373 24.568-9.373 33.941-.001z\"><\/path><\/svg><br \/>\n\t\t\t\t<svg aria-hidden=\"true\" viewBox=\"0 0 1000 1000\" xmlns=\"http:\/\/www.w3.org\/2000\/svg\"><path d=\"M500 975V858C696 858 858 696 858 500S696 142 500 142 142 304 142 500H25C25 237 238 25 500 25S975 237 975 500 763 975 500 975Z\"><\/path><\/svg><br \/>\n\t\t\t\t\t\t\t\t\t\t\t\t\t\t\t\t\t\t\t\t\t\t<img loading=\"lazy\" decoding=\"async\" width=\"1920\" height=\"1080\" src=\"https:\/\/drterziler.com\/wp-content\/uploads\/2024\/08\/robotic.webp\" alt=\"\" srcset=\"https:\/\/drterziler.com\/wp-content\/uploads\/2024\/08\/robotic.webp 1920w, https:\/\/drterziler.com\/wp-content\/uploads\/2024\/08\/robotic-300x169.webp 300w, https:\/\/drterziler.com\/wp-content\/uploads\/2024\/08\/robotic-1024x576.webp 1024w, https:\/\/drterziler.com\/wp-content\/uploads\/2024\/08\/robotic-768x432.webp 768w, https:\/\/drterziler.com\/wp-content\/uploads\/2024\/08\/robotic-1536x864.webp 1536w\" sizes=\"auto, (max-width: 1920px) 100vw, 1920px\">\t\t\t\t\t\t\t\t\t\t\t\t\t<\/p>\n<h1>Die besten L\u00e4nder f\u00fcr Haartransplantationen<\/h1>\n<p>In den letzten Jahren hat der Medizintourismus f\u00fcr Haartransplantationen erheblich an Beliebtheit gewonnen. Zwar bieten viele L\u00e4nder Haartransplantationen an, doch einige L\u00e4nder sind als Top-Destinationen besonders hervorzuheben. In diesem Artikel werden die besten L\u00e4nder f\u00fcr Haartransplantationen untersucht, wobei der Schwerpunkt auf den Faktoren liegt, die sie f\u00fcr internationale Patienten attraktiv machen.<\/p>\n<h2>1. T\u00fcrkei<\/h2>\n<p>Die T\u00fcrkei, insbesondere Istanbul, hat sich zu einem weltweit f\u00fchrenden Anbieter von Haartransplantationen entwickelt. Hier sind die Gr\u00fcnde daf\u00fcr:<\/p>\n<h3>Vorteile:<\/h3>\n<ul>\n<li><strong>Kosteneffizienz<\/strong>: Haartransplantationen sind in der T\u00fcrkei im Vergleich zu westlichen L\u00e4ndern deutlich g\u00fcnstiger, ohne dass die Qualit\u00e4t darunter leidet.<\/li>\n<li><strong>Fortschrittliche Techniken<\/strong>: T\u00fcrkische Kliniken verwenden h\u00e4ufig modernste Methoden wie die robotergest\u00fctzte DHI (Direct Hair Implantation).<\/li>\n<li><strong>Erfahrene Chirurgen<\/strong>: Viele t\u00fcrkische \u00c4rzte sind ausschlie\u00dflich auf Haarwiederherstellung spezialisiert und f\u00fchren j\u00e4hrlich Tausende von Eingriffen durch.<\/li>\n<li><strong>Infrastruktur f\u00fcr Medizintourismus<\/strong>: Die T\u00fcrkei verf\u00fcgt \u00fcber gut ausgebaute Einrichtungen f\u00fcr internationale Patienten, einschlie\u00dflich Unterkunft und Unterst\u00fctzung bei der Reiseplanung.<\/li>\n<\/ul>\n<h3>Hauptmerkmale:<\/h3>\n<ul>\n<li><strong>Innovative Verfahren<\/strong>: Die robotergest\u00fctzte DHI-Haartransplantation bietet eine pr\u00e4zise, minimalinvasive Behandlung mit kurzen Genesungszeiten.<\/li>\n<li><strong>Hohe Transplantatzahl<\/strong>: In t\u00fcrkischen Kliniken k\u00f6nnen oft 4000\u20135000 Transplantate in einer einzigen Sitzung verpflanzt werden.<\/li>\n<li><strong>Rasur nicht erforderlich<\/strong>: Bei einigen Verfahren, wie DHI, ist keine Rasur des Empf\u00e4ngerbereichs erforderlich, was ideal f\u00fcr alle ist, die Diskretion w\u00fcnschen.<\/li>\n<\/ul>\n<h2>2. Mexiko<\/h2>\n<p>Mexiko ist zwar nicht so bekannt wie die T\u00fcrkei, gewinnt aber im Bereich der Haartransplantation an Anerkennung:<\/p>\n<h3>Vorteile:<\/h3>\n<ul>\n<li><strong>N\u00e4he zu den USA<\/strong>: Praktisch f\u00fcr Patienten aus Nordamerika.<\/li>\n<li><strong>Geringere Kosten<\/strong>: G\u00fcnstiger als Kliniken in den USA, aber in der Regel teurer als in der T\u00fcrkei.<\/li>\n<li><strong>Wachsende Expertise<\/strong>: Viele mexikanische Kliniken wenden fortschrittliche Techniken an, um im globalen Wettbewerb mithalten zu k\u00f6nnen.<\/li>\n<\/ul>\n<h2>3. Vereinigtes K\u00f6nigreich (UK)<\/h2>\n<p>Das Vereinigte K\u00f6nigreich bietet hochwertige Haartransplantationsdienste an, allerdings zu einem hohen Preis:<\/p>\n<h3>Vorteile:<\/h3>\n<ul>\n<li><strong>Strenge Vorschriften<\/strong>: Kliniken im Vereinigten K\u00f6nigreich halten sich an strenge medizinische Standards.<\/li>\n<li><strong>Englischsprachiges Personal<\/strong>: Einfache Kommunikation f\u00fcr internationale Patienten.<\/li>\n<li><strong>Fortschrittliche medizinische Infrastruktur<\/strong>: Zugang zu modernster Technologie und Forschung.<\/li>\n<\/ul>\n<h3>Zu ber\u00fccksichtigende Aspekte:<\/h3>\n<ul>\n<li><strong>H\u00f6here Kosten<\/strong>: Eingriffe im Vereinigten K\u00f6nigreich sind in der Regel teurer als in der T\u00fcrkei oder in Mexiko.<\/li>\n<\/ul>\n<h2>L\u00e4ndervergleich<\/h2>\n<p>Bei der Wahl eines Landes f\u00fcr eine Haartransplantation sollten Sie die folgenden Faktoren ber\u00fccksichtigen:<\/p>\n<ol>\n<li><strong>Kosten<\/strong>: Die T\u00fcrkei bietet oft die wettbewerbsf\u00e4higsten Preise.<\/li>\n<li><strong>Fachwissen<\/strong>: Suchen Sie nach Kliniken mit erfahrenen Chirurgen und positiven Bewertungen.<\/li>\n<li><strong>Technologie<\/strong>: Achten Sie darauf, dass die Klinik moderne Techniken wie FUE oder DHI anwendet.<\/li>\n<li><strong>Reisekomfort<\/strong>: Ber\u00fccksichtigen Sie die Flugkosten und Visabestimmungen.<\/li>\n<li><strong>Sprachbarrieren<\/strong>: Ziehen Sie L\u00e4nder in Betracht, in denen Sie sich leicht mit dem medizinischen Personal verst\u00e4ndigen k\u00f6nnen.<\/li>\n<li><strong>Genesungszeit<\/strong>: Einige L\u00e4nder, wie die T\u00fcrkei, bieten Pakete an, die eine Unterkunft f\u00fcr die postoperative Pflege beinhalten.<\/li>\n<\/ol>\n<p>W\u00e4hrend die T\u00fcrkei aufgrund ihrer Kombination aus Erschwinglichkeit, Fachwissen und fortschrittlichen Techniken als f\u00fchrendes Ziel f\u00fcr Haartransplantationen gilt, bieten auch andere L\u00e4nder wie Mexiko und Gro\u00dfbritannien \u00fcberzeugende Optionen. Letztendlich h\u00e4ngt das beste Land f\u00fcr Ihre Haartransplantation von Ihren individuellen Bed\u00fcrfnissen, Ihrem Budget und Ihren Vorlieben ab. Informieren Sie sich immer gr\u00fcndlich, lesen Sie Bewertungen und lassen Sie sich von mehreren Kliniken beraten, bevor Sie eine Entscheidung treffen.<\/p>\n<p>Denken Sie daran, dass unabh\u00e4ngig vom gew\u00e4hlten Land die F\u00e4higkeiten und Erfahrungen des einzelnen Chirurgen und der Klinik f\u00fcr ein erfolgreiches Ergebnis von entscheidender Bedeutung sind.<\/p>\n<details id=\"e-n-accordion-item-1160\" open>\n<summary data-accordion-index=\"1\" tabindex=\"0\" aria-expanded=\"true\" aria-controls=\"e-n-accordion-item-1160\" >\n\t\t\t\t\t Warum ist die T\u00fcrkei f\u00fcr Haartransplantationen so beliebt?<br \/>\n\t\t\t<svg aria-hidden=\"true\" viewBox=\"0 0 448 512\" xmlns=\"http:\/\/www.w3.org\/2000\/svg\"><path d=\"M416 208H32c-17.67 0-32 14.33-32 32v32c0 17.67 14.33 32 32 32h384c17.67 0 32-14.33 32-32v-32c0-17.67-14.33-32-32-32z\"><\/path><\/svg><br \/>\n\t\t\t<svg aria-hidden=\"true\" viewBox=\"0 0 448 512\" xmlns=\"http:\/\/www.w3.org\/2000\/svg\"><path d=\"M416 208H272V64c0-17.67-14.33-32-32-32h-32c-17.67 0-32 14.33-32 32v144H32c-17.67 0-32 14.33-32 32v32c0 17.67 14.33 32 32 32h144v144c0 17.67 14.33 32 32 32h32c17.67 0 32-14.33 32-32V304h144c17.67 0 32-14.33 32-32v-32c0-17.67-14.33-32-32-32z\"><\/path><\/svg><br \/>\n\t\t\t\t\t\t<\/summary>\n<p>Die T\u00fcrkei ist aufgrund ihrer hochqualifizierten Chirurgen, ihrer hochmodernen Kliniken und ihrer erschwinglichen Preise weltweit f\u00fchrend bei Haartransplantationen. Das Land bietet umfassende Pakete an, die auch Unterkunft und Transport beinhalten, was es zu einer bequemen Wahl macht.<\/p>\n<\/details>\n<details id=\"e-n-accordion-item-1161\" >\n<summary data-accordion-index=\"2\" tabindex=\"-1\" aria-expanded=\"false\" aria-controls=\"e-n-accordion-item-1161\" >\n\t\t\t\t\t Welche Faktoren sollte ich bei der Auswahl eines Landes f\u00fcr eine Haartransplantation ber\u00fccksichtigen?<br \/>\n\t\t\t<svg aria-hidden=\"true\" viewBox=\"0 0 448 512\" xmlns=\"http:\/\/www.w3.org\/2000\/svg\"><path d=\"M416 208H32c-17.67 0-32 14.33-32 32v32c0 17.67 14.33 32 32 32h384c17.67 0 32-14.33 32-32v-32c0-17.67-14.33-32-32-32z\"><\/path><\/svg><br \/>\n\t\t\t<svg aria-hidden=\"true\" viewBox=\"0 0 448 512\" xmlns=\"http:\/\/www.w3.org\/2000\/svg\"><path d=\"M416 208H272V64c0-17.67-14.33-32-32-32h-32c-17.67 0-32 14.33-32 32v144H32c-17.67 0-32 14.33-32 32v32c0 17.67 14.33 32 32 32h144v144c0 17.67 14.33 32 32 32h32c17.67 0 32-14.33 32-32V304h144c17.67 0 32-14.33 32-32v-32c0-17.67-14.33-32-32-32z\"><\/path><\/svg><br \/>\n\t\t\t\t\t\t<\/summary>\n<p>Achten Sie bei der Auswahl eines Landes f\u00fcr Ihre Haartransplantation auf den Ruf der Klinik, die Erfahrung des Chirurgen, die Kosten, die Erfolgsquoten, die Sicherheitsstandards und die Verf\u00fcgbarkeit von Nachsorgeleistungen.<\/p>\n<\/details>\n<details id=\"e-n-accordion-item-1162\" >\n<summary data-accordion-index=\"3\" tabindex=\"-1\" aria-expanded=\"false\" aria-controls=\"e-n-accordion-item-1162\" >\n\t\t\t\t\t Ist die Sprache ein Hindernis bei einer Haartransplantation im Ausland?<br \/>\n\t\t\t<svg aria-hidden=\"true\" viewBox=\"0 0 448 512\" xmlns=\"http:\/\/www.w3.org\/2000\/svg\"><path d=\"M416 208H32c-17.67 0-32 14.33-32 32v32c0 17.67 14.33 32 32 32h384c17.67 0 32-14.33 32-32v-32c0-17.67-14.33-32-32-32z\"><\/path><\/svg><br \/>\n\t\t\t<svg aria-hidden=\"true\" viewBox=\"0 0 448 512\" xmlns=\"http:\/\/www.w3.org\/2000\/svg\"><path d=\"M416 208H272V64c0-17.67-14.33-32-32-32h-32c-17.67 0-32 14.33-32 32v144H32c-17.67 0-32 14.33-32 32v32c0 17.67 14.33 32 32 32h144v144c0 17.67 14.33 32 32 32h32c17.67 0 32-14.33 32-32V304h144c17.67 0 32-14.33 32-32v-32c0-17.67-14.33-32-32-32z\"><\/path><\/svg><br \/>\n\t\t\t\t\t\t<\/summary>\n<p>Die meisten Top-Kliniken in beliebten L\u00e4ndern f\u00fcr Haartransplantationen haben Mitarbeiter, die Englisch sprechen oder \u00dcbersetzer anbieten. Vergewissern Sie sich vorher, um eine reibungslose Kommunikation w\u00e4hrend des Eingriffs zu gew\u00e4hrleisten.<\/p>\n<\/details>\n<details id=\"e-n-accordion-item-1163\" >\n<summary data-accordion-index=\"4\" tabindex=\"-1\" aria-expanded=\"false\" aria-controls=\"e-n-accordion-item-1163\" >\n\t\t\t\t\t Was sind die Vorteile einer Reise ins Ausland f\u00fcr eine Haartransplantation?<br \/>\n\t\t\t<svg aria-hidden=\"true\" viewBox=\"0 0 448 512\" xmlns=\"http:\/\/www.w3.org\/2000\/svg\"><path d=\"M416 208H32c-17.67 0-32 14.33-32 32v32c0 17.67 14.33 32 32 32h384c17.67 0 32-14.33 32-32v-32c0-17.67-14.33-32-32-32z\"><\/path><\/svg><br \/>\n\t\t\t<svg aria-hidden=\"true\" viewBox=\"0 0 448 512\" xmlns=\"http:\/\/www.w3.org\/2000\/svg\"><path d=\"M416 208H272V64c0-17.67-14.33-32-32-32h-32c-17.67 0-32 14.33-32 32v144H32c-17.67 0-32 14.33-32 32v32c0 17.67 14.33 32 32 32h144v144c0 17.67 14.33 32 32 32h32c17.67 0 32-14.33 32-32V304h144c17.67 0 32-14.33 32-32v-32c0-17.67-14.33-32-32-32z\"><\/path><\/svg><br \/>\n\t\t\t\t\t\t<\/summary>\n<p>Eine Reise ins Ausland bietet oft g\u00fcnstigere Preise, Zugang zu erfahrenen Chirurgen und die M\u00f6glichkeit, die<\/p>\n<\/details>\n<details id=\"e-n-accordion-item-1164\" >\n<summary data-accordion-index=\"5\" tabindex=\"-1\" aria-expanded=\"false\" aria-controls=\"e-n-accordion-item-1164\" >\n\t\t\t\t\t Sind nach einer Haartransplantation im Ausland Nachbehandlungen m\u00f6glich?<br \/>\n\t\t\t<svg aria-hidden=\"true\" viewBox=\"0 0 448 512\" xmlns=\"http:\/\/www.w3.org\/2000\/svg\"><path d=\"M416 208H32c-17.67 0-32 14.33-32 32v32c0 17.67 14.33 32 32 32h384c17.67 0 32-14.33 32-32v-32c0-17.67-14.33-32-32-32z\"><\/path><\/svg><br \/>\n\t\t\t<svg aria-hidden=\"true\" viewBox=\"0 0 448 512\" xmlns=\"http:\/\/www.w3.org\/2000\/svg\"><path d=\"M416 208H272V64c0-17.67-14.33-32-32-32h-32c-17.67 0-32 14.33-32 32v144H32c-17.67 0-32 14.33-32 32v32c0 17.67 14.33 32 32 32h144v144c0 17.67 14.33 32 32 32h32c17.67 0 32-14.33 32-32V304h144c17.67 0 32-14.33 32-32v-32c0-17.67-14.33-32-32-32z\"><\/path><\/svg><br \/>\n\t\t\t\t\t\t<\/summary>\n<p>Viele Kliniken bieten virtuelle Nachuntersuchungen an, um den Genesungsfortschritt nach Ihrer R\u00fcckkehr nach Hause zu gew\u00e4hrleisten. Sie sollten dies jedoch unbedingt mit der Klinik abkl\u00e4ren, bevor Sie sich f\u00fcr den Eingriff entscheiden.<\/p>\n<\/details>\n<p>Die T\u00fcrkei ist aufgrund ihrer hochqualifizierten Chirurgen, ihrer hochmodernen Kliniken und ihrer erschwinglichen Preise weltweit f\u00fchrend bei Haartransplantationen. Das Land bietet umfassende Pakete an, die auch Unterkunft und Transport beinhalten, was es zu einer bequemen Wahl macht.<\/p>\n<p>Achten Sie bei der Auswahl eines Landes f\u00fcr Ihre Haartransplantation auf den Ruf der Klinik, die Erfahrung des Chirurgen, die Kosten, die Erfolgsquoten, die Sicherheitsstandards und die Verf\u00fcgbarkeit von Nachsorgeleistungen.<\/p>\n<p>Die meisten Top-Kliniken in beliebten L\u00e4ndern f\u00fcr Haartransplantationen haben Mitarbeiter, die Englisch sprechen oder \u00dcbersetzer anbieten. Vergewissern Sie sich vorher, um eine reibungslose Kommunikation w\u00e4hrend des Eingriffs zu gew\u00e4hrleisten.<\/p>\n<p>Eine Reise ins Ausland bietet oft g\u00fcnstigere Preise, Zugang zu erfahrenen Chirurgen und die M\u00f6glichkeit, die<\/p>\n<p>Viele Kliniken bieten virtuelle Nachuntersuchungen an, um den Genesungsfortschritt nach Ihrer R\u00fcckkehr nach Hause zu gew\u00e4hrleisten. Sie sollten dies jedoch unbedingt mit der Klinik abkl\u00e4ren, bevor Sie sich f\u00fcr den Eingriff entscheiden.<\/p>\n","protected":false},"excerpt":{"rendered":"<p>Dr. Terziler Inhaltsverzeichnis Die besten L\u00e4nder f\u00fcr Haartransplantationen In den letzten Jahren hat der Medizintourismus f\u00fcr Haartransplantationen erheblich an Beliebtheit gewonnen. Zwar bieten viele L\u00e4nder Haartransplantationen an, doch einige L\u00e4nder sind als Top-Destinationen besonders hervorzuheben. In diesem Artikel werden die besten L\u00e4nder f\u00fcr Haartransplantationen untersucht, wobei der Schwerpunkt auf den Faktoren liegt, die sie f\u00fcr [&hellip;]<\/p>\n","protected":false},"author":6,"featured_media":0,"parent":2826,"menu_order":0,"comment_status":"closed","ping_status":"closed","template":"","meta":{"footnotes":""},"class_list":["post-13576","page","type-page","status-publish","hentry"],"_links":{"self":[{"href":"https:\/\/drterziler.com\/de\/wp-json\/wp\/v2\/pages\/13576","targetHints":{"allow":["GET"]}}],"collection":[{"href":"https:\/\/drterziler.com\/de\/wp-json\/wp\/v2\/pages"}],"about":[{"href":"https:\/\/drterziler.com\/de\/wp-json\/wp\/v2\/types\/page"}],"author":[{"embeddable":true,"href":"https:\/\/drterziler.com\/de\/wp-json\/wp\/v2\/users\/6"}],"replies":[{"embeddable":true,"href":"https:\/\/drterziler.com\/de\/wp-json\/wp\/v2\/comments?post=13576"}],"version-history":[{"count":5,"href":"https:\/\/drterziler.com\/de\/wp-json\/wp\/v2\/pages\/13576\/revisions"}],"predecessor-version":[{"id":38199,"href":"https:\/\/drterziler.com\/de\/wp-json\/wp\/v2\/pages\/13576\/revisions\/38199"}],"up":[{"embeddable":true,"href":"https:\/\/drterziler.com\/de\/wp-json\/wp\/v2\/pages\/2826"}],"wp:attachment":[{"href":"https:\/\/drterziler.com\/de\/wp-json\/wp\/v2\/media?parent=13576"}],"curies":[{"name":"wp","href":"https:\/\/api.w.org\/{rel}","templated":true}]}}