{"id":13590,"date":"2024-09-02T10:53:21","date_gmt":"2024-09-02T10:53:21","guid":{"rendered":"https:\/\/drterziler.com\/?page_id=13590"},"modified":"2025-05-22T10:17:09","modified_gmt":"2025-05-22T10:17:09","slug":"5000-transplantate","status":"publish","type":"page","link":"https:\/\/drterziler.com\/de\/haartransplantation\/5000-transplantate\/","title":{"rendered":"Haartransplantation T\u00fcrkei: 5000 Transplantate"},"content":{"rendered":"<h1 class=\"content-title h1-header\">Haartransplantation T\u00fcrkei: 5000 Transplantate<\/h1>\n<nav aria-label=\"breadcrumbs\">\n<p>Dr. Terziler<\/p>\n<\/nav>\n<h4>\n\t\t\t\tTable des mati\u00e8res\t\t\t<\/h4>\n<p>\t\t\t\t\t\t\t<svg aria-hidden=\"true\" viewBox=\"0 0 448 512\" xmlns=\"http:\/\/www.w3.org\/2000\/svg\"><path d=\"M207.029 381.476L12.686 187.132c-9.373-9.373-9.373-24.569 0-33.941l22.667-22.667c9.357-9.357 24.522-9.375 33.901-.04L224 284.505l154.745-154.021c9.379-9.335 24.544-9.317 33.901.04l22.667 22.667c9.373 9.373 9.373 24.569 0 33.941L240.971 381.476c-9.373 9.372-24.569 9.372-33.942 0z\"><\/path><\/svg><br \/>\n\t\t\t\t<svg aria-hidden=\"true\" viewBox=\"0 0 448 512\" xmlns=\"http:\/\/www.w3.org\/2000\/svg\"><path d=\"M240.971 130.524l194.343 194.343c9.373 9.373 9.373 24.569 0 33.941l-22.667 22.667c-9.357 9.357-24.522 9.375-33.901.04L224 227.495 69.255 381.516c-9.379 9.335-24.544 9.317-33.901-.04l-22.667-22.667c-9.373-9.373-9.373-24.569 0-33.941L207.03 130.525c9.372-9.373 24.568-9.373 33.941-.001z\"><\/path><\/svg><br \/>\n\t\t\t\t<svg aria-hidden=\"true\" viewBox=\"0 0 1000 1000\" xmlns=\"http:\/\/www.w3.org\/2000\/svg\"><path d=\"M500 975V858C696 858 858 696 858 500S696 142 500 142 142 304 142 500H25C25 237 238 25 500 25S975 237 975 500 763 975 500 975Z\"><\/path><\/svg><br \/>\n\t\t\t\t\t\t\t\t\t\t\t\t\t\t\t\t\t\t\t\t\t\t<img loading=\"lazy\" decoding=\"async\" width=\"1400\" height=\"1080\" src=\"https:\/\/drterziler.com\/wp-content\/uploads\/2024\/09\/5200-graft-hair-transplant-before-after.jpg\" alt=\"\" srcset=\"https:\/\/drterziler.com\/wp-content\/uploads\/2024\/09\/5200-graft-hair-transplant-before-after.jpg 1400w, https:\/\/drterziler.com\/wp-content\/uploads\/2024\/09\/5200-graft-hair-transplant-before-after-300x231.jpg 300w, https:\/\/drterziler.com\/wp-content\/uploads\/2024\/09\/5200-graft-hair-transplant-before-after-1024x790.jpg 1024w, https:\/\/drterziler.com\/wp-content\/uploads\/2024\/09\/5200-graft-hair-transplant-before-after-768x592.jpg 768w\" sizes=\"auto, (max-width: 1400px) 100vw, 1400px\">\t\t\t\t\t\t\t\t\t\t\t\t\t<\/p>\n<h2>Was ist ein Haartransplantat?<\/h2>\n<p>Bevor wir das Verfahren mit 5000 Transplantaten besprechen, ist es wichtig zu verstehen, was ein Transplantat ist. Bei einer Haartransplantation ist ein Transplantat ein kleines St\u00fcck Haut, das ein bis vier Haarfollikel enth\u00e4lt. Diese Transplantate werden aus Bereichen der Kopfhaut mit dichtem, gesundem Haarwuchs entnommen, typischerweise vom Hinterkopf und den Seiten des Kopfes, die als \u201eSpenderbereich\u201c bezeichnet werden.<\/p>\n<h2>Die 5000-Graft-Haartransplantation<\/h2>\n<p>Eine Haartransplantation mit 5000 Grafts ist ein umfangreiches Verfahren, mit dem ein gro\u00dfer Bereich mit Haarausfall abgedeckt werden kann. Diese Anzahl an Grafts eignet sich h\u00e4ufig f\u00fcr Personen, die sich in einem fortgeschrittenen Stadium des Haarausfalls befinden oder die eine erhebliche Dichte bei ihren Transplantationsergebnissen erzielen m\u00f6chten.<\/p>\n<h3>Wer kommt als Kandidat in Frage?<\/h3>\n<p>Zu den idealen Kandidaten f\u00fcr eine Haartransplantation mit 5000 Grafts geh\u00f6ren in der Regel:<\/p>\n<ul>\n<li>Personen mit starkem Haarausfall oder Glatze<\/li>\n<li>Patienten mit ausreichend Spenderhaar f\u00fcr die Transplantation<\/li>\n<li>Personen, die eine maximale Abdeckung und Dichte w\u00fcnschen<\/li>\n<li>M\u00e4nner und Frauen mit stabilem Haarausfallmuster<\/li>\n<\/ul>\n<p>Es ist wichtig, sich von einem qualifizierten Haartransplantationsspezialisten wie Dr. Terziler beraten zu lassen, um festzustellen, ob Sie f\u00fcr dieses Verfahren geeignet sind.<\/p>\n<h3>Das Verfahren<\/h3>\n<p>Die 5000-Graft-Haartransplantation wird in der Regel mit fortschrittlichen Techniken wie der Follicular Unit Extraction (FUE) oder der Direct Hair Implantation (DHI) durchgef\u00fchrt. In der Klinik von Dr. Terziler wird aufgrund ihrer Pr\u00e4zision und nat\u00fcrlich aussehenden Ergebnisse h\u00e4ufig die robotergest\u00fctzte DHI-Methode eingesetzt.<\/p>\n<p>Das Verfahren umfasst in der Regel:<\/p>\n<ol>\n<li>\n<p><strong>Entnahme<\/strong>: Einzelne Haarfollikel werden mit speziellen Werkzeugen aus dem Spenderbereich entnommen.<\/p>\n<\/li>\n<li>\n<p><strong>Vorbereitung<\/strong>: Die entnommenen Transplantate werden sorgf\u00e4ltig sortiert und f\u00fcr die Implantation vorbereitet.<\/p>\n<\/li>\n<li>\n<p><strong>Implantation<\/strong>: Bei der DHI-Technik wird jedes Transplantat mit einem speziellen \u201eChoi\u201c-Stift direkt in den Empf\u00e4ngerbereich implantiert.<\/p>\n<\/li>\n<\/ol>\n<p>Der gesamte Prozess kann mehrere Stunden dauern und sich oft \u00fcber einen oder zwei Tage erstrecken, je nach Vorgehensweise der Klinik und den Bed\u00fcrfnissen des Patienten.<\/p>\n<h3>Vorteile des 5000-Graft-Verfahrens<\/h3>\n<ol>\n<li>\n<p><strong>Umfassende Abdeckung<\/strong>: Mit 5000 Grafts k\u00f6nnen Patienten eine signifikante Abdeckung erreichen und gro\u00dfe Bereiche mit Glatze oder sch\u00fctterem Haar behandeln.<\/p>\n<\/li>\n<li>\n<p><strong>Nat\u00fcrlich aussehende Ergebnisse<\/strong>: Wenn die Behandlung von erfahrenen Chirurgen durchgef\u00fchrt wird, k\u00f6nnen die Ergebnisse bemerkenswert nat\u00fcrlich sein und das urspr\u00fcngliche Haarwuchsbild nachahmen.<\/p>\n<\/li>\n<li>\n<p><strong>Langfristige L\u00f6sung<\/strong>: Haartransplantationen bieten eine dauerhafte L\u00f6sung gegen Haarausfall, wobei das transplantierte Haar in der Regel ein Leben lang h\u00e4lt.<\/p>\n<\/li>\n<li>\n<p><strong>Mehr Selbstvertrauen<\/strong>: Die Wiederherstellung eines vollen Haarschopfs kann das Selbstwertgef\u00fchl und Selbstvertrauen erheblich verbessern.<\/p>\n<\/li>\n<\/ol>\n<h3>Genesung und Ergebnisse<\/h3>\n<p>Die Genesung nach einer Haartransplantation mit 5000 Grafts dauert in der Regel etwa 1\u20132 Wochen f\u00fcr die erste Heilung. Je nach den Anforderungen ihres Jobs k\u00f6nnen Patienten in der Regel innerhalb weniger Tage wieder arbeiten. Es ist wichtig, die Anweisungen zur Nachsorge sorgf\u00e4ltig zu befolgen, um optimale Ergebnisse zu erzielen.<\/p>\n<p>Das transplantierte Haar durchl\u00e4uft verschiedene Phasen:<\/p>\n<ul>\n<li><strong>Wochen 1\u20133<\/strong>: Die transplantierten Haare k\u00f6nnen ausfallen. Dies ist normal und Teil des Prozesses.<\/li>\n<li><strong>Monate 3\u20136<\/strong>: Das neue Haarwachstum beginnt.<\/li>\n<li><strong>Monate 6\u201312<\/strong>: Anhaltendes Wachstum und erh\u00f6hte Dichte.<\/li>\n<li><strong>12\u201318 Monate<\/strong>: Das Endergebnis wird sichtbar.<\/li>\n<\/ul>\n<h2>Auswahl der richtigen Klinik<\/h2>\n<p>Bei einer geplanten Haartransplantation mit 5000 Grafts ist die Wahl der richtigen Klinik von entscheidender Bedeutung. Die Exclusive Hair Clinic von Dr. Terziler in der T\u00fcrkei bietet modernste Techniken, darunter die robotergest\u00fctzte DHI-Haartransplantation. Das erfahrene Team sorgt f\u00fcr eine individuelle Betreuung und optimale Ergebnisse f\u00fcr jeden Patienten.<\/p>\n<h2>Schlussfolgerung<\/h2>\n<p>Eine Haartransplantation mit 5000 Grafts kann f\u00fcr Menschen, die mit starkem Haarausfall zu k\u00e4mpfen haben, ein lebensver\u00e4ndernder Eingriff sein. Mit fortschrittlichen Techniken und erfahrenen Chirurgen k\u00f6nnen Patienten nat\u00fcrlich aussehendes, dichtes Haar erhalten, das nicht nur ihr Aussehen, sondern auch ihr Selbstvertrauen wiederherstellt. Wie bei jedem medizinischen Eingriff ist es wichtig, einen qualifizierten Spezialisten zu konsultieren, um festzustellen, ob diese Option f\u00fcr Sie geeignet ist.<\/p>\n<p>\t\t\t\t\t\t\t<a href=\"https:\/\/drterziler.com\/wp-content\/uploads\/2024\/09\/2500-graft-hair-transplant-before-after.jpg\" data-elementor-open-lightbox=\"yes\" data-elementor-lightbox-slideshow=\"5868bf23\" data-elementor-lightbox-title=\"2500-graft-hair-transplant-before-after\" data-e-action-hash=\"#elementor-action%3Aaction%3Dlightbox%26settings%3DeyJpZCI6NzUzMSwidXJsIjoiaHR0cHM6XC9cL2RydGVyemlsZXIuY29tXC93cC1jb250ZW50XC91cGxvYWRzXC8yMDI0XC8wOVwvMjUwMC1ncmFmdC1oYWlyLXRyYW5zcGxhbnQtYmVmb3JlLWFmdGVyLmpwZyIsInNsaWRlc2hvdyI6IjU4NjhiZjIzIn0%3D\"><br \/>\n\t\t<\/a><br \/>\n\t\t\t\t\t\t\t<a href=\"https:\/\/drterziler.com\/wp-content\/uploads\/2024\/09\/3000-graft-hair-transplant-before-after.jpg\" data-elementor-open-lightbox=\"yes\" data-elementor-lightbox-slideshow=\"5868bf23\" data-elementor-lightbox-title=\"3000-graft-hair-transplant-before-after\" data-e-action-hash=\"#elementor-action%3Aaction%3Dlightbox%26settings%3DeyJpZCI6NzUzNywidXJsIjoiaHR0cHM6XC9cL2RydGVyemlsZXIuY29tXC93cC1jb250ZW50XC91cGxvYWRzXC8yMDI0XC8wOVwvMzAwMC1ncmFmdC1oYWlyLXRyYW5zcGxhbnQtYmVmb3JlLWFmdGVyLmpwZyIsInNsaWRlc2hvdyI6IjU4NjhiZjIzIn0%3D\"><br \/>\n\t\t<\/a><br \/>\n\t\t\t\t\t\t\t<a href=\"https:\/\/drterziler.com\/wp-content\/uploads\/2024\/09\/3500-graft-hair-transplant-before-after.jpg\" data-elementor-open-lightbox=\"yes\" data-elementor-lightbox-slideshow=\"5868bf23\" data-elementor-lightbox-title=\"3500-graft-hair-transplant-before-after\" data-e-action-hash=\"#elementor-action%3Aaction%3Dlightbox%26settings%3DeyJpZCI6NzU0MywidXJsIjoiaHR0cHM6XC9cL2RydGVyemlsZXIuY29tXC93cC1jb250ZW50XC91cGxvYWRzXC8yMDI0XC8wOVwvMzUwMC1ncmFmdC1oYWlyLXRyYW5zcGxhbnQtYmVmb3JlLWFmdGVyLmpwZyIsInNsaWRlc2hvdyI6IjU4NjhiZjIzIn0%3D\"><br \/>\n\t\t<\/a><br \/>\n\t\t\t\t\t\t\t<a href=\"https:\/\/drterziler.com\/wp-content\/uploads\/2024\/09\/4000-graft-hair-transplant-before-after.jpg\" data-elementor-open-lightbox=\"yes\" data-elementor-lightbox-slideshow=\"5868bf23\" data-elementor-lightbox-title=\"4000-graft-hair-transplant-before-after\" data-e-action-hash=\"#elementor-action%3Aaction%3Dlightbox%26settings%3DeyJpZCI6NzU0OSwidXJsIjoiaHR0cHM6XC9cL2RydGVyemlsZXIuY29tXC93cC1jb250ZW50XC91cGxvYWRzXC8yMDI0XC8wOVwvNDAwMC1ncmFmdC1oYWlyLXRyYW5zcGxhbnQtYmVmb3JlLWFmdGVyLmpwZyIsInNsaWRlc2hvdyI6IjU4NjhiZjIzIn0%3D\"><br \/>\n\t\t<\/a><br \/>\n\t\t\t\t\t\t\t<a href=\"https:\/\/drterziler.com\/wp-content\/uploads\/2024\/09\/4500-graft-hair-transplant-before-after.jpg\" data-elementor-open-lightbox=\"yes\" data-elementor-lightbox-slideshow=\"5868bf23\" data-elementor-lightbox-title=\"4500-graft-hair-transplant-before-after\" data-e-action-hash=\"#elementor-action%3Aaction%3Dlightbox%26settings%3DeyJpZCI6NzU1NSwidXJsIjoiaHR0cHM6XC9cL2RydGVyemlsZXIuY29tXC93cC1jb250ZW50XC91cGxvYWRzXC8yMDI0XC8wOVwvNDUwMC1ncmFmdC1oYWlyLXRyYW5zcGxhbnQtYmVmb3JlLWFmdGVyLmpwZyIsInNsaWRlc2hvdyI6IjU4NjhiZjIzIn0%3D\"><br \/>\n\t\t<\/a><br \/>\n\t\t\t\t\t\t\t<a href=\"https:\/\/drterziler.com\/wp-content\/uploads\/2024\/09\/5200-graft-hair-transplant-before-after.jpg\" data-elementor-open-lightbox=\"yes\" data-elementor-lightbox-slideshow=\"5868bf23\" data-elementor-lightbox-title=\"5200-graft-hair-transplant-before-after\" data-e-action-hash=\"#elementor-action%3Aaction%3Dlightbox%26settings%3DeyJpZCI6NzU2MSwidXJsIjoiaHR0cHM6XC9cL2RydGVyemlsZXIuY29tXC93cC1jb250ZW50XC91cGxvYWRzXC8yMDI0XC8wOVwvNTIwMC1ncmFmdC1oYWlyLXRyYW5zcGxhbnQtYmVmb3JlLWFmdGVyLmpwZyIsInNsaWRlc2hvdyI6IjU4NjhiZjIzIn0%3D\"><br \/>\n\t\t<\/a><br \/>\n\t\t\t\t\t\t\t<a href=\"https:\/\/drterziler.com\/wp-content\/uploads\/2024\/09\/5300-graft-hair-transplant-before-after.jpg\" data-elementor-open-lightbox=\"yes\" data-elementor-lightbox-slideshow=\"5868bf23\" data-elementor-lightbox-title=\"5300-graft-hair-transplant-before-after\" data-e-action-hash=\"#elementor-action%3Aaction%3Dlightbox%26settings%3DeyJpZCI6NzU2NywidXJsIjoiaHR0cHM6XC9cL2RydGVyemlsZXIuY29tXC93cC1jb250ZW50XC91cGxvYWRzXC8yMDI0XC8wOVwvNTMwMC1ncmFmdC1oYWlyLXRyYW5zcGxhbnQtYmVmb3JlLWFmdGVyLmpwZyIsInNsaWRlc2hvdyI6IjU4NjhiZjIzIn0%3D\"><br \/>\n\t\t<\/a><br \/>\n\t\t\t\t\t\t\t<svg aria-hidden=\"true\" viewBox=\"0 0 1000 1000\" xmlns=\"http:\/\/www.w3.org\/2000\/svg\"><path d=\"M646 125C629 125 613 133 604 142L308 442C296 454 292 471 292 487 292 504 296 521 308 533L604 854C617 867 629 875 646 875 663 875 679 871 692 858 704 846 713 829 713 812 713 796 708 779 692 767L438 487 692 225C700 217 708 204 708 187 708 171 704 154 692 142 675 129 663 125 646 125Z\"><\/path><\/svg><br \/>\n\t\t\t\t\t\t\t<svg aria-hidden=\"true\" viewBox=\"0 0 1000 1000\" xmlns=\"http:\/\/www.w3.org\/2000\/svg\"><path d=\"M696 533C708 521 713 504 713 487 713 471 708 454 696 446L400 146C388 133 375 125 354 125 338 125 325 129 313 142 300 154 292 171 292 187 292 204 296 221 308 233L563 492 304 771C292 783 288 800 288 817 288 833 296 850 308 863 321 871 338 875 354 875 371 875 388 867 400 854L696 533Z\"><\/path><\/svg><\/p>\n","protected":false},"excerpt":{"rendered":"<p>Haartransplantation T\u00fcrkei: 5000 Transplantate Dr. Terziler Table des mati\u00e8res Was ist ein Haartransplantat? Bevor wir das Verfahren mit 5000 Transplantaten besprechen, ist es wichtig zu verstehen, was ein Transplantat ist. Bei einer Haartransplantation ist ein Transplantat ein kleines St\u00fcck Haut, das ein bis vier Haarfollikel enth\u00e4lt. Diese Transplantate werden aus Bereichen der Kopfhaut mit dichtem, [&hellip;]<\/p>\n","protected":false},"author":6,"featured_media":0,"parent":2826,"menu_order":0,"comment_status":"closed","ping_status":"closed","template":"","meta":{"footnotes":""},"class_list":["post-13590","page","type-page","status-publish","hentry"],"_links":{"self":[{"href":"https:\/\/drterziler.com\/de\/wp-json\/wp\/v2\/pages\/13590","targetHints":{"allow":["GET"]}}],"collection":[{"href":"https:\/\/drterziler.com\/de\/wp-json\/wp\/v2\/pages"}],"about":[{"href":"https:\/\/drterziler.com\/de\/wp-json\/wp\/v2\/types\/page"}],"author":[{"embeddable":true,"href":"https:\/\/drterziler.com\/de\/wp-json\/wp\/v2\/users\/6"}],"replies":[{"embeddable":true,"href":"https:\/\/drterziler.com\/de\/wp-json\/wp\/v2\/comments?post=13590"}],"version-history":[{"count":5,"href":"https:\/\/drterziler.com\/de\/wp-json\/wp\/v2\/pages\/13590\/revisions"}],"predecessor-version":[{"id":38180,"href":"https:\/\/drterziler.com\/de\/wp-json\/wp\/v2\/pages\/13590\/revisions\/38180"}],"up":[{"embeddable":true,"href":"https:\/\/drterziler.com\/de\/wp-json\/wp\/v2\/pages\/2826"}],"wp:attachment":[{"href":"https:\/\/drterziler.com\/de\/wp-json\/wp\/v2\/media?parent=13590"}],"curies":[{"name":"wp","href":"https:\/\/api.w.org\/{rel}","templated":true}]}}