{"id":13596,"date":"2024-09-02T14:37:43","date_gmt":"2024-09-02T14:37:43","guid":{"rendered":"https:\/\/drterziler.com\/?page_id=13596"},"modified":"2025-06-11T05:49:03","modified_gmt":"2025-06-11T05:49:03","slug":"verursacht-das-schlafen-auf-nur-einer-seite-haarausfall","status":"publish","type":"page","link":"https:\/\/drterziler.com\/de\/haarausfall\/verursacht-das-schlafen-auf-nur-einer-seite-haarausfall\/","title":{"rendered":"Verursacht das Schlafen auf nur einer Seite Haarausfall?"},"content":{"rendered":"<nav aria-label=\"breadcrumbs\">\n<p>Dr. Terziler<\/p>\n<\/nav>\n<h4>\n\t\t\t\tInhaltsverzeichnis\t\t\t<\/h4>\n<p>\t\t\t\t\t\t\t<svg aria-hidden=\"true\" viewBox=\"0 0 448 512\" xmlns=\"http:\/\/www.w3.org\/2000\/svg\"><path d=\"M207.029 381.476L12.686 187.132c-9.373-9.373-9.373-24.569 0-33.941l22.667-22.667c9.357-9.357 24.522-9.375 33.901-.04L224 284.505l154.745-154.021c9.379-9.335 24.544-9.317 33.901.04l22.667 22.667c9.373 9.373 9.373 24.569 0 33.941L240.971 381.476c-9.373 9.372-24.569 9.372-33.942 0z\"><\/path><\/svg><br \/>\n\t\t\t\t<svg aria-hidden=\"true\" viewBox=\"0 0 448 512\" xmlns=\"http:\/\/www.w3.org\/2000\/svg\"><path d=\"M240.971 130.524l194.343 194.343c9.373 9.373 9.373 24.569 0 33.941l-22.667 22.667c-9.357 9.357-24.522 9.375-33.901.04L224 227.495 69.255 381.516c-9.379 9.335-24.544 9.317-33.901-.04l-22.667-22.667c-9.373-9.373-9.373-24.569 0-33.941L207.03 130.525c9.372-9.373 24.568-9.373 33.941-.001z\"><\/path><\/svg><br \/>\n\t\t\t\t<svg aria-hidden=\"true\" viewBox=\"0 0 1000 1000\" xmlns=\"http:\/\/www.w3.org\/2000\/svg\"><path d=\"M500 975V858C696 858 858 696 858 500S696 142 500 142 142 304 142 500H25C25 237 238 25 500 25S975 237 975 500 763 975 500 975Z\"><\/path><\/svg><br \/>\n\t\t\t\t\t\t\t\t\t\t\t\t\t\t\t\t\t\t\t\t\t\t<img loading=\"lazy\" decoding=\"async\" width=\"1216\" height=\"684\" src=\"https:\/\/drterziler.com\/wp-content\/uploads\/2024\/11\/sleeping-one-side-1.png\" alt=\"\" srcset=\"https:\/\/drterziler.com\/wp-content\/uploads\/2024\/11\/sleeping-one-side-1.png 1216w, https:\/\/drterziler.com\/wp-content\/uploads\/2024\/11\/sleeping-one-side-1-300x169.png 300w, https:\/\/drterziler.com\/wp-content\/uploads\/2024\/11\/sleeping-one-side-1-1024x576.png 1024w, https:\/\/drterziler.com\/wp-content\/uploads\/2024\/11\/sleeping-one-side-1-768x432.png 768w\" sizes=\"auto, (max-width: 1216px) 100vw, 1216px\">\t\t\t\t\t\t\t\t\t\t\t\t\t<\/p>\n<h1>Verursacht das Schlafen auf nur einer Seite Haarausfall? \u2013 Dr. Terziler<\/h1>\n<p>Viele Menschen machen sich Sorgen \u00fcber Haarausfall und seine m\u00f6glichen Ursachen. Eine Frage, die h\u00e4ufig aufkommt, ist, ob das st\u00e4ndige Schlafen auf einer Seite des Kopfes zu Haarausfall f\u00fchren kann. In diesem Artikel untersucht Dr. Terziler, ein renommierter Haartransplantationsspezialist, dieses Thema und gibt Einblicke in die Erhaltung gesunder Haare im Schlaf.<\/p>\n<h2>Der Zusammenhang zwischen Schlafposition und Haarausfall<\/h2>\n<p>Das Schlafen auf einer Seite f\u00fchrt zwar nicht direkt zu Haarausfall, kann aber m\u00f6glicherweise zu bestimmten Problemen beitragen, die die Gesundheit der Haare beeintr\u00e4chtigen k\u00f6nnen:<\/p>\n<ol>\n<li><strong>Reibung<\/strong>: Wenn Sie immer auf derselben Seite schlafen, kann es zu Reibung zwischen Ihren Haaren und dem Kissen kommen, was mit der Zeit zu Haarbruch f\u00fchren kann.<\/li>\n<li><strong>Durchblutung<\/strong>: L\u00e4ngerer Druck auf eine Seite der Kopfhaut kann die Durchblutung dieses Bereichs vor\u00fcbergehend verringern und sich m\u00f6glicherweise auf die Gesundheit der Haarfollikel auswirken.<\/li>\n<li><strong>Traktionsalopezie<\/strong>: In extremen F\u00e4llen kann das st\u00e4ndige Ziehen am Haar in dieselbe Richtung (z. B. durch eine enge Frisur oder Schlafposition) zu einer Erkrankung namens Traktionsalopezie f\u00fchren.<\/li>\n<\/ol>\n<h2>Gibt es Grund zur Sorge?<\/h2>\n<p>Es ist wichtig zu wissen, dass diese Faktoren zwar m\u00f6glicherweise die Haargesundheit beeintr\u00e4chtigen k\u00f6nnen, aber wahrscheinlich nicht die Hauptursache f\u00fcr erheblichen Haarausfall sind. Haarausfall wird in der Regel durch wesentlichere Faktoren beeinflusst, wie z. B.:<\/p>\n<ul>\n<li>Genetik<\/li>\n<li>Hormonelle Ver\u00e4nderungen<\/li>\n<li>Medizinische Erkrankungen<\/li>\n<li>N\u00e4hrstoffmangel<\/li>\n<li>Stress<\/li>\n<\/ul>\n<h2>Tipps f\u00fcr ges\u00fcndere Schlafgewohnheiten<\/h2>\n<p>Um m\u00f6gliche Auswirkungen auf die Gesundheit Ihrer Haare w\u00e4hrend des Schlafs zu minimieren, sollten Sie die folgenden Tipps beachten:<\/p>\n<ol>\n<li><strong>Wechseln Sie die Seiten<\/strong>: Versuchen Sie, regelm\u00e4\u00dfig die Seite zu wechseln, auf der Sie schlafen.<\/li>\n<li><strong>Verwenden Sie einen Kissenbezug aus Seide oder Satin<\/strong>: Diese Materialien erzeugen weniger Reibung und reduzieren so m\u00f6gliche Sch\u00e4den an Ihrem Haar.<\/li>\n<li><strong>Lose Frisuren<\/strong>: Vermeiden Sie beim Schlafen enge Frisuren, um unn\u00f6tiges Ziehen an den Haaren zu verhindern.<\/li>\n<li><strong>Achten Sie auf eine ausreichende Fl\u00fcssigkeitszufuhr<\/strong>: Eine ausreichende Fl\u00fcssigkeitszufuhr unterst\u00fctzt die allgemeine Gesundheit der Haare.<\/li>\n<li><strong>Ern\u00e4hren Sie sich ausgewogen<\/strong>: Achten Sie darauf, dass Sie die notwendigen N\u00e4hrstoffe f\u00fcr ein gesundes Haarwachstum zu sich nehmen.<\/li>\n<\/ol>\n<h2>Wann Sie professionelle Hilfe in Anspruch nehmen sollten<\/h2>\n<p>Wenn Sie unter sp\u00fcrbarem Haarausfall leiden, ist es wichtig, einen Haarspezialisten zu konsultieren. In der Dr. Terziler Exclusive Clinic bieten wir umfassende Untersuchungen an, um die Ursachen des Haarausfalls zu ermitteln und ma\u00dfgeschneiderte Behandlungsoptionen anzubieten, einschlie\u00dflich fortschrittlicher Haartransplantationstechniken, falls erforderlich.<\/p>\n<h2>Schlussfolgerung<\/h2>\n<p>Obwohl es unwahrscheinlich ist, dass das Schlafen auf einer Seite eine der Hauptursachen f\u00fcr Haarausfall ist, kann das Einnehmen verschiedener Schlafpositionen und die Verwendung haarfreundlicher Bettw\u00e4sche zur allgemeinen Gesundheit der Haare beitragen. Denken Sie daran, dass starker Haarausfall in der Regel auf andere Faktoren zur\u00fcckzuf\u00fchren ist und eine professionelle Beurteilung der Schl\u00fcssel ist, um etwaige Probleme effektiv anzugehen.<\/p>\n<p>F\u00fcr eine pers\u00f6nliche Beratung und innovative L\u00f6sungen zur Haarwiederherstellung wenden Sie sich bitte an die Dr. Terziler Exclusive Clinic. Unser Team ist bestrebt, Ihnen dabei zu helfen, gesundes, lebendiges Haar zu erhalten.<\/p>\n<details id=\"e-n-accordion-item-1500\" open>\n<summary data-accordion-index=\"1\" tabindex=\"0\" aria-expanded=\"true\" aria-controls=\"e-n-accordion-item-1500\" >\n\t\t\t\t\t Kann das Schlafen auf einer Seite Haarausfall verursachen?<br \/>\n\t\t\t<svg aria-hidden=\"true\" viewBox=\"0 0 448 512\" xmlns=\"http:\/\/www.w3.org\/2000\/svg\"><path d=\"M416 208H32c-17.67 0-32 14.33-32 32v32c0 17.67 14.33 32 32 32h384c17.67 0 32-14.33 32-32v-32c0-17.67-14.33-32-32-32z\"><\/path><\/svg><br \/>\n\t\t\t<svg aria-hidden=\"true\" viewBox=\"0 0 448 512\" xmlns=\"http:\/\/www.w3.org\/2000\/svg\"><path d=\"M416 208H272V64c0-17.67-14.33-32-32-32h-32c-17.67 0-32 14.33-32 32v144H32c-17.67 0-32 14.33-32 32v32c0 17.67 14.33 32 32 32h144v144c0 17.67 14.33 32 32 32h32c17.67 0 32-14.33 32-32V304h144c17.67 0 32-14.33 32-32v-32c0-17.67-14.33-32-32-32z\"><\/path><\/svg><br \/>\n\t\t\t\t\t\t<\/summary>\n<p>Es ist unwahrscheinlich, dass das Schlafen auf einer Seite direkt zu Haarausfall f\u00fchrt. St\u00e4ndiger Druck auf eine Seite der Kopfhaut kann jedoch mit der Zeit zu Haarbruch oder Traktionsalopezie f\u00fchren. Es ist wichtig, eine ausgewogene Schlafhaltung beizubehalten, um langfristige Auswirkungen zu vermeiden.<\/p>\n<\/details>\n<details id=\"e-n-accordion-item-1501\" >\n<summary data-accordion-index=\"2\" tabindex=\"-1\" aria-expanded=\"false\" aria-controls=\"e-n-accordion-item-1501\" >\n\t\t\t\t\t Warum erscheint mein Haar auf der Seite, auf der ich schlafe, d\u00fcnner?<br \/>\n\t\t\t<svg aria-hidden=\"true\" viewBox=\"0 0 448 512\" xmlns=\"http:\/\/www.w3.org\/2000\/svg\"><path d=\"M416 208H32c-17.67 0-32 14.33-32 32v32c0 17.67 14.33 32 32 32h384c17.67 0 32-14.33 32-32v-32c0-17.67-14.33-32-32-32z\"><\/path><\/svg><br \/>\n\t\t\t<svg aria-hidden=\"true\" viewBox=\"0 0 448 512\" xmlns=\"http:\/\/www.w3.org\/2000\/svg\"><path d=\"M416 208H272V64c0-17.67-14.33-32-32-32h-32c-17.67 0-32 14.33-32 32v144H32c-17.67 0-32 14.33-32 32v32c0 17.67 14.33 32 32 32h144v144c0 17.67 14.33 32 32 32h32c17.67 0 32-14.33 32-32V304h144c17.67 0 32-14.33 32-32v-32c0-17.67-14.33-32-32-32z\"><\/path><\/svg><br \/>\n\t\t\t\t\t\t<\/summary>\n<p>D\u00fcnneres Haar auf einer Seite kann durch l\u00e4ngere Reibung oder Druck auf das Kissen entstehen, was zu Haarbruch f\u00fchrt. Es kann auch vorkommen, wenn die Haarfollikel im Laufe der Zeit weniger durchblutet werden oder Stress ausgesetzt sind.<\/p>\n<\/details>\n<details id=\"e-n-accordion-item-1502\" >\n<summary data-accordion-index=\"3\" tabindex=\"-1\" aria-expanded=\"false\" aria-controls=\"e-n-accordion-item-1502\" >\n\t\t\t\t\t Welche Art von Haarausfall h\u00e4ngt mit den Schlafgewohnheiten zusammen?<br \/>\n\t\t\t<svg aria-hidden=\"true\" viewBox=\"0 0 448 512\" xmlns=\"http:\/\/www.w3.org\/2000\/svg\"><path d=\"M416 208H32c-17.67 0-32 14.33-32 32v32c0 17.67 14.33 32 32 32h384c17.67 0 32-14.33 32-32v-32c0-17.67-14.33-32-32-32z\"><\/path><\/svg><br \/>\n\t\t\t<svg aria-hidden=\"true\" viewBox=\"0 0 448 512\" xmlns=\"http:\/\/www.w3.org\/2000\/svg\"><path d=\"M416 208H272V64c0-17.67-14.33-32-32-32h-32c-17.67 0-32 14.33-32 32v144H32c-17.67 0-32 14.33-32 32v32c0 17.67 14.33 32 32 32h144v144c0 17.67 14.33 32 32 32h32c17.67 0 32-14.33 32-32V304h144c17.67 0 32-14.33 32-32v-32c0-17.67-14.33-32-32-32z\"><\/path><\/svg><br \/>\n\t\t\t\t\t\t<\/summary>\n<p>Schlafgewohnheiten tragen eher zu mechanischem Haarausfall bei, wie z. B. Traktionsalopezie oder Haarbruch, als genetisch oder hormonell bedingter Haarausfall. Durch eine gute Haarpflege k\u00f6nnen diese Auswirkungen minimiert werden.<\/p>\n<\/details>\n<details id=\"e-n-accordion-item-1503\" >\n<summary data-accordion-index=\"4\" tabindex=\"-1\" aria-expanded=\"false\" aria-controls=\"e-n-accordion-item-1503\" >\n\t\t\t\t\t K\u00f6nnen Kopfkissenbez\u00fcge den Haarausfall im Schlaf beeinflussen?<br \/>\n\t\t\t<svg aria-hidden=\"true\" viewBox=\"0 0 448 512\" xmlns=\"http:\/\/www.w3.org\/2000\/svg\"><path d=\"M416 208H32c-17.67 0-32 14.33-32 32v32c0 17.67 14.33 32 32 32h384c17.67 0 32-14.33 32-32v-32c0-17.67-14.33-32-32-32z\"><\/path><\/svg><br \/>\n\t\t\t<svg aria-hidden=\"true\" viewBox=\"0 0 448 512\" xmlns=\"http:\/\/www.w3.org\/2000\/svg\"><path d=\"M416 208H272V64c0-17.67-14.33-32-32-32h-32c-17.67 0-32 14.33-32 32v144H32c-17.67 0-32 14.33-32 32v32c0 17.67 14.33 32 32 32h144v144c0 17.67 14.33 32 32 32h32c17.67 0 32-14.33 32-32V304h144c17.67 0 32-14.33 32-32v-32c0-17.67-14.33-32-32-32z\"><\/path><\/svg><br \/>\n\t\t\t\t\t\t<\/summary>\n<p>Ja, Kopfkissenbez\u00fcge k\u00f6nnen eine Rolle spielen. Kissenbez\u00fcge aus Baumwolle k\u00f6nnen Reibung verursachen, die zu Haarbruch f\u00fchrt, w\u00e4hrend Kissenbez\u00fcge aus Seide oder Satin sanfter zum Haar sind und die Wahrscheinlichkeit von Sch\u00e4den verringern.<\/p>\n<\/details>\n<details id=\"e-n-accordion-item-1504\" >\n<summary data-accordion-index=\"5\" tabindex=\"-1\" aria-expanded=\"false\" aria-controls=\"e-n-accordion-item-1504\" >\n\t\t\t\t\t Wie kann ich Haarausfall durch Schlafen auf einer Seite verhindern?<br \/>\n\t\t\t<svg aria-hidden=\"true\" viewBox=\"0 0 448 512\" xmlns=\"http:\/\/www.w3.org\/2000\/svg\"><path d=\"M416 208H32c-17.67 0-32 14.33-32 32v32c0 17.67 14.33 32 32 32h384c17.67 0 32-14.33 32-32v-32c0-17.67-14.33-32-32-32z\"><\/path><\/svg><br \/>\n\t\t\t<svg aria-hidden=\"true\" viewBox=\"0 0 448 512\" xmlns=\"http:\/\/www.w3.org\/2000\/svg\"><path d=\"M416 208H272V64c0-17.67-14.33-32-32-32h-32c-17.67 0-32 14.33-32 32v144H32c-17.67 0-32 14.33-32 32v32c0 17.67 14.33 32 32 32h144v144c0 17.67 14.33 32 32 32h32c17.67 0 32-14.33 32-32V304h144c17.67 0 32-14.33 32-32v-32c0-17.67-14.33-32-32-32z\"><\/path><\/svg><br \/>\n\t\t\t\t\t\t<\/summary>\n<p>Um m\u00f6glichen Haarproblemen vorzubeugen, sollten Sie die Schlafposition wechseln, einen Kissenbezug aus Seide oder Satin verwenden und Ihr Haar mit einem Band zusammenbinden.<\/p>\n<\/details>\n<details id=\"e-n-accordion-item-1505\" >\n<summary data-accordion-index=\"6\" tabindex=\"-1\" aria-expanded=\"false\" aria-controls=\"e-n-accordion-item-1505\" >\n\t\t\t\t\t Kann eine Schlafroutine die Gesundheit der Haare verbessern?<br \/>\n\t\t\t<svg aria-hidden=\"true\" viewBox=\"0 0 448 512\" xmlns=\"http:\/\/www.w3.org\/2000\/svg\"><path d=\"M416 208H32c-17.67 0-32 14.33-32 32v32c0 17.67 14.33 32 32 32h384c17.67 0 32-14.33 32-32v-32c0-17.67-14.33-32-32-32z\"><\/path><\/svg><br \/>\n\t\t\t<svg aria-hidden=\"true\" viewBox=\"0 0 448 512\" xmlns=\"http:\/\/www.w3.org\/2000\/svg\"><path d=\"M416 208H272V64c0-17.67-14.33-32-32-32h-32c-17.67 0-32 14.33-32 32v144H32c-17.67 0-32 14.33-32 32v32c0 17.67 14.33 32 32 32h144v144c0 17.67 14.33 32 32 32h32c17.67 0 32-14.33 32-32V304h144c17.67 0 32-14.33 32-32v-32c0-17.67-14.33-32-32-32z\"><\/path><\/svg><br \/>\n\t\t\t\t\t\t<\/summary>\n<p>Eine gesunde Schlafroutine kann sich indirekt positiv auf die Gesundheit der Haare auswirken, indem sie den Stresspegel senkt und die Durchblutung f\u00f6rdert. Die Kombination von richtigen Schlafgewohnheiten mit einer ausgewogenen Ern\u00e4hrung und Kopfhautpflege verbessert die allgemeine Haarqualit\u00e4t.<\/p>\n<\/details>\n<details id=\"e-n-accordion-item-1506\" >\n<summary data-accordion-index=\"7\" tabindex=\"-1\" aria-expanded=\"false\" aria-controls=\"e-n-accordion-item-1506\" >\n\t\t\t\t\t Sollte ich meine Schlafseite wechseln, um Haarausfall zu vermeiden?<br \/>\n\t\t\t<svg aria-hidden=\"true\" viewBox=\"0 0 448 512\" xmlns=\"http:\/\/www.w3.org\/2000\/svg\"><path d=\"M416 208H32c-17.67 0-32 14.33-32 32v32c0 17.67 14.33 32 32 32h384c17.67 0 32-14.33 32-32v-32c0-17.67-14.33-32-32-32z\"><\/path><\/svg><br \/>\n\t\t\t<svg aria-hidden=\"true\" viewBox=\"0 0 448 512\" xmlns=\"http:\/\/www.w3.org\/2000\/svg\"><path d=\"M416 208H272V64c0-17.67-14.33-32-32-32h-32c-17.67 0-32 14.33-32 32v144H32c-17.67 0-32 14.33-32 32v32c0 17.67 14.33 32 32 32h144v144c0 17.67 14.33 32 32 32h32c17.67 0 32-14.33 32-32V304h144c17.67 0 32-14.33 32-32v-32c0-17.67-14.33-32-32-32z\"><\/path><\/svg><br \/>\n\t\t\t\t\t\t<\/summary>\n<p>Sie m\u00fcssen Ihre Schlafgewohnheiten nicht drastisch \u00e4ndern, aber ein Seitenwechsel und die Verwendung haarfreundlicher Kissenbez\u00fcge k\u00f6nnen dazu beitragen, die Reibung und den Druck auf bestimmte Bereiche der Kopfhaut zu verringern und so das Risiko von Haarbruch oder d\u00fcnner werdendem Haar zu minimieren.<\/p>\n<\/details>\n<p>Es ist unwahrscheinlich, dass das Schlafen auf einer Seite direkt zu Haarausfall f\u00fchrt. St\u00e4ndiger Druck auf eine Seite der Kopfhaut kann jedoch mit der Zeit zu Haarbruch oder Traktionsalopezie f\u00fchren. Es ist wichtig, eine ausgewogene Schlafhaltung beizubehalten, um langfristige Auswirkungen zu vermeiden.<\/p>\n<p>D\u00fcnneres Haar auf einer Seite kann durch l\u00e4ngere Reibung oder Druck auf das Kissen entstehen, was zu Haarbruch f\u00fchrt. Es kann auch vorkommen, wenn die Haarfollikel im Laufe der Zeit weniger durchblutet werden oder Stress ausgesetzt sind.<\/p>\n<p>Schlafgewohnheiten tragen eher zu mechanischem Haarausfall bei, wie z. B. Traktionsalopezie oder Haarbruch, als genetisch oder hormonell bedingter Haarausfall. Durch eine gute Haarpflege k\u00f6nnen diese Auswirkungen minimiert werden.<\/p>\n<p>Ja, Kopfkissenbez\u00fcge k\u00f6nnen eine Rolle spielen. Kissenbez\u00fcge aus Baumwolle k\u00f6nnen Reibung verursachen, die zu Haarbruch f\u00fchrt, w\u00e4hrend Kissenbez\u00fcge aus Seide oder Satin sanfter zum Haar sind und die Wahrscheinlichkeit von Sch\u00e4den verringern.<\/p>\n<p>Um m\u00f6glichen Haarproblemen vorzubeugen, sollten Sie die Schlafposition wechseln, einen Kissenbezug aus Seide oder Satin verwenden und Ihr Haar mit einem Band zusammenbinden.<\/p>\n<p>Eine gesunde Schlafroutine kann sich indirekt positiv auf die Gesundheit der Haare auswirken, indem sie den Stresspegel senkt und die Durchblutung f\u00f6rdert. Die Kombination von richtigen Schlafgewohnheiten mit einer ausgewogenen Ern\u00e4hrung und Kopfhautpflege verbessert die allgemeine Haarqualit\u00e4t.<\/p>\n<p>Sie m\u00fcssen Ihre Schlafgewohnheiten nicht drastisch \u00e4ndern, aber ein Seitenwechsel und die Verwendung haarfreundlicher Kissenbez\u00fcge k\u00f6nnen dazu beitragen, die Reibung und den Druck auf bestimmte Bereiche der Kopfhaut zu verringern und so das Risiko von Haarbruch oder d\u00fcnner werdendem Haar zu minimieren.<\/p>\n","protected":false},"excerpt":{"rendered":"<p>Dr. Terziler Inhaltsverzeichnis Verursacht das Schlafen auf nur einer Seite Haarausfall? \u2013 Dr. Terziler Viele Menschen machen sich Sorgen \u00fcber Haarausfall und seine m\u00f6glichen Ursachen. Eine Frage, die h\u00e4ufig aufkommt, ist, ob das st\u00e4ndige Schlafen auf einer Seite des Kopfes zu Haarausfall f\u00fchren kann. In diesem Artikel untersucht Dr. Terziler, ein renommierter Haartransplantationsspezialist, dieses Thema [&hellip;]<\/p>\n","protected":false},"author":6,"featured_media":0,"parent":12934,"menu_order":0,"comment_status":"closed","ping_status":"closed","template":"","meta":{"footnotes":""},"class_list":["post-13596","page","type-page","status-publish","hentry"],"_links":{"self":[{"href":"https:\/\/drterziler.com\/de\/wp-json\/wp\/v2\/pages\/13596","targetHints":{"allow":["GET"]}}],"collection":[{"href":"https:\/\/drterziler.com\/de\/wp-json\/wp\/v2\/pages"}],"about":[{"href":"https:\/\/drterziler.com\/de\/wp-json\/wp\/v2\/types\/page"}],"author":[{"embeddable":true,"href":"https:\/\/drterziler.com\/de\/wp-json\/wp\/v2\/users\/6"}],"replies":[{"embeddable":true,"href":"https:\/\/drterziler.com\/de\/wp-json\/wp\/v2\/comments?post=13596"}],"version-history":[{"count":8,"href":"https:\/\/drterziler.com\/de\/wp-json\/wp\/v2\/pages\/13596\/revisions"}],"predecessor-version":[{"id":42958,"href":"https:\/\/drterziler.com\/de\/wp-json\/wp\/v2\/pages\/13596\/revisions\/42958"}],"up":[{"embeddable":true,"href":"https:\/\/drterziler.com\/de\/wp-json\/wp\/v2\/pages\/12934"}],"wp:attachment":[{"href":"https:\/\/drterziler.com\/de\/wp-json\/wp\/v2\/media?parent=13596"}],"curies":[{"name":"wp","href":"https:\/\/api.w.org\/{rel}","templated":true}]}}