{"id":13598,"date":"2024-09-02T14:23:23","date_gmt":"2024-09-02T14:23:23","guid":{"rendered":"https:\/\/drterziler.com\/?page_id=13598"},"modified":"2025-05-27T15:22:08","modified_gmt":"2025-05-27T15:22:08","slug":"kann-zu-viel-koerperliche-betaetigung-zu-haarausfall-fuehren","status":"publish","type":"page","link":"https:\/\/drterziler.com\/de\/haarausfall\/kann-zu-viel-koerperliche-betaetigung-zu-haarausfall-fuehren\/","title":{"rendered":"Kann zu viel k\u00f6rperliche Bet\u00e4tigung zu Haarausfall f\u00fchren?"},"content":{"rendered":"<nav aria-label=\"breadcrumbs\">\n<p>Dr. Terziler<\/p>\n<\/nav>\n<h4>\n\t\t\t\tInhaltsverzeichnis\t\t\t<\/h4>\n<p>\t\t\t\t\t\t\t<svg aria-hidden=\"true\" viewBox=\"0 0 448 512\" xmlns=\"http:\/\/www.w3.org\/2000\/svg\"><path d=\"M207.029 381.476L12.686 187.132c-9.373-9.373-9.373-24.569 0-33.941l22.667-22.667c9.357-9.357 24.522-9.375 33.901-.04L224 284.505l154.745-154.021c9.379-9.335 24.544-9.317 33.901.04l22.667 22.667c9.373 9.373 9.373 24.569 0 33.941L240.971 381.476c-9.373 9.372-24.569 9.372-33.942 0z\"><\/path><\/svg><br \/>\n\t\t\t\t<svg aria-hidden=\"true\" viewBox=\"0 0 448 512\" xmlns=\"http:\/\/www.w3.org\/2000\/svg\"><path d=\"M240.971 130.524l194.343 194.343c9.373 9.373 9.373 24.569 0 33.941l-22.667 22.667c-9.357 9.357-24.522 9.375-33.901.04L224 227.495 69.255 381.516c-9.379 9.335-24.544 9.317-33.901-.04l-22.667-22.667c-9.373-9.373-9.373-24.569 0-33.941L207.03 130.525c9.372-9.373 24.568-9.373 33.941-.001z\"><\/path><\/svg><br \/>\n\t\t\t\t<svg aria-hidden=\"true\" viewBox=\"0 0 1000 1000\" xmlns=\"http:\/\/www.w3.org\/2000\/svg\"><path d=\"M500 975V858C696 858 858 696 858 500S696 142 500 142 142 304 142 500H25C25 237 238 25 500 25S975 237 975 500 763 975 500 975Z\"><\/path><\/svg><br \/>\n\t\t\t\t\t\t\t\t\t\t\t\t\t\t\t\t\t\t\t\t\t\t<img loading=\"lazy\" decoding=\"async\" width=\"884\" height=\"557\" src=\"https:\/\/drterziler.com\/wp-content\/uploads\/2024\/11\/too-much-exercise-cause-hair-loss.png\" alt=\"\" srcset=\"https:\/\/drterziler.com\/wp-content\/uploads\/2024\/11\/too-much-exercise-cause-hair-loss.png 884w, https:\/\/drterziler.com\/wp-content\/uploads\/2024\/11\/too-much-exercise-cause-hair-loss-300x189.png 300w, https:\/\/drterziler.com\/wp-content\/uploads\/2024\/11\/too-much-exercise-cause-hair-loss-768x484.png 768w\" sizes=\"auto, (max-width: 884px) 100vw, 884px\">\t\t\t\t\t\t\t\t\t\t\t\t\t<\/p>\n<h1>Kann zu viel Sport zu Haarausfall f\u00fchren?<\/h1>\n<p>Sport gilt allgemein als Grundpfeiler einer guten Gesundheit, aber kann es auch zu viel des Guten sein, wenn es um Ihre Haare geht? In der Dr. Terziler Exclusive Hair Clinic haben wir h\u00e4ufig mit Patienten zu tun, die sich Sorgen \u00fcber den m\u00f6glichen Zusammenhang zwischen intensiver k\u00f6rperlicher Aktivit\u00e4t und Haarausfall machen. In diesem Artikel werden wir diesen Zusammenhang untersuchen und Einblicke in die Aufrechterhaltung eines gesunden Gleichgewichts zwischen Fitness und Haargesundheit geben.<\/p>\n<h2>Der Zusammenhang zwischen Bewegung und Haarausfall<\/h2>\n<p>W\u00e4hrend moderate Bewegung der allgemeinen Gesundheit und damit auch der Haargesundheit zutr\u00e4glich ist, kann \u00fcberm\u00e4\u00dfige Bewegung durch verschiedene Mechanismen m\u00f6glicherweise zu Haarausfall beitragen:<\/p>\n<ol>\n<li><strong>Hormonelle Ver\u00e4nderungen<\/strong>: Intensives Training kann zu einer erh\u00f6hten Produktion von Androgenen, einschlie\u00dflich Testosteron, f\u00fchren. Bei manchen Menschen kann dies zur Umwandlung von Testosteron in Dihydrotestosteron (DHT) f\u00fchren, das bekannterma\u00dfen zur m\u00e4nnlichen und weiblichen Kahlk\u00f6pfigkeit beitr\u00e4gt.<\/li>\n<li><strong>N\u00e4hrstoffmangel<\/strong>: Ein strenges Trainingsprogramm, insbesondere in Kombination mit einer restriktiven Ern\u00e4hrung, kann zu N\u00e4hrstoffmangel f\u00fchren. Ein Mangel an essenziellen N\u00e4hrstoffen wie Eisen, Proteinen und Vitaminen kann sich negativ auf das Haarwachstum und die Gesundheit der Haare auswirken.<\/li>\n<li><strong>K\u00f6rperliche Belastung<\/strong>: Extreme k\u00f6rperliche Belastung des K\u00f6rpers, wie sie beispielsweise bei intensivem Ausdauertraining oder Bodybuilding auftritt, kann eine Erkrankung namens Telogeneffluvium ausl\u00f6sen. Diese vor\u00fcbergehende Form des Haarausfalls tritt auf, wenn die Haarfollikel vorzeitig in die Ruhephase des Haarwachstumszyklus eintreten.<\/li>\n<li><strong>Schwei\u00df und Kopfhautgesundheit<\/strong>: \u00dcberm\u00e4\u00dfiges Schwitzen w\u00e4hrend intensiver Trainingseinheiten kann, wenn es nicht richtig gehandhabt wird, zur Ansammlung von Salz und Bakterien auf der Kopfhaut f\u00fchren. Dies kann m\u00f6glicherweise die Kopfhaut reizen und die Gesundheit der Haarfollikel beeintr\u00e4chtigen.<\/li>\n<\/ol>\n<h2>Die richtige Balance finden<\/h2>\n<p>Es ist wichtig zu wissen, dass moderates Training der Haargesundheit zutr\u00e4glich ist. Regelm\u00e4\u00dfige k\u00f6rperliche Aktivit\u00e4t verbessert die Durchblutung, auch der Kopfhaut, was ein gesundes Haarwachstum f\u00f6rdern kann. Der Schl\u00fcssel liegt darin, das richtige Gleichgewicht zu finden. Hier sind einige Tipps, wie Sie Ihr Fitnessprogramm beibehalten k\u00f6nnen, ohne die Gesundheit Ihrer Haare zu beeintr\u00e4chtigen:<\/p>\n<ol>\n<li><strong>Achten Sie auf eine ausgewogene Ern\u00e4hrung<\/strong>: Achten Sie darauf, dass Sie gen\u00fcgend Protein, Eisen, Vitamine und Mineralien zu sich nehmen, um sowohl Ihr Trainingsprogramm als auch die Gesundheit Ihrer Haare zu unterst\u00fctzen.<\/li>\n<li><strong>Achten Sie auf eine ausreichende Fl\u00fcssigkeitszufuhr<\/strong>: Eine ausreichende Fl\u00fcssigkeitszufuhr ist sowohl f\u00fcr die sportliche Leistung als auch f\u00fcr die Erhaltung einer gesunden Kopfhaut von entscheidender Bedeutung.<\/li>\n<li><strong>Achten Sie auf eine gute Haarhygiene<\/strong>: Waschen Sie Ihr Haar nach intensiven Trainingseinheiten, um Schwei\u00df zu entfernen und Ablagerungen auf der Kopfhaut zu vermeiden. Verwenden Sie ein sanftes, pH-neutrales Shampoo.<\/li>\n<li><strong>Achten Sie auf Ihren K\u00f6rper<\/strong>: Wenn Sie einen erh\u00f6hten Haarausfall bemerken, der mit einem intensiveren Trainingsprogramm zusammenf\u00e4llt, sollten Sie Ihr Training etwas m\u00e4\u00dfigen und einen Haarspezialisten konsultieren.<\/li>\n<li><strong>Stressbew\u00e4ltigung<\/strong>: Integrieren Sie Techniken zur Stressreduzierung wie Meditation oder Yoga in Ihr Fitnessprogramm, um den k\u00f6rperlichen Stress intensiver \u00dcbungen zu mildern.<\/li>\n<\/ol>\n<h2>Wann Sie professionelle Hilfe in Anspruch nehmen sollten<\/h2>\n<p>Wenn Sie trotz eines ausgewogenen Trainingsprogramms einen sp\u00fcrbaren Haarausfall feststellen, ist es ratsam, einen Haarspezialisten zu konsultieren. In der Dr. Terziler Exclusive Hair Clinic bieten wir umfassende Untersuchungen an, um die Ursachen des Haarausfalls zu ermitteln und individuelle Behandlungspl\u00e4ne zu erstellen.<\/p>\n<p>Unsere fortschrittlichen Diagnosewerkzeuge und unser Fachwissen in verschiedenen Haarwiederherstellungstechniken, einschlie\u00dflich unserer hochmodernen Robotic DHI-Methode, erm\u00f6glichen es uns, Haarausfallprobleme effektiv anzugehen und Ihnen dabei zu helfen, sowohl Ihre Fitness als auch die Gesundheit Ihres Haares zu erhalten.<\/p>\n<p>Denken Sie daran, dass Bewegung zwar ein wesentlicher Bestandteil eines gesunden Lebensstils ist, es aber wichtig ist, sie in einem ausgewogenen Verh\u00e4ltnis zu betreiben. Wenn Sie die m\u00f6glichen Auswirkungen auf Ihr Haar ber\u00fccksichtigen und entsprechende Vorsichtsma\u00dfnahmen ergreifen, k\u00f6nnen Sie die Vorteile regelm\u00e4\u00dfiger k\u00f6rperlicher Aktivit\u00e4t genie\u00dfen, ohne die Gesundheit Ihres Haares zu beeintr\u00e4chtigen.<\/p>\n<p>F\u00fcr weitere Informationen oder zur Vereinbarung eines Beratungstermins wenden Sie sich noch heute an die Dr. Terziler Exclusive Hair Clinic. Wir helfen Ihnen dabei, das perfekte Gleichgewicht zwischen Ihren Fitnesszielen und der Erhaltung eines gesunden, vollen Haarschopfs zu finden.<\/p>\n<details id=\"e-n-accordion-item-1030\" open>\n<summary data-accordion-index=\"1\" tabindex=\"0\" aria-expanded=\"true\" aria-controls=\"e-n-accordion-item-1030\" >\n\t\t\t\t\t Kann \u00fcberm\u00e4\u00dfiger Sport Haarausfall verursachen?<br \/>\n\t\t\t<svg aria-hidden=\"true\" viewBox=\"0 0 448 512\" xmlns=\"http:\/\/www.w3.org\/2000\/svg\"><path d=\"M416 208H32c-17.67 0-32 14.33-32 32v32c0 17.67 14.33 32 32 32h384c17.67 0 32-14.33 32-32v-32c0-17.67-14.33-32-32-32z\"><\/path><\/svg><br \/>\n\t\t\t<svg aria-hidden=\"true\" viewBox=\"0 0 448 512\" xmlns=\"http:\/\/www.w3.org\/2000\/svg\"><path d=\"M416 208H272V64c0-17.67-14.33-32-32-32h-32c-17.67 0-32 14.33-32 32v144H32c-17.67 0-32 14.33-32 32v32c0 17.67 14.33 32 32 32h144v144c0 17.67 14.33 32 32 32h32c17.67 0 32-14.33 32-32V304h144c17.67 0 32-14.33 32-32v-32c0-17.67-14.33-32-32-32z\"><\/path><\/svg><br \/>\n\t\t\t\t\t\t<\/summary>\n<p>Ja, \u00fcberm\u00e4\u00dfiges Training kann zu Haarausfall beitragen, da es den Stresspegel erh\u00f6ht und dem K\u00f6rper wichtige N\u00e4hrstoffe entzieht. Beide Faktoren k\u00f6nnen den Haarwachstumszyklus st\u00f6ren und zu Haarausfall f\u00fchren.<\/p>\n<\/details>\n<details id=\"e-n-accordion-item-1031\" >\n<summary data-accordion-index=\"2\" tabindex=\"-1\" aria-expanded=\"false\" aria-controls=\"e-n-accordion-item-1031\" >\n\t\t\t\t\t Wie wirkt sich Stress durch Sport auf die Gesundheit der Haare aus?<br \/>\n\t\t\t<svg aria-hidden=\"true\" viewBox=\"0 0 448 512\" xmlns=\"http:\/\/www.w3.org\/2000\/svg\"><path d=\"M416 208H32c-17.67 0-32 14.33-32 32v32c0 17.67 14.33 32 32 32h384c17.67 0 32-14.33 32-32v-32c0-17.67-14.33-32-32-32z\"><\/path><\/svg><br \/>\n\t\t\t<svg aria-hidden=\"true\" viewBox=\"0 0 448 512\" xmlns=\"http:\/\/www.w3.org\/2000\/svg\"><path d=\"M416 208H272V64c0-17.67-14.33-32-32-32h-32c-17.67 0-32 14.33-32 32v144H32c-17.67 0-32 14.33-32 32v32c0 17.67 14.33 32 32 32h144v144c0 17.67 14.33 32 32 32h32c17.67 0 32-14.33 32-32V304h144c17.67 0 32-14.33 32-32v-32c0-17.67-14.33-32-32-32z\"><\/path><\/svg><br \/>\n\t\t\t\t\t\t<\/summary>\n<p>Intensive k\u00f6rperliche Aktivit\u00e4t kann den Cortisolspiegel, das Stresshormon des K\u00f6rpers, erh\u00f6hen. Ein hoher Cortisolspiegel kann die Haarfollikel vorzeitig in die Ruhephase versetzen, was zu Haarausfall f\u00fchrt.<\/p>\n<\/details>\n<details id=\"e-n-accordion-item-1032\" >\n<summary data-accordion-index=\"3\" tabindex=\"-1\" aria-expanded=\"false\" aria-controls=\"e-n-accordion-item-1032\" >\n\t\t\t\t\t F\u00fchrt das Schwitzen beim Sport zu Haarausfall?<br \/>\n\t\t\t<svg aria-hidden=\"true\" viewBox=\"0 0 448 512\" xmlns=\"http:\/\/www.w3.org\/2000\/svg\"><path d=\"M416 208H32c-17.67 0-32 14.33-32 32v32c0 17.67 14.33 32 32 32h384c17.67 0 32-14.33 32-32v-32c0-17.67-14.33-32-32-32z\"><\/path><\/svg><br \/>\n\t\t\t<svg aria-hidden=\"true\" viewBox=\"0 0 448 512\" xmlns=\"http:\/\/www.w3.org\/2000\/svg\"><path d=\"M416 208H272V64c0-17.67-14.33-32-32-32h-32c-17.67 0-32 14.33-32 32v144H32c-17.67 0-32 14.33-32 32v32c0 17.67 14.33 32 32 32h144v144c0 17.67 14.33 32 32 32h32c17.67 0 32-14.33 32-32V304h144c17.67 0 32-14.33 32-32v-32c0-17.67-14.33-32-32-32z\"><\/path><\/svg><br \/>\n\t\t\t\t\t\t<\/summary>\n<p>Schwitzen an sich verursacht keinen Haarausfall, aber Schwei\u00df auf der Kopfhaut kann die Haarfollikel verstopfen und zu Irritationen oder Infektionen f\u00fchren, die das Ausd\u00fcnnen der Haare verschlimmern k\u00f6nnen.<\/p>\n<\/details>\n<details id=\"e-n-accordion-item-1033\" >\n<summary data-accordion-index=\"4\" tabindex=\"-1\" aria-expanded=\"false\" aria-controls=\"e-n-accordion-item-1033\" >\n\t\t\t\t\t Kann ein N\u00e4hrstoffmangel aufgrund von \u00fcberm\u00e4\u00dfigem Sport zu Haarausfall f\u00fchren?<br \/>\n\t\t\t<svg aria-hidden=\"true\" viewBox=\"0 0 448 512\" xmlns=\"http:\/\/www.w3.org\/2000\/svg\"><path d=\"M416 208H32c-17.67 0-32 14.33-32 32v32c0 17.67 14.33 32 32 32h384c17.67 0 32-14.33 32-32v-32c0-17.67-14.33-32-32-32z\"><\/path><\/svg><br \/>\n\t\t\t<svg aria-hidden=\"true\" viewBox=\"0 0 448 512\" xmlns=\"http:\/\/www.w3.org\/2000\/svg\"><path d=\"M416 208H272V64c0-17.67-14.33-32-32-32h-32c-17.67 0-32 14.33-32 32v144H32c-17.67 0-32 14.33-32 32v32c0 17.67 14.33 32 32 32h144v144c0 17.67 14.33 32 32 32h32c17.67 0 32-14.33 32-32V304h144c17.67 0 32-14.33 32-32v-32c0-17.67-14.33-32-32-32z\"><\/path><\/svg><br \/>\n\t\t\t\t\t\t<\/summary>\n<p>Ja, intensives Training erh\u00f6ht den N\u00e4hrstoffbedarf des K\u00f6rpers. Wenn dieser nicht gedeckt wird, kann es zu einem Mangel an Eisen, Zink oder Eiwei\u00df kommen, die f\u00fcr ein gesundes Haarwachstum entscheidend sind.<\/p>\n<\/details>\n<details id=\"e-n-accordion-item-1034\" >\n<summary data-accordion-index=\"5\" tabindex=\"-1\" aria-expanded=\"false\" aria-controls=\"e-n-accordion-item-1034\" >\n\t\t\t\t\t Welche Arten von \u00dcbungen sind weniger geeignet, Haarausfall zu verursachen?<br \/>\n\t\t\t<svg aria-hidden=\"true\" viewBox=\"0 0 448 512\" xmlns=\"http:\/\/www.w3.org\/2000\/svg\"><path d=\"M416 208H32c-17.67 0-32 14.33-32 32v32c0 17.67 14.33 32 32 32h384c17.67 0 32-14.33 32-32v-32c0-17.67-14.33-32-32-32z\"><\/path><\/svg><br \/>\n\t\t\t<svg aria-hidden=\"true\" viewBox=\"0 0 448 512\" xmlns=\"http:\/\/www.w3.org\/2000\/svg\"><path d=\"M416 208H272V64c0-17.67-14.33-32-32-32h-32c-17.67 0-32 14.33-32 32v144H32c-17.67 0-32 14.33-32 32v32c0 17.67 14.33 32 32 32h144v144c0 17.67 14.33 32 32 32h32c17.67 0 32-14.33 32-32V304h144c17.67 0 32-14.33 32-32v-32c0-17.67-14.33-32-32-32z\"><\/path><\/svg><br \/>\n\t\t\t\t\t\t<\/summary>\n<p>Moderate \u00dcbungen wie Yoga, Schwimmen oder Spazierengehen f\u00fchren weniger wahrscheinlich zu stressbedingtem Haarausfall. Ein Gleichgewicht zwischen intensivem Training und Aktivit\u00e4ten mit geringer Belastung kann die Gesundheit der Haare erhalten.<\/p>\n<\/details>\n<details id=\"e-n-accordion-item-1035\" >\n<summary data-accordion-index=\"6\" tabindex=\"-1\" aria-expanded=\"false\" aria-controls=\"e-n-accordion-item-1035\" >\n\t\t\t\t\t Kann exzessives Cardio-Training zu Haarausfall f\u00fchren?<br \/>\n\t\t\t<svg aria-hidden=\"true\" viewBox=\"0 0 448 512\" xmlns=\"http:\/\/www.w3.org\/2000\/svg\"><path d=\"M416 208H32c-17.67 0-32 14.33-32 32v32c0 17.67 14.33 32 32 32h384c17.67 0 32-14.33 32-32v-32c0-17.67-14.33-32-32-32z\"><\/path><\/svg><br \/>\n\t\t\t<svg aria-hidden=\"true\" viewBox=\"0 0 448 512\" xmlns=\"http:\/\/www.w3.org\/2000\/svg\"><path d=\"M416 208H272V64c0-17.67-14.33-32-32-32h-32c-17.67 0-32 14.33-32 32v144H32c-17.67 0-32 14.33-32 32v32c0 17.67 14.33 32 32 32h144v144c0 17.67 14.33 32 32 32h32c17.67 0 32-14.33 32-32V304h144c17.67 0 32-14.33 32-32v-32c0-17.67-14.33-32-32-32z\"><\/path><\/svg><br \/>\n\t\t\t\t\t\t<\/summary>\n<p>Hochintensiver Ausdauersport kann den Cortisolspiegel erh\u00f6hen und zu stressbedingtem Haarausfall beitragen. Ein Gleichgewicht zwischen Ausdauertraining und Krafttraining oder Erholungstagen kann diese Auswirkungen abmildern.<\/p>\n<\/details>\n<details id=\"e-n-accordion-item-1036\" >\n<summary data-accordion-index=\"7\" tabindex=\"-1\" aria-expanded=\"false\" aria-controls=\"e-n-accordion-item-1036\" >\n\t\t\t\t\t Verursacht das Tragen von engen Stirnb\u00e4ndern oder H\u00fcten beim Sport Haarausfall?<br \/>\n\t\t\t<svg aria-hidden=\"true\" viewBox=\"0 0 448 512\" xmlns=\"http:\/\/www.w3.org\/2000\/svg\"><path d=\"M416 208H32c-17.67 0-32 14.33-32 32v32c0 17.67 14.33 32 32 32h384c17.67 0 32-14.33 32-32v-32c0-17.67-14.33-32-32-32z\"><\/path><\/svg><br \/>\n\t\t\t<svg aria-hidden=\"true\" viewBox=\"0 0 448 512\" xmlns=\"http:\/\/www.w3.org\/2000\/svg\"><path d=\"M416 208H272V64c0-17.67-14.33-32-32-32h-32c-17.67 0-32 14.33-32 32v144H32c-17.67 0-32 14.33-32 32v32c0 17.67 14.33 32 32 32h144v144c0 17.67 14.33 32 32 32h32c17.67 0 32-14.33 32-32V304h144c17.67 0 32-14.33 32-32v-32c0-17.67-14.33-32-32-32z\"><\/path><\/svg><br \/>\n\t\t\t\t\t\t<\/summary>\n<p>Ja, das Tragen von engen Kopfbedeckungen w\u00e4hrend des Trainings kann zu Traktionsalopezie f\u00fchren, einer Form des Haarausfalls, die durch eine anhaltende Spannung auf die Haarfollikel verursacht wird. W\u00e4hlen Sie eine locker sitzende Kopfbedeckung, um dies zu verhindern.<\/p>\n<\/details>\n<details id=\"e-n-accordion-item-1037\" >\n<summary data-accordion-index=\"8\" tabindex=\"-1\" aria-expanded=\"false\" aria-controls=\"e-n-accordion-item-1037\" >\n\t\t\t\t\t Sollte ich einen Arzt aufsuchen, wenn ich vermute, dass Sport Haarausfall verursacht?<br \/>\n\t\t\t<svg aria-hidden=\"true\" viewBox=\"0 0 448 512\" xmlns=\"http:\/\/www.w3.org\/2000\/svg\"><path d=\"M416 208H32c-17.67 0-32 14.33-32 32v32c0 17.67 14.33 32 32 32h384c17.67 0 32-14.33 32-32v-32c0-17.67-14.33-32-32-32z\"><\/path><\/svg><br \/>\n\t\t\t<svg aria-hidden=\"true\" viewBox=\"0 0 448 512\" xmlns=\"http:\/\/www.w3.org\/2000\/svg\"><path d=\"M416 208H272V64c0-17.67-14.33-32-32-32h-32c-17.67 0-32 14.33-32 32v144H32c-17.67 0-32 14.33-32 32v32c0 17.67 14.33 32 32 32h144v144c0 17.67 14.33 32 32 32h32c17.67 0 32-14.33 32-32V304h144c17.67 0 32-14.33 32-32v-32c0-17.67-14.33-32-32-32z\"><\/path><\/svg><br \/>\n\t\t\t\t\t\t<\/summary>\n<p>Wenn Sie unter starkem Haarausfall leiden, sollten Sie einen Dermatologen oder Trichologen aufsuchen. Dieser kann Ihre Haargesundheit beurteilen, die Ursachen ermitteln und geeignete Behandlungen empfehlen.<\/p>\n<\/details>\n<p>Ja, \u00fcberm\u00e4\u00dfiges Training kann zu Haarausfall beitragen, da es den Stresspegel erh\u00f6ht und dem K\u00f6rper wichtige N\u00e4hrstoffe entzieht. Beide Faktoren k\u00f6nnen den Haarwachstumszyklus st\u00f6ren und zu Haarausfall f\u00fchren.<\/p>\n<p>Intensive k\u00f6rperliche Aktivit\u00e4t kann den Cortisolspiegel, das Stresshormon des K\u00f6rpers, erh\u00f6hen. Ein hoher Cortisolspiegel kann die Haarfollikel vorzeitig in die Ruhephase versetzen, was zu Haarausfall f\u00fchrt.<\/p>\n<p>Schwitzen an sich verursacht keinen Haarausfall, aber Schwei\u00df auf der Kopfhaut kann die Haarfollikel verstopfen und zu Irritationen oder Infektionen f\u00fchren, die das Ausd\u00fcnnen der Haare verschlimmern k\u00f6nnen.<\/p>\n<p>Ja, intensives Training erh\u00f6ht den N\u00e4hrstoffbedarf des K\u00f6rpers. Wenn dieser nicht gedeckt wird, kann es zu einem Mangel an Eisen, Zink oder Eiwei\u00df kommen, die f\u00fcr ein gesundes Haarwachstum entscheidend sind.<\/p>\n<p>Moderate \u00dcbungen wie Yoga, Schwimmen oder Spazierengehen f\u00fchren weniger wahrscheinlich zu stressbedingtem Haarausfall. Ein Gleichgewicht zwischen intensivem Training und Aktivit\u00e4ten mit geringer Belastung kann die Gesundheit der Haare erhalten.<\/p>\n<p>Hochintensiver Ausdauersport kann den Cortisolspiegel erh\u00f6hen und zu stressbedingtem Haarausfall beitragen. Ein Gleichgewicht zwischen Ausdauertraining und Krafttraining oder Erholungstagen kann diese Auswirkungen abmildern.<\/p>\n<p>Ja, das Tragen von engen Kopfbedeckungen w\u00e4hrend des Trainings kann zu Traktionsalopezie f\u00fchren, einer Form des Haarausfalls, die durch eine anhaltende Spannung auf die Haarfollikel verursacht wird. W\u00e4hlen Sie eine locker sitzende Kopfbedeckung, um dies zu verhindern.<\/p>\n<p>Wenn Sie unter starkem Haarausfall leiden, sollten Sie einen Dermatologen oder Trichologen aufsuchen. Dieser kann Ihre Haargesundheit beurteilen, die Ursachen ermitteln und geeignete Behandlungen empfehlen.<\/p>\n","protected":false},"excerpt":{"rendered":"<p>Dr. Terziler Inhaltsverzeichnis Kann zu viel Sport zu Haarausfall f\u00fchren? Sport gilt allgemein als Grundpfeiler einer guten Gesundheit, aber kann es auch zu viel des Guten sein, wenn es um Ihre Haare geht? In der Dr. Terziler Exclusive Hair Clinic haben wir h\u00e4ufig mit Patienten zu tun, die sich Sorgen \u00fcber den m\u00f6glichen Zusammenhang zwischen [&hellip;]<\/p>\n","protected":false},"author":6,"featured_media":0,"parent":12934,"menu_order":0,"comment_status":"closed","ping_status":"closed","template":"","meta":{"footnotes":""},"class_list":["post-13598","page","type-page","status-publish","hentry"],"_links":{"self":[{"href":"https:\/\/drterziler.com\/de\/wp-json\/wp\/v2\/pages\/13598","targetHints":{"allow":["GET"]}}],"collection":[{"href":"https:\/\/drterziler.com\/de\/wp-json\/wp\/v2\/pages"}],"about":[{"href":"https:\/\/drterziler.com\/de\/wp-json\/wp\/v2\/types\/page"}],"author":[{"embeddable":true,"href":"https:\/\/drterziler.com\/de\/wp-json\/wp\/v2\/users\/6"}],"replies":[{"embeddable":true,"href":"https:\/\/drterziler.com\/de\/wp-json\/wp\/v2\/comments?post=13598"}],"version-history":[{"count":5,"href":"https:\/\/drterziler.com\/de\/wp-json\/wp\/v2\/pages\/13598\/revisions"}],"predecessor-version":[{"id":39445,"href":"https:\/\/drterziler.com\/de\/wp-json\/wp\/v2\/pages\/13598\/revisions\/39445"}],"up":[{"embeddable":true,"href":"https:\/\/drterziler.com\/de\/wp-json\/wp\/v2\/pages\/12934"}],"wp:attachment":[{"href":"https:\/\/drterziler.com\/de\/wp-json\/wp\/v2\/media?parent=13598"}],"curies":[{"name":"wp","href":"https:\/\/api.w.org\/{rel}","templated":true}]}}