{"id":13600,"date":"2024-09-02T14:34:23","date_gmt":"2024-09-02T14:34:23","guid":{"rendered":"https:\/\/drterziler.com\/?page_id=13600"},"modified":"2025-05-27T00:01:19","modified_gmt":"2025-05-27T00:01:19","slug":"dht","status":"publish","type":"page","link":"https:\/\/drterziler.com\/de\/haarausfall\/dht\/","title":{"rendered":"Die Rolle von DHT bei Haarausfall"},"content":{"rendered":"<h1 class=\"content-title h1-header\">Die Rolle von DHT bei Haarausfall<\/h1>\n<nav aria-label=\"breadcrumbs\">\n<p>Dr. Terziler<\/p>\n<\/nav>\n<h4>\n\t\t\t\tInhaltsverzeichnis\t\t\t<\/h4>\n<p>\t\t\t\t\t\t\t<svg aria-hidden=\"true\" viewBox=\"0 0 448 512\" xmlns=\"http:\/\/www.w3.org\/2000\/svg\"><path d=\"M207.029 381.476L12.686 187.132c-9.373-9.373-9.373-24.569 0-33.941l22.667-22.667c9.357-9.357 24.522-9.375 33.901-.04L224 284.505l154.745-154.021c9.379-9.335 24.544-9.317 33.901.04l22.667 22.667c9.373 9.373 9.373 24.569 0 33.941L240.971 381.476c-9.373 9.372-24.569 9.372-33.942 0z\"><\/path><\/svg><br \/>\n\t\t\t\t<svg aria-hidden=\"true\" viewBox=\"0 0 448 512\" xmlns=\"http:\/\/www.w3.org\/2000\/svg\"><path d=\"M240.971 130.524l194.343 194.343c9.373 9.373 9.373 24.569 0 33.941l-22.667 22.667c-9.357 9.357-24.522 9.375-33.901.04L224 227.495 69.255 381.516c-9.379 9.335-24.544 9.317-33.901-.04l-22.667-22.667c-9.373-9.373-9.373-24.569 0-33.941L207.03 130.525c9.372-9.373 24.568-9.373 33.941-.001z\"><\/path><\/svg><br \/>\n\t\t\t\t<svg aria-hidden=\"true\" viewBox=\"0 0 1000 1000\" xmlns=\"http:\/\/www.w3.org\/2000\/svg\"><path d=\"M500 975V858C696 858 858 696 858 500S696 142 500 142 142 304 142 500H25C25 237 238 25 500 25S975 237 975 500 763 975 500 975Z\"><\/path><\/svg><br \/>\n\t\t\t\t\t\t\t\t\t\t\t\t\t\t\t\t\t\t\t\t\t\t<img loading=\"lazy\" decoding=\"async\" width=\"885\" height=\"517\" src=\"https:\/\/drterziler.com\/wp-content\/uploads\/2024\/11\/dht-hormone-cause-hair-loss.png\" alt=\"\" srcset=\"https:\/\/drterziler.com\/wp-content\/uploads\/2024\/11\/dht-hormone-cause-hair-loss.png 885w, https:\/\/drterziler.com\/wp-content\/uploads\/2024\/11\/dht-hormone-cause-hair-loss-300x175.png 300w, https:\/\/drterziler.com\/wp-content\/uploads\/2024\/11\/dht-hormone-cause-hair-loss-768x449.png 768w\" sizes=\"auto, (max-width: 885px) 100vw, 885px\">\t\t\t\t\t\t\t\t\t\t\t\t\t<\/p>\n<p>Haarausfall ist f\u00fcr viele Menschen ein h\u00e4ufiges Problem, und das Verst\u00e4ndnis der zugrunde liegenden Ursachen ist f\u00fcr eine wirksame Behandlung von entscheidender Bedeutung. Einer der Hauptverursacher von Haarausfall, insbesondere bei M\u00e4nnern, ist ein Hormon namens Dihydrotestosteron (DHT). In diesem Artikel werden wir die Rolle von DHT bei Haarausfall untersuchen und m\u00f6gliche Behandlungen zur Bek\u00e4mpfung seiner Auswirkungen besprechen.<\/p>\n<h2>Was ist DHT?<\/h2>\n<p>Dihydrotestosteron (DHT) ist ein Hormon, das aus Testosteron gewonnen wird. Es entsteht, wenn das Enzym 5-Alpha-Reduktase Testosteron in DHT umwandelt. DHT spielt zwar eine wichtige Rolle bei der sexuellen Entwicklung des Mannes, kann aber bei genetisch anf\u00e4lligen Personen auch zu Haarausfall beitragen.<\/p>\n<h2>Wie wirkt sich DHT auf Haarfollikel aus?<\/h2>\n<p>DHT beeinflusst das Haarwachstum auf verschiedene Weise:<\/p>\n<ol>\n<li>\n<p><strong>Miniaturisierung<\/strong>: DHT kann dazu f\u00fchren, dass Haarfollikel mit der Zeit schrumpfen, was zu d\u00fcnnerem, k\u00fcrzerem und weniger pigmentiertem Haar f\u00fchrt.<\/p>\n<\/li>\n<li>\n<p><strong>Verk\u00fcrzter Wachstumszyklus<\/strong>: DHT kann die Anagenphase (Wachstumsphase) des Haarzyklus verk\u00fcrzen, was zu vorzeitigem Haarausfall f\u00fchrt.<\/p>\n<\/li>\n<li>\n<p><strong>Verz\u00f6gertes Nachwachsen<\/strong>: Ein hoher DHT-Spiegel kann den Beginn eines neuen Wachstumszyklus verz\u00f6gern, was zu einer allm\u00e4hlichen Ausd\u00fcnnung und schlie\u00dflich zu Kahlheit f\u00fchrt.<\/p>\n<\/li>\n<li>\n<p><strong>Erh\u00f6hte Empfindlichkeit<\/strong>: Bei einigen Personen sind die Haarfollikel empfindlicher gegen\u00fcber DHT, wodurch sie anf\u00e4lliger f\u00fcr Haarausfall sind.<\/p>\n<\/li>\n<\/ol>\n<h2>Wer ist am st\u00e4rksten von DHT-bedingtem Haarausfall betroffen?<\/h2>\n<p>Obwohl sowohl M\u00e4nner als auch Frauen von DHT-bedingtem Haarausfall betroffen sein k\u00f6nnen, tritt er bei M\u00e4nnern h\u00e4ufiger und in der Regel st\u00e4rker ausgepr\u00e4gt auf. Dies wird als m\u00e4nnlicher Haarausfall oder androgenetische Alopezie bezeichnet. Auch bei Frauen kann DHT-bedingter Haarausfall auftreten, der sich jedoch oft anders \u00e4u\u00dfert, n\u00e4mlich durch eine allgemeine Ausd\u00fcnnung des Haars statt durch einen zur\u00fcckweichenden Haaransatz oder kahle Stellen.<\/p>\n<h2>Behandlungsm\u00f6glichkeiten zur Bek\u00e4mpfung von DHT<\/h2>\n<p>Es gibt mehrere Behandlungsm\u00f6glichkeiten, um DHT-bedingten Haarausfall zu bek\u00e4mpfen:<\/p>\n<ol>\n<li>\n<p><strong>DHT-Blocker<\/strong>: Medikamente wie Finasterid hemmen das Enzym, das Testosteron in DHT umwandelt.<\/p>\n<\/li>\n<li>\n<p><strong>Topische Behandlungen<\/strong>: Minoxidil ist eine topische L\u00f6sung, die das Haarwachstum anregen und den Haarausfall verlangsamen kann.<\/p>\n<\/li>\n<li>\n<p><strong>Haartransplantation<\/strong>: Bei starkem Haarausfall k\u00f6nnen Haartransplantationstechniken wie FUE (Follicular Unit Extraction) oder DHI (Direct Hair Implantation) nat\u00fcrlich aussehende Ergebnisse liefern.<\/p>\n<\/li>\n<li>\n<p><strong>Mikropigmentierung der Kopfhaut<\/strong>: Dieses kosmetische Verfahren kann bei fortgeschrittenem Haarausfall das Aussehen eines volleren Haares erzeugen.<\/p>\n<\/li>\n<li>\n<p><strong>\u00c4nderung des Lebensstils<\/strong>: Eine gesunde Ern\u00e4hrung, Stressbew\u00e4ltigung und richtige Haarpflege k\u00f6nnen die allgemeine Haargesundheit unterst\u00fctzen.<\/p>\n<\/li>\n<\/ol>\n<h2>Der Ansatz von Dr. Terziler<\/h2>\n<p>In der Dr. Terziler Exclusive Hair Clinic verstehen wir die komplexe Natur des Haarausfalls und seine Auswirkungen auf unsere Patienten. Wir bieten einen umfassenden Ansatz zur Behandlung von DHT-bedingtem Haarausfall, einschlie\u00dflich:<\/p>\n<ul>\n<li>\n<p>Fortschrittliche Diagnosetechniken zur Bestimmung der Ursachen von Haarausfall<\/p>\n<\/li>\n<li>\n<p>Individuelle Behandlungspl\u00e4ne, die auf die individuellen Bed\u00fcrfnisse jedes Patienten zugeschnitten sind<\/p>\n<\/li>\n<li>\n<p>Modernste Haartransplantationstechniken, einschlie\u00dflich robotergest\u00fctzter DHI<\/p>\n<\/li>\n<li>\n<p>Fortlaufende Unterst\u00fctzung und Beratung w\u00e4hrend des gesamten Behandlungsprozesses<\/p>\n<\/li>\n<\/ul>\n<p>Denken Sie daran, dass DHT zwar eine wichtige Rolle bei Haarausfall spielt, aber nicht der einzige Faktor ist. Genetik, Alter, Stress und andere gesundheitliche Probleme k\u00f6nnen ebenfalls dazu beitragen. Deshalb ist es wichtig, einen Spezialisten f\u00fcr Haarausfall zu konsultieren, um die beste Vorgehensweise f\u00fcr Ihren individuellen Fall zu ermitteln.<\/p>\n<p>Wenn Sie sich Sorgen \u00fcber Haarausfall machen oder mehr \u00fcber Behandlungsm\u00f6glichkeiten erfahren m\u00f6chten, wenden Sie sich bitte an die Dr. Terziler Exclusive Hair Clinic. Unser Expertenteam hilft Ihnen dabei, die volle, gesunde Haarpracht zu erreichen, die Sie sich w\u00fcnschen.<\/p>\n<details id=\"e-n-accordion-item-1280\" open>\n<summary data-accordion-index=\"1\" tabindex=\"0\" aria-expanded=\"true\" aria-controls=\"e-n-accordion-item-1280\" >\n\t\t\t\t\t Was ist DHT, und wie h\u00e4ngt es mit Haarausfall zusammen?<br \/>\n\t\t\t<svg aria-hidden=\"true\" viewBox=\"0 0 448 512\" xmlns=\"http:\/\/www.w3.org\/2000\/svg\"><path d=\"M416 208H32c-17.67 0-32 14.33-32 32v32c0 17.67 14.33 32 32 32h384c17.67 0 32-14.33 32-32v-32c0-17.67-14.33-32-32-32z\"><\/path><\/svg><br \/>\n\t\t\t<svg aria-hidden=\"true\" viewBox=\"0 0 448 512\" xmlns=\"http:\/\/www.w3.org\/2000\/svg\"><path d=\"M416 208H272V64c0-17.67-14.33-32-32-32h-32c-17.67 0-32 14.33-32 32v144H32c-17.67 0-32 14.33-32 32v32c0 17.67 14.33 32 32 32h144v144c0 17.67 14.33 32 32 32h32c17.67 0 32-14.33 32-32V304h144c17.67 0 32-14.33 32-32v-32c0-17.67-14.33-32-32-32z\"><\/path><\/svg><br \/>\n\t\t\t\t\t\t<\/summary>\n<p>DHT (Dihydrotestosteron) ist ein vom Testosteron abgeleitetes Hormon. Es bindet sich an die Haarfollikel, l\u00e4sst sie schrumpfen und verk\u00fcrzt den Haarwuchszyklus, was zu Ausd\u00fcnnung und schlie\u00dflich zu Haarausfall f\u00fchren kann, insbesondere bei androgenetischer Alopezie (Kahlheit bei M\u00e4nnern oder Frauen).<\/p>\n<\/details>\n<details id=\"e-n-accordion-item-1281\" >\n<summary data-accordion-index=\"2\" tabindex=\"-1\" aria-expanded=\"false\" aria-controls=\"e-n-accordion-item-1281\" >\n\t\t\t\t\t Warum wirkt sich DHT bei manchen Menschen auf das Haar aus, bei anderen nicht?<br \/>\n\t\t\t<svg aria-hidden=\"true\" viewBox=\"0 0 448 512\" xmlns=\"http:\/\/www.w3.org\/2000\/svg\"><path d=\"M416 208H32c-17.67 0-32 14.33-32 32v32c0 17.67 14.33 32 32 32h384c17.67 0 32-14.33 32-32v-32c0-17.67-14.33-32-32-32z\"><\/path><\/svg><br \/>\n\t\t\t<svg aria-hidden=\"true\" viewBox=\"0 0 448 512\" xmlns=\"http:\/\/www.w3.org\/2000\/svg\"><path d=\"M416 208H272V64c0-17.67-14.33-32-32-32h-32c-17.67 0-32 14.33-32 32v144H32c-17.67 0-32 14.33-32 32v32c0 17.67 14.33 32 32 32h144v144c0 17.67 14.33 32 32 32h32c17.67 0 32-14.33 32-32V304h144c17.67 0 32-14.33 32-32v-32c0-17.67-14.33-32-32-32z\"><\/path><\/svg><br \/>\n\t\t\t\t\t\t<\/summary>\n<p>Die Genetik spielt eine wichtige Rolle bei der Bestimmung der Empfindlichkeit gegen\u00fcber DHT. Menschen mit einer genetischen Veranlagung haben Haarfollikel, die anf\u00e4lliger f\u00fcr die Wirkung von DHT sind, was zu Haarausfall f\u00fchrt.<\/p>\n<\/details>\n<details id=\"e-n-accordion-item-1282\" >\n<summary data-accordion-index=\"3\" tabindex=\"-1\" aria-expanded=\"false\" aria-controls=\"e-n-accordion-item-1282\" >\n\t\t\t\t\t Was sind die Symptome von DHT-bedingtem Haarausfall?<br \/>\n\t\t\t<svg aria-hidden=\"true\" viewBox=\"0 0 448 512\" xmlns=\"http:\/\/www.w3.org\/2000\/svg\"><path d=\"M416 208H32c-17.67 0-32 14.33-32 32v32c0 17.67 14.33 32 32 32h384c17.67 0 32-14.33 32-32v-32c0-17.67-14.33-32-32-32z\"><\/path><\/svg><br \/>\n\t\t\t<svg aria-hidden=\"true\" viewBox=\"0 0 448 512\" xmlns=\"http:\/\/www.w3.org\/2000\/svg\"><path d=\"M416 208H272V64c0-17.67-14.33-32-32-32h-32c-17.67 0-32 14.33-32 32v144H32c-17.67 0-32 14.33-32 32v32c0 17.67 14.33 32 32 32h144v144c0 17.67 14.33 32 32 32h32c17.67 0 32-14.33 32-32V304h144c17.67 0 32-14.33 32-32v-32c0-17.67-14.33-32-32-32z\"><\/path><\/svg><br \/>\n\t\t\t\t\t\t<\/summary>\n<p>DHT-bedingter Haarausfall beginnt bei M\u00e4nnern typischerweise mit einer Ausd\u00fcnnung der Schl\u00e4fen und des Scheitels und bei Frauen mit einer diffusen Ausd\u00fcnnung des oberen Teils der Kopfhaut. Mit der Zeit k\u00f6nnen die betroffenen Stellen kahl werden.<\/p>\n<\/details>\n<details id=\"e-n-accordion-item-1283\" >\n<summary data-accordion-index=\"4\" tabindex=\"-1\" aria-expanded=\"false\" aria-controls=\"e-n-accordion-item-1283\" >\n\t\t\t\t\t Kann DHT-bedingter Haarausfall r\u00fcckg\u00e4ngig gemacht werden?<br \/>\n\t\t\t<svg aria-hidden=\"true\" viewBox=\"0 0 448 512\" xmlns=\"http:\/\/www.w3.org\/2000\/svg\"><path d=\"M416 208H32c-17.67 0-32 14.33-32 32v32c0 17.67 14.33 32 32 32h384c17.67 0 32-14.33 32-32v-32c0-17.67-14.33-32-32-32z\"><\/path><\/svg><br \/>\n\t\t\t<svg aria-hidden=\"true\" viewBox=\"0 0 448 512\" xmlns=\"http:\/\/www.w3.org\/2000\/svg\"><path d=\"M416 208H272V64c0-17.67-14.33-32-32-32h-32c-17.67 0-32 14.33-32 32v144H32c-17.67 0-32 14.33-32 32v32c0 17.67 14.33 32 32 32h144v144c0 17.67 14.33 32 32 32h32c17.67 0 32-14.33 32-32V304h144c17.67 0 32-14.33 32-32v-32c0-17.67-14.33-32-32-32z\"><\/path><\/svg><br \/>\n\t\t\t\t\t\t<\/summary>\n<p>DHT-bedingter Haarausfall kann zwar nicht immer vollst\u00e4ndig r\u00fcckg\u00e4ngig gemacht werden, aber Behandlungen wie Minoxidil, Finasterid und Low-Level-Lasertherapie k\u00f6nnen das Fortschreiten verlangsamen, das Nachwachsen f\u00f6rdern und die Haardichte verbessern.<\/p>\n<\/details>\n<details id=\"e-n-accordion-item-1284\" >\n<summary data-accordion-index=\"5\" tabindex=\"-1\" aria-expanded=\"false\" aria-controls=\"e-n-accordion-item-1284\" >\n\t\t\t\t\t Wie wirken DHT-Blocker?<br \/>\n\t\t\t<svg aria-hidden=\"true\" viewBox=\"0 0 448 512\" xmlns=\"http:\/\/www.w3.org\/2000\/svg\"><path d=\"M416 208H32c-17.67 0-32 14.33-32 32v32c0 17.67 14.33 32 32 32h384c17.67 0 32-14.33 32-32v-32c0-17.67-14.33-32-32-32z\"><\/path><\/svg><br \/>\n\t\t\t<svg aria-hidden=\"true\" viewBox=\"0 0 448 512\" xmlns=\"http:\/\/www.w3.org\/2000\/svg\"><path d=\"M416 208H272V64c0-17.67-14.33-32-32-32h-32c-17.67 0-32 14.33-32 32v144H32c-17.67 0-32 14.33-32 32v32c0 17.67 14.33 32 32 32h144v144c0 17.67 14.33 32 32 32h32c17.67 0 32-14.33 32-32V304h144c17.67 0 32-14.33 32-32v-32c0-17.67-14.33-32-32-32z\"><\/path><\/svg><br \/>\n\t\t\t\t\t\t<\/summary>\n<p>DHT-Blocker, wie Finasterid und S\u00e4gepalme, hemmen das Enzym 5-Alpha-Reduktase, das Testosteron in DHT umwandelt. Durch die Senkung des DHT-Spiegels tragen diese Behandlungen zum Schutz der Haarfollikel und zur Verringerung des Haarausfalls bei.<\/p>\n<\/details>\n<details id=\"e-n-accordion-item-1285\" >\n<summary data-accordion-index=\"6\" tabindex=\"-1\" aria-expanded=\"false\" aria-controls=\"e-n-accordion-item-1285\" >\n\t\t\t\t\t Gibt es nat\u00fcrliche Wege zur Senkung des DHT-Spiegels?<br \/>\n\t\t\t<svg aria-hidden=\"true\" viewBox=\"0 0 448 512\" xmlns=\"http:\/\/www.w3.org\/2000\/svg\"><path d=\"M416 208H32c-17.67 0-32 14.33-32 32v32c0 17.67 14.33 32 32 32h384c17.67 0 32-14.33 32-32v-32c0-17.67-14.33-32-32-32z\"><\/path><\/svg><br \/>\n\t\t\t<svg aria-hidden=\"true\" viewBox=\"0 0 448 512\" xmlns=\"http:\/\/www.w3.org\/2000\/svg\"><path d=\"M416 208H272V64c0-17.67-14.33-32-32-32h-32c-17.67 0-32 14.33-32 32v144H32c-17.67 0-32 14.33-32 32v32c0 17.67 14.33 32 32 32h144v144c0 17.67 14.33 32 32 32h32c17.67 0 32-14.33 32-32V304h144c17.67 0 32-14.33 32-32v-32c0-17.67-14.33-32-32-32z\"><\/path><\/svg><br \/>\n\t\t\t\t\t\t<\/summary>\n<p>Ja, es hat sich gezeigt, dass nat\u00fcrliche Optionen wie S\u00e4gepalme, gr\u00fcner Tee und K\u00fcrbiskern\u00f6l den DHT-Spiegel senken k\u00f6nnen. Eine gesunde Ern\u00e4hrung und Stressbew\u00e4ltigung k\u00f6nnen ebenfalls dazu beitragen, die Auswirkungen von DHT auf das Haar zu verringern.<\/p>\n<\/details>\n<details id=\"e-n-accordion-item-1286\" >\n<summary data-accordion-index=\"7\" tabindex=\"-1\" aria-expanded=\"false\" aria-controls=\"e-n-accordion-item-1286\" >\n\t\t\t\t\t Wie lange dauert es, bis DHT-blockierende Behandlungen wirken?<br \/>\n\t\t\t<svg aria-hidden=\"true\" viewBox=\"0 0 448 512\" xmlns=\"http:\/\/www.w3.org\/2000\/svg\"><path d=\"M416 208H32c-17.67 0-32 14.33-32 32v32c0 17.67 14.33 32 32 32h384c17.67 0 32-14.33 32-32v-32c0-17.67-14.33-32-32-32z\"><\/path><\/svg><br \/>\n\t\t\t<svg aria-hidden=\"true\" viewBox=\"0 0 448 512\" xmlns=\"http:\/\/www.w3.org\/2000\/svg\"><path d=\"M416 208H272V64c0-17.67-14.33-32-32-32h-32c-17.67 0-32 14.33-32 32v144H32c-17.67 0-32 14.33-32 32v32c0 17.67 14.33 32 32 32h144v144c0 17.67 14.33 32 32 32h32c17.67 0 32-14.33 32-32V304h144c17.67 0 32-14.33 32-32v-32c0-17.67-14.33-32-32-32z\"><\/path><\/svg><br \/>\n\t\t\t\t\t\t<\/summary>\n<p>Es kann 3 bis 6 Monate dauern, bis sp\u00fcrbare Ergebnisse von DHT-blockierenden Behandlungen wie Finasterid oder S\u00e4gepalme zu sehen sind. Best\u00e4ndigkeit ist der Schl\u00fcssel zum Erreichen und Beibehalten von Ergebnissen.<\/p>\n<\/details>\n<details id=\"e-n-accordion-item-1287\" >\n<summary data-accordion-index=\"8\" tabindex=\"-1\" aria-expanded=\"false\" aria-controls=\"e-n-accordion-item-1287\" >\n\t\t\t\t\t Sollte ich wegen DHT-bedingtem Haarausfall einen Arzt aufsuchen?<br \/>\n\t\t\t<svg aria-hidden=\"true\" viewBox=\"0 0 448 512\" xmlns=\"http:\/\/www.w3.org\/2000\/svg\"><path d=\"M416 208H32c-17.67 0-32 14.33-32 32v32c0 17.67 14.33 32 32 32h384c17.67 0 32-14.33 32-32v-32c0-17.67-14.33-32-32-32z\"><\/path><\/svg><br \/>\n\t\t\t<svg aria-hidden=\"true\" viewBox=\"0 0 448 512\" xmlns=\"http:\/\/www.w3.org\/2000\/svg\"><path d=\"M416 208H272V64c0-17.67-14.33-32-32-32h-32c-17.67 0-32 14.33-32 32v144H32c-17.67 0-32 14.33-32 32v32c0 17.67 14.33 32 32 32h144v144c0 17.67 14.33 32 32 32h32c17.67 0 32-14.33 32-32V304h144c17.67 0 32-14.33 32-32v-32c0-17.67-14.33-32-32-32z\"><\/path><\/svg><br \/>\n\t\t\t\t\t\t<\/summary>\n<p>Ja, wenn Sie vermuten, dass Ihr Haarausfall mit DHT zusammenh\u00e4ngt, sollten Sie unbedingt einen Dermatologen oder Trichologen aufsuchen. Sie k\u00f6nnen die Diagnose best\u00e4tigen und geeignete, auf Ihre Bed\u00fcrfnisse zugeschnittene Behandlungen empfehlen.<\/p>\n<\/details>\n<p>DHT (Dihydrotestosteron) ist ein vom Testosteron abgeleitetes Hormon. Es bindet sich an die Haarfollikel, l\u00e4sst sie schrumpfen und verk\u00fcrzt den Haarwuchszyklus, was zu Ausd\u00fcnnung und schlie\u00dflich zu Haarausfall f\u00fchren kann, insbesondere bei androgenetischer Alopezie (Kahlheit bei M\u00e4nnern oder Frauen).<\/p>\n<p>Die Genetik spielt eine wichtige Rolle bei der Bestimmung der Empfindlichkeit gegen\u00fcber DHT. Menschen mit einer genetischen Veranlagung haben Haarfollikel, die anf\u00e4lliger f\u00fcr die Wirkung von DHT sind, was zu Haarausfall f\u00fchrt.<\/p>\n<p>DHT-bedingter Haarausfall beginnt bei M\u00e4nnern typischerweise mit einer Ausd\u00fcnnung der Schl\u00e4fen und des Scheitels und bei Frauen mit einer diffusen Ausd\u00fcnnung des oberen Teils der Kopfhaut. Mit der Zeit k\u00f6nnen die betroffenen Stellen kahl werden.<\/p>\n<p>DHT-bedingter Haarausfall kann zwar nicht immer vollst\u00e4ndig r\u00fcckg\u00e4ngig gemacht werden, aber Behandlungen wie Minoxidil, Finasterid und Low-Level-Lasertherapie k\u00f6nnen das Fortschreiten verlangsamen, das Nachwachsen f\u00f6rdern und die Haardichte verbessern.<\/p>\n<p>DHT-Blocker, wie Finasterid und S\u00e4gepalme, hemmen das Enzym 5-Alpha-Reduktase, das Testosteron in DHT umwandelt. Durch die Senkung des DHT-Spiegels tragen diese Behandlungen zum Schutz der Haarfollikel und zur Verringerung des Haarausfalls bei.<\/p>\n<p>Ja, es hat sich gezeigt, dass nat\u00fcrliche Optionen wie S\u00e4gepalme, gr\u00fcner Tee und K\u00fcrbiskern\u00f6l den DHT-Spiegel senken k\u00f6nnen. Eine gesunde Ern\u00e4hrung und Stressbew\u00e4ltigung k\u00f6nnen ebenfalls dazu beitragen, die Auswirkungen von DHT auf das Haar zu verringern.<\/p>\n<p>Es kann 3 bis 6 Monate dauern, bis sp\u00fcrbare Ergebnisse von DHT-blockierenden Behandlungen wie Finasterid oder S\u00e4gepalme zu sehen sind. Best\u00e4ndigkeit ist der Schl\u00fcssel zum Erreichen und Beibehalten von Ergebnissen.<\/p>\n<p>Ja, wenn Sie vermuten, dass Ihr Haarausfall mit DHT zusammenh\u00e4ngt, sollten Sie unbedingt einen Dermatologen oder Trichologen aufsuchen. Sie k\u00f6nnen die Diagnose best\u00e4tigen und geeignete, auf Ihre Bed\u00fcrfnisse zugeschnittene Behandlungen empfehlen.<\/p>\n","protected":false},"excerpt":{"rendered":"<p>Die Rolle von DHT bei Haarausfall Dr. Terziler Inhaltsverzeichnis Haarausfall ist f\u00fcr viele Menschen ein h\u00e4ufiges Problem, und das Verst\u00e4ndnis der zugrunde liegenden Ursachen ist f\u00fcr eine wirksame Behandlung von entscheidender Bedeutung. Einer der Hauptverursacher von Haarausfall, insbesondere bei M\u00e4nnern, ist ein Hormon namens Dihydrotestosteron (DHT). In diesem Artikel werden wir die Rolle von DHT [&hellip;]<\/p>\n","protected":false},"author":6,"featured_media":0,"parent":12934,"menu_order":0,"comment_status":"closed","ping_status":"closed","template":"","meta":{"footnotes":""},"class_list":["post-13600","page","type-page","status-publish","hentry"],"_links":{"self":[{"href":"https:\/\/drterziler.com\/de\/wp-json\/wp\/v2\/pages\/13600","targetHints":{"allow":["GET"]}}],"collection":[{"href":"https:\/\/drterziler.com\/de\/wp-json\/wp\/v2\/pages"}],"about":[{"href":"https:\/\/drterziler.com\/de\/wp-json\/wp\/v2\/types\/page"}],"author":[{"embeddable":true,"href":"https:\/\/drterziler.com\/de\/wp-json\/wp\/v2\/users\/6"}],"replies":[{"embeddable":true,"href":"https:\/\/drterziler.com\/de\/wp-json\/wp\/v2\/comments?post=13600"}],"version-history":[{"count":5,"href":"https:\/\/drterziler.com\/de\/wp-json\/wp\/v2\/pages\/13600\/revisions"}],"predecessor-version":[{"id":38522,"href":"https:\/\/drterziler.com\/de\/wp-json\/wp\/v2\/pages\/13600\/revisions\/38522"}],"up":[{"embeddable":true,"href":"https:\/\/drterziler.com\/de\/wp-json\/wp\/v2\/pages\/12934"}],"wp:attachment":[{"href":"https:\/\/drterziler.com\/de\/wp-json\/wp\/v2\/media?parent=13600"}],"curies":[{"name":"wp","href":"https:\/\/api.w.org\/{rel}","templated":true}]}}