{"id":13602,"date":"2024-09-02T14:26:22","date_gmt":"2024-09-02T14:26:22","guid":{"rendered":"https:\/\/drterziler.com\/?page_id=13602"},"modified":"2025-06-11T05:27:49","modified_gmt":"2025-06-11T05:27:49","slug":"finasterid","status":"publish","type":"page","link":"https:\/\/drterziler.com\/de\/haarausfall\/finasterid\/","title":{"rendered":"Finasterid: Wie behandelt Finasterid den Haarausfall?"},"content":{"rendered":"<nav aria-label=\"breadcrumbs\">\n<p>Dr. Terziler<\/p>\n<\/nav>\n<h4>\n\t\t\t\tInhaltsverzeichnis\t\t\t<\/h4>\n<p>\t\t\t\t\t\t\t<svg aria-hidden=\"true\" viewBox=\"0 0 448 512\" xmlns=\"http:\/\/www.w3.org\/2000\/svg\"><path d=\"M207.029 381.476L12.686 187.132c-9.373-9.373-9.373-24.569 0-33.941l22.667-22.667c9.357-9.357 24.522-9.375 33.901-.04L224 284.505l154.745-154.021c9.379-9.335 24.544-9.317 33.901.04l22.667 22.667c9.373 9.373 9.373 24.569 0 33.941L240.971 381.476c-9.373 9.372-24.569 9.372-33.942 0z\"><\/path><\/svg><br \/>\n\t\t\t\t<svg aria-hidden=\"true\" viewBox=\"0 0 448 512\" xmlns=\"http:\/\/www.w3.org\/2000\/svg\"><path d=\"M240.971 130.524l194.343 194.343c9.373 9.373 9.373 24.569 0 33.941l-22.667 22.667c-9.357 9.357-24.522 9.375-33.901.04L224 227.495 69.255 381.516c-9.379 9.335-24.544 9.317-33.901-.04l-22.667-22.667c-9.373-9.373-9.373-24.569 0-33.941L207.03 130.525c9.372-9.373 24.568-9.373 33.941-.001z\"><\/path><\/svg><br \/>\n\t\t\t\t<svg aria-hidden=\"true\" viewBox=\"0 0 1000 1000\" xmlns=\"http:\/\/www.w3.org\/2000\/svg\"><path d=\"M500 975V858C696 858 858 696 858 500S696 142 500 142 142 304 142 500H25C25 237 238 25 500 25S975 237 975 500 763 975 500 975Z\"><\/path><\/svg><br \/>\n\t\t\t\t\t\t\t\t\t\t\t\t\t\t\t\t\t\t\t\t\t\t<img loading=\"lazy\" decoding=\"async\" width=\"882\" height=\"557\" src=\"https:\/\/drterziler.com\/wp-content\/uploads\/2024\/11\/finasteride-hair-loss.png\" alt=\"\" srcset=\"https:\/\/drterziler.com\/wp-content\/uploads\/2024\/11\/finasteride-hair-loss.png 882w, https:\/\/drterziler.com\/wp-content\/uploads\/2024\/11\/finasteride-hair-loss-300x189.png 300w, https:\/\/drterziler.com\/wp-content\/uploads\/2024\/11\/finasteride-hair-loss-768x485.png 768w\" sizes=\"auto, (max-width: 882px) 100vw, 882px\">\t\t\t\t\t\t\t\t\t\t\t\t\t<\/p>\n<h1>Finasterid: Wie behandelt Finasterid Haarausfall?<\/h1>\n<p>Haarausfall kann f\u00fcr viele Menschen eine belastende Erfahrung sein, die ihr Selbstwertgef\u00fchl und ihr Selbstvertrauen beeintr\u00e4chtigt. In der Dr. Terziler Exclusive Hair Clinic verstehen wir die Auswirkungen von Haarausfall und bieten verschiedene Behandlungsm\u00f6glichkeiten an, darunter auch Finasterid. In diesem Artikel untersuchen wir, wie Finasterid bei der Behandlung von Haarausfall wirkt, welche Vorteile es bietet, wie es richtig angewendet wird und welche m\u00f6glichen Nebenwirkungen es hat.<\/p>\n<h2>Was ist Finasterid?<\/h2>\n<p>Finasterid ist ein von der FDA zugelassenes Medikament, das haupts\u00e4chlich zur Behandlung von Haarausfall bei M\u00e4nnern (androgenetische Alopezie) eingesetzt wird. Es handelt sich um ein verschreibungspflichtiges Medikament in Pillenform, das oral eingenommen wird.<\/p>\n<h2>Wie behandelt Finasterid Haarausfall?<\/h2>\n<p>Finasterid wirkt, indem es das Enzym 5-Alpha-Reduktase hemmt, das f\u00fcr die Umwandlung von Testosteron in Dihydrotestosteron (DHT) verantwortlich ist. DHT ist das Hormon, das haupts\u00e4chlich f\u00fcr die m\u00e4nnliche Kahlk\u00f6pfigkeit verantwortlich ist. Durch die Reduzierung des DHT-Spiegels in der Kopfhaut hilft Finasterid dabei,<\/p>\n<ol>\n<li>den Haarausfall zu verlangsamen<\/li>\n<li>das Nachwachsen der Haare zu f\u00f6rdern<\/li>\n<li>die Haardicke und -dichte zu erh\u00f6hen<\/li>\n<\/ol>\n<h2>Vorteile von Finasterid<\/h2>\n<ul>\n<li>Klinisch erwiesene Wirksamkeit bei der Behandlung von Haarausfall bei M\u00e4nnern<\/li>\n<li>Kann bei etwa 90 % der M\u00e4nner weiteren Haarausfall verhindern<\/li>\n<li>F\u00f6rdert bei etwa 65 % der M\u00e4nner das Nachwachsen von Haaren<\/li>\n<li>Einfache Anwendung (eine Tablette t\u00e4glich)<\/li>\n<li>Nicht-invasive Behandlungsoption<\/li>\n<\/ul>\n<h2>Richtige Anwendung von Finasterid<\/h2>\n<ul>\n<li>Wird in der Regel als t\u00e4gliche Dosis von 1 mg verschrieben<\/li>\n<li>F\u00fcr optimale Ergebnisse sollte es regelm\u00e4\u00dfig eingenommen werden<\/li>\n<li>Ergebnisse k\u00f6nnen nach 3\u20136 Monaten regelm\u00e4\u00dfiger Einnahme sp\u00fcrbar sein<\/li>\n<li>Fortgesetzte Einnahme ist notwendig, um die Ergebnisse zu erhalten<\/li>\n<\/ul>\n<h2>M\u00f6gliche Nebenwirkungen<\/h2>\n<p>Obwohl Finasterid im Allgemeinen gut vertr\u00e4glich ist, k\u00f6nnen bei einigen M\u00e4nnern Nebenwirkungen auftreten. Es ist wichtig, diese m\u00f6glichen Nebenwirkungen vor Beginn der Behandlung mit Dr. Terziler zu besprechen:<\/p>\n<ul>\n<li>Verminderte Libido<\/li>\n<li>Erektile Dysfunktion<\/li>\n<li>Vermindertes Ejakulatvolumen<\/li>\n<li>Brustspannen oder -vergr\u00f6\u00dferung<\/li>\n<li>Depressionen (in seltenen F\u00e4llen)<\/li>\n<\/ul>\n<p>Es ist erw\u00e4hnenswert, dass diese Nebenwirkungen in der Regel nur leicht ausgepr\u00e4gt sind und nur einen kleinen Prozentsatz der Anwender betreffen. Die meisten Nebenwirkungen klingen ab, wenn das Medikament abgesetzt wird.<\/p>\n<h2>Ist Finasterid das Richtige f\u00fcr Sie?<\/h2>\n<p>Ob Finasterid die richtige Behandlungsoption f\u00fcr Ihren Haarausfall ist, h\u00e4ngt von verschiedenen Faktoren ab, darunter:<\/p>\n<ul>\n<li>Ausma\u00df und Muster Ihres Haarausfalls<\/li>\n<li>Ihr allgemeiner Gesundheitszustand<\/li>\n<li>Ihr Alter<\/li>\n<li>Ihre Behandlungsziele<\/li>\n<\/ul>\n<p>In der Dr. Terziler Exclusive Hair Clinic bieten wir individuelle Beratungen an, um Ihre individuellen Bed\u00fcrfnisse zu ermitteln und den am besten geeigneten Behandlungsplan zu empfehlen.<\/p>\n<h2>Kombination von Finasterid mit anderen Behandlungen<\/h2>\n<p>F\u00fcr optimale Ergebnisse kann Finasterid mit anderen Haarausfallbehandlungen kombiniert werden, wie z. B.:<\/p>\n<ul>\n<li>Minoxidil (topische L\u00f6sung)<\/li>\n<li>Low-Level-Lasertherapie<\/li>\n<li>Haartransplantation<\/li>\n<\/ul>\n<p>Dr. Terziler kann Sie \u00fcber die beste Kombination von Behandlungen beraten, um Ihre spezifischen Haarausfallprobleme zu behandeln.<\/p>\n<h2>Schlussfolgerung<\/h2>\n<p>Finasterid ist ein wirksames Mittel im Kampf gegen m\u00e4nnlichen Haarausfall. Wenn Sie die Wirkungsweise sowie die potenziellen Vorteile und Risiken verstehen, k\u00f6nnen Sie eine fundierte Entscheidung dar\u00fcber treffen, ob es die richtige Wahl f\u00fcr Sie ist. In der Dr. Terziler Exclusive Hair Clinic sind wir bestrebt, Ihnen die fortschrittlichsten und wirksamsten Haarausfallbehandlungen zur Verf\u00fcgung zu stellen.<\/p>\n<p>Wenn Sie Finasterid oder eine andere Behandlung gegen Haarausfall in Betracht ziehen, empfehlen wir Ihnen, einen Termin f\u00fcr ein Beratungsgespr\u00e4ch mit Dr. Terziler zu vereinbaren. Unser erfahrenes Team wird mit Ihnen zusammenarbeiten, um einen individuellen Behandlungsplan zu entwickeln, der auf Ihre individuellen Bed\u00fcrfnisse und Ziele zugeschnitten ist.<\/p>\n<p>Denken Sie daran, dass eine fr\u00fchzeitige Intervention der Schl\u00fcssel zur Behandlung von Haarausfall ist. Warten Sie nicht, bis Sie Ma\u00dfnahmen ergreifen \u2013 wenden Sie sich noch heute an die Dr. Terziler Exclusive Hair Clinic und machen Sie den ersten Schritt zur Wiederherstellung Ihres Haares und Ihres Selbstbewusstseins.<\/p>\n<details id=\"e-n-accordion-item-1710\" open>\n<summary data-accordion-index=\"1\" tabindex=\"0\" aria-expanded=\"true\" aria-controls=\"e-n-accordion-item-1710\" >\n\t\t\t\t\t Was ist Finasterid, und wie wirkt es gegen Haarausfall?<br \/>\n\t\t\t<svg aria-hidden=\"true\" viewBox=\"0 0 448 512\" xmlns=\"http:\/\/www.w3.org\/2000\/svg\"><path d=\"M416 208H32c-17.67 0-32 14.33-32 32v32c0 17.67 14.33 32 32 32h384c17.67 0 32-14.33 32-32v-32c0-17.67-14.33-32-32-32z\"><\/path><\/svg><br \/>\n\t\t\t<svg aria-hidden=\"true\" viewBox=\"0 0 448 512\" xmlns=\"http:\/\/www.w3.org\/2000\/svg\"><path d=\"M416 208H272V64c0-17.67-14.33-32-32-32h-32c-17.67 0-32 14.33-32 32v144H32c-17.67 0-32 14.33-32 32v32c0 17.67 14.33 32 32 32h144v144c0 17.67 14.33 32 32 32h32c17.67 0 32-14.33 32-32V304h144c17.67 0 32-14.33 32-32v-32c0-17.67-14.33-32-32-32z\"><\/path><\/svg><br \/>\n\t\t\t\t\t\t<\/summary>\n<p>Finasterid ist ein oral einzunehmendes Medikament, das den Haarausfall durch Hemmung des Enzyms 5-Alpha-Reduktase behandelt. Dieses Enzym wandelt Testosteron in Dihydrotestosteron (DHT) um, ein Hormon, das die Haarfollikel schrumpfen l\u00e4sst und zu Haarausfall f\u00fchrt. Indem es den DHT-Spiegel senkt, hilft Finasterid, den Haarausfall zu verlangsamen und das Nachwachsen der Haare zu f\u00f6rdern.<\/p>\n<\/details>\n<details id=\"e-n-accordion-item-1711\" >\n<summary data-accordion-index=\"2\" tabindex=\"-1\" aria-expanded=\"false\" aria-controls=\"e-n-accordion-item-1711\" >\n\t\t\t\t\t Wer kann Finasterid gegen Haarausfall anwenden?<br \/>\n\t\t\t<svg aria-hidden=\"true\" viewBox=\"0 0 448 512\" xmlns=\"http:\/\/www.w3.org\/2000\/svg\"><path d=\"M416 208H32c-17.67 0-32 14.33-32 32v32c0 17.67 14.33 32 32 32h384c17.67 0 32-14.33 32-32v-32c0-17.67-14.33-32-32-32z\"><\/path><\/svg><br \/>\n\t\t\t<svg aria-hidden=\"true\" viewBox=\"0 0 448 512\" xmlns=\"http:\/\/www.w3.org\/2000\/svg\"><path d=\"M416 208H272V64c0-17.67-14.33-32-32-32h-32c-17.67 0-32 14.33-32 32v144H32c-17.67 0-32 14.33-32 32v32c0 17.67 14.33 32 32 32h144v144c0 17.67 14.33 32 32 32h32c17.67 0 32-14.33 32-32V304h144c17.67 0 32-14.33 32-32v-32c0-17.67-14.33-32-32-32z\"><\/path><\/svg><br \/>\n\t\t\t\t\t\t<\/summary>\n<p>Finasterid wird in der Regel f\u00fcr M\u00e4nner mit androgenetischer Alopezie (Kahlk\u00f6pfigkeit bei M\u00e4nnern) verschrieben. Es ist nicht f\u00fcr Frauen zugelassen, insbesondere nicht f\u00fcr Frauen, die schwanger sind oder ein Kind planen, da es Geburtsfehler verursachen kann.<\/p>\n<\/details>\n<details id=\"e-n-accordion-item-1712\" >\n<summary data-accordion-index=\"3\" tabindex=\"-1\" aria-expanded=\"false\" aria-controls=\"e-n-accordion-item-1712\" >\n\t\t\t\t\t Wie wirksam ist Finasterid f\u00fcr das Nachwachsen von Haaren?<br \/>\n\t\t\t<svg aria-hidden=\"true\" viewBox=\"0 0 448 512\" xmlns=\"http:\/\/www.w3.org\/2000\/svg\"><path d=\"M416 208H32c-17.67 0-32 14.33-32 32v32c0 17.67 14.33 32 32 32h384c17.67 0 32-14.33 32-32v-32c0-17.67-14.33-32-32-32z\"><\/path><\/svg><br \/>\n\t\t\t<svg aria-hidden=\"true\" viewBox=\"0 0 448 512\" xmlns=\"http:\/\/www.w3.org\/2000\/svg\"><path d=\"M416 208H272V64c0-17.67-14.33-32-32-32h-32c-17.67 0-32 14.33-32 32v144H32c-17.67 0-32 14.33-32 32v32c0 17.67 14.33 32 32 32h144v144c0 17.67 14.33 32 32 32h32c17.67 0 32-14.33 32-32V304h144c17.67 0 32-14.33 32-32v-32c0-17.67-14.33-32-32-32z\"><\/path><\/svg><br \/>\n\t\t\t\t\t\t<\/summary>\n<p>Studien zeigen, dass Finasterid den Haarausfall bei etwa 90 % der M\u00e4nner verlangsamen oder stoppen und das Nachwachsen der Haare bei 65 % der Anwender f\u00f6rdern kann. Die Ergebnisse variieren, und eine konsequente Anwendung ist erforderlich, um die Vorteile zu erhalten.<\/p>\n<\/details>\n<details id=\"e-n-accordion-item-1713\" >\n<summary data-accordion-index=\"4\" tabindex=\"-1\" aria-expanded=\"false\" aria-controls=\"e-n-accordion-item-1713\" >\n\t\t\t\t\t Wie lange dauert es, bis man mit Finasterid Ergebnisse sieht?<br \/>\n\t\t\t<svg aria-hidden=\"true\" viewBox=\"0 0 448 512\" xmlns=\"http:\/\/www.w3.org\/2000\/svg\"><path d=\"M416 208H32c-17.67 0-32 14.33-32 32v32c0 17.67 14.33 32 32 32h384c17.67 0 32-14.33 32-32v-32c0-17.67-14.33-32-32-32z\"><\/path><\/svg><br \/>\n\t\t\t<svg aria-hidden=\"true\" viewBox=\"0 0 448 512\" xmlns=\"http:\/\/www.w3.org\/2000\/svg\"><path d=\"M416 208H272V64c0-17.67-14.33-32-32-32h-32c-17.67 0-32 14.33-32 32v144H32c-17.67 0-32 14.33-32 32v32c0 17.67 14.33 32 32 32h144v144c0 17.67 14.33 32 32 32h32c17.67 0 32-14.33 32-32V304h144c17.67 0 32-14.33 32-32v-32c0-17.67-14.33-32-32-32z\"><\/path><\/svg><br \/>\n\t\t\t\t\t\t<\/summary>\n<p>Die meisten Anwender bemerken innerhalb von 3 bis 6 Monaten einen geringeren Haarausfall. Signifikantes Nachwachsen kann 6 bis 12 Monate dauern. Eine konsequente t\u00e4gliche Anwendung ist f\u00fcr optimale Ergebnisse unerl\u00e4sslich.<\/p>\n<\/details>\n<details id=\"e-n-accordion-item-1714\" >\n<summary data-accordion-index=\"5\" tabindex=\"-1\" aria-expanded=\"false\" aria-controls=\"e-n-accordion-item-1714\" >\n\t\t\t\t\t Was passiert, wenn ich die Einnahme von Finasterid abbreche?<br \/>\n\t\t\t<svg aria-hidden=\"true\" viewBox=\"0 0 448 512\" xmlns=\"http:\/\/www.w3.org\/2000\/svg\"><path d=\"M416 208H32c-17.67 0-32 14.33-32 32v32c0 17.67 14.33 32 32 32h384c17.67 0 32-14.33 32-32v-32c0-17.67-14.33-32-32-32z\"><\/path><\/svg><br \/>\n\t\t\t<svg aria-hidden=\"true\" viewBox=\"0 0 448 512\" xmlns=\"http:\/\/www.w3.org\/2000\/svg\"><path d=\"M416 208H272V64c0-17.67-14.33-32-32-32h-32c-17.67 0-32 14.33-32 32v144H32c-17.67 0-32 14.33-32 32v32c0 17.67 14.33 32 32 32h144v144c0 17.67 14.33 32 32 32h32c17.67 0 32-14.33 32-32V304h144c17.67 0 32-14.33 32-32v-32c0-17.67-14.33-32-32-32z\"><\/path><\/svg><br \/>\n\t\t\t\t\t\t<\/summary>\n<p>Wenn Sie die Einnahme von Finasterid beenden, steigt der DHT-Spiegel wieder an, und der Haarausfall kann erneut auftreten. Alle Haare, die w\u00e4hrend der Einnahme des Medikaments nachwachsen, k\u00f6nnen innerhalb von 6 bis 12 Monaten nach Absetzen des Medikaments verloren gehen.<\/p>\n<\/details>\n<details id=\"e-n-accordion-item-1715\" >\n<summary data-accordion-index=\"6\" tabindex=\"-1\" aria-expanded=\"false\" aria-controls=\"e-n-accordion-item-1715\" >\n\t\t\t\t\t Gibt es Nebenwirkungen bei der Einnahme von Finasterid?<br \/>\n\t\t\t<svg aria-hidden=\"true\" viewBox=\"0 0 448 512\" xmlns=\"http:\/\/www.w3.org\/2000\/svg\"><path d=\"M416 208H32c-17.67 0-32 14.33-32 32v32c0 17.67 14.33 32 32 32h384c17.67 0 32-14.33 32-32v-32c0-17.67-14.33-32-32-32z\"><\/path><\/svg><br \/>\n\t\t\t<svg aria-hidden=\"true\" viewBox=\"0 0 448 512\" xmlns=\"http:\/\/www.w3.org\/2000\/svg\"><path d=\"M416 208H272V64c0-17.67-14.33-32-32-32h-32c-17.67 0-32 14.33-32 32v144H32c-17.67 0-32 14.33-32 32v32c0 17.67 14.33 32 32 32h144v144c0 17.67 14.33 32 32 32h32c17.67 0 32-14.33 32-32V304h144c17.67 0 32-14.33 32-32v-32c0-17.67-14.33-32-32-32z\"><\/path><\/svg><br \/>\n\t\t\t\t\t\t<\/summary>\n<p>Bei einigen Anwenderinnen k\u00f6nnen Nebenwirkungen wie verminderte Libido, erektile Dysfunktion oder Brustspannen auftreten. Diese Effekte sind selten und oft reversibel nach dem Absetzen des Medikaments.<\/p>\n<\/details>\n<details id=\"e-n-accordion-item-1716\" >\n<summary data-accordion-index=\"7\" tabindex=\"-1\" aria-expanded=\"false\" aria-controls=\"e-n-accordion-item-1716\" >\n\t\t\t\t\t Kann Finasterid zusammen mit anderen Mitteln gegen Haarausfall verwendet werden?<br \/>\n\t\t\t<svg aria-hidden=\"true\" viewBox=\"0 0 448 512\" xmlns=\"http:\/\/www.w3.org\/2000\/svg\"><path d=\"M416 208H32c-17.67 0-32 14.33-32 32v32c0 17.67 14.33 32 32 32h384c17.67 0 32-14.33 32-32v-32c0-17.67-14.33-32-32-32z\"><\/path><\/svg><br \/>\n\t\t\t<svg aria-hidden=\"true\" viewBox=\"0 0 448 512\" xmlns=\"http:\/\/www.w3.org\/2000\/svg\"><path d=\"M416 208H272V64c0-17.67-14.33-32-32-32h-32c-17.67 0-32 14.33-32 32v144H32c-17.67 0-32 14.33-32 32v32c0 17.67 14.33 32 32 32h144v144c0 17.67 14.33 32 32 32h32c17.67 0 32-14.33 32-32V304h144c17.67 0 32-14.33 32-32v-32c0-17.67-14.33-32-32-32z\"><\/path><\/svg><br \/>\n\t\t\t\t\t\t<\/summary>\n<p>Ja, Finasterid kann mit anderen Behandlungen wie Minoxidil oder Low-Level-Lasertherapie kombiniert werden, um bessere Ergebnisse zu erzielen. Konsultieren Sie Ihren Arzt, bevor Sie Behandlungen kombinieren, um die Sicherheit zu gew\u00e4hrleisten.<\/p>\n<\/details>\n<details id=\"e-n-accordion-item-1717\" >\n<summary data-accordion-index=\"8\" tabindex=\"-1\" aria-expanded=\"false\" aria-controls=\"e-n-accordion-item-1717\" >\n\t\t\t\t\t Brauche ich ein Rezept, um Finasterid einzunehmen?<br \/>\n\t\t\t<svg aria-hidden=\"true\" viewBox=\"0 0 448 512\" xmlns=\"http:\/\/www.w3.org\/2000\/svg\"><path d=\"M416 208H32c-17.67 0-32 14.33-32 32v32c0 17.67 14.33 32 32 32h384c17.67 0 32-14.33 32-32v-32c0-17.67-14.33-32-32-32z\"><\/path><\/svg><br \/>\n\t\t\t<svg aria-hidden=\"true\" viewBox=\"0 0 448 512\" xmlns=\"http:\/\/www.w3.org\/2000\/svg\"><path d=\"M416 208H272V64c0-17.67-14.33-32-32-32h-32c-17.67 0-32 14.33-32 32v144H32c-17.67 0-32 14.33-32 32v32c0 17.67 14.33 32 32 32h144v144c0 17.67 14.33 32 32 32h32c17.67 0 32-14.33 32-32V304h144c17.67 0 32-14.33 32-32v-32c0-17.67-14.33-32-32-32z\"><\/path><\/svg><br \/>\n\t\t\t\t\t\t<\/summary>\n<p>Ja, Finasterid ist ein verschreibungspflichtiges Medikament. Eine medizinische Fachkraft wird Ihre Eignung f\u00fcr die Behandlung beurteilen und m\u00f6gliche Nebenwirkungen \u00fcberwachen.<\/p>\n<\/details>\n<details id=\"e-n-accordion-item-1718\" >\n<summary data-accordion-index=\"9\" tabindex=\"-1\" aria-expanded=\"false\" aria-controls=\"e-n-accordion-item-1718\" >\n\t\t\t\t\t Kann Finasterid k\u00fcnftigen Haarausfall vollst\u00e4ndig verhindern?<br \/>\n\t\t\t<svg aria-hidden=\"true\" viewBox=\"0 0 448 512\" xmlns=\"http:\/\/www.w3.org\/2000\/svg\"><path d=\"M416 208H32c-17.67 0-32 14.33-32 32v32c0 17.67 14.33 32 32 32h384c17.67 0 32-14.33 32-32v-32c0-17.67-14.33-32-32-32z\"><\/path><\/svg><br \/>\n\t\t\t<svg aria-hidden=\"true\" viewBox=\"0 0 448 512\" xmlns=\"http:\/\/www.w3.org\/2000\/svg\"><path d=\"M416 208H272V64c0-17.67-14.33-32-32-32h-32c-17.67 0-32 14.33-32 32v144H32c-17.67 0-32 14.33-32 32v32c0 17.67 14.33 32 32 32h144v144c0 17.67 14.33 32 32 32h32c17.67 0 32-14.33 32-32V304h144c17.67 0 32-14.33 32-32v-32c0-17.67-14.33-32-32-32z\"><\/path><\/svg><br \/>\n\t\t\t\t\t\t<\/summary>\n<p>Finasterid verlangsamt oder stoppt den Haarausfall bei den meisten M\u00e4nnern, aber es kann den Haarausfall nicht in allen F\u00e4llen vollst\u00e4ndig verhindern. Genetische Veranlagung und andere Faktoren k\u00f6nnen weiterhin dazu beitragen, dass das Haar mit der Zeit immer d\u00fcnner wird.<\/p>\n<\/details>\n<p>Finasterid ist ein oral einzunehmendes Medikament, das den Haarausfall durch Hemmung des Enzyms 5-Alpha-Reduktase behandelt. Dieses Enzym wandelt Testosteron in Dihydrotestosteron (DHT) um, ein Hormon, das die Haarfollikel schrumpfen l\u00e4sst und zu Haarausfall f\u00fchrt. Indem es den DHT-Spiegel senkt, hilft Finasterid, den Haarausfall zu verlangsamen und das Nachwachsen der Haare zu f\u00f6rdern.<\/p>\n<p>Finasterid wird in der Regel f\u00fcr M\u00e4nner mit androgenetischer Alopezie (Kahlk\u00f6pfigkeit bei M\u00e4nnern) verschrieben. Es ist nicht f\u00fcr Frauen zugelassen, insbesondere nicht f\u00fcr Frauen, die schwanger sind oder ein Kind planen, da es Geburtsfehler verursachen kann.<\/p>\n<p>Studien zeigen, dass Finasterid den Haarausfall bei etwa 90 % der M\u00e4nner verlangsamen oder stoppen und das Nachwachsen der Haare bei 65 % der Anwender f\u00f6rdern kann. Die Ergebnisse variieren, und eine konsequente Anwendung ist erforderlich, um die Vorteile zu erhalten.<\/p>\n<p>Die meisten Anwender bemerken innerhalb von 3 bis 6 Monaten einen geringeren Haarausfall. Signifikantes Nachwachsen kann 6 bis 12 Monate dauern. Eine konsequente t\u00e4gliche Anwendung ist f\u00fcr optimale Ergebnisse unerl\u00e4sslich.<\/p>\n<p>Wenn Sie die Einnahme von Finasterid beenden, steigt der DHT-Spiegel wieder an, und der Haarausfall kann erneut auftreten. Alle Haare, die w\u00e4hrend der Einnahme des Medikaments nachwachsen, k\u00f6nnen innerhalb von 6 bis 12 Monaten nach Absetzen des Medikaments verloren gehen.<\/p>\n<p>Bei einigen Anwenderinnen k\u00f6nnen Nebenwirkungen wie verminderte Libido, erektile Dysfunktion oder Brustspannen auftreten. Diese Effekte sind selten und oft reversibel nach dem Absetzen des Medikaments.<\/p>\n<p>Ja, Finasterid kann mit anderen Behandlungen wie Minoxidil oder Low-Level-Lasertherapie kombiniert werden, um bessere Ergebnisse zu erzielen. Konsultieren Sie Ihren Arzt, bevor Sie Behandlungen kombinieren, um die Sicherheit zu gew\u00e4hrleisten.<\/p>\n<p>Ja, Finasterid ist ein verschreibungspflichtiges Medikament. Eine medizinische Fachkraft wird Ihre Eignung f\u00fcr die Behandlung beurteilen und m\u00f6gliche Nebenwirkungen \u00fcberwachen.<\/p>\n<p>Finasterid verlangsamt oder stoppt den Haarausfall bei den meisten M\u00e4nnern, aber es kann den Haarausfall nicht in allen F\u00e4llen vollst\u00e4ndig verhindern. Genetische Veranlagung und andere Faktoren k\u00f6nnen weiterhin dazu beitragen, dass das Haar mit der Zeit immer d\u00fcnner wird.<\/p>\n","protected":false},"excerpt":{"rendered":"<p>Dr. Terziler Inhaltsverzeichnis Finasterid: Wie behandelt Finasterid Haarausfall? Haarausfall kann f\u00fcr viele Menschen eine belastende Erfahrung sein, die ihr Selbstwertgef\u00fchl und ihr Selbstvertrauen beeintr\u00e4chtigt. In der Dr. Terziler Exclusive Hair Clinic verstehen wir die Auswirkungen von Haarausfall und bieten verschiedene Behandlungsm\u00f6glichkeiten an, darunter auch Finasterid. In diesem Artikel untersuchen wir, wie Finasterid bei der Behandlung [&hellip;]<\/p>\n","protected":false},"author":6,"featured_media":0,"parent":12934,"menu_order":0,"comment_status":"closed","ping_status":"closed","template":"","meta":{"footnotes":""},"class_list":["post-13602","page","type-page","status-publish","hentry"],"_links":{"self":[{"href":"https:\/\/drterziler.com\/de\/wp-json\/wp\/v2\/pages\/13602","targetHints":{"allow":["GET"]}}],"collection":[{"href":"https:\/\/drterziler.com\/de\/wp-json\/wp\/v2\/pages"}],"about":[{"href":"https:\/\/drterziler.com\/de\/wp-json\/wp\/v2\/types\/page"}],"author":[{"embeddable":true,"href":"https:\/\/drterziler.com\/de\/wp-json\/wp\/v2\/users\/6"}],"replies":[{"embeddable":true,"href":"https:\/\/drterziler.com\/de\/wp-json\/wp\/v2\/comments?post=13602"}],"version-history":[{"count":8,"href":"https:\/\/drterziler.com\/de\/wp-json\/wp\/v2\/pages\/13602\/revisions"}],"predecessor-version":[{"id":42912,"href":"https:\/\/drterziler.com\/de\/wp-json\/wp\/v2\/pages\/13602\/revisions\/42912"}],"up":[{"embeddable":true,"href":"https:\/\/drterziler.com\/de\/wp-json\/wp\/v2\/pages\/12934"}],"wp:attachment":[{"href":"https:\/\/drterziler.com\/de\/wp-json\/wp\/v2\/media?parent=13602"}],"curies":[{"name":"wp","href":"https:\/\/api.w.org\/{rel}","templated":true}]}}