{"id":13604,"date":"2024-09-02T13:01:04","date_gmt":"2024-09-02T13:01:04","guid":{"rendered":"https:\/\/drterziler.com\/?page_id=13604"},"modified":"2025-11-28T09:01:50","modified_gmt":"2025-11-28T09:01:50","slug":"minoxidil","status":"publish","type":"page","link":"https:\/\/drterziler.com\/de\/haarausfall\/minoxidil\/","title":{"rendered":"Minoxidil: Wie behandelt Minoxidil den Haarausfall?"},"content":{"rendered":"<h1 class=\"content-title h1-header\">Minoxidil: Wie behandelt Minoxidil den Haarausfall?<\/h1>\n<nav aria-label=\"breadcrumbs\">\n<p>Dr. Terziler<\/p>\n<\/nav>\n<p>\t\t\t\tInhaltsverzeichnis<br \/>\n\t\t\t\t\t\t\t\t\t\t<svg aria-hidden=\"true\" viewBox=\"0 0 448 512\" xmlns=\"http:\/\/www.w3.org\/2000\/svg\"><path d=\"M207.029 381.476L12.686 187.132c-9.373-9.373-9.373-24.569 0-33.941l22.667-22.667c9.357-9.357 24.522-9.375 33.901-.04L224 284.505l154.745-154.021c9.379-9.335 24.544-9.317 33.901.04l22.667 22.667c9.373 9.373 9.373 24.569 0 33.941L240.971 381.476c-9.373 9.372-24.569 9.372-33.942 0z\"><\/path><\/svg><br \/>\n\t\t\t\t<svg aria-hidden=\"true\" viewBox=\"0 0 448 512\" xmlns=\"http:\/\/www.w3.org\/2000\/svg\"><path d=\"M240.971 130.524l194.343 194.343c9.373 9.373 9.373 24.569 0 33.941l-22.667 22.667c-9.357 9.357-24.522 9.375-33.901.04L224 227.495 69.255 381.516c-9.379 9.335-24.544 9.317-33.901-.04l-22.667-22.667c-9.373-9.373-9.373-24.569 0-33.941L207.03 130.525c9.372-9.373 24.568-9.373 33.941-.001z\"><\/path><\/svg><br \/>\n\t\t\t\t<svg aria-hidden=\"true\" viewBox=\"0 0 1000 1000\" xmlns=\"http:\/\/www.w3.org\/2000\/svg\"><path d=\"M500 975V858C696 858 858 696 858 500S696 142 500 142 142 304 142 500H25C25 237 238 25 500 25S975 237 975 500 763 975 500 975Z\"><\/path><\/svg><br \/>\n\t\t\t\t\t\t\t\t\t\t\t\t\t\t\t\t\t\t\t\t\t\t<img loading=\"lazy\" decoding=\"async\" width=\"885\" height=\"564\" src=\"https:\/\/drterziler.com\/wp-content\/uploads\/2024\/11\/minoxidile-hair-loss.png\" alt=\"\" srcset=\"https:\/\/drterziler.com\/wp-content\/uploads\/2024\/11\/minoxidile-hair-loss.png 885w, https:\/\/drterziler.com\/wp-content\/uploads\/2024\/11\/minoxidile-hair-loss-300x191.png 300w, https:\/\/drterziler.com\/wp-content\/uploads\/2024\/11\/minoxidile-hair-loss-768x489.png 768w\" sizes=\"auto, (max-width: 885px) 100vw, 885px\">\t\t\t\t\t\t\t\t\t\t\t\t\t<\/p>\n<h2>Minoxidil: Wie es Haarausfall behandelt<\/h2>\n<p>Minoxidil ist ein beliebtes und weit verbreitetes Medikament zur Behandlung von Haarausfall, insbesondere bei m\u00e4nnlicher und weiblicher Kahlk\u00f6pfigkeit. In diesem Artikel wird untersucht, wie Minoxidil wirkt, welche Vorteile es bietet, wie es richtig angewendet wird und welche m\u00f6glichen Nebenwirkungen es hat.<\/p>\n<h2>Was ist Minoxidil?<\/h2>\n<p>Minoxidil wurde urspr\u00fcnglich als orales Medikament zur Behandlung von Bluthochdruck entwickelt. Forscher stellten eine interessante Nebenwirkung fest: Bei den Patienten wuchs zus\u00e4tzliches Haar. Diese Entdeckung f\u00fchrte zur Entwicklung von topischem Minoxidil als Mittel gegen Haarausfall.<\/p>\n<h2>Wie wirkt Minoxidil?<\/h2>\n<p>Der genaue Wirkmechanismus ist zwar noch nicht vollst\u00e4ndig erforscht, doch es wird angenommen, dass Minoxidil auf verschiedene Weise wirkt:<\/p>\n<ol>\n<li>\n<p><strong>Vasodilatation<\/strong><br \/>: Minoxidil ist ein starker Vasodilatator, d. h. es erweitert die Blutgef\u00e4\u00dfe. Diese erh\u00f6hte Durchblutung der Haarfollikel kann das Haarwachstum f\u00f6rdern.<\/p>\n<\/li>\n<li>\n<p><strong>Verl\u00e4ngerung der Wachstumsphase<\/strong><br \/>: Minoxidil scheint die Anagenphase (Wachstumsphase) des Haarzyklus zu verl\u00e4ngern, sodass das Haar \u00fcber einen l\u00e4ngeren Zeitraum wachsen kann.<\/p>\n<\/li>\n<li>\n<p><strong>Vergr\u00f6\u00dferung der Follikel<\/strong><br \/>: Das Medikament kann geschrumpfte Haarfollikel vergr\u00f6\u00dfern, was m\u00f6glicherweise zu einem dickeren Haarwachstum f\u00fchrt.<\/p>\n<\/li>\n<li>\n<p><strong>Stimulierung der Haarfollikel<\/strong><br \/>: Minoxidil kann ruhende Haarfollikel aktivieren und so neues Wachstum f\u00f6rdern.<\/p>\n<\/li>\n<\/ol>\n<h2>Vorteile von Minoxidil<\/h2>\n<ul>\n<li>\n<p><strong>Nachgewiesene Wirksamkeit<\/strong><br \/>: Zahlreiche Studien haben gezeigt, dass Minoxidil bei der Behandlung von Haarausfall wirksam ist.<\/p>\n<\/li>\n<li>\n<p><strong>Rezeptfrei<\/strong><br \/>: In vielen L\u00e4ndern ist Minoxidil rezeptfrei erh\u00e4ltlich.<\/p>\n<\/li>\n<li>\n<p><strong>Einfache Anwendung<\/strong><br \/>: Minoxidil zur \u00e4u\u00dferlichen Anwendung l\u00e4sst sich einfach zu Hause anwenden.<\/p>\n<\/li>\n<li>\n<p><strong>F\u00fcr beide Geschlechter geeignet<\/strong><br \/>: Es ist f\u00fcr die Anwendung bei M\u00e4nnern und Frauen zugelassen.<\/p>\n<\/li>\n<\/ul>\n<h2>Anwendung von Minoxidil<\/h2>\n<p>Minoxidil ist in der Regel als L\u00f6sung oder Schaum zur \u00e4u\u00dferlichen Anwendung in Konzentrationen von 2 % und 5 % erh\u00e4ltlich. So wird es angewendet:<\/p>\n<ol>\n<li>\n<p>Zweimal t\u00e4glich (morgens und abends) auf die trockene Kopfhaut auftragen.<\/p>\n<\/li>\n<li>\n<p>Verwenden Sie die empfohlene Menge (normalerweise 1 ml) pro Anwendung.<\/p>\n<\/li>\n<li>\n<p>Massieren Sie es sanft in die Kopfhaut ein.<\/p>\n<\/li>\n<li>\n<p>Lassen Sie es trocknen, bevor Sie das Haar stylen.<\/p>\n<\/li>\n<li>\n<p>Waschen Sie sich nach der Anwendung gr\u00fcndlich die H\u00e4nde.<\/p>\n<\/li>\n<\/ol>\n<h2>M\u00f6gliche Nebenwirkungen<\/h2>\n<p>Obwohl Minoxidil im Allgemeinen gut vertr\u00e4glich ist, kann es bei einigen Anwendern Nebenwirkungen verursachen:<\/p>\n<ul>\n<li>\n<p>Reizung der Kopfhaut<\/p>\n<\/li>\n<li>\n<p>Trockene, schuppige Haut auf der Kopfhaut<\/p>\n<\/li>\n<li>\n<p>Zun\u00e4chst vermehrter Haarausfall (normalerweise vor\u00fcbergehend)<\/p>\n<\/li>\n<li>\n<p>Unerw\u00fcnschter Haarwuchs im Gesicht (h\u00e4ufiger bei Frauen)<\/p>\n<\/li>\n<li>\n<p>schneller Herzschlag (selten)<\/p>\n<\/li>\n<\/ul>\n<h2>Wichtige \u00dcberlegungen<\/h2>\n<ul>\n<li>\n<p><strong>Best\u00e4ndigkeit ist entscheidend<\/strong><br \/>: Regelm\u00e4\u00dfige, langfristige Anwendung ist notwendig, um die Ergebnisse zu erhalten.<\/p>\n<\/li>\n<li>\n<p><strong>Geduld erforderlich<\/strong><br \/>: Es kann 3\u20136 Monate dauern, bis sp\u00fcrbare Verbesserungen sichtbar werden.<\/p>\n<\/li>\n<li>\n<p><strong>Nicht f\u00fcr jeden geeignet<\/strong><br \/>: Minoxidil ist am wirksamsten bei kreisrundem Haarausfall und wirkt m\u00f6glicherweise nicht bei allen Arten von Haarausfall.<\/p>\n<\/li>\n<li>\n<p><strong>Lassen Sie sich von einem Fachmann beraten<\/strong><br \/>: Lassen Sie sich immer von einem Arzt beraten, bevor Sie eine neue Behandlung gegen Haarausfall beginnen.<\/p>\n<\/li>\n<\/ul>\n<h2>Fazit<\/h2>\n<p>Minoxidil hat sich bei vielen Menschen, die unter einer kreisrunden Glatze leiden, als wirksame Behandlung erwiesen. Es ist zwar kein Heilmittel gegen Haarausfall, kann den Prozess jedoch erheblich verlangsamen und in einigen F\u00e4llen sogar das Wachstum neuer Haare f\u00f6rdern. Wie bei jedem Medikament ist es wichtig, Minoxidil gem\u00e4\u00df den Anweisungen zu verwenden und sich der m\u00f6glichen Nebenwirkungen bewusst zu sein.<\/p>\n<h2>Minoxidil: Wie es Haarausfall behandelt<\/h2>\n<p>Minoxidil ist ein beliebtes und weit verbreitetes Medikament zur Behandlung von Haarausfall, insbesondere bei m\u00e4nnlicher und weiblicher Kahlk\u00f6pfigkeit. In diesem Artikel wird untersucht, wie Minoxidil wirkt, welche Vorteile es bietet, wie es richtig angewendet wird und welche m\u00f6glichen Nebenwirkungen es hat.<\/p>\n<h2>Was ist Minoxidil?<\/h2>\n<p>Minoxidil wurde urspr\u00fcnglich als orales Medikament zur Behandlung von Bluthochdruck entwickelt. Forscher stellten eine interessante Nebenwirkung fest: Bei den Patienten wuchs zus\u00e4tzliches Haar. Diese Entdeckung f\u00fchrte zur Entwicklung von topischem Minoxidil als Mittel gegen Haarausfall.<\/p>\n<h2>Wie wirkt Minoxidil?<\/h2>\n<p>Der genaue Wirkmechanismus ist zwar noch nicht vollst\u00e4ndig erforscht, doch es wird angenommen, dass Minoxidil auf verschiedene Weise wirkt:<\/p>\n<ol>\n<li>\n<p><strong>Vasodilatation<\/strong><br \/>: Minoxidil ist ein starker Vasodilatator, d. h. es erweitert die Blutgef\u00e4\u00dfe. Diese erh\u00f6hte Durchblutung der Haarfollikel kann das Haarwachstum f\u00f6rdern.<\/p>\n<\/li>\n<li>\n<p><strong>Verl\u00e4ngerung der Wachstumsphase<\/strong><br \/>: Minoxidil scheint die Anagenphase (Wachstumsphase) des Haarzyklus zu verl\u00e4ngern, sodass das Haar \u00fcber einen l\u00e4ngeren Zeitraum wachsen kann.<\/p>\n<\/li>\n<li>\n<p><strong>Vergr\u00f6\u00dferung der Follikel<\/strong><br \/>: Das Medikament kann geschrumpfte Haarfollikel vergr\u00f6\u00dfern, was m\u00f6glicherweise zu einem dickeren Haarwachstum f\u00fchrt.<\/p>\n<\/li>\n<li>\n<p><strong>Stimulierung der Haarfollikel<\/strong><br \/>: Minoxidil kann ruhende Haarfollikel aktivieren und so neues Wachstum f\u00f6rdern.<\/p>\n<\/li>\n<\/ol>\n<h2>Vorteile von Minoxidil<\/h2>\n<ul>\n<li>\n<p><strong>Nachgewiesene Wirksamkeit<\/strong><br \/>: Zahlreiche Studien haben gezeigt, dass Minoxidil bei der Behandlung von Haarausfall wirksam ist.<\/p>\n<\/li>\n<li>\n<p><strong>Rezeptfrei<\/strong><br \/>: In vielen L\u00e4ndern ist Minoxidil rezeptfrei erh\u00e4ltlich.<\/p>\n<\/li>\n<li>\n<p><strong>Einfache Anwendung<\/strong><br \/>: Minoxidil zur \u00e4u\u00dferlichen Anwendung l\u00e4sst sich einfach zu Hause anwenden.<\/p>\n<\/li>\n<li>\n<p><strong>F\u00fcr beide Geschlechter geeignet<\/strong><br \/>: Es ist f\u00fcr die Anwendung bei M\u00e4nnern und Frauen zugelassen.<\/p>\n<\/li>\n<\/ul>\n<h2>Anwendung von Minoxidil<\/h2>\n<p>Minoxidil ist in der Regel als L\u00f6sung oder Schaum zur \u00e4u\u00dferlichen Anwendung in Konzentrationen von 2 % und 5 % erh\u00e4ltlich. So wird es angewendet:<\/p>\n<ol>\n<li>\n<p>Zweimal t\u00e4glich (morgens und abends) auf die trockene Kopfhaut auftragen.<\/p>\n<\/li>\n<li>\n<p>Verwenden Sie die empfohlene Menge (normalerweise 1 ml) pro Anwendung.<\/p>\n<\/li>\n<li>\n<p>Massieren Sie es sanft in die Kopfhaut ein.<\/p>\n<\/li>\n<li>\n<p>Lassen Sie es trocknen, bevor Sie das Haar stylen.<\/p>\n<\/li>\n<li>\n<p>Waschen Sie sich nach der Anwendung gr\u00fcndlich die H\u00e4nde.<\/p>\n<\/li>\n<\/ol>\n<h2>M\u00f6gliche Nebenwirkungen<\/h2>\n<p>Obwohl Minoxidil im Allgemeinen gut vertr\u00e4glich ist, kann es bei einigen Anwendern Nebenwirkungen verursachen:<\/p>\n<ul>\n<li>\n<p>Reizung der Kopfhaut<\/p>\n<\/li>\n<li>\n<p>Trockene, schuppige Haut auf der Kopfhaut<\/p>\n<\/li>\n<li>\n<p>Zun\u00e4chst vermehrter Haarausfall (normalerweise vor\u00fcbergehend)<\/p>\n<\/li>\n<li>\n<p>Unerw\u00fcnschter Haarwuchs im Gesicht (h\u00e4ufiger bei Frauen)<\/p>\n<\/li>\n<li>\n<p>schneller Herzschlag (selten)<\/p>\n<\/li>\n<\/ul>\n<h2>Wichtige \u00dcberlegungen<\/h2>\n<ul>\n<li>\n<p><strong>Best\u00e4ndigkeit ist entscheidend<\/strong><br \/>: Regelm\u00e4\u00dfige, langfristige Anwendung ist notwendig, um die Ergebnisse zu erhalten.<\/p>\n<\/li>\n<li>\n<p><strong>Geduld erforderlich<\/strong><br \/>: Es kann 3\u20136 Monate dauern, bis sp\u00fcrbare Verbesserungen sichtbar werden.<\/p>\n<\/li>\n<li>\n<p><strong>Nicht f\u00fcr jeden geeignet<\/strong><br \/>: Minoxidil ist am wirksamsten bei kreisrundem Haarausfall und wirkt m\u00f6glicherweise nicht bei allen Arten von Haarausfall.<\/p>\n<\/li>\n<li>\n<p><strong>Lassen Sie sich von einem Fachmann beraten<\/strong><br \/>: Lassen Sie sich immer von einem Arzt beraten, bevor Sie eine neue Behandlung gegen Haarausfall beginnen.<\/p>\n<\/li>\n<\/ul>\n<h2>Fazit<\/h2>\n<p>Minoxidil hat sich bei vielen Menschen, die unter einer kreisrunden Glatze leiden, als wirksame Behandlung erwiesen. Es ist zwar kein Heilmittel gegen Haarausfall, kann den Prozess jedoch erheblich verlangsamen und in einigen F\u00e4llen sogar das Wachstum neuer Haare f\u00f6rdern. Wie bei jedem Medikament ist es wichtig, Minoxidil gem\u00e4\u00df den Anweisungen zu verwenden und sich der m\u00f6glichen Nebenwirkungen bewusst zu sein.<\/p>\n<details id=\"e-n-accordion-item-9100\" open>\n<summary data-accordion-index=\"1\" tabindex=\"0\" aria-expanded=\"true\" aria-controls=\"e-n-accordion-item-9100\" >\n\t\t\t\t\t Was ist Minoxidil, und wie wirkt es gegen Haarausfall?<br \/>\n\t\t\t<svg aria-hidden=\"true\" viewBox=\"0 0 448 512\" xmlns=\"http:\/\/www.w3.org\/2000\/svg\"><path d=\"M416 208H32c-17.67 0-32 14.33-32 32v32c0 17.67 14.33 32 32 32h384c17.67 0 32-14.33 32-32v-32c0-17.67-14.33-32-32-32z\"><\/path><\/svg><br \/>\n\t\t\t<svg aria-hidden=\"true\" viewBox=\"0 0 448 512\" xmlns=\"http:\/\/www.w3.org\/2000\/svg\"><path d=\"M416 208H272V64c0-17.67-14.33-32-32-32h-32c-17.67 0-32 14.33-32 32v144H32c-17.67 0-32 14.33-32 32v32c0 17.67 14.33 32 32 32h144v144c0 17.67 14.33 32 32 32h32c17.67 0 32-14.33 32-32V304h144c17.67 0 32-14.33 32-32v-32c0-17.67-14.33-32-32-32z\"><\/path><\/svg><br \/>\n\t\t\t\t\t\t<\/summary>\n<p>Minoxidil ist eine topische L\u00f6sung oder ein Schaum, der zur Behandlung von Haarausfall eingesetzt wird. Es wirkt, indem es die Durchblutung der Kopfhaut erh\u00f6ht, die Haarfollikel stimuliert und die Wachstumsphase des Haarzyklus verl\u00e4ngert, wodurch das Nachwachsen der Haare gef\u00f6rdert und der Haarausfall verringert wird.<\/p>\n<\/details>\n<details id=\"e-n-accordion-item-9101\" >\n<summary data-accordion-index=\"2\" tabindex=\"-1\" aria-expanded=\"false\" aria-controls=\"e-n-accordion-item-9101\" >\n\t\t\t\t\t Wer kann Minoxidil gegen Haarausfall verwenden?<br \/>\n\t\t\t<svg aria-hidden=\"true\" viewBox=\"0 0 448 512\" xmlns=\"http:\/\/www.w3.org\/2000\/svg\"><path d=\"M416 208H32c-17.67 0-32 14.33-32 32v32c0 17.67 14.33 32 32 32h384c17.67 0 32-14.33 32-32v-32c0-17.67-14.33-32-32-32z\"><\/path><\/svg><br \/>\n\t\t\t<svg aria-hidden=\"true\" viewBox=\"0 0 448 512\" xmlns=\"http:\/\/www.w3.org\/2000\/svg\"><path d=\"M416 208H272V64c0-17.67-14.33-32-32-32h-32c-17.67 0-32 14.33-32 32v144H32c-17.67 0-32 14.33-32 32v32c0 17.67 14.33 32 32 32h144v144c0 17.67 14.33 32 32 32h32c17.67 0 32-14.33 32-32V304h144c17.67 0 32-14.33 32-32v-32c0-17.67-14.33-32-32-32z\"><\/path><\/svg><br \/>\n\t\t\t\t\t\t<\/summary>\n<p>Minoxidil ist sowohl f\u00fcr M\u00e4nner als auch f\u00fcr Frauen geeignet, die an androgenetischer Alopezie (Haarausfall) leiden. Es ist in verschiedenen Konzentrationen erh\u00e4ltlich, wobei 5 % \u00fcblicherweise von M\u00e4nnern verwendet werden und 2 % oder 5 % f\u00fcr Frauen empfohlen werden<\/p>\n<\/details>\n<details id=\"e-n-accordion-item-9102\" >\n<summary data-accordion-index=\"3\" tabindex=\"-1\" aria-expanded=\"false\" aria-controls=\"e-n-accordion-item-9102\" >\n\t\t\t\t\t Wie lange dauert es, bis man mit Minoxidil Ergebnisse sieht?<br \/>\n\t\t\t<svg aria-hidden=\"true\" viewBox=\"0 0 448 512\" xmlns=\"http:\/\/www.w3.org\/2000\/svg\"><path d=\"M416 208H32c-17.67 0-32 14.33-32 32v32c0 17.67 14.33 32 32 32h384c17.67 0 32-14.33 32-32v-32c0-17.67-14.33-32-32-32z\"><\/path><\/svg><br \/>\n\t\t\t<svg aria-hidden=\"true\" viewBox=\"0 0 448 512\" xmlns=\"http:\/\/www.w3.org\/2000\/svg\"><path d=\"M416 208H272V64c0-17.67-14.33-32-32-32h-32c-17.67 0-32 14.33-32 32v144H32c-17.67 0-32 14.33-32 32v32c0 17.67 14.33 32 32 32h144v144c0 17.67 14.33 32 32 32h32c17.67 0 32-14.33 32-32V304h144c17.67 0 32-14.33 32-32v-32c0-17.67-14.33-32-32-32z\"><\/path><\/svg><br \/>\n\t\t\t\t\t\t<\/summary>\n<p>Die meisten Anwender bemerken innerhalb von 2 bis 4 Monaten einen R\u00fcckgang des Haarwuchses. Sichtbares Nachwachsen kann 4 bis 6 Monate dauern, mit anhaltenden Verbesserungen bis zu einem Jahr. Eine konsequente Anwendung ist notwendig, um die Ergebnisse zu erhalten.<\/p>\n<\/details>\n<details id=\"e-n-accordion-item-9103\" >\n<summary data-accordion-index=\"4\" tabindex=\"-1\" aria-expanded=\"false\" aria-controls=\"e-n-accordion-item-9103\" >\n\t\t\t\t\t Was passiert, wenn ich die Anwendung von Minoxidil abbreche?<br \/>\n\t\t\t<svg aria-hidden=\"true\" viewBox=\"0 0 448 512\" xmlns=\"http:\/\/www.w3.org\/2000\/svg\"><path d=\"M416 208H32c-17.67 0-32 14.33-32 32v32c0 17.67 14.33 32 32 32h384c17.67 0 32-14.33 32-32v-32c0-17.67-14.33-32-32-32z\"><\/path><\/svg><br \/>\n\t\t\t<svg aria-hidden=\"true\" viewBox=\"0 0 448 512\" xmlns=\"http:\/\/www.w3.org\/2000\/svg\"><path d=\"M416 208H272V64c0-17.67-14.33-32-32-32h-32c-17.67 0-32 14.33-32 32v144H32c-17.67 0-32 14.33-32 32v32c0 17.67 14.33 32 32 32h144v144c0 17.67 14.33 32 32 32h32c17.67 0 32-14.33 32-32V304h144c17.67 0 32-14.33 32-32v-32c0-17.67-14.33-32-32-32z\"><\/path><\/svg><br \/>\n\t\t\t\t\t\t<\/summary>\n<p>Wenn Sie die Anwendung von Minoxidil beenden, k\u00f6nnen die nachwachsenden Haare innerhalb von 3 bis 6 Monaten ausfallen. Der Haarausfall wird wahrscheinlich zum vorherigen Zustand zur\u00fcckkehren oder ohne Behandlung weiter fortschreiten.<\/p>\n<\/details>\n<details id=\"e-n-accordion-item-9104\" >\n<summary data-accordion-index=\"5\" tabindex=\"-1\" aria-expanded=\"false\" aria-controls=\"e-n-accordion-item-9104\" >\n\t\t\t\t\t Gibt es Nebenwirkungen von Minoxidil?<br \/>\n\t\t\t<svg aria-hidden=\"true\" viewBox=\"0 0 448 512\" xmlns=\"http:\/\/www.w3.org\/2000\/svg\"><path d=\"M416 208H32c-17.67 0-32 14.33-32 32v32c0 17.67 14.33 32 32 32h384c17.67 0 32-14.33 32-32v-32c0-17.67-14.33-32-32-32z\"><\/path><\/svg><br \/>\n\t\t\t<svg aria-hidden=\"true\" viewBox=\"0 0 448 512\" xmlns=\"http:\/\/www.w3.org\/2000\/svg\"><path d=\"M416 208H272V64c0-17.67-14.33-32-32-32h-32c-17.67 0-32 14.33-32 32v144H32c-17.67 0-32 14.33-32 32v32c0 17.67 14.33 32 32 32h144v144c0 17.67 14.33 32 32 32h32c17.67 0 32-14.33 32-32V304h144c17.67 0 32-14.33 32-32v-32c0-17.67-14.33-32-32-32z\"><\/path><\/svg><br \/>\n\t\t\t\t\t\t<\/summary>\n<p>H\u00e4ufige Nebenwirkungen sind Reizungen der Kopfhaut, Trockenheit oder Juckreiz. In seltenen F\u00e4llen kann es bei einigen Anwendern zu unerw\u00fcnschtem Haarwuchs im Gesicht oder zu einer anf\u00e4nglichen Zunahme des Haarausfalls kommen, die vor\u00fcbergehend ist, wenn neue Haare zu wachsen beginnen<\/p>\n<\/details>\n<details id=\"e-n-accordion-item-9105\" >\n<summary data-accordion-index=\"6\" tabindex=\"-1\" aria-expanded=\"false\" aria-controls=\"e-n-accordion-item-9105\" >\n\t\t\t\t\t Ist Minoxidil bei allen Arten von Haarausfall wirksam?<br \/>\n\t\t\t<svg aria-hidden=\"true\" viewBox=\"0 0 448 512\" xmlns=\"http:\/\/www.w3.org\/2000\/svg\"><path d=\"M416 208H32c-17.67 0-32 14.33-32 32v32c0 17.67 14.33 32 32 32h384c17.67 0 32-14.33 32-32v-32c0-17.67-14.33-32-32-32z\"><\/path><\/svg><br \/>\n\t\t\t<svg aria-hidden=\"true\" viewBox=\"0 0 448 512\" xmlns=\"http:\/\/www.w3.org\/2000\/svg\"><path d=\"M416 208H272V64c0-17.67-14.33-32-32-32h-32c-17.67 0-32 14.33-32 32v144H32c-17.67 0-32 14.33-32 32v32c0 17.67 14.33 32 32 32h144v144c0 17.67 14.33 32 32 32h32c17.67 0 32-14.33 32-32V304h144c17.67 0 32-14.33 32-32v-32c0-17.67-14.33-32-32-32z\"><\/path><\/svg><br \/>\n\t\t\t\t\t\t<\/summary>\n<p>Minoxidil ist vor allem bei androgenetischer Alopezie wirksam und wirkt am besten bei sch\u00fctterem Haar im Scheitelbereich. Es ist weniger wirksam bei Geheimratsecken oder Haarausfall, der durch medizinische Bedingungen wie Alopecia areata oder vernarbende Alopezie verursacht wird.<\/p>\n<\/details>\n<details id=\"e-n-accordion-item-9106\" >\n<summary data-accordion-index=\"7\" tabindex=\"-1\" aria-expanded=\"false\" aria-controls=\"e-n-accordion-item-9106\" >\n\t\t\t\t\t Brauche ich ein Rezept, um Minoxidil zu kaufen?<br \/>\n\t\t\t<svg aria-hidden=\"true\" viewBox=\"0 0 448 512\" xmlns=\"http:\/\/www.w3.org\/2000\/svg\"><path d=\"M416 208H32c-17.67 0-32 14.33-32 32v32c0 17.67 14.33 32 32 32h384c17.67 0 32-14.33 32-32v-32c0-17.67-14.33-32-32-32z\"><\/path><\/svg><br \/>\n\t\t\t<svg aria-hidden=\"true\" viewBox=\"0 0 448 512\" xmlns=\"http:\/\/www.w3.org\/2000\/svg\"><path d=\"M416 208H272V64c0-17.67-14.33-32-32-32h-32c-17.67 0-32 14.33-32 32v144H32c-17.67 0-32 14.33-32 32v32c0 17.67 14.33 32 32 32h144v144c0 17.67 14.33 32 32 32h32c17.67 0 32-14.33 32-32V304h144c17.67 0 32-14.33 32-32v-32c0-17.67-14.33-32-32-32z\"><\/path><\/svg><br \/>\n\t\t\t\t\t\t<\/summary>\n<p>Minoxidil ist in den meisten L\u00e4ndern rezeptfrei erh\u00e4ltlich, so dass es ohne Rezept leicht zug\u00e4nglich ist. Es wird jedoch empfohlen, vor Beginn der Behandlung einen Dermatologen zu konsultieren.<\/p>\n<\/details>\n<details id=\"e-n-accordion-item-9107\" >\n<summary data-accordion-index=\"8\" tabindex=\"-1\" aria-expanded=\"false\" aria-controls=\"e-n-accordion-item-9107\" >\n\t\t\t\t\t Kann Minoxidil bei einer v\u00f6llig kahlen Kopfhaut wirken?<br \/>\n\t\t\t<svg aria-hidden=\"true\" viewBox=\"0 0 448 512\" xmlns=\"http:\/\/www.w3.org\/2000\/svg\"><path d=\"M416 208H32c-17.67 0-32 14.33-32 32v32c0 17.67 14.33 32 32 32h384c17.67 0 32-14.33 32-32v-32c0-17.67-14.33-32-32-32z\"><\/path><\/svg><br \/>\n\t\t\t<svg aria-hidden=\"true\" viewBox=\"0 0 448 512\" xmlns=\"http:\/\/www.w3.org\/2000\/svg\"><path d=\"M416 208H272V64c0-17.67-14.33-32-32-32h-32c-17.67 0-32 14.33-32 32v144H32c-17.67 0-32 14.33-32 32v32c0 17.67 14.33 32 32 32h144v144c0 17.67 14.33 32 32 32h32c17.67 0 32-14.33 32-32V304h144c17.67 0 32-14.33 32-32v-32c0-17.67-14.33-32-32-32z\"><\/path><\/svg><br \/>\n\t\t\t\t\t\t<\/summary>\n<p>Es ist unwahrscheinlich, dass Minoxidil auf v\u00f6llig kahlen Stellen Haare nachwachsen l\u00e4sst. Es wirkt am besten bei Personen mit sch\u00fctterem Haar oder Haarausfall im Fr\u00fchstadium. Bei fortgeschrittener Kahlheit k\u00f6nnen andere Optionen wie Haartransplantationen wirksamer sein.<\/p>\n<\/details>\n<p>Minoxidil ist eine topische L\u00f6sung oder ein Schaum, der zur Behandlung von Haarausfall eingesetzt wird. Es wirkt, indem es die Durchblutung der Kopfhaut erh\u00f6ht, die Haarfollikel stimuliert und die Wachstumsphase des Haarzyklus verl\u00e4ngert, wodurch das Nachwachsen der Haare gef\u00f6rdert und der Haarausfall verringert wird.<\/p>\n<p>Minoxidil ist sowohl f\u00fcr M\u00e4nner als auch f\u00fcr Frauen geeignet, die an androgenetischer Alopezie (Haarausfall) leiden. Es ist in verschiedenen Konzentrationen erh\u00e4ltlich, wobei 5 % \u00fcblicherweise von M\u00e4nnern verwendet werden und 2 % oder 5 % f\u00fcr Frauen empfohlen werden<\/p>\n<p>Die meisten Anwender bemerken innerhalb von 2 bis 4 Monaten einen R\u00fcckgang des Haarwuchses. Sichtbares Nachwachsen kann 4 bis 6 Monate dauern, mit anhaltenden Verbesserungen bis zu einem Jahr. Eine konsequente Anwendung ist notwendig, um die Ergebnisse zu erhalten.<\/p>\n<p>Wenn Sie die Anwendung von Minoxidil beenden, k\u00f6nnen die nachwachsenden Haare innerhalb von 3 bis 6 Monaten ausfallen. Der Haarausfall wird wahrscheinlich zum vorherigen Zustand zur\u00fcckkehren oder ohne Behandlung weiter fortschreiten.<\/p>\n<p>H\u00e4ufige Nebenwirkungen sind Reizungen der Kopfhaut, Trockenheit oder Juckreiz. In seltenen F\u00e4llen kann es bei einigen Anwendern zu unerw\u00fcnschtem Haarwuchs im Gesicht oder zu einer anf\u00e4nglichen Zunahme des Haarausfalls kommen, die vor\u00fcbergehend ist, wenn neue Haare zu wachsen beginnen<\/p>\n<p>Minoxidil ist vor allem bei androgenetischer Alopezie wirksam und wirkt am besten bei sch\u00fctterem Haar im Scheitelbereich. Es ist weniger wirksam bei Geheimratsecken oder Haarausfall, der durch medizinische Bedingungen wie Alopecia areata oder vernarbende Alopezie verursacht wird.<\/p>\n<p>Minoxidil ist in den meisten L\u00e4ndern rezeptfrei erh\u00e4ltlich, so dass es ohne Rezept leicht zug\u00e4nglich ist. Es wird jedoch empfohlen, vor Beginn der Behandlung einen Dermatologen zu konsultieren.<\/p>\n<p>Es ist unwahrscheinlich, dass Minoxidil auf v\u00f6llig kahlen Stellen Haare nachwachsen l\u00e4sst. Es wirkt am besten bei Personen mit sch\u00fctterem Haar oder Haarausfall im Fr\u00fchstadium. Bei fortgeschrittener Kahlheit k\u00f6nnen andere Optionen wie Haartransplantationen wirksamer sein.<\/p>\n","protected":false},"excerpt":{"rendered":"<p>Minoxidil: Wie behandelt Minoxidil den Haarausfall? Dr. Terziler Inhaltsverzeichnis Minoxidil: Wie es Haarausfall behandelt Minoxidil ist ein beliebtes und weit verbreitetes Medikament zur Behandlung von Haarausfall, insbesondere bei m\u00e4nnlicher und weiblicher Kahlk\u00f6pfigkeit. In diesem Artikel wird untersucht, wie Minoxidil wirkt, welche Vorteile es bietet, wie es richtig angewendet wird und welche m\u00f6glichen Nebenwirkungen es hat. [&hellip;]<\/p>\n","protected":false},"author":6,"featured_media":0,"parent":12934,"menu_order":0,"comment_status":"closed","ping_status":"closed","template":"","meta":{"footnotes":""},"class_list":["post-13604","page","type-page","status-publish","hentry"],"_links":{"self":[{"href":"https:\/\/drterziler.com\/de\/wp-json\/wp\/v2\/pages\/13604","targetHints":{"allow":["GET"]}}],"collection":[{"href":"https:\/\/drterziler.com\/de\/wp-json\/wp\/v2\/pages"}],"about":[{"href":"https:\/\/drterziler.com\/de\/wp-json\/wp\/v2\/types\/page"}],"author":[{"embeddable":true,"href":"https:\/\/drterziler.com\/de\/wp-json\/wp\/v2\/users\/6"}],"replies":[{"embeddable":true,"href":"https:\/\/drterziler.com\/de\/wp-json\/wp\/v2\/comments?post=13604"}],"version-history":[{"count":11,"href":"https:\/\/drterziler.com\/de\/wp-json\/wp\/v2\/pages\/13604\/revisions"}],"predecessor-version":[{"id":55411,"href":"https:\/\/drterziler.com\/de\/wp-json\/wp\/v2\/pages\/13604\/revisions\/55411"}],"up":[{"embeddable":true,"href":"https:\/\/drterziler.com\/de\/wp-json\/wp\/v2\/pages\/12934"}],"wp:attachment":[{"href":"https:\/\/drterziler.com\/de\/wp-json\/wp\/v2\/media?parent=13604"}],"curies":[{"name":"wp","href":"https:\/\/api.w.org\/{rel}","templated":true}]}}