{"id":13606,"date":"2024-09-25T06:53:50","date_gmt":"2024-09-25T06:53:50","guid":{"rendered":"https:\/\/drterziler.com\/?page_id=13606"},"modified":"2025-06-23T13:50:16","modified_gmt":"2025-06-23T13:50:16","slug":"die-5-wichtigsten-naehrstoffe","status":"publish","type":"page","link":"https:\/\/drterziler.com\/de\/haarausfall\/die-5-wichtigsten-naehrstoffe\/","title":{"rendered":"Die 5 wichtigsten N\u00e4hrstoffe f\u00fcr die Ern\u00e4hrung bei Haarausfall"},"content":{"rendered":"<h1 class=\"content-title h1-header\">Die 5 wichtigsten N\u00e4hrstoffe f\u00fcr die Ern\u00e4hrung bei Haarausfall<\/h1>\n<nav aria-label=\"breadcrumbs\">\n<p>Dr. Terziler<\/p>\n<\/nav>\n<h4>\n\t\t\t\tInhaltsverzeichnis\t\t\t<\/h4>\n<p>\t\t\t\t\t\t\t<svg aria-hidden=\"true\" viewBox=\"0 0 448 512\" xmlns=\"http:\/\/www.w3.org\/2000\/svg\"><path d=\"M207.029 381.476L12.686 187.132c-9.373-9.373-9.373-24.569 0-33.941l22.667-22.667c9.357-9.357 24.522-9.375 33.901-.04L224 284.505l154.745-154.021c9.379-9.335 24.544-9.317 33.901.04l22.667 22.667c9.373 9.373 9.373 24.569 0 33.941L240.971 381.476c-9.373 9.372-24.569 9.372-33.942 0z\"><\/path><\/svg><br \/>\n\t\t\t\t<svg aria-hidden=\"true\" viewBox=\"0 0 448 512\" xmlns=\"http:\/\/www.w3.org\/2000\/svg\"><path d=\"M240.971 130.524l194.343 194.343c9.373 9.373 9.373 24.569 0 33.941l-22.667 22.667c-9.357 9.357-24.522 9.375-33.901.04L224 227.495 69.255 381.516c-9.379 9.335-24.544 9.317-33.901-.04l-22.667-22.667c-9.373-9.373-9.373-24.569 0-33.941L207.03 130.525c9.372-9.373 24.568-9.373 33.941-.001z\"><\/path><\/svg><br \/>\n\t\t\t\t<svg aria-hidden=\"true\" viewBox=\"0 0 1000 1000\" xmlns=\"http:\/\/www.w3.org\/2000\/svg\"><path d=\"M500 975V858C696 858 858 696 858 500S696 142 500 142 142 304 142 500H25C25 237 238 25 500 25S975 237 975 500 763 975 500 975Z\"><\/path><\/svg><br \/>\n\t\t\t\t\t\t\t\t\t\t\t\t\t\t\t\t\t\t\t\t\t\t<img loading=\"lazy\" decoding=\"async\" width=\"884\" height=\"562\" src=\"https:\/\/drterziler.com\/wp-content\/uploads\/2024\/09\/top-5-nutrients-hair-loss.png\" alt=\"\" srcset=\"https:\/\/drterziler.com\/wp-content\/uploads\/2024\/09\/top-5-nutrients-hair-loss.png 884w, https:\/\/drterziler.com\/wp-content\/uploads\/2024\/09\/top-5-nutrients-hair-loss-300x191.png 300w, https:\/\/drterziler.com\/wp-content\/uploads\/2024\/09\/top-5-nutrients-hair-loss-768x488.png 768w\" sizes=\"auto, (max-width: 884px) 100vw, 884px\">\t\t\t\t\t\t\t\t\t\t\t\t\t<\/p>\n<h3>Was sind die f\u00fcnf wichtigsten N\u00e4hrstoffe bei Haarausfall?<\/h3>\n<p>Haarausfall kann oft mit N\u00e4hrstoffmangel in Verbindung gebracht werden. Deshalb kann eine ausgewogene Ern\u00e4hrung dazu beitragen, die Gesundheit der Haare zu erhalten und eine Ausd\u00fcnnung zu verhindern. Essentielle N\u00e4hrstoffe spielen eine entscheidende Rolle bei der F\u00f6rderung des Haarwachstums und der Erhaltung der Haarfollikel. Zu den f\u00fcnf wichtigsten N\u00e4hrstoffen, die zur Bek\u00e4mpfung von Haarausfall ben\u00f6tigt werden, geh\u00f6ren Biotin, Eisen, Zink, Vitamin D und Omega-3-Fetts\u00e4uren. Jeder dieser N\u00e4hrstoffe bietet spezifische Vorteile, die zur allgemeinen Gesundheit der Kopfhaut und zur Haardichte beitragen. Das Verst\u00e4ndnis ihrer Rolle in Ihrer Ern\u00e4hrung ist der Schl\u00fcssel zur nat\u00fcrlichen Bek\u00e4mpfung von Haarausfall.<\/p>\n<h3>Biotin: Das Haarwuchsvitamin<\/h3>\n<p>Biotin, auch als Vitamin B7 bekannt, ist einer der bekanntesten N\u00e4hrstoffe f\u00fcr die Gesundheit der Haare. Es hilft bei der Umwandlung von N\u00e4hrstoffen in Energie und spielt eine entscheidende Rolle bei der Produktion von Keratin, einem Protein, das die Struktur des Haares bildet. Ein Biotinmangel kann zu br\u00fcchigem Haar, Haarausfall und Ausd\u00fcnnung f\u00fchren. Zu den biotinhaltigen Lebensmitteln geh\u00f6ren Eier, N\u00fcsse, Samen und Blattgem\u00fcse, die sich leicht in Ihre t\u00e4gliche Ern\u00e4hrung integrieren lassen.<\/p>\n<h3>Eisen: Vorbeugung gegen Haarausfall<\/h3>\n<p>Eisen ist ein weiterer essenzieller N\u00e4hrstoff, der gesundes Haarwachstum unterst\u00fctzt, indem er den roten Blutk\u00f6rperchen dabei hilft, Sauerstoff zu den Haarfollikeln zu transportieren. Eisenmangel, auch als An\u00e4mie bekannt, ist eine h\u00e4ufige Ursache f\u00fcr Haarausfall, insbesondere bei Frauen. Zu den eisenreichen Lebensmitteln geh\u00f6ren rotes Fleisch, Spinat, Linsen und angereichertes Getreide. Eine ausreichende Eisenzufuhr ist unerl\u00e4sslich, um das Haar kr\u00e4ftig zu halten und weiteren Verlust zu verhindern.<\/p>\n<h3>Zink: Gesunderhaltung der Kopfhaut<\/h3>\n<p>Zink spielt eine wichtige Rolle bei der Reparatur von Haargewebe und der Gesunderhaltung der die Haarfollikel umgebenden Talgdr\u00fcsen. Ein Zinkmangel kann zu Haarausfall und Kopfhautproblemen wie Schuppen f\u00fchren. Durch die Aufnahme von zinkreichen Lebensmitteln wie Austern, Kichererbsen und K\u00fcrbiskernen in Ihre Ern\u00e4hrung k\u00f6nnen Sie die Gesundheit Ihres Haares unterst\u00fctzen und daf\u00fcr sorgen, dass Ihre Kopfhaut gen\u00e4hrt und im Gleichgewicht bleibt.<\/p>\n<h3>Vitamin D: Stimulierung der Haarfollikel<\/h3>\n<p>Vitamin D ist f\u00fcr die Stimulierung der Haarfollikel, die F\u00f6rderung neuen Wachstums und die Aufrechterhaltung der Haardicke unerl\u00e4sslich. Bei vielen Menschen mit Haarausfall wurde ein niedriger Vitamin-D-Spiegel festgestellt, was diesen N\u00e4hrstoff zu einem wichtigen N\u00e4hrstoff macht, auf den man sich konzentrieren sollte. Sonneneinstrahlung ist eine der besten M\u00f6glichkeiten, um Vitamin D zu erhalten, aber es ist auch in Lebensmitteln wie fettem Fisch, angereicherten Milchprodukten und Nahrungserg\u00e4nzungsmitteln enthalten.<\/p>\n<h3>Omega-3-Fetts\u00e4uren: Entz\u00fcndungen reduzieren und das Haarwachstum f\u00f6rdern<\/h3>\n<p>Omega-3-Fetts\u00e4uren sind unerl\u00e4sslich, um Entz\u00fcndungen in der Kopfhaut zu reduzieren und das Haarwachstum zu f\u00f6rdern. Diese gesunden Fette n\u00e4hren die Haarfollikel, unterst\u00fctzen die Gesundheit der Zellmembranen und verbessern die Haarelastizit\u00e4t. Omega-3-Fetts\u00e4uren sind in Lebensmitteln wie Lachs, Chiasamen, Leinsamen und Waln\u00fcssen enthalten, die alle die Haarst\u00e4rke und den Glanz verbessern k\u00f6nnen.<\/p>\n<h2>Fragen zu den Top-5-N\u00e4hrstoffen<\/h2>\n<details id=\"e-n-accordion-item-9030\" open>\n<summary data-accordion-index=\"1\" tabindex=\"0\" aria-expanded=\"true\" aria-controls=\"e-n-accordion-item-9030\" >\n\t\t\t\t\t Wie viel Vitamin D brauche ich f\u00fcr gesundes Haar?<br \/>\n\t\t\t<svg aria-hidden=\"true\" viewBox=\"0 0 448 512\" xmlns=\"http:\/\/www.w3.org\/2000\/svg\"><path d=\"M416 208H32c-17.67 0-32 14.33-32 32v32c0 17.67 14.33 32 32 32h384c17.67 0 32-14.33 32-32v-32c0-17.67-14.33-32-32-32z\"><\/path><\/svg><br \/>\n\t\t\t<svg aria-hidden=\"true\" viewBox=\"0 0 448 512\" xmlns=\"http:\/\/www.w3.org\/2000\/svg\"><path d=\"M416 208H272V64c0-17.67-14.33-32-32-32h-32c-17.67 0-32 14.33-32 32v144H32c-17.67 0-32 14.33-32 32v32c0 17.67 14.33 32 32 32h144v144c0 17.67 14.33 32 32 32h32c17.67 0 32-14.33 32-32V304h144c17.67 0 32-14.33 32-32v-32c0-17.67-14.33-32-32-32z\"><\/path><\/svg><br \/>\n\t\t\t\t\t\t<\/summary>\n<p>F\u00fcr Erwachsene wird im Allgemeinen eine t\u00e4gliche Zufuhr von 600 IE Vitamin D empfohlen. Personen mit niedrigem Vitamin-D-Spiegel ben\u00f6tigen jedoch m\u00f6glicherweise Nahrungserg\u00e4nzungsmittel oder verst\u00e4rkte Sonneneinstrahlung, um das Haarwachstum zu f\u00f6rdern.<\/p>\n<\/details>\n<details id=\"e-n-accordion-item-9031\" >\n<summary data-accordion-index=\"2\" tabindex=\"-1\" aria-expanded=\"false\" aria-controls=\"e-n-accordion-item-9031\" >\n\t\t\t\t\t Ist es m\u00f6glich, alle notwendigen N\u00e4hrstoffe allein \u00fcber die Ern\u00e4hrung aufzunehmen?<br \/>\n\t\t\t<svg aria-hidden=\"true\" viewBox=\"0 0 448 512\" xmlns=\"http:\/\/www.w3.org\/2000\/svg\"><path d=\"M416 208H32c-17.67 0-32 14.33-32 32v32c0 17.67 14.33 32 32 32h384c17.67 0 32-14.33 32-32v-32c0-17.67-14.33-32-32-32z\"><\/path><\/svg><br \/>\n\t\t\t<svg aria-hidden=\"true\" viewBox=\"0 0 448 512\" xmlns=\"http:\/\/www.w3.org\/2000\/svg\"><path d=\"M416 208H272V64c0-17.67-14.33-32-32-32h-32c-17.67 0-32 14.33-32 32v144H32c-17.67 0-32 14.33-32 32v32c0 17.67 14.33 32 32 32h144v144c0 17.67 14.33 32 32 32h32c17.67 0 32-14.33 32-32V304h144c17.67 0 32-14.33 32-32v-32c0-17.67-14.33-32-32-32z\"><\/path><\/svg><br \/>\n\t\t\t\t\t\t<\/summary>\n<p>W\u00e4hrend eine ausgewogene Ern\u00e4hrung viele der f\u00fcr die Gesundheit der Haare wichtigen N\u00e4hrstoffe liefern kann, ben\u00f6tigen manche Menschen m\u00f6glicherweise Nahrungserg\u00e4nzungsmittel, vor allem, wenn sie unter bestimmten M\u00e4ngeln oder Ern\u00e4hrungseinschr\u00e4nkungen leiden.<\/p>\n<\/details>\n<details id=\"e-n-accordion-item-9032\" >\n<summary data-accordion-index=\"3\" tabindex=\"-1\" aria-expanded=\"false\" aria-controls=\"e-n-accordion-item-9032\" >\n\t\t\t\t\t Gibt es Nahrungserg\u00e4nzungsmittel gegen Haarausfall?<br \/>\n\t\t\t<svg aria-hidden=\"true\" viewBox=\"0 0 448 512\" xmlns=\"http:\/\/www.w3.org\/2000\/svg\"><path d=\"M416 208H32c-17.67 0-32 14.33-32 32v32c0 17.67 14.33 32 32 32h384c17.67 0 32-14.33 32-32v-32c0-17.67-14.33-32-32-32z\"><\/path><\/svg><br \/>\n\t\t\t<svg aria-hidden=\"true\" viewBox=\"0 0 448 512\" xmlns=\"http:\/\/www.w3.org\/2000\/svg\"><path d=\"M416 208H272V64c0-17.67-14.33-32-32-32h-32c-17.67 0-32 14.33-32 32v144H32c-17.67 0-32 14.33-32 32v32c0 17.67 14.33 32 32 32h144v144c0 17.67 14.33 32 32 32h32c17.67 0 32-14.33 32-32V304h144c17.67 0 32-14.33 32-32v-32c0-17.67-14.33-32-32-32z\"><\/path><\/svg><br \/>\n\t\t\t\t\t\t<\/summary>\n<p>Es gibt zahlreiche Nahrungserg\u00e4nzungsmittel, darunter Biotin, Eisen, Vitamin D und Omega-3-Kapseln. Es ist jedoch ratsam, einen Arzt zu konsultieren, bevor Sie eine neue Nahrungserg\u00e4nzungskur beginnen.<\/p>\n<\/details>\n<details id=\"e-n-accordion-item-9033\" >\n<summary data-accordion-index=\"4\" tabindex=\"-1\" aria-expanded=\"false\" aria-controls=\"e-n-accordion-item-9033\" >\n\t\t\t\t\t Kann eine schlechte Ern\u00e4hrung wirklich zu d\u00fcnner werdendem Haar f\u00fchren?<br \/>\n\t\t\t<svg aria-hidden=\"true\" viewBox=\"0 0 448 512\" xmlns=\"http:\/\/www.w3.org\/2000\/svg\"><path d=\"M416 208H32c-17.67 0-32 14.33-32 32v32c0 17.67 14.33 32 32 32h384c17.67 0 32-14.33 32-32v-32c0-17.67-14.33-32-32-32z\"><\/path><\/svg><br \/>\n\t\t\t<svg aria-hidden=\"true\" viewBox=\"0 0 448 512\" xmlns=\"http:\/\/www.w3.org\/2000\/svg\"><path d=\"M416 208H272V64c0-17.67-14.33-32-32-32h-32c-17.67 0-32 14.33-32 32v144H32c-17.67 0-32 14.33-32 32v32c0 17.67 14.33 32 32 32h144v144c0 17.67 14.33 32 32 32h32c17.67 0 32-14.33 32-32V304h144c17.67 0 32-14.33 32-32v-32c0-17.67-14.33-32-32-32z\"><\/path><\/svg><br \/>\n\t\t\t\t\t\t<\/summary>\n<p>Ja, eine Ern\u00e4hrung mit einem Mangel an essenziellen N\u00e4hrstoffen wie Biotin, Eisen und Omega-3-Fetts\u00e4uren kann zu d\u00fcnner werdendem Haar und Haarausfall beitragen. Eine n\u00e4hrstoffreiche Ern\u00e4hrung ist f\u00fcr die Erhaltung eines gesunden Haarwachstums unerl\u00e4sslich.<\/p>\n<\/details>\n<details id=\"e-n-accordion-item-9034\" >\n<summary data-accordion-index=\"5\" tabindex=\"-1\" aria-expanded=\"false\" aria-controls=\"e-n-accordion-item-9034\" >\n\t\t\t\t\t K\u00f6nnen Omega-3-Fetts\u00e4uren die Haardicke wirklich verbessern?<br \/>\n\t\t\t<svg aria-hidden=\"true\" viewBox=\"0 0 448 512\" xmlns=\"http:\/\/www.w3.org\/2000\/svg\"><path d=\"M416 208H32c-17.67 0-32 14.33-32 32v32c0 17.67 14.33 32 32 32h384c17.67 0 32-14.33 32-32v-32c0-17.67-14.33-32-32-32z\"><\/path><\/svg><br \/>\n\t\t\t<svg aria-hidden=\"true\" viewBox=\"0 0 448 512\" xmlns=\"http:\/\/www.w3.org\/2000\/svg\"><path d=\"M416 208H272V64c0-17.67-14.33-32-32-32h-32c-17.67 0-32 14.33-32 32v144H32c-17.67 0-32 14.33-32 32v32c0 17.67 14.33 32 32 32h144v144c0 17.67 14.33 32 32 32h32c17.67 0 32-14.33 32-32V304h144c17.67 0 32-14.33 32-32v-32c0-17.67-14.33-32-32-32z\"><\/path><\/svg><br \/>\n\t\t\t\t\t\t<\/summary>\n<p>Ja, Omega-3-Fetts\u00e4uren wirken entz\u00fcndungshemmend und n\u00e4hren die Haarfollikel, so dass das Haar dicker und elastischer wird. Die Aufnahme von Lebensmitteln wie Lachs und Leinsamen in Ihre Ern\u00e4hrung kann die Haarkraft st\u00e4rken.<\/p>\n<\/details>\n<details id=\"e-n-accordion-item-9035\" >\n<summary data-accordion-index=\"6\" tabindex=\"-1\" aria-expanded=\"false\" aria-controls=\"e-n-accordion-item-9035\" >\n\t\t\t\t\t Welche Lebensmittel sollte ich in meine Ern\u00e4hrung aufnehmen, um Haarausfall zu reduzieren?<br \/>\n\t\t\t<svg aria-hidden=\"true\" viewBox=\"0 0 448 512\" xmlns=\"http:\/\/www.w3.org\/2000\/svg\"><path d=\"M416 208H32c-17.67 0-32 14.33-32 32v32c0 17.67 14.33 32 32 32h384c17.67 0 32-14.33 32-32v-32c0-17.67-14.33-32-32-32z\"><\/path><\/svg><br \/>\n\t\t\t<svg aria-hidden=\"true\" viewBox=\"0 0 448 512\" xmlns=\"http:\/\/www.w3.org\/2000\/svg\"><path d=\"M416 208H272V64c0-17.67-14.33-32-32-32h-32c-17.67 0-32 14.33-32 32v144H32c-17.67 0-32 14.33-32 32v32c0 17.67 14.33 32 32 32h144v144c0 17.67 14.33 32 32 32h32c17.67 0 32-14.33 32-32V304h144c17.67 0 32-14.33 32-32v-32c0-17.67-14.33-32-32-32z\"><\/path><\/svg><br \/>\n\t\t\t\t\t\t<\/summary>\n<p>Nehmen Sie Lebensmittel zu sich, die reich an Biotin (Eier, N\u00fcsse), Eisen (Spinat, rotes Fleisch), Zink (K\u00fcrbiskerne, Austern), Vitamin D (fetter Fisch, angereichertes Getreide) und Omega-3-Fetts\u00e4uren (Lachs, Leinsamen) sind, um ein gesundes Haarwachstum zu f\u00f6rdern.<\/p>\n<\/details>\n<details id=\"e-n-accordion-item-9036\" >\n<summary data-accordion-index=\"7\" tabindex=\"-1\" aria-expanded=\"false\" aria-controls=\"e-n-accordion-item-9036\" >\n\t\t\t\t\t Wie lange dauert es, bis eine n\u00e4hrstoffreiche Ern\u00e4hrung die Haargesundheit verbessert?<br \/>\n\t\t\t<svg aria-hidden=\"true\" viewBox=\"0 0 448 512\" xmlns=\"http:\/\/www.w3.org\/2000\/svg\"><path d=\"M416 208H32c-17.67 0-32 14.33-32 32v32c0 17.67 14.33 32 32 32h384c17.67 0 32-14.33 32-32v-32c0-17.67-14.33-32-32-32z\"><\/path><\/svg><br \/>\n\t\t\t<svg aria-hidden=\"true\" viewBox=\"0 0 448 512\" xmlns=\"http:\/\/www.w3.org\/2000\/svg\"><path d=\"M416 208H272V64c0-17.67-14.33-32-32-32h-32c-17.67 0-32 14.33-32 32v144H32c-17.67 0-32 14.33-32 32v32c0 17.67 14.33 32 32 32h144v144c0 17.67 14.33 32 32 32h32c17.67 0 32-14.33 32-32V304h144c17.67 0 32-14.33 32-32v-32c0-17.67-14.33-32-32-32z\"><\/path><\/svg><br \/>\n\t\t\t\t\t\t<\/summary>\n<p>Die Ergebnisse sind unterschiedlich, aber die meisten Menschen bemerken innerhalb von 3 bis 6 Monaten eine Verbesserung der Haarst\u00e4rke und des Haarwachstums, wenn sie eine ausgewogene, n\u00e4hrstoffreiche Ern\u00e4hrung einhalten.<\/p>\n<\/details>\n<p>F\u00fcr Erwachsene wird im Allgemeinen eine t\u00e4gliche Zufuhr von 600 IE Vitamin D empfohlen. Personen mit niedrigem Vitamin-D-Spiegel ben\u00f6tigen jedoch m\u00f6glicherweise Nahrungserg\u00e4nzungsmittel oder verst\u00e4rkte Sonneneinstrahlung, um das Haarwachstum zu f\u00f6rdern.<\/p>\n<p>W\u00e4hrend eine ausgewogene Ern\u00e4hrung viele der f\u00fcr die Gesundheit der Haare wichtigen N\u00e4hrstoffe liefern kann, ben\u00f6tigen manche Menschen m\u00f6glicherweise Nahrungserg\u00e4nzungsmittel, vor allem, wenn sie unter bestimmten M\u00e4ngeln oder Ern\u00e4hrungseinschr\u00e4nkungen leiden.<\/p>\n<p>Es gibt zahlreiche Nahrungserg\u00e4nzungsmittel, darunter Biotin, Eisen, Vitamin D und Omega-3-Kapseln. Es ist jedoch ratsam, einen Arzt zu konsultieren, bevor Sie eine neue Nahrungserg\u00e4nzungskur beginnen.<\/p>\n<p>Ja, eine Ern\u00e4hrung mit einem Mangel an essenziellen N\u00e4hrstoffen wie Biotin, Eisen und Omega-3-Fetts\u00e4uren kann zu d\u00fcnner werdendem Haar und Haarausfall beitragen. Eine n\u00e4hrstoffreiche Ern\u00e4hrung ist f\u00fcr die Erhaltung eines gesunden Haarwachstums unerl\u00e4sslich.<\/p>\n<p>Ja, Omega-3-Fetts\u00e4uren wirken entz\u00fcndungshemmend und n\u00e4hren die Haarfollikel, so dass das Haar dicker und elastischer wird. Die Aufnahme von Lebensmitteln wie Lachs und Leinsamen in Ihre Ern\u00e4hrung kann die Haarkraft st\u00e4rken.<\/p>\n<p>Nehmen Sie Lebensmittel zu sich, die reich an Biotin (Eier, N\u00fcsse), Eisen (Spinat, rotes Fleisch), Zink (K\u00fcrbiskerne, Austern), Vitamin D (fetter Fisch, angereichertes Getreide) und Omega-3-Fetts\u00e4uren (Lachs, Leinsamen) sind, um ein gesundes Haarwachstum zu f\u00f6rdern.<\/p>\n<p>Die Ergebnisse sind unterschiedlich, aber die meisten Menschen bemerken innerhalb von 3 bis 6 Monaten eine Verbesserung der Haarst\u00e4rke und des Haarwachstums, wenn sie eine ausgewogene, n\u00e4hrstoffreiche Ern\u00e4hrung einhalten.<\/p>\n","protected":false},"excerpt":{"rendered":"<p>Die 5 wichtigsten N\u00e4hrstoffe f\u00fcr die Ern\u00e4hrung bei Haarausfall Dr. Terziler Inhaltsverzeichnis Was sind die f\u00fcnf wichtigsten N\u00e4hrstoffe bei Haarausfall? Haarausfall kann oft mit N\u00e4hrstoffmangel in Verbindung gebracht werden. Deshalb kann eine ausgewogene Ern\u00e4hrung dazu beitragen, die Gesundheit der Haare zu erhalten und eine Ausd\u00fcnnung zu verhindern. Essentielle N\u00e4hrstoffe spielen eine entscheidende Rolle bei der [&hellip;]<\/p>\n","protected":false},"author":6,"featured_media":0,"parent":12934,"menu_order":0,"comment_status":"closed","ping_status":"closed","template":"","meta":{"footnotes":""},"class_list":["post-13606","page","type-page","status-publish","hentry"],"_links":{"self":[{"href":"https:\/\/drterziler.com\/de\/wp-json\/wp\/v2\/pages\/13606","targetHints":{"allow":["GET"]}}],"collection":[{"href":"https:\/\/drterziler.com\/de\/wp-json\/wp\/v2\/pages"}],"about":[{"href":"https:\/\/drterziler.com\/de\/wp-json\/wp\/v2\/types\/page"}],"author":[{"embeddable":true,"href":"https:\/\/drterziler.com\/de\/wp-json\/wp\/v2\/users\/6"}],"replies":[{"embeddable":true,"href":"https:\/\/drterziler.com\/de\/wp-json\/wp\/v2\/comments?post=13606"}],"version-history":[{"count":8,"href":"https:\/\/drterziler.com\/de\/wp-json\/wp\/v2\/pages\/13606\/revisions"}],"predecessor-version":[{"id":45079,"href":"https:\/\/drterziler.com\/de\/wp-json\/wp\/v2\/pages\/13606\/revisions\/45079"}],"up":[{"embeddable":true,"href":"https:\/\/drterziler.com\/de\/wp-json\/wp\/v2\/pages\/12934"}],"wp:attachment":[{"href":"https:\/\/drterziler.com\/de\/wp-json\/wp\/v2\/media?parent=13606"}],"curies":[{"name":"wp","href":"https:\/\/api.w.org\/{rel}","templated":true}]}}