{"id":13608,"date":"2024-09-02T14:03:32","date_gmt":"2024-09-02T14:03:32","guid":{"rendered":"https:\/\/drterziler.com\/?page_id=13608"},"modified":"2025-05-26T23:51:47","modified_gmt":"2025-05-26T23:51:47","slug":"saegepalme","status":"publish","type":"page","link":"https:\/\/drterziler.com\/de\/haarausfall\/saegepalme\/","title":{"rendered":"S\u00e4gepalme bei Haarausfall: Funktioniert es?"},"content":{"rendered":"<nav aria-label=\"breadcrumbs\">\n<p>Dr. Terziler<\/p>\n<\/nav>\n<h4>\n\t\t\t\tInhaltsverzeichnis\t\t\t<\/h4>\n<p>\t\t\t\t\t\t\t<svg aria-hidden=\"true\" viewBox=\"0 0 448 512\" xmlns=\"http:\/\/www.w3.org\/2000\/svg\"><path d=\"M207.029 381.476L12.686 187.132c-9.373-9.373-9.373-24.569 0-33.941l22.667-22.667c9.357-9.357 24.522-9.375 33.901-.04L224 284.505l154.745-154.021c9.379-9.335 24.544-9.317 33.901.04l22.667 22.667c9.373 9.373 9.373 24.569 0 33.941L240.971 381.476c-9.373 9.372-24.569 9.372-33.942 0z\"><\/path><\/svg><br \/>\n\t\t\t\t<svg aria-hidden=\"true\" viewBox=\"0 0 448 512\" xmlns=\"http:\/\/www.w3.org\/2000\/svg\"><path d=\"M240.971 130.524l194.343 194.343c9.373 9.373 9.373 24.569 0 33.941l-22.667 22.667c-9.357 9.357-24.522 9.375-33.901.04L224 227.495 69.255 381.516c-9.379 9.335-24.544 9.317-33.901-.04l-22.667-22.667c-9.373-9.373-9.373-24.569 0-33.941L207.03 130.525c9.372-9.373 24.568-9.373 33.941-.001z\"><\/path><\/svg><br \/>\n\t\t\t\t<svg aria-hidden=\"true\" viewBox=\"0 0 1000 1000\" xmlns=\"http:\/\/www.w3.org\/2000\/svg\"><path d=\"M500 975V858C696 858 858 696 858 500S696 142 500 142 142 304 142 500H25C25 237 238 25 500 25S975 237 975 500 763 975 500 975Z\"><\/path><\/svg><br \/>\n\t\t\t\t\t\t\t\t\t\t\t\t\t\t\t\t\t\t\t\t\t\t<img loading=\"lazy\" decoding=\"async\" width=\"883\" height=\"558\" src=\"https:\/\/drterziler.com\/wp-content\/uploads\/2024\/11\/saw-palmetto-hair-loss.png\" alt=\"\" srcset=\"https:\/\/drterziler.com\/wp-content\/uploads\/2024\/11\/saw-palmetto-hair-loss.png 883w, https:\/\/drterziler.com\/wp-content\/uploads\/2024\/11\/saw-palmetto-hair-loss-300x190.png 300w, https:\/\/drterziler.com\/wp-content\/uploads\/2024\/11\/saw-palmetto-hair-loss-768x485.png 768w\" sizes=\"auto, (max-width: 883px) 100vw, 883px\">\t\t\t\t\t\t\t\t\t\t\t\t\t<\/p>\n<h1>S\u00e4gepalme gegen Haarausfall: Funktioniert das?<\/h1>\n<p>Haarausfall ist f\u00fcr viele Menschen ein h\u00e4ufiges Problem, und die Suche nach wirksamen Behandlungsmethoden f\u00fchrt oft dazu, dass nat\u00fcrliche Heilmittel erforscht werden. Ein solches Heilmittel, das Aufmerksamkeit erregt hat, ist die S\u00e4gepalme. Aber funktioniert es wirklich? Lassen Sie uns in die Fakten und Forschungsergebnisse rund um diese potenzielle L\u00f6sung gegen Haarausfall eintauchen.<\/p>\n<h2>Was ist S\u00e4gepalme?<\/h2>\n<p>Die S\u00e4gepalme (Serenoa repens) ist eine kleine Palme, die im S\u00fcdosten der USA heimisch ist. Ihre Beeren werden seit Jahrhunderten in der traditionellen Medizin eingesetzt, insbesondere bei Harnwegserkrankungen und Problemen mit der Fortpflanzung. In den letzten Jahren hat sie als potenzielle Behandlung gegen Haarausfall an Beliebtheit gewonnen.<\/p>\n<h2>Wie kann S\u00e4gepalme bei Haarausfall helfen?<\/h2>\n<p>Die potenziellen Vorteile von S\u00e4gepalme bei Haarausfall h\u00e4ngen in erster Linie mit ihrer F\u00e4higkeit zusammen, die Umwandlung von Testosteron in Dihydrotestosteron (DHT) zu blockieren. DHT ist ein Hormon, das eine wichtige Rolle bei der androgenetischen Alopezie spielt, die auch als m\u00e4nnlicher oder weiblicher Haarausfall bekannt ist.<\/p>\n<p>So k\u00f6nnte S\u00e4gepalme helfen:<\/p>\n<ol>\n<li>\n<p><strong>DHT-Blockierung<\/strong>: S\u00e4gepalme kann das Enzym 5-Alpha-Reduktase hemmen, das f\u00fcr die Umwandlung von Testosteron in DHT verantwortlich ist.<\/p>\n<\/li>\n<li>\n<p><strong>Reduzierte Haarfollikel-Miniaturisierung<\/strong>: Durch die potenzielle Senkung des DHT-Spiegels k\u00f6nnte S\u00e4gepalme den Prozess der Haarfollikel-Schrumpfung verlangsamen.<\/p>\n<\/li>\n<li>\n<p><strong>Entz\u00fcndungshemmende Eigenschaften<\/strong>: Einige Studien deuten darauf hin, dass S\u00e4gepalme entz\u00fcndungshemmende Wirkungen hat, die zu einer ges\u00fcnderen Kopfhautumgebung beitragen k\u00f6nnten.<\/p>\n<\/li>\n<\/ol>\n<h2>Was sagt die Forschung?<\/h2>\n<p>Es gibt zwar einige vielversprechende Forschungsergebnisse zu S\u00e4gepalme bei Haarausfall, aber es ist wichtig zu beachten, dass die Beweislage noch begrenzt ist und umfassendere Studien erforderlich sind.<\/p>\n<ul>\n<li>\n<p>Eine systematische \u00dcberpr\u00fcfung aus dem Jahr 2020, die im Journal of Clinical and Aesthetic Dermatology ver\u00f6ffentlicht wurde, ergab, dass S\u00e4gepalme bei der Verbesserung der Haarqualit\u00e4t und -dichte bei Personen mit androgenetischer Alopezie vielversprechend ist.<\/p>\n<\/li>\n<li>\n<p>Eine kleine Studie, die 2012 im International Journal of Immunopathology and Pharmacology ver\u00f6ffentlicht wurde, berichtete, dass 60 % der Teilnehmer, die S\u00e4gepalme verwendeten, ein verbessertes Haarwachstum erlebten.<\/p>\n<\/li>\n<\/ul>\n<p>Es ist jedoch wichtig zu verstehen, dass diese Studien vorl\u00e4ufig sind und weitere Forschung erforderlich ist, um die Wirksamkeit von S\u00e4gepalme bei Haarausfall abschlie\u00dfend zu bestimmen.<\/p>\n<h2>Wie man S\u00e4gepalme bei Haarausfall anwendet<\/h2>\n<p>Wenn Sie erw\u00e4gen, S\u00e4gepalme gegen Haarausfall zu probieren, finden Sie hier einige allgemeine Richtlinien:<\/p>\n<ol>\n<li>\n<p><strong>Form<\/strong>: S\u00e4gepalme ist in verschiedenen Formen erh\u00e4ltlich, darunter Kapseln, Tabletten, fl\u00fcssige Extrakte und topische Anwendungen.<\/p>\n<\/li>\n<li>\n<p><strong>Dosierung<\/strong>: Eine typische orale Dosierung liegt zwischen 160 und 320 mg t\u00e4glich, aber es ist wichtig, sich von einem medizinischen Fachpersonal individuell beraten zu lassen.<\/p>\n<\/li>\n<li>\n<p><strong>Dauer<\/strong>: Es kann mehrere Monate dauern, bis bei regelm\u00e4\u00dfiger Anwendung m\u00f6gliche Effekte sp\u00fcrbar werden.<\/p>\n<\/li>\n<li>\n<p><strong>Kombinationstherapie<\/strong>: Manche Menschen verwenden S\u00e4gepalme in Kombination mit anderen Haarausfallbehandlungen, um m\u00f6glicherweise bessere Ergebnisse zu erzielen.<\/p>\n<\/li>\n<\/ol>\n<h2>M\u00f6gliche Nebenwirkungen und Vorsichtsma\u00dfnahmen<\/h2>\n<p>Obwohl S\u00e4gepalme im Allgemeinen f\u00fcr die meisten Menschen als sicher gilt, kann sie bei einigen Personen Nebenwirkungen verursachen. Dazu k\u00f6nnen geh\u00f6ren:<\/p>\n<ul>\n<li>\n<p>Kopfschmerzen<\/p>\n<\/li>\n<li>\n<p>\u00dcbelkeit<\/p>\n<\/li>\n<li>\n<p>Schwindel<\/p>\n<\/li>\n<li>\n<p>Verstopfung oder Durchfall<\/p>\n<\/li>\n<\/ul>\n<p>Es ist wichtig, vor Beginn einer neuen Nahrungserg\u00e4nzung einen Arzt zu konsultieren, insbesondere wenn Sie bereits gesundheitliche Probleme haben oder Medikamente einnehmen.<\/p>\n<h2>Das Fazit<\/h2>\n<p>S\u00e4gepalme ist zwar ein vielversprechendes nat\u00fcrliches Mittel gegen Haarausfall, aber es gibt noch nicht viele Belege daf\u00fcr. Sie kann als Teil eines umfassenden Behandlungsplans gegen Haarausfall in Betracht gezogen werden, ist aber keine garantierte L\u00f6sung.<\/p>\n<p>In der Dr. Terziler Exclusive Hair Clinic sind wir uns der Auswirkungen bewusst, die Haarausfall auf das Selbstbewusstsein und die Lebensqualit\u00e4t eines Menschen haben kann. Auch wenn nat\u00fcrliche Heilmittel wie S\u00e4gepalme einige Vorteile bieten k\u00f6nnen, ist es wichtig, die Behandlung von Haarausfall ganzheitlich anzugehen.<\/p>\n<p>F\u00fcr eine individuelle Beratung und um die effektivsten, auf Ihre spezifischen Bed\u00fcrfnisse zugeschnittenen Haarwiederherstellungsoptionen zu ermitteln, empfehlen wir Ihnen, sich an unser erfahrenes Team zu wenden. Wir bieten modernste Behandlungen, einschlie\u00dflich fortschrittlicher Haartransplantationstechniken, um Ihnen zu helfen, die bestm\u00f6glichen Ergebnisse auf Ihrem Weg zur Haarwiederherstellung zu erzielen.<\/p>\n<p>Denken Sie daran, dass die Situation des Haarausfalls bei jedem Menschen einzigartig ist und was bei einer Person funktioniert, muss nicht unbedingt bei einer anderen Person funktionieren. Eine professionelle Beurteilung ist der beste Weg, um den effektivsten Behandlungsplan f\u00fcr Ihren speziellen Fall zu ermitteln.<\/p>\n<details id=\"e-n-accordion-item-7970\" open>\n<summary data-accordion-index=\"1\" tabindex=\"0\" aria-expanded=\"true\" aria-controls=\"e-n-accordion-item-7970\" >\n\t\t\t\t\t Was ist S\u00e4gepalme, und wie hilft sie bei Haarausfall?<br \/>\n\t\t\t<svg aria-hidden=\"true\" viewBox=\"0 0 448 512\" xmlns=\"http:\/\/www.w3.org\/2000\/svg\"><path d=\"M416 208H32c-17.67 0-32 14.33-32 32v32c0 17.67 14.33 32 32 32h384c17.67 0 32-14.33 32-32v-32c0-17.67-14.33-32-32-32z\"><\/path><\/svg><br \/>\n\t\t\t<svg aria-hidden=\"true\" viewBox=\"0 0 448 512\" xmlns=\"http:\/\/www.w3.org\/2000\/svg\"><path d=\"M416 208H272V64c0-17.67-14.33-32-32-32h-32c-17.67 0-32 14.33-32 32v144H32c-17.67 0-32 14.33-32 32v32c0 17.67 14.33 32 32 32h144v144c0 17.67 14.33 32 32 32h32c17.67 0 32-14.33 32-32V304h144c17.67 0 32-14.33 32-32v-32c0-17.67-14.33-32-32-32z\"><\/path><\/svg><br \/>\n\t\t\t\t\t\t<\/summary>\n<p>Die S\u00e4gepalme ist ein nat\u00fcrlicher Extrakt, der aus der Frucht des S\u00e4gepalmenbaums gewonnen wird. Er hilft, den Haarausfall zu reduzieren, indem er die Umwandlung von Testosteron in Dihydrotestosteron (DHT) blockiert, ein Hormon, das f\u00fcr das Schrumpfen der Haarfollikel und das Ausd\u00fcnnen der Haare verantwortlich ist.<\/p>\n<\/details>\n<details id=\"e-n-accordion-item-7971\" >\n<summary data-accordion-index=\"2\" tabindex=\"-1\" aria-expanded=\"false\" aria-controls=\"e-n-accordion-item-7971\" >\n\t\t\t\t\t Kann Saw Palmetto das Haar wieder wachsen lassen?<br \/>\n\t\t\t<svg aria-hidden=\"true\" viewBox=\"0 0 448 512\" xmlns=\"http:\/\/www.w3.org\/2000\/svg\"><path d=\"M416 208H32c-17.67 0-32 14.33-32 32v32c0 17.67 14.33 32 32 32h384c17.67 0 32-14.33 32-32v-32c0-17.67-14.33-32-32-32z\"><\/path><\/svg><br \/>\n\t\t\t<svg aria-hidden=\"true\" viewBox=\"0 0 448 512\" xmlns=\"http:\/\/www.w3.org\/2000\/svg\"><path d=\"M416 208H272V64c0-17.67-14.33-32-32-32h-32c-17.67 0-32 14.33-32 32v144H32c-17.67 0-32 14.33-32 32v32c0 17.67 14.33 32 32 32h144v144c0 17.67 14.33 32 32 32h32c17.67 0 32-14.33 32-32V304h144c17.67 0 32-14.33 32-32v-32c0-17.67-14.33-32-32-32z\"><\/path><\/svg><br \/>\n\t\t\t\t\t\t<\/summary>\n<p>S\u00e4gepalme wird zwar in erster Linie zur Vorbeugung gegen weiteren Haarausfall eingesetzt, kann aber in einigen F\u00e4llen auch das Nachwachsen der Haare f\u00f6rdern, indem sie die Gesundheit der Kopfhaut verbessert und den DHT-Spiegel senkt. Die Ergebnisse k\u00f6nnen von Person zu Person variieren.<\/p>\n<\/details>\n<details id=\"e-n-accordion-item-7972\" >\n<summary data-accordion-index=\"3\" tabindex=\"-1\" aria-expanded=\"false\" aria-controls=\"e-n-accordion-item-7972\" >\n\t\t\t\t\t  Ist S\u00e4gepalme wirksam bei androgenetischer Alopezie (Kahlheit bei M\u00e4nnern und Frauen)?<br \/>\n\t\t\t<svg aria-hidden=\"true\" viewBox=\"0 0 448 512\" xmlns=\"http:\/\/www.w3.org\/2000\/svg\"><path d=\"M416 208H32c-17.67 0-32 14.33-32 32v32c0 17.67 14.33 32 32 32h384c17.67 0 32-14.33 32-32v-32c0-17.67-14.33-32-32-32z\"><\/path><\/svg><br \/>\n\t\t\t<svg aria-hidden=\"true\" viewBox=\"0 0 448 512\" xmlns=\"http:\/\/www.w3.org\/2000\/svg\"><path d=\"M416 208H272V64c0-17.67-14.33-32-32-32h-32c-17.67 0-32 14.33-32 32v144H32c-17.67 0-32 14.33-32 32v32c0 17.67 14.33 32 32 32h144v144c0 17.67 14.33 32 32 32h32c17.67 0 32-14.33 32-32V304h144c17.67 0 32-14.33 32-32v-32c0-17.67-14.33-32-32-32z\"><\/path><\/svg><br \/>\n\t\t\t\t\t\t<\/summary>\n<p>Ja, S\u00e4gepalme ist besonders wirksam bei androgenetischer Alopezie, da sie gegen DHT wirkt, das eine der Hauptursachen f\u00fcr diese Art von Haarausfall ist. Sie wird oft als nat\u00fcrliche Alternative zu medizinischen Behandlungen wie Finasterid eingesetzt.<\/p>\n<\/details>\n<details id=\"e-n-accordion-item-7973\" >\n<summary data-accordion-index=\"4\" tabindex=\"-1\" aria-expanded=\"false\" aria-controls=\"e-n-accordion-item-7973\" >\n\t\t\t\t\t Wie lange dauert es, bis ich Ergebnisse mit Saw Palmetto sehe?<br \/>\n\t\t\t<svg aria-hidden=\"true\" viewBox=\"0 0 448 512\" xmlns=\"http:\/\/www.w3.org\/2000\/svg\"><path d=\"M416 208H32c-17.67 0-32 14.33-32 32v32c0 17.67 14.33 32 32 32h384c17.67 0 32-14.33 32-32v-32c0-17.67-14.33-32-32-32z\"><\/path><\/svg><br \/>\n\t\t\t<svg aria-hidden=\"true\" viewBox=\"0 0 448 512\" xmlns=\"http:\/\/www.w3.org\/2000\/svg\"><path d=\"M416 208H272V64c0-17.67-14.33-32-32-32h-32c-17.67 0-32 14.33-32 32v144H32c-17.67 0-32 14.33-32 32v32c0 17.67 14.33 32 32 32h144v144c0 17.67 14.33 32 32 32h32c17.67 0 32-14.33 32-32V304h144c17.67 0 32-14.33 32-32v-32c0-17.67-14.33-32-32-32z\"><\/path><\/svg><br \/>\n\t\t\t\t\t\t<\/summary>\n<p>Es kann 3 bis 6 Monate dauern, bis die Wirkung von S\u00e4gepalme sp\u00fcrbar wird. Um die besten Ergebnisse zu erzielen, ist eine konsequente Einnahme entscheidend.<\/p>\n<\/details>\n<details id=\"e-n-accordion-item-7974\" >\n<summary data-accordion-index=\"5\" tabindex=\"-1\" aria-expanded=\"false\" aria-controls=\"e-n-accordion-item-7974\" >\n\t\t\t\t\t Gibt es Nebenwirkungen bei der Verwendung von S\u00e4gepalme gegen Haarausfall?<br \/>\n\t\t\t<svg aria-hidden=\"true\" viewBox=\"0 0 448 512\" xmlns=\"http:\/\/www.w3.org\/2000\/svg\"><path d=\"M416 208H32c-17.67 0-32 14.33-32 32v32c0 17.67 14.33 32 32 32h384c17.67 0 32-14.33 32-32v-32c0-17.67-14.33-32-32-32z\"><\/path><\/svg><br \/>\n\t\t\t<svg aria-hidden=\"true\" viewBox=\"0 0 448 512\" xmlns=\"http:\/\/www.w3.org\/2000\/svg\"><path d=\"M416 208H272V64c0-17.67-14.33-32-32-32h-32c-17.67 0-32 14.33-32 32v144H32c-17.67 0-32 14.33-32 32v32c0 17.67 14.33 32 32 32h144v144c0 17.67 14.33 32 32 32h32c17.67 0 32-14.33 32-32V304h144c17.67 0 32-14.33 32-32v-32c0-17.67-14.33-32-32-32z\"><\/path><\/svg><br \/>\n\t\t\t\t\t\t<\/summary>\n<p>S\u00e4gepalme ist im Allgemeinen gut vertr\u00e4glich. Bei einigen Anwendern k\u00f6nnen jedoch leichte Nebenwirkungen wie Magenbeschwerden, Schwindelgef\u00fchl oder Kopfschmerzen auftreten. Konsultieren Sie einen Arzt vor der Einnahme, besonders wenn Sie schwanger sind, stillen oder Medikamente einnehmen.<\/p>\n<\/details>\n<details id=\"e-n-accordion-item-7975\" >\n<summary data-accordion-index=\"6\" tabindex=\"-1\" aria-expanded=\"false\" aria-controls=\"e-n-accordion-item-7975\" >\n\t\t\t\t\t Welche Formen von S\u00e4gepalme sind f\u00fcr die Behandlung von Haarausfall erh\u00e4ltlich?<br \/>\n\t\t\t<svg aria-hidden=\"true\" viewBox=\"0 0 448 512\" xmlns=\"http:\/\/www.w3.org\/2000\/svg\"><path d=\"M416 208H32c-17.67 0-32 14.33-32 32v32c0 17.67 14.33 32 32 32h384c17.67 0 32-14.33 32-32v-32c0-17.67-14.33-32-32-32z\"><\/path><\/svg><br \/>\n\t\t\t<svg aria-hidden=\"true\" viewBox=\"0 0 448 512\" xmlns=\"http:\/\/www.w3.org\/2000\/svg\"><path d=\"M416 208H272V64c0-17.67-14.33-32-32-32h-32c-17.67 0-32 14.33-32 32v144H32c-17.67 0-32 14.33-32 32v32c0 17.67 14.33 32 32 32h144v144c0 17.67 14.33 32 32 32h32c17.67 0 32-14.33 32-32V304h144c17.67 0 32-14.33 32-32v-32c0-17.67-14.33-32-32-32z\"><\/path><\/svg><br \/>\n\t\t\t\t\t\t<\/summary>\n<p>Die S\u00e4gepalme ist in verschiedenen Formen erh\u00e4ltlich, darunter Kapseln, Tabletten, Fl\u00fcssigextrakte, Shampoos und topische Seren. Topische Anwendungen zielen auf<\/p>\n<\/details>\n<p>Die S\u00e4gepalme ist ein nat\u00fcrlicher Extrakt, der aus der Frucht des S\u00e4gepalmenbaums gewonnen wird. Er hilft, den Haarausfall zu reduzieren, indem er die Umwandlung von Testosteron in Dihydrotestosteron (DHT) blockiert, ein Hormon, das f\u00fcr das Schrumpfen der Haarfollikel und das Ausd\u00fcnnen der Haare verantwortlich ist.<\/p>\n<p>S\u00e4gepalme wird zwar in erster Linie zur Vorbeugung gegen weiteren Haarausfall eingesetzt, kann aber in einigen F\u00e4llen auch das Nachwachsen der Haare f\u00f6rdern, indem sie die Gesundheit der Kopfhaut verbessert und den DHT-Spiegel senkt. Die Ergebnisse k\u00f6nnen von Person zu Person variieren.<\/p>\n<p>Ja, S\u00e4gepalme ist besonders wirksam bei androgenetischer Alopezie, da sie gegen DHT wirkt, das eine der Hauptursachen f\u00fcr diese Art von Haarausfall ist. Sie wird oft als nat\u00fcrliche Alternative zu medizinischen Behandlungen wie Finasterid eingesetzt.<\/p>\n<p>Es kann 3 bis 6 Monate dauern, bis die Wirkung von S\u00e4gepalme sp\u00fcrbar wird. Um die besten Ergebnisse zu erzielen, ist eine konsequente Einnahme entscheidend.<\/p>\n<p>S\u00e4gepalme ist im Allgemeinen gut vertr\u00e4glich. Bei einigen Anwendern k\u00f6nnen jedoch leichte Nebenwirkungen wie Magenbeschwerden, Schwindelgef\u00fchl oder Kopfschmerzen auftreten. Konsultieren Sie einen Arzt vor der Einnahme, besonders wenn Sie schwanger sind, stillen oder Medikamente einnehmen.<\/p>\n<p>Die S\u00e4gepalme ist in verschiedenen Formen erh\u00e4ltlich, darunter Kapseln, Tabletten, Fl\u00fcssigextrakte, Shampoos und topische Seren. Topische Anwendungen zielen auf<\/p>\n","protected":false},"excerpt":{"rendered":"<p>Dr. Terziler Inhaltsverzeichnis S\u00e4gepalme gegen Haarausfall: Funktioniert das? Haarausfall ist f\u00fcr viele Menschen ein h\u00e4ufiges Problem, und die Suche nach wirksamen Behandlungsmethoden f\u00fchrt oft dazu, dass nat\u00fcrliche Heilmittel erforscht werden. Ein solches Heilmittel, das Aufmerksamkeit erregt hat, ist die S\u00e4gepalme. Aber funktioniert es wirklich? Lassen Sie uns in die Fakten und Forschungsergebnisse rund um diese [&hellip;]<\/p>\n","protected":false},"author":6,"featured_media":0,"parent":12934,"menu_order":0,"comment_status":"closed","ping_status":"closed","template":"","meta":{"footnotes":""},"class_list":["post-13608","page","type-page","status-publish","hentry"],"_links":{"self":[{"href":"https:\/\/drterziler.com\/de\/wp-json\/wp\/v2\/pages\/13608","targetHints":{"allow":["GET"]}}],"collection":[{"href":"https:\/\/drterziler.com\/de\/wp-json\/wp\/v2\/pages"}],"about":[{"href":"https:\/\/drterziler.com\/de\/wp-json\/wp\/v2\/types\/page"}],"author":[{"embeddable":true,"href":"https:\/\/drterziler.com\/de\/wp-json\/wp\/v2\/users\/6"}],"replies":[{"embeddable":true,"href":"https:\/\/drterziler.com\/de\/wp-json\/wp\/v2\/comments?post=13608"}],"version-history":[{"count":5,"href":"https:\/\/drterziler.com\/de\/wp-json\/wp\/v2\/pages\/13608\/revisions"}],"predecessor-version":[{"id":38509,"href":"https:\/\/drterziler.com\/de\/wp-json\/wp\/v2\/pages\/13608\/revisions\/38509"}],"up":[{"embeddable":true,"href":"https:\/\/drterziler.com\/de\/wp-json\/wp\/v2\/pages\/12934"}],"wp:attachment":[{"href":"https:\/\/drterziler.com\/de\/wp-json\/wp\/v2\/media?parent=13608"}],"curies":[{"name":"wp","href":"https:\/\/api.w.org\/{rel}","templated":true}]}}