{"id":14639,"date":"2024-12-29T14:36:20","date_gmt":"2024-12-29T14:36:20","guid":{"rendered":"https:\/\/drterziler.com\/?page_id=14639"},"modified":"2026-02-28T18:10:25","modified_gmt":"2026-02-28T18:10:25","slug":"staerkung-der-immunitaet","status":"publish","type":"page","link":"https:\/\/drterziler.com\/de\/langlebigkeit\/glutathion-und-vitamin-c\/staerkung-der-immunitaet\/","title":{"rendered":"St\u00e4rkung der Immunit\u00e4t mit Glutathion und Vitamin C"},"content":{"rendered":"<div class=\"page-content\">\n<div id=\"header-area\">\n<div class=\"container\" id=\"firstContent\">\n<div class=\"header-content d-flex flex-column\">\n<h1 class=\"content-title h1-header\">St\u00e4rkung der Immunit\u00e4t mit Glutathion und Vitamin C<\/h1>\n<div class=\"content-paragraph\">\n<p class=\"p-text\">\n<\/p><\/div>\n<nav aria-label=\"breadcrumb\" class=\"breadcrumbs\">\n<ul class=\"d-flex align-items-center mb-0\">\n<li><a class=\"link\" href=\"https:\/\/drterziler.com\/de\/\"><span>Dr. Terziler Exclusive Clinic<\/span><\/a><\/li>\n<li class=\"separator\">\u00bb<\/li>\n<li><a class=\"link\" href=\"https:\/\/drterziler.com\/de\/langlebigkeit\/\"><span>Langlebigkeit<\/span><\/a><\/li>\n<li class=\"separator\">\u00bb<\/li>\n<li><a class=\"link\" href=\"https:\/\/drterziler.com\/de\/langlebigkeit\/glutathion-und-vitamin-c\/\"><span>Glutathion und Vitamin C<\/span><\/a><\/li>\n<li class=\"separator\">\u00bb<\/li>\n<li class=\"current-page\"><span>St\u00e4rkung der Immunit\u00e4t mit Glutathion und Vitamin C<\/span><\/li>\n<\/ul>\n<\/nav><\/div>\n<\/p><\/div>\n<\/p><\/div>\n<\/div>\n<section id=\"content-area\">\n<div class=\"container my-5\">\n<div class=\"row align-items-start\">\n<div class=\"col-md-6 order-2 order-md-1\">\n<div class=\"custom-toc-box\">\n<div id=\"toc-header\">\n<h4>Inhaltsverzeichnis<\/h4>\n<div class=\"toc-toggle-icon\"><\/div>\n<\/p><\/div>\n<div class=\"toc-full-divider\"><\/div>\n<div id=\"toc-body\">\n<div id=\"toc-container\"><\/div>\n<\/p><\/div>\n<\/p><\/div>\n<\/p><\/div>\n<div class=\"col-md-6 order-1 order-md-2\" id=\"jForm\">\n                <script type=\"text\/javascript\" src=\"https:\/\/form.jotform.com\/jsform\/242882128947973\"><\/script>\n            <\/div>\n<\/p><\/div>\n<\/p><\/div>\n<div class=\"container\">\n<div class=\"img-thumb\">\n            <img loading=\"lazy\" decoding=\"async\" width=\"800\" height=\"488\" src=\"https:\/\/drterziler.com\/wp-content\/uploads\/2024\/12\/boosting-immunity-vitamin-c.png\" alt=\"\" srcset=\"https:\/\/drterziler.com\/wp-content\/uploads\/2024\/12\/boosting-immunity-vitamin-c.png 823w, https:\/\/drterziler.com\/wp-content\/uploads\/2024\/12\/boosting-immunity-vitamin-c-300x183.png 300w, https:\/\/drterziler.com\/wp-content\/uploads\/2024\/12\/boosting-immunity-vitamin-c-768x468.png 768w\" sizes=\"auto, (max-width: 800px) 100vw, 800px\">\n        <\/div>\n<div>\n<div>\n<h2 class=\"h2-header\">Das Duo zur St\u00e4rkung des Immunsystems<\/h2>\n<\/p><\/div>\n<div>\n<p class=\"p-text\">Unser Immunsystem ist die erste Verteidigungslinie unseres K\u00f6rpers gegen Krankheiten, und es stark zu halten, ist f\u00fcr die allgemeine Gesundheit von entscheidender Bedeutung. Glutathion und Vitamin C sind zwei starke Antioxidantien, die eine wichtige Rolle bei der Unterst\u00fctzung und St\u00e4rkung der Immunfunktion spielen. Zusammen wirken sie synergetisch, um oxidativen Stress zu bek\u00e4mpfen, Zellen zu sch\u00fctzen und eine robuste Immunantwort aufrechtzuerhalten. In diesem Artikel untersuchen wir, wie diese beiden N\u00e4hrstoffe das Immunsystem st\u00e4rken und warum sie f\u00fcr Ihre Wellness-Routine unerl\u00e4sslich sind. Die Rolle von Glutathion f\u00fcr die Immunabwehr Glutathion, oft als \u201eHauptantioxidans\u201c bezeichnet, ist f\u00fcr die Aufrechterhaltung der Zellgesundheit und eines starken Immunsystems von entscheidender Bedeutung. Es hilft bei der Entgiftung des K\u00f6rpers, unterst\u00fctzt die Produktion wei\u00dfer Blutk\u00f6rperchen und sch\u00fctzt die Zellen vor Sch\u00e4den durch freie Radikale. Durch die Auff\u00fcllung des Glutathionspiegels im K\u00f6rper k\u00f6nnen Sie Ihre Abwehrkr\u00e4fte gegen Infektionen und Entz\u00fcndungen st\u00e4rken. Seine Rolle bei der Regulierung des Immunsystems macht es zu einem unverzichtbaren Verb\u00fcndeten f\u00fcr die allgemeine Gesundheit. Wie Vitamin C die Immunfunktion verbessert Vitamin C ist ein bekannter Immunverst\u00e4rker, der die Wirkung von Glutathion erg\u00e4nzt. Es regt die Produktion von Antik\u00f6rpern und wei\u00dfen Blutk\u00f6rperchen an, die f\u00fcr die Abwehr von Krankheitserregern unerl\u00e4sslich sind. Dar\u00fcber hinaus verbessert Vitamin C die Bioverf\u00fcgbarkeit von Glutathion im K\u00f6rper und sorgt so f\u00fcr einen angemessenen Schutz Ihrer Zellen. Die regelm\u00e4\u00dfige Einnahme von Vitamin C verk\u00fcrzt nicht nur die Dauer von Erk\u00e4ltungen, sondern sch\u00fctzt auch vor oxidativem Stress und sorgt daf\u00fcr, dass das Immunsystem optimal funktioniert. Warum die Kombination von Glutathion und Vitamin C wirksam ist Wenn Glutathion und Vitamin C zusammen eingenommen werden, entsteht ein Synergieeffekt, der ihre Vorteile verst\u00e4rkt. Vitamin C regeneriert den Glutathionspiegel und sorgt daf\u00fcr, dass dieses starke Antioxidans Ihren K\u00f6rper weiterhin sch\u00fctzt. Die Kombination hilft, freie Radikale zu neutralisieren, Entz\u00fcndungen zu reduzieren und unterst\u00fctzt eine schnellere Genesung von Krankheiten. Wenn Sie beide in Ihre t\u00e4gliche Routine einbauen, k\u00f6nnen Sie Ihr Immunsystem st\u00e4rken, wodurch Sie widerstandsf\u00e4higer gegen saisonale Bedrohungen werden und Ihre langfristige Gesundheit gef\u00f6rdert wird. Was ist die Hauptaufgabe von Glutathion im Immunsystem? Glutathion wirkt als Hauptantioxidans, sch\u00fctzt die Zellen vor oxidativem Stress und unterst\u00fctzt die Produktion wei\u00dfer Blutk\u00f6rperchen zur Aufrechterhaltung der Immunfunktion. Wie erg\u00e4nzt Vitamin C das Glutathion? Vitamin C erh\u00f6ht die Bioverf\u00fcgbarkeit von Glutathion, regeneriert dessen Spiegel und wirkt synergetisch, um freie Radikale zu neutralisieren und Entz\u00fcndungen zu reduzieren. K\u00f6nnen Glutathion und Vitamin C helfen, Erk\u00e4ltungen und Grippe vorzubeugen? Ja, beide N\u00e4hrstoffe st\u00e4rken das Immunsystem und helfen Ihrem K\u00f6rper, Infektionen abzuwehren und sich schneller von Krankheiten wie Erk\u00e4ltungen und Grippe zu erholen. Wie kann ich Glutathion und Vitamin C in meinen Tagesablauf integrieren? Sie k\u00f6nnen sie durch eine ausgewogene Ern\u00e4hrung, die reich an Obst und Gem\u00fcse ist, und bei Bedarf durch Nahrungserg\u00e4nzungsmittel aufnehmen. Konsultieren Sie immer einen Gesundheitsdienstleister, bevor Sie eine Nahrungserg\u00e4nzungskur beginnen. K\u00f6nnen Glutathion und Vitamin C die Gesundheit der Haut verbessern und gleichzeitig das Immunsystem st\u00e4rken? Ja, beide N\u00e4hrstoffe unterst\u00fctzen die Gesundheit der Haut, indem sie oxidativen Stress reduzieren und die Kollagenproduktion f\u00f6rdern, was sich positiv auf das allgemeine Wohlbefinden auswirkt. Wie lange dauert es, bis die Vorteile von Glutathion und Vitamin C sichtbar werden? Die Ergebnisse variieren je nach individuellem Gesundheitszustand, aber eine konsequente Einnahme f\u00fchrt oft innerhalb weniger Wochen zu einer sp\u00fcrbaren Verbesserung der Immunit\u00e4t und des Energieniveaus. Glutathion wirkt als Hauptantioxidans, sch\u00fctzt die Zellen vor oxidativem Stress und unterst\u00fctzt die Produktion wei\u00dfer Blutk\u00f6rperchen zur Aufrechterhaltung der Immunfunktion. Vitamin C erh\u00f6ht die Bioverf\u00fcgbarkeit von Glutathion, regeneriert dessen Spiegel und wirkt synergetisch, um freie Radikale zu neutralisieren und Entz\u00fcndungen zu reduzieren. Ja, beide N\u00e4hrstoffe st\u00e4rken das Immunsystem und helfen Ihrem K\u00f6rper, Infektionen abzuwehren und sich schneller von Krankheiten wie Erk\u00e4ltungen und Grippe zu erholen. Sie k\u00f6nnen sie durch eine ausgewogene Ern\u00e4hrung, die reich an Obst und Gem\u00fcse ist, und bei Bedarf durch Nahrungserg\u00e4nzungsmittel aufnehmen. Konsultieren Sie immer einen Gesundheitsdienstleister, bevor Sie eine Nahrungserg\u00e4nzungskur beginnen. Ja, beide N\u00e4hrstoffe unterst\u00fctzen die Gesundheit der Haut, indem sie oxidativen Stress reduzieren und die Kollagenproduktion f\u00f6rdern, was sich positiv auf das allgemeine Wohlbefinden auswirkt. Die Ergebnisse variieren je nach individuellem Gesundheitszustand, aber eine konsequente Einnahme f\u00fchrt oft innerhalb weniger Wochen zu einer sp\u00fcrbaren Verbesserung der Immunit\u00e4t und des Energieniveaus.<\/p>\n<\/p><\/div>\n<\/p><\/div>\n<\/p><\/div>\n<\/section>\n","protected":false},"excerpt":{"rendered":"<p>St\u00e4rkung der Immunit\u00e4t mit Glutathion und Vitamin C Dr. Terziler Exclusive Clinic \u00bb Langlebigkeit \u00bb Glutathion und Vitamin C \u00bb St\u00e4rkung der Immunit\u00e4t mit Glutathion und Vitamin C Inhaltsverzeichnis Das Duo zur St\u00e4rkung des Immunsystems Unser Immunsystem ist die erste Verteidigungslinie unseres K\u00f6rpers gegen Krankheiten, und es stark zu halten, ist f\u00fcr die allgemeine Gesundheit [&hellip;]<\/p>\n","protected":false},"author":6,"featured_media":0,"parent":2862,"menu_order":0,"comment_status":"closed","ping_status":"closed","template":"","meta":{"footnotes":""},"class_list":["post-14639","page","type-page","status-publish","hentry"],"_links":{"self":[{"href":"https:\/\/drterziler.com\/de\/wp-json\/wp\/v2\/pages\/14639","targetHints":{"allow":["GET"]}}],"collection":[{"href":"https:\/\/drterziler.com\/de\/wp-json\/wp\/v2\/pages"}],"about":[{"href":"https:\/\/drterziler.com\/de\/wp-json\/wp\/v2\/types\/page"}],"author":[{"embeddable":true,"href":"https:\/\/drterziler.com\/de\/wp-json\/wp\/v2\/users\/6"}],"replies":[{"embeddable":true,"href":"https:\/\/drterziler.com\/de\/wp-json\/wp\/v2\/comments?post=14639"}],"version-history":[{"count":7,"href":"https:\/\/drterziler.com\/de\/wp-json\/wp\/v2\/pages\/14639\/revisions"}],"predecessor-version":[{"id":58233,"href":"https:\/\/drterziler.com\/de\/wp-json\/wp\/v2\/pages\/14639\/revisions\/58233"}],"up":[{"embeddable":true,"href":"https:\/\/drterziler.com\/de\/wp-json\/wp\/v2\/pages\/2862"}],"wp:attachment":[{"href":"https:\/\/drterziler.com\/de\/wp-json\/wp\/v2\/media?parent=14639"}],"curies":[{"name":"wp","href":"https:\/\/api.w.org\/{rel}","templated":true}]}}