{"id":14643,"date":"2024-12-29T15:33:07","date_gmt":"2024-12-29T15:33:07","guid":{"rendered":"https:\/\/drterziler.com\/?page_id=14643"},"modified":"2026-02-28T18:11:30","modified_gmt":"2026-02-28T18:11:30","slug":"ebenmaessiger-hautton-die-kraft","status":"publish","type":"page","link":"https:\/\/drterziler.com\/de\/langlebigkeit\/glutathion-und-vitamin-c\/ebenmaessiger-hautton-die-kraft\/","title":{"rendered":"Ebenm\u00e4\u00dfiger Hautton: Die Kraft von Glutathion- und Vitamin-C-Behandlungen"},"content":{"rendered":"<div class=\"page-content\">\n<div id=\"header-area\">\n<div class=\"container\" id=\"firstContent\">\n<div class=\"header-content d-flex flex-column\">\n<h1 class=\"content-title h1-header\">Ebenm\u00e4\u00dfiger Hautton: Die Kraft von Glutathion- und Vitamin-C-Behandlungen<\/h1>\n<div class=\"content-paragraph\">\n<p class=\"p-text\">\n<\/p><\/div>\n<nav aria-label=\"breadcrumb\" class=\"breadcrumbs\">\n<ul class=\"d-flex align-items-center mb-0\">\n<li><a class=\"link\" href=\"https:\/\/drterziler.com\/de\/\"><span>Dr. Terziler Exclusive Clinic<\/span><\/a><\/li>\n<li class=\"separator\">\u00bb<\/li>\n<li><a class=\"link\" href=\"https:\/\/drterziler.com\/de\/langlebigkeit\/\"><span>Langlebigkeit<\/span><\/a><\/li>\n<li class=\"separator\">\u00bb<\/li>\n<li><a class=\"link\" href=\"https:\/\/drterziler.com\/de\/langlebigkeit\/glutathion-und-vitamin-c\/\"><span>Glutathion und Vitamin C<\/span><\/a><\/li>\n<li class=\"separator\">\u00bb<\/li>\n<li class=\"current-page\"><span>Ebenm\u00e4\u00dfiger Hautton: Die Kraft von Glutathion- und Vitamin-C-Behandlungen<\/span><\/li>\n<\/ul>\n<\/nav><\/div>\n<\/p><\/div>\n<\/p><\/div>\n<\/div>\n<section id=\"content-area\">\n<div class=\"container my-5\">\n<div class=\"row align-items-start\">\n<div class=\"col-md-6 order-2 order-md-1\">\n<div class=\"custom-toc-box\">\n<div id=\"toc-header\">\n<h4>Inhaltsverzeichnis<\/h4>\n<div class=\"toc-toggle-icon\"><\/div>\n<\/p><\/div>\n<div class=\"toc-full-divider\"><\/div>\n<div id=\"toc-body\">\n<div id=\"toc-container\"><\/div>\n<\/p><\/div>\n<\/p><\/div>\n<\/p><\/div>\n<div class=\"col-md-6 order-1 order-md-2\" id=\"jForm\">\n                <script type=\"text\/javascript\" src=\"https:\/\/form.jotform.com\/jsform\/242882128947973\"><\/script>\n            <\/div>\n<\/p><\/div>\n<\/p><\/div>\n<div class=\"container\">\n<div class=\"img-thumb\">\n            <img loading=\"lazy\" decoding=\"async\" width=\"665\" height=\"444\" src=\"https:\/\/drterziler.com\/wp-content\/uploads\/2024\/12\/brighten-skin-tone.png\" alt=\"\" srcset=\"https:\/\/drterziler.com\/wp-content\/uploads\/2024\/12\/brighten-skin-tone.png 665w, https:\/\/drterziler.com\/wp-content\/uploads\/2024\/12\/brighten-skin-tone-300x200.png 300w\" sizes=\"auto, (max-width: 665px) 100vw, 665px\">\n        <\/div>\n<div>\n<div>\n<h2 class=\"h2-header\">Eine helle L\u00f6sung f\u00fcr ungleichm\u00e4\u00dfigen Hautton<\/h2>\n<\/p><\/div>\n<div>\n<p class=\"p-text\">Ungleichm\u00e4\u00dfiger Hautton ist ein h\u00e4ufiges Problem, das durch Faktoren wie Sonnensch\u00e4den, hormonelle Ver\u00e4nderungen oder Umweltschadstoffe verursacht wird. Glutathion und Vitamin C haben sich als ideale L\u00f6sungen f\u00fcr einen ebenm\u00e4\u00dfigen Teint erwiesen. Ihre kombinierten antioxidativen Eigenschaften helfen, Hyperpigmentierung zu reduzieren, dunkle Flecken verblassen zu lassen und einen gleichm\u00e4\u00dfigen Hautton zu f\u00f6rdern. In diesem Artikel werden wir untersuchen, wie diese beiden leistungsstarken Inhaltsstoffe wirken und warum sie die Hautpflege revolutionieren. Die Wissenschaft hinter der aufhellenden Wirkung von Glutathion Glutathion wird aufgrund seiner F\u00e4higkeit, die Melaninproduktion zu hemmen, oft als hautaufhellendes Kraftpaket gepriesen. Melanin ist das Pigment, das f\u00fcr dunkle Flecken und einen ungleichm\u00e4\u00dfigen Hautton verantwortlich ist. Indem es auf die Enzyme abzielt, die Melanin produzieren, hilft Glutathion, hyperpigmentierte Bereiche aufzuhellen, was zu einem gleichm\u00e4\u00dfigeren Teint f\u00fchrt. Dar\u00fcber hinaus entfernen seine entgiftenden Eigenschaften sch\u00e4dliche Giftstoffe, die die Haut stumpf machen k\u00f6nnen, und sorgen f\u00fcr einen erfrischten und strahlenden Teint. Glutathion spielt auch eine wichtige Rolle bei der Reduzierung von Entz\u00fcndungen, die Hautverf\u00e4rbungen verschlimmern k\u00f6nnen. Daher ist es besonders wirksam bei Menschen, die mit postinflammatorischer Hyperpigmentierung aufgrund von Akne oder Hautreizungen zu k\u00e4mpfen haben. Ob oral eingenommen oder \u00e4u\u00dferlich aufgetragen, Glutathion sorgt mit der Zeit f\u00fcr eine sp\u00fcrbare Verbesserung der Reinheit und Helligkeit der Haut. Vitamin C: Der unverzichtbare Partner f\u00fcr strahlende Haut Vitamin C ist ein starkes Antioxidans, das die hautaufhellende Wirkung von Glutathion erg\u00e4nzt. Es f\u00f6rdert die Kollagenproduktion, wodurch die Hautstruktur und -elastizit\u00e4t verbessert werden, und bek\u00e4mpft gleichzeitig freie Radikale, die zu einer ungleichm\u00e4\u00dfigen Pigmentierung beitragen. Vitamin C beschleunigt das Verblassen dunkler Flecken, indem es die Hautzellen zur Erneuerung anregt und so eine frische und ebenm\u00e4\u00dfig get\u00f6nte Haut zum Vorschein bringt. Ein weiterer Vorteil von Vitamin C ist seine F\u00e4higkeit, die Wirksamkeit von Sonnenschutzmitteln zu erh\u00f6hen. Durch die Reduzierung des durch UV-Strahlung verursachten oxidativen Stresses verhindert es eine weitere Verdunklung von Flecken und erh\u00e4lt die Ausstrahlung der Haut. In Kombination mit Glutathion werden die Ergebnisse verst\u00e4rkt, sodass ein ausgeglichener und strahlender Teint leichter zu erreichen ist. Kombination von Glutathion und Vitamin C f\u00fcr beste Ergebnisse Bei gemeinsamer Anwendung bilden Glutathion und Vitamin C eine starke Synergie, die ihre individuellen Vorteile maximiert. Vitamin C hilft, den Glutathionspiegel in der Haut zu regenerieren und sorgt so f\u00fcr einen gleichm\u00e4\u00dfigen antioxidativen Schutz. Diese Partnerschaft hellt nicht nur vorhandene dunkle Flecken auf, sondern verhindert auch die Bildung neuer Flecken. F\u00fcr optimale Ergebnisse sollten Sie beide in Ihre Hautpflegeroutine integrieren, z. B. in Form von Seren, Cremes oder Nahrungserg\u00e4nzungsmitteln. Bei regelm\u00e4\u00dfiger Anwendung und einem gesunden Lebensstil kann sich Ihre Haut mit der Zeit ver\u00e4ndern. Egal, ob Sie hartn\u00e4ckige Hyperpigmentierungen bek\u00e4mpfen oder einfach nur Ihren Teint insgesamt aufhellen m\u00f6chten, dieses Duo ist ein Muss f\u00fcr einen gleichm\u00e4\u00dfigen Hautton. Wie hellt Glutathion die Haut auf? Glutathion hemmt die Melaninproduktion, reduziert dunkle Flecken und f\u00f6rdert einen gleichm\u00e4\u00dfigeren Hautton. Was macht Vitamin C zu einem wirksamen Mittel zur Aufhellung der Haut? Vitamin C beschleunigt den Zellumsatz, mildert Pigmentierungen und verst\u00e4rkt die nat\u00fcrliche Ausstrahlung der Haut. K\u00f6nnen diese Inhaltsstoffe Hyperpigmentierungen behandeln? Ja, Glutathion und Vitamin C sind sehr wirksam bei der Behandlung verschiedener Arten von Hyperpigmentierung, einschlie\u00dflich dunkler Flecken und Aknenarben. K\u00f6nnen Glutathion und Vitamin C zuk\u00fcnftige dunkle Flecken verhindern? Ja, ihre antioxidativen Eigenschaften sch\u00fctzen vor sch\u00e4dlichen Umwelteinfl\u00fcssen und verringern die Wahrscheinlichkeit der Bildung neuer Pigmentierungen. Sch\u00fctzen Glutathion und Vitamin C vor Sonnensch\u00e4den? Sie neutralisieren freie Radikale, die durch UV-Strahlung entstehen, sollten aber immer zusammen mit Sonnenschutzmitteln verwendet werden, um einen vollst\u00e4ndigen Schutz zu gew\u00e4hrleisten. K\u00f6nnen diese Behandlungen bei allen Hauttypen angewendet werden? Ja, Glutathion und Vitamin C sind f\u00fcr alle Hauttypen wirksam und helfen bei ungleichm\u00e4\u00dfiger Pigmentierung in allen Bereichen. Glutathion hemmt die Melaninproduktion, reduziert dunkle Flecken und f\u00f6rdert einen gleichm\u00e4\u00dfigeren Hautton. Vitamin C beschleunigt den Zellumsatz, mildert Pigmentierungen und verst\u00e4rkt die nat\u00fcrliche Ausstrahlung der Haut. Ja, Glutathion und Vitamin C sind sehr wirksam bei der Behandlung verschiedener Arten von Hyperpigmentierung, einschlie\u00dflich dunkler Flecken und Aknenarben. Ja, ihre antioxidativen Eigenschaften sch\u00fctzen vor sch\u00e4dlichen Umwelteinfl\u00fcssen und verringern die Wahrscheinlichkeit der Bildung neuer Pigmentierungen. Sie neutralisieren freie Radikale, die durch UV-Strahlung entstehen, sollten aber immer zusammen mit Sonnenschutzmitteln verwendet werden, um einen vollst\u00e4ndigen Schutz zu gew\u00e4hrleisten. Ja, Glutathion und Vitamin C sind f\u00fcr alle Hauttypen wirksam und helfen bei ungleichm\u00e4\u00dfiger Pigmentierung in allen Bereichen.<\/p>\n<\/p><\/div>\n<\/p><\/div>\n<\/p><\/div>\n<\/section>\n","protected":false},"excerpt":{"rendered":"<p>Ebenm\u00e4\u00dfiger Hautton: Die Kraft von Glutathion- und Vitamin-C-Behandlungen Dr. Terziler Exclusive Clinic \u00bb Langlebigkeit \u00bb Glutathion und Vitamin C \u00bb Ebenm\u00e4\u00dfiger Hautton: Die Kraft von Glutathion- und Vitamin-C-Behandlungen Inhaltsverzeichnis Eine helle L\u00f6sung f\u00fcr ungleichm\u00e4\u00dfigen Hautton Ungleichm\u00e4\u00dfiger Hautton ist ein h\u00e4ufiges Problem, das durch Faktoren wie Sonnensch\u00e4den, hormonelle Ver\u00e4nderungen oder Umweltschadstoffe verursacht wird. Glutathion und Vitamin [&hellip;]<\/p>\n","protected":false},"author":6,"featured_media":0,"parent":2862,"menu_order":0,"comment_status":"closed","ping_status":"closed","template":"","meta":{"footnotes":""},"class_list":["post-14643","page","type-page","status-publish","hentry"],"_links":{"self":[{"href":"https:\/\/drterziler.com\/de\/wp-json\/wp\/v2\/pages\/14643","targetHints":{"allow":["GET"]}}],"collection":[{"href":"https:\/\/drterziler.com\/de\/wp-json\/wp\/v2\/pages"}],"about":[{"href":"https:\/\/drterziler.com\/de\/wp-json\/wp\/v2\/types\/page"}],"author":[{"embeddable":true,"href":"https:\/\/drterziler.com\/de\/wp-json\/wp\/v2\/users\/6"}],"replies":[{"embeddable":true,"href":"https:\/\/drterziler.com\/de\/wp-json\/wp\/v2\/comments?post=14643"}],"version-history":[{"count":7,"href":"https:\/\/drterziler.com\/de\/wp-json\/wp\/v2\/pages\/14643\/revisions"}],"predecessor-version":[{"id":58237,"href":"https:\/\/drterziler.com\/de\/wp-json\/wp\/v2\/pages\/14643\/revisions\/58237"}],"up":[{"embeddable":true,"href":"https:\/\/drterziler.com\/de\/wp-json\/wp\/v2\/pages\/2862"}],"wp:attachment":[{"href":"https:\/\/drterziler.com\/de\/wp-json\/wp\/v2\/media?parent=14643"}],"curies":[{"name":"wp","href":"https:\/\/api.w.org\/{rel}","templated":true}]}}