{"id":14826,"date":"2024-09-03T08:25:53","date_gmt":"2024-09-03T08:25:53","guid":{"rendered":"https:\/\/drterziler.com\/fut\/"},"modified":"2026-02-28T18:26:02","modified_gmt":"2026-02-28T18:26:02","slug":"fut","status":"publish","type":"page","link":"https:\/\/drterziler.com\/de\/haartransplantation\/fut\/","title":{"rendered":"FUT-Haartransplantation in der T\u00fcrkei"},"content":{"rendered":"<div class=\"page-content\">\n<div id=\"header-area\">\n<div class=\"container\" id=\"firstContent\">\n<div class=\"header-content d-flex flex-column\">\n<h1 class=\"content-title h1-header\">FUT-Haartransplantation in der T\u00fcrkei<\/h1>\n<div class=\"content-paragraph\">\n<p class=\"p-text\">\n<\/p><\/div>\n<nav aria-label=\"breadcrumb\" class=\"breadcrumbs\">\n<ul class=\"d-flex align-items-center mb-0\">\n<li><a class=\"link\" href=\"https:\/\/drterziler.com\/de\/\"><span>Dr. Terziler Exclusive Clinic<\/span><\/a><\/li>\n<li class=\"separator\">\u00bb<\/li>\n<li><a class=\"link\" href=\"https:\/\/drterziler.com\/de\/haartransplantation\/\"><span>Haartransplantation<\/span><\/a><\/li>\n<li class=\"separator\">\u00bb<\/li>\n<li class=\"current-page\"><span>FUT-Haartransplantation in der T\u00fcrkei<\/span><\/li>\n<\/ul>\n<\/nav><\/div>\n<\/p><\/div>\n<\/p><\/div>\n<\/div>\n<section id=\"content-area\">\n<div class=\"container my-5\">\n<div class=\"row align-items-start\">\n<div class=\"col-md-6 order-2 order-md-1\">\n<div class=\"custom-toc-box\">\n<div id=\"toc-header\">\n<h4>Inhaltsverzeichnis<\/h4>\n<div class=\"toc-toggle-icon\"><\/div>\n<\/p><\/div>\n<div class=\"toc-full-divider\"><\/div>\n<div id=\"toc-body\">\n<div id=\"toc-container\"><\/div>\n<\/p><\/div>\n<\/p><\/div>\n<\/p><\/div>\n<div class=\"col-md-6 order-1 order-md-2\" id=\"jForm\">\n                <script type=\"text\/javascript\" src=\"https:\/\/form.jotform.com\/jsform\/242882128947973\"><\/script>\n            <\/div>\n<\/p><\/div>\n<\/p><\/div>\n<div class=\"container\">\n<div class=\"img-thumb\">\n            <img loading=\"lazy\" decoding=\"async\" width=\"1700\" height=\"1080\" src=\"https:\/\/drterziler.com\/wp-content\/uploads\/2024\/08\/6.webp\" alt=\"\" srcset=\"https:\/\/drterziler.com\/wp-content\/uploads\/2024\/08\/6.webp 1700w, https:\/\/drterziler.com\/wp-content\/uploads\/2024\/08\/6-300x191.webp 300w, https:\/\/drterziler.com\/wp-content\/uploads\/2024\/08\/6-1024x651.webp 1024w, https:\/\/drterziler.com\/wp-content\/uploads\/2024\/08\/6-768x488.webp 768w, https:\/\/drterziler.com\/wp-content\/uploads\/2024\/08\/6-1536x976.webp 1536w\" sizes=\"auto, (max-width: 1700px) 100vw, 1700px\">\n        <\/div>\n<div>\n<div>\n<h2 class=\"h2-header\">Was ist eine FUT-Haartransplantation?<\/h2>\n<\/p><\/div>\n<div>\n<p class=\"p-text\">Die Follikulareinheitstransplantation (FUT), auch als Streifenmethode bekannt, ist eine chirurgische Technik zur Haarwiederherstellung, bei der ein Streifen behauter Kopfhaut aus dem Spenderbereich (in der Regel der Hinterkopf) entfernt wird. Dieser Streifen wird in einzelne Follikeleinheiten zerlegt, die dann in die kahlen Bereiche transplantiert werden.<\/p>\n<\/p><\/div>\n<\/p><\/div>\n<div>\n<div>\n<h2 class=\"h2-header\">Warum FUT in der Klinik von Dr. Terziler w\u00e4hlen?<\/h2>\n<\/p><\/div>\n<div>\n<p class=\"p-text\">1. Erfahrenes Team Dr. Servet Terziler verf\u00fcgt \u00fcber mehr als 30 Jahre medizinische Erfahrung und ist ein Pionier im Bereich der Haarwiederherstellung in der T\u00fcrkei. Das Team der Klinik ist hochqualifiziert in der Durchf\u00fchrung von FUT-Verfahren. 2. Nat\u00fcrliche Ergebnisse FUT erm\u00f6glicht die Transplantation einer gro\u00dfen Anzahl von Grafts in einer einzigen Sitzung, was zu dichterem und nat\u00fcrlicher aussehendem Haarwachstum f\u00fchrt. 3. Kosteneffizienz FUT kann kosteng\u00fcnstiger sein als andere Methoden, insbesondere f\u00fcr Patienten, die eine gro\u00dfe Anzahl von Grafts ben\u00f6tigen. 4. Modernste Einrichtungen Obwohl die Klinik von Dr. Terziler f\u00fcr ihre fortschrittliche Robotic-DHI-Technik bekannt ist, bieten sie auch traditionelle FUT mit modernster Ausr\u00fcstung und Ausstattung an, um bestm\u00f6gliche Ergebnisse zu erzielen. 5. Umfassende Betreuung Von der Erstberatung bis zur Nachsorge bietet die Klinik umfassende Unterst\u00fctzung w\u00e4hrend des gesamten Haarwiederherstellungsprozesses.<\/p>\n<\/p><\/div>\n<\/p><\/div>\n<div>\n<div>\n<h2 class=\"h2-header\">Das FUT-Verfahren in der Klinik von Dr. Terziler<\/h2>\n<\/p><\/div>\n<div>\n<p class=\"p-text\">Erstberatung: Ihre Reise beginnt mit einer ausf\u00fchrlichen Beratung zur Beurteilung Ihres Haarausfalls und zur Feststellung, ob FUT die beste Option f\u00fcr Sie ist. Vorbereitung: Am Tag des Eingriffs wird der Spenderbereich vorbereitet und eine \u00f6rtliche Bet\u00e4ubung zur Schmerzlinderung verabreicht. Streifenentnahme: Ein Streifen der Kopfhaut wird sorgf\u00e4ltig aus dem Spenderbereich entfernt. Graft-Vorbereitung: Der Streifen wird unter Hochleistungsmikroskopen in einzelne Follikeleinheiten zerlegt. Empf\u00e4ngerstellen-Erstellung: In den kahlen Bereichen werden kleine Einschnitte zur Aufnahme der Grafts vorgenommen. Platzierung der Grafts: Die vorbereiteten Grafts werden sorgf\u00e4ltig in die Empf\u00e4ngerstellen eingesetzt. Verschluss: Der Spenderbereich wird vern\u00e4ht, wobei eine feine lineare Narbe entsteht, die in der Regel vom umliegenden Haar bedeckt wird.<\/p>\n<\/p><\/div>\n<\/p><\/div>\n<div>\n<div>\n<h2 class=\"h2-header\">Postoperative Pflege<\/h2>\n<\/p><\/div>\n<div>\n<p class=\"p-text\">Die Klinik von Dr. Terziler bietet umfassende Anweisungen und Unterst\u00fctzung f\u00fcr die Nachbehandlung. Dazu geh\u00f6ren Empfehlungen zu Schlafpositionen, zur Wiederaufnahme normaler Aktivit\u00e4ten und zur Pflege sowohl des Spender- als auch des Empf\u00e4ngerbereichs. Die Klinik bietet auch Nachsorgetermine an, um Ihren Fortschritt zu \u00fcberwachen und optimale Ergebnisse zu gew\u00e4hrleisten.<\/p>\n<\/p><\/div>\n<\/p><\/div>\n<div>\n<div>\n<h2 class=\"h2-header\">Warum die T\u00fcrkei f\u00fcr Ihre FUT-Haartransplantation?<\/h2>\n<\/p><\/div>\n<div>\n<p class=\"p-text\">Die T\u00fcrkei, insbesondere Istanbul, hat sich zu einem globalen Zentrum f\u00fcr Haartransplantationen entwickelt. Die Klinik von Dr. Terziler kombiniert medizinische Spitzenkompetenz mit der ber\u00fchmten Gastfreundschaft des Landes. Sie profitieren von: 1. G\u00fcnstigen Preisen Hochwertige Haartransplantationen zu einem Bruchteil der Kosten im Vergleich zu vielen westlichen L\u00e4ndern. 2. Touristischen M\u00f6glichkeiten Kombinieren Sie Ihren Eingriff mit einem Besuch der historischen Sehensw\u00fcrdigkeiten und Attraktionen Istanbuls. 3. Luxuri\u00f6ser Unterkunft Die Klinik organisiert Aufenthalte in 5-Sterne-Hotels f\u00fcr Ihren Komfort w\u00e4hrend der Erholungszeit. 4. VIP-Transport Genie\u00dfen Sie eine stressfreie Anreise mit dem VIP-Transferservice der Klinik.<\/p>\n<\/p><\/div>\n<\/p><\/div>\n<div>\n<div>\n<h2 class=\"h2-header\">Fazit<\/h2>\n<\/p><\/div>\n<div>\n<p class=\"p-text\">Obwohl die Klinik von Dr. Terziler f\u00fchrend in der Technologie der Haartransplantation mit der Robotic-DHI-Technik ist, sind sie auch in traditionellen Methoden wie FUT hervorragend. Diese Vielseitigkeit stellt sicher, dass jeder Patient die f\u00fcr seine individuellen Bed\u00fcrfnisse am besten geeignete Behandlung erh\u00e4lt. Wenn Sie eine FUT-Haartransplantation in Erw\u00e4gung ziehen, bietet Ihnen die Exklusive Haarklinik von Dr. Terziler in der T\u00fcrkei eine Kombination aus erfahrenen Fachleuten, modernsten Einrichtungen und umfassender Betreuung, um Ihnen zu den gew\u00fcnschten Ergebnissen bei der Haarwiederherstellung zu verhelfen. Nehmen Sie noch heute Kontakt mit der Klinik auf, um Ihre Reise zu vollerem Haar zu beginnen.<\/p>\n<\/p><\/div>\n<\/p><\/div>\n<\/p><\/div>\n<\/section>\n","protected":false},"excerpt":{"rendered":"<p>FUT-Haartransplantation in der T\u00fcrkei Dr. Terziler Exclusive Clinic \u00bb Haartransplantation \u00bb FUT-Haartransplantation in der T\u00fcrkei Inhaltsverzeichnis Was ist eine FUT-Haartransplantation? Die Follikulareinheitstransplantation (FUT), auch als Streifenmethode bekannt, ist eine chirurgische Technik zur Haarwiederherstellung, bei der ein Streifen behauter Kopfhaut aus dem Spenderbereich (in der Regel der Hinterkopf) entfernt wird. Dieser Streifen wird in einzelne Follikeleinheiten [&hellip;]<\/p>\n","protected":false},"author":6,"featured_media":0,"parent":2826,"menu_order":0,"comment_status":"closed","ping_status":"closed","template":"","meta":{"footnotes":""},"class_list":["post-14826","page","type-page","status-publish","hentry"],"_links":{"self":[{"href":"https:\/\/drterziler.com\/de\/wp-json\/wp\/v2\/pages\/14826","targetHints":{"allow":["GET"]}}],"collection":[{"href":"https:\/\/drterziler.com\/de\/wp-json\/wp\/v2\/pages"}],"about":[{"href":"https:\/\/drterziler.com\/de\/wp-json\/wp\/v2\/types\/page"}],"author":[{"embeddable":true,"href":"https:\/\/drterziler.com\/de\/wp-json\/wp\/v2\/users\/6"}],"replies":[{"embeddable":true,"href":"https:\/\/drterziler.com\/de\/wp-json\/wp\/v2\/comments?post=14826"}],"version-history":[{"count":7,"href":"https:\/\/drterziler.com\/de\/wp-json\/wp\/v2\/pages\/14826\/revisions"}],"predecessor-version":[{"id":58283,"href":"https:\/\/drterziler.com\/de\/wp-json\/wp\/v2\/pages\/14826\/revisions\/58283"}],"up":[{"embeddable":true,"href":"https:\/\/drterziler.com\/de\/wp-json\/wp\/v2\/pages\/2826"}],"wp:attachment":[{"href":"https:\/\/drterziler.com\/de\/wp-json\/wp\/v2\/media?parent=14826"}],"curies":[{"name":"wp","href":"https:\/\/api.w.org\/{rel}","templated":true}]}}