{"id":15917,"date":"2025-01-27T10:48:00","date_gmt":"2025-01-27T10:48:00","guid":{"rendered":"https:\/\/drterziler.com\/medizinische-aesthetik\/yuz-uygulamalari\/"},"modified":"2026-03-06T02:36:21","modified_gmt":"2026-03-06T02:36:21","slug":"gesichtsbehandlungen","status":"publish","type":"page","link":"https:\/\/drterziler.com\/de\/medizinische-aesthetik\/gesichtsbehandlungen\/","title":{"rendered":"Gesichtsbehandlungen"},"content":{"rendered":"<div class=\"page-content category-page\">\n<div id=\"header-area\">\n<div class=\"container\" id=\"firstContent\">\n<div class=\"header-content d-flex flex-column\">\n<h1 class=\"content-title\">Gesichtsbehandlungen<\/h1>\n<div class=\"content-paragraph\">\n                    Wir sind hier f\u00fcr das Gesicht, das Sie sehen m\u00f6chten, wenn Sie in den Spiegel schauen. Mit unseren technologisch fortschrittlichen Ger\u00e4ten und fachkundiger Hand begleiten wir Sie auf der Reise zur Verj\u00fcngung Ihrer Haut. Das Aussehen Ihrer Tr\u00e4ume ist jetzt nur noch einen Schritt entfernt, und das in seiner makellosesten Form.\n                <\/div>\n<nav aria-label=\"breadcrumb\" class=\"breadcrumbs\">\n<ul class=\"d-flex align-items-center mb-0\">\n<li><a class=\"link\" href=\"https:\/\/drterziler.com\/de\"><span>Dr. Terziler<\/span><\/a><\/li>\n<li class=\"separator\">\u00bb<\/li>\n<li><a class=\"link\" href=\"https:\/\/drterziler.com\/de\/medizinische-aesthetik\/\"><span>Medizinische \u00c4sthetik<\/span><\/a><\/li>\n<li class=\"separator\">\u00bb<\/li>\n<li class=\"current-page\"><span>Gesichtsbehandlungen<\/span><\/li>\n<\/ul>\n<\/nav><\/div>\n<\/p><\/div>\n<\/p><\/div>\n<\/div>\n<section class=\"svc-section\">\n<div class=\"container\">\n<div class=\"svc-item right-card\">\n<div class=\"svc-media\">\n                <img decoding=\"async\" src=\"https:\/\/drterziler.com\/wp-content\/uploads\/2025\/01\/FRANSIZ-ASKISI.webp\" alt=\"Franz\u00f6sisches Fadenlifting\" loading=\"lazy\" class=\"cat-img\">\n            <\/div>\n<div class=\"svc-card\">\n<h3 class=\"svc-title gilda\">Franz\u00f6sisches Fadenlifting<\/h3>\n<p class=\"svc-text barlow\">\n                    Das franz\u00f6sische Fadenlifting erzeugt einen nat\u00fcrlichen Lifting-Effekt, indem die Gesichtskonturen mit d\u00fcnnen F\u00e4den unter der Haut gestrafft werden. Es festigt die Haut, wirkt Lockerheit und Erschlaffung entgegen und sorgt f\u00fcr ein jugendliches und dynamisches Aussehen. Das Verfahren ist minimalinvasiv und wird in der Regel unter lokaler An\u00e4sthesie durchgef\u00fchrt.\n                <\/p>\n<p>                <a class=\"btn-details barlow-condensed\" href=\"https:\/\/drterziler.com\/de\/medizinische-aesthetik\/gesichtsbehandlungen\/franzoesisches-fadenlifting\/\">DETAILS<\/a>\n            <\/div>\n<\/p><\/div>\n<div class=\"svc-item left-card\">\n<div class=\"svc-media\">\n                <img decoding=\"async\" src=\"https:\/\/drterziler.com\/wp-content\/uploads\/2025\/01\/Likit-Yuz-Germe.webp\" alt=\"Liquid Facelift\" loading=\"lazy\" class=\"cat-img\">\n            <\/div>\n<div class=\"svc-card\">\n<h3 class=\"svc-title gilda\">Liquid Facelift<\/h3>\n<p class=\"svc-text barlow\">\n                    Liquid Facelifts formen die Gesichtskonturen und straffen die Haut unter Verwendung von Hyalurons\u00e4ure und \u00e4hnlichen Fillermaterialien. Es liefert schnelle und effektive Ergebnisse und verj\u00fcngt das Gesicht ohne chirurgischen Eingriff. Erschlaffungen und Falten im Gesicht werden deutlich reduziert.\n                <\/p>\n<p>                <a class=\"btn-details barlow-condensed\" href=\"https:\/\/drterziler.com\/de\/medizinische-aesthetik\/gesichtsbehandlungen\/fluessiges-facelift\/\">DETAILS<\/a>\n            <\/div>\n<\/p><\/div>\n<div class=\"svc-item right-card\">\n<div class=\"svc-media\">\n                <img decoding=\"async\" src=\"https:\/\/drterziler.com\/wp-content\/uploads\/2025\/01\/Dolgu-Tedavisi.webp\" alt=\"Filler\" loading=\"lazy\" class=\"cat-img\">\n            <\/div>\n<div class=\"svc-card\">\n<h3 class=\"svc-title gilda\">Fuellstoff<\/h3>\n<p class=\"svc-text barlow\">\n                    Die Hektik des Alltags, Stress und die Auswirkungen des Alterns spiegeln sich allm\u00e4hlich auf Ihrer Haut wider, aber es ist m\u00f6glich, diese Ver\u00e4nderung umzukehren. Die verschiedenen Filler-Behandlungen, die wir in unserer Klinik anbieten, geben verlorenes Volumen zur\u00fcck, definieren Konturen und gl\u00e4tten Ihre Haut. Mit sofortigen Ergebnissen und minimaler Erholungszeit sorgt es f\u00fcr eine nat\u00fcrliche Verj\u00fcngung, damit Sie sich frischer und j\u00fcnger f\u00fchlen.\n                <\/p>\n<p>                <a class=\"btn-details barlow-condensed\" href=\"https:\/\/drterziler.com\/de\/medizinische-aesthetik\/gesichtsbehandlungen\/fuellstoff\/\">DETAILS<\/a>\n            <\/div>\n<\/p><\/div>\n<div class=\"svc-item left-card\">\n<div class=\"svc-media\">\n                <img decoding=\"async\" src=\"https:\/\/drterziler.com\/wp-content\/uploads\/2025\/01\/Botoks.webp\" alt=\"Botox (Botulinumtoxin)\" loading=\"lazy\" class=\"cat-img\">\n            <\/div>\n<div class=\"svc-card\">\n<h3 class=\"svc-title gilda\">Botox (Botulinumtoxin)<\/h3>\n<p class=\"svc-text barlow\">\n                    Botox ist eine effektive Behandlungsmethode, die die Gesichtsz\u00fcge verj\u00fcngt und Falten vorbeugt. Durch vor\u00fcbergehende Entspannung der Muskeln werden Linien und Falten reduziert. Als eine der beliebtesten \u00e4sthetischen Behandlungen bietet Botox schnelle und sichere Ergebnisse ohne chirurgischen Eingriff. Es mildert Alterserscheinungen der Haut und l\u00e4sst den Gesichtsausdruck lebendiger und jugendlicher erscheinen.\n                <\/p>\n<p>                <a class=\"btn-details barlow-condensed\" href=\"https:\/\/drterziler.com\/de\/medizinische-aesthetik\/gesichtsbehandlungen\/botox-botulinumtoxin-de\/\">DETAILS<\/a>\n            <\/div>\n<\/p><\/div>\n<div class=\"svc-item right-card\">\n<div class=\"svc-media\">\n                <img decoding=\"async\" src=\"https:\/\/drterziler.com\/wp-content\/uploads\/2025\/01\/Mezoterapi.webp\" alt=\"Mesotherapie\" loading=\"lazy\" class=\"cat-img\">\n            <\/div>\n<div class=\"svc-card\">\n<h3 class=\"svc-title gilda\">Mesotherapie<\/h3>\n<p class=\"svc-text barlow\">\n                    Die Mesotherapie ist eine wirksame Behandlungsmethode, die Ihre Haut tiefgreifend beeinflusst und ihr Jugend, Vitalit\u00e4t und Ausstrahlung verleiht. Durch Mikroinjektionen von Vitaminen, Mineralien, Hyalurons\u00e4ure und anderen pflegenden Inhaltsstoffen unter die Haut wird sichergestellt, dass Ihre Haut alle ben\u00f6tigten N\u00e4hrstoffe erh\u00e4lt. Als Ergebnis wird ein lebendiges und strahlendes Aussehen erreicht.\n                <\/p>\n<p>                <a class=\"btn-details barlow-condensed\" href=\"https:\/\/drterziler.com\/de\/medizinische-aesthetik\/gesichtsbehandlungen\/mesotherapie-de\/\">DETAILS<\/a>\n            <\/div>\n<\/p><\/div>\n<div class=\"svc-item left-card\">\n<div class=\"svc-media\">\n                <img decoding=\"async\" src=\"https:\/\/drterziler.com\/wp-content\/uploads\/2025\/01\/PRP-ve-Egzozom-Plazma-Uygulamalari.webp\" alt=\"PRP und Exosomen-Plasma-Behandlungen\" loading=\"lazy\" class=\"cat-img\">\n            <\/div>\n<div class=\"svc-card\">\n<h3 class=\"svc-title gilda\">PRP und Exosomen-Plasma-Behandlungen<\/h3>\n<p class=\"svc-text barlow\">\n                    PRP- und Exosomen-Plasma-Anwendungen verleihen Ihrer Haut ein jugendliches Strahlen zur\u00fcck und geben Ihrem Haar ein volleres und ges\u00fcnderes Aussehen. Diese fortschrittlichen Technologien l\u00f6sen nat\u00fcrliche Regenerationsmechanismen aus und erzielen in der Welt der Sch\u00f6nheit und Pflege eine bedeutende Wirkung, mit einem breiten Spektrum an Effekten von der Faltenreduzierung bis zur Vorbeugung von Haarausfall.\n                <\/p>\n<p>                <a class=\"btn-details barlow-condensed\" href=\"https:\/\/drterziler.com\/de\/medizinische-aesthetik\/gesichtsbehandlungen\/prp-und-exosomenplasma-behandlungen\/\">DETAILS<\/a>\n            <\/div>\n<\/p><\/div>\n<div class=\"svc-item right-card\">\n<div class=\"svc-media\">\n                <img decoding=\"async\" src=\"https:\/\/drterziler.com\/wp-content\/uploads\/2025\/01\/Kok-Hucre-Uygulamalari.webp\" alt=\"Stammzellenbehandlungen\" loading=\"lazy\" class=\"cat-img\">\n            <\/div>\n<div class=\"svc-card\">\n<h3 class=\"svc-title gilda\">Stammzellenbehandlungen<\/h3>\n<p class=\"svc-text barlow\">\n                    Die Stammzelltherapie ist eine fortschrittliche Gesundheitstechnologie, die das Potenzial des K\u00f6rpers zur Selbstreparatur und Regeneration freisetzt. Diese spezialisierte Behandlung l\u00f6st die nat\u00fcrlichen Reparaturmechanismen der Zellen aus und f\u00f6rdert Jugend, Widerstandskraft und Energie. Mit einem personalisierten Ansatz unterst\u00fctzt die Stammzelltherapie die allgemeine Gesundheit und steigert die Lebensqualit\u00e4t.\n                <\/p>\n<p>                <a class=\"btn-details barlow-condensed\" href=\"https:\/\/drterziler.com\/de\/medizinische-aesthetik\/gesichtsbehandlungen\/stammzellbehandlungen\/\">DETAILS<\/a>\n            <\/div>\n<\/p><\/div>\n<div class=\"svc-item left-card\">\n<div class=\"svc-media\">\n                <img decoding=\"async\" src=\"https:\/\/drterziler.com\/wp-content\/uploads\/2025\/01\/Skinbooster.webp\" alt=\"Skinbooster\" loading=\"lazy\" class=\"cat-img\">\n            <\/div>\n<div class=\"svc-card\">\n<h3 class=\"svc-title gilda\">Skinbooster<\/h3>\n<p class=\"svc-text barlow\">\n                    Es ist eine hocheffektive und innovative Behandlungsmethode, die die Gesundheit und das Erscheinungsbild der Haut revitalisiert. Mit einer Formel, die Hyalurons\u00e4ure enth\u00e4lt, spendet sie der Haut tiefenwirksam Feuchtigkeit, erh\u00f6ht die Elastizit\u00e4t und minimiert Alterserscheinungen. Durch ein nat\u00fcrliches, strahlendes Hautbild wird ein gesunder Verj\u00fcngungseffekt erzielt und die Haut erscheint lebendiger.\n                <\/p>\n<p>                <a class=\"btn-details barlow-condensed\" href=\"https:\/\/drterziler.com\/de\/medizinische-aesthetik\/gesichtsbehandlungen\/skinbooster-de\/\">DETAILS<\/a>\n            <\/div>\n<\/p><\/div>\n<div class=\"svc-item right-card\">\n<div class=\"svc-media\">\n                <img decoding=\"async\" src=\"https:\/\/drterziler.com\/wp-content\/uploads\/2025\/01\/Dermapen.webp\" alt=\"Dermapen\" loading=\"lazy\" class=\"cat-img\">\n            <\/div>\n<div class=\"svc-card\">\n<h3 class=\"svc-title gilda\">Dermapen<\/h3>\n<p class=\"svc-text barlow\">\n                    Dermapen ist ein effektives Ger\u00e4t, das bei Verfahren zur Stimulierung der Haarfollikel und zur Verbesserung der Gesundheit der Kopfhaut eingesetzt wird. Feine Mikronadeln erzeugen winzige Kan\u00e4le in der Kopfhaut, was den Blutfluss erh\u00f6ht, die Haarfollikel besser n\u00e4hrt und die Wirksamkeit von Behandlungen maximiert. Die Anwendung erfolgt v\u00f6llig schmerzfrei und komfortabel.\n                <\/p>\n<p>                <a class=\"btn-details barlow-condensed\" href=\"https:\/\/drterziler.com\/de\/medizinische-aesthetik\/gesichtsbehandlungen\/dermapen-de\/\">DETAILS<\/a>\n            <\/div>\n<\/p><\/div>\n<\/p><\/div>\n<\/section>\n","protected":false},"excerpt":{"rendered":"<p>Gesichtsbehandlungen Wir sind hier f\u00fcr das Gesicht, das Sie sehen m\u00f6chten, wenn Sie in den Spiegel schauen. Mit unseren technologisch fortschrittlichen Ger\u00e4ten und fachkundiger Hand begleiten wir Sie auf der Reise zur Verj\u00fcngung Ihrer Haut. Das Aussehen Ihrer Tr\u00e4ume ist jetzt nur noch einen Schritt entfernt, und das in seiner makellosesten Form. Dr. Terziler \u00bb [&hellip;]<\/p>\n","protected":false},"author":6,"featured_media":0,"parent":2870,"menu_order":0,"comment_status":"closed","ping_status":"closed","template":"","meta":{"footnotes":""},"class_list":["post-15917","page","type-page","status-publish","hentry"],"_links":{"self":[{"href":"https:\/\/drterziler.com\/de\/wp-json\/wp\/v2\/pages\/15917","targetHints":{"allow":["GET"]}}],"collection":[{"href":"https:\/\/drterziler.com\/de\/wp-json\/wp\/v2\/pages"}],"about":[{"href":"https:\/\/drterziler.com\/de\/wp-json\/wp\/v2\/types\/page"}],"author":[{"embeddable":true,"href":"https:\/\/drterziler.com\/de\/wp-json\/wp\/v2\/users\/6"}],"replies":[{"embeddable":true,"href":"https:\/\/drterziler.com\/de\/wp-json\/wp\/v2\/comments?post=15917"}],"version-history":[{"count":77,"href":"https:\/\/drterziler.com\/de\/wp-json\/wp\/v2\/pages\/15917\/revisions"}],"predecessor-version":[{"id":59666,"href":"https:\/\/drterziler.com\/de\/wp-json\/wp\/v2\/pages\/15917\/revisions\/59666"}],"up":[{"embeddable":true,"href":"https:\/\/drterziler.com\/de\/wp-json\/wp\/v2\/pages\/2870"}],"wp:attachment":[{"href":"https:\/\/drterziler.com\/de\/wp-json\/wp\/v2\/media?parent=15917"}],"curies":[{"name":"wp","href":"https:\/\/api.w.org\/{rel}","templated":true}]}}