{"id":16092,"date":"2025-01-27T12:06:11","date_gmt":"2025-01-27T12:06:11","guid":{"rendered":"https:\/\/drterziler.com\/medizinische-aesthetik\/yuz-uygulamalari\/fransiz-aski\/"},"modified":"2026-02-28T19:05:21","modified_gmt":"2026-02-28T19:05:21","slug":"franzoesisches-fadenlifting","status":"publish","type":"page","link":"https:\/\/drterziler.com\/de\/medizinische-aesthetik\/gesichtsbehandlungen\/franzoesisches-fadenlifting\/","title":{"rendered":"Franz\u00f6sisches Fadenlifting"},"content":{"rendered":"<div class=\"page-content\">\n<div id=\"header-area\">\n<div class=\"container\" id=\"firstContent\">\n<div class=\"header-content d-flex flex-column\">\n<h1 class=\"content-title h1-header\">Franz\u00f6sisches Fadenlifting<\/h1>\n<div class=\"content-paragraph\">\n<p class=\"p-text\">Beim French Thread Lifting wird ein nat\u00fcrlicher Lifting-Effekt erzielt, indem die Gesichtskonturen mit d\u00fcnnen F\u00e4den unter der Haut fixiert werden. Es strafft die Haut, bek\u00e4mpft Schlaffheit und Erschlaffung und sorgt f\u00fcr ein jugendliches und dynamisches Aussehen. Der Eingriff ist minimalinvasiv und wird typischerweise unter \u00f6rtlicher Bet\u00e4ubung durchgef\u00fchrt.<\/p>\n<\/p><\/div>\n<nav aria-label=\"breadcrumb\" class=\"breadcrumbs\">\n<ul class=\"d-flex align-items-center mb-0\">\n<li><a class=\"link\" href=\"https:\/\/drterziler.com\/de\/\"><span>Dr. Terziler Exclusive Clinic<\/span><\/a><\/li>\n<li class=\"separator\">\u00bb<\/li>\n<li><a class=\"link\" href=\"https:\/\/drterziler.com\/de\/medizinische-aesthetik\/\"><span>Medizinische \u00c4sthetik<\/span><\/a><\/li>\n<li class=\"separator\">\u00bb<\/li>\n<li><a class=\"link\" href=\"https:\/\/drterziler.com\/de\/medizinische-aesthetik\/gesichtsbehandlungen\/\"><span>Gesichtsbehandlungen<\/span><\/a><\/li>\n<li class=\"separator\">\u00bb<\/li>\n<li class=\"current-page\"><span>Franz\u00f6sisches Fadenlifting<\/span><\/li>\n<\/ul>\n<\/nav><\/div>\n<\/p><\/div>\n<\/p><\/div>\n<\/div>\n<section id=\"content-area\">\n<div class=\"container my-5\">\n<div class=\"row align-items-start\">\n<div class=\"col-md-6 order-2 order-md-1\">\n<div class=\"custom-toc-box\">\n<div id=\"toc-header\">\n<h4>Inhaltsverzeichnis<\/h4>\n<div class=\"toc-toggle-icon\"><\/div>\n<\/p><\/div>\n<div class=\"toc-full-divider\"><\/div>\n<div id=\"toc-body\">\n<div id=\"toc-container\"><\/div>\n<\/p><\/div>\n<\/p><\/div>\n<\/p><\/div>\n<div class=\"col-md-6 order-1 order-md-2\" id=\"jForm\">\n                <script type=\"text\/javascript\" src=\"https:\/\/form.jotform.com\/jsform\/242882128947973\"><\/script>\n            <\/div>\n<\/p><\/div>\n<\/p><\/div>\n<div class=\"container\">\n<div class=\"img-thumb\">\n            <img loading=\"lazy\" decoding=\"async\" src=\"https:\/\/drterziler.com\/wp-content\/uploads\/2025\/01\/FRANSIZ-ASKISI.webp\" sizes=\"auto, (max-width: 1920px) 100vw, 1920px\" srcset=\"https:\/\/drterziler.com\/wp-content\/uploads\/2025\/01\/FRANSIZ-ASKISI.webp 1920w, https:\/\/drterziler.com\/wp-content\/uploads\/2025\/01\/FRANSIZ-ASKISI-300x169.webp 300w, https:\/\/drterziler.com\/wp-content\/uploads\/2025\/01\/FRANSIZ-ASKISI-1024x576.webp 1024w, https:\/\/drterziler.com\/wp-content\/uploads\/2025\/01\/FRANSIZ-ASKISI-768x432.webp 768w, https:\/\/drterziler.com\/wp-content\/uploads\/2025\/01\/FRANSIZ-ASKISI-1536x864.webp 1536w\" alt=\"\" width=\"1920\" height=\"1080\">\n        <\/div>\n<div>\n<div>\n<h2 class=\"h2-header\">Was ist das French Thread Lift?<\/h2>\n<\/p><\/div>\n<div>\n<p class=\"p-text\">Das French Thread Lift ist eine nicht-chirurgische, effektive Methode zur Gesichtsstraffung, die keine An\u00e4sthesie erfordert. Spezielle F\u00e4den, die unter die Haut gelegt werden, heben die Gesichtskonturen an und korrigieren Erschlaffungen. Zudem stimuliert es die Kollagenproduktion unter der Haut, was zu einem strafferen und j\u00fcngeren Aussehen f\u00fchrt.<\/p>\n<\/p><\/div>\n<\/p><\/div>\n<div>\n<div>\n<h2 class=\"h2-header\">Wie wirkt das French Thread Lift auf die Haut?<\/h2>\n<\/p><\/div>\n<div>\n<p class=\"p-text\">Das French Thread Lift arbeitet mit flexiblen F\u00e4den, die in die tieferen Hautschichten eingesetzt werden. Diese F\u00e4den erzeugen einen sofortigen Lifting-Effekt, straffen erschlaffte Haut und f\u00f6rdern die Kollagenproduktion. Dadurch wird die Haut fester, voller und erh\u00e4lt ein jugendliches Aussehen. Zudem werden die Gesichtsz\u00fcge definierter, und Erschlaffungen an Stellen wie den Augenbrauen, dem Kinn und den Wangenknochen werden beseitigt.<\/p>\n<\/p><\/div>\n<\/p><\/div>\n<div>\n<div>\n<h2 class=\"h2-header\">Wer sind die geeigneten Kandidaten?<\/h2>\n<\/p><\/div>\n<div>\n<p class=\"p-text\">Personen im Alter von 35-60 Jahren Menschen mit leichter bis mittlerer Hauterschlaffung im Gesicht Personen, die nicht-chirurgische L\u00f6sungen bevorzugen, aber effektive Ergebnisse w\u00fcnschen Personen, die bereits operiert wurden und eine Gewebeerschlaffung festgestellt haben Menschen mit guter allgemeiner Gesundheit<\/p>\n<\/p><\/div>\n<\/p><\/div>\n<div>\n<div>\n<h2 class=\"h2-header\">Welche Hautprobleme werden behandelt?<\/h2>\n<\/p><\/div>\n<div>\n<p class=\"p-text\">Das French Thread Lift behandelt Gesichtsschlaffheit, Erschlaffung entlang der Kieferlinie, den Verlust der Definition der Wangenknochen, ein m\u00fcdes und fahles Aussehen, herabh\u00e4ngende Augenbrauen und andere Hautprobleme. Zudem stellt es die Elastizit\u00e4t des Augen- und Halsbereichs wieder her und sorgt f\u00fcr ein jugendlicheres Hautbild.<\/p>\n<\/p><\/div>\n<\/p><\/div>\n<div>\n<div>\n<h2 class=\"h2-header\">Die perfekten Vorteile des French Thread Lifts<\/h2>\n<\/p><\/div>\n<div>\n<p class=\"p-text\">Nicht-chirurgischer Eingriff Sofortige Ergebnisse Lang anhaltender Verj\u00fcngungseffekt Minimale Erholungszeit Nat\u00fcrliches und \u00e4sthetisches Erscheinungsbild Hohe Sicherheit Gleichzeitige L\u00f6sung mehrerer Gesichtsprobleme Schnelle und einfache Anwendung Dauerhafte Effekte<\/p>\n<\/p><\/div>\n<\/p><\/div>\n<div>\n<div>\n<h2 class=\"h2-header\">Wie lange h\u00e4lt der Effekt an?<\/h2>\n<\/p><\/div>\n<div>\n<p class=\"p-text\">Das French Thread Lift bietet in der Regel f\u00fcr 3 bis 5 Jahre effektive Ergebnisse. Die Dauer des Effekts kann je nach Alter, Hauttyp und der Qualit\u00e4t der verwendeten F\u00e4den variieren. W\u00e4hrend dieser Zeit tr\u00e4gt die fortgesetzte Kollagenproduktion dazu bei, den Verj\u00fcngungseffekt der Haut aufrechtzuerhalten.<\/p>\n<\/p><\/div>\n<\/p><\/div>\n<div>\n<div>\n<h2 class=\"h2-header\">Nicht-chirurgisches French Thread Lift<\/h2>\n<\/p><\/div>\n<div>\n<p class=\"p-text\">Das French Thread Lift ist eine nicht-chirurgische L\u00f6sung zur Gesichtsstraffung. Es wird unter lokaler An\u00e4sthesie durchgef\u00fchrt, und der Erholungsprozess ist sehr schnell. Da dieses Verfahren keine chirurgischen Risiken birgt, formt es die Gesichtskonturen auf nat\u00fcrliche Weise und f\u00fchrt zu einer Verj\u00fcngung.<\/p>\n<\/p><\/div>\n<\/p><\/div>\n<div>\n<div>\n<h2 class=\"h2-header\">Gibt es Nebenwirkungen?<\/h2>\n<\/p><\/div>\n<div>\n<p class=\"p-text\">Das French Thread Lift ist im Allgemeinen eine sichere Methode. Es kann jedoch nach dem Eingriff zu leichter R\u00f6tung, Schwellung oder Empfindlichkeit kommen. Diese Nebenwirkungen verschwinden normalerweise innerhalb weniger Tage von selbst.<\/p>\n<\/p><\/div>\n<\/p><\/div>\n<div>\n<div>\n<h2 class=\"h2-header\">Warum die Dr. Terziler Exclusive Clinic w\u00e4hlen?<\/h2>\n<\/p><\/div>\n<div>\n<p class=\"p-text\">Dr. Terziler vereint weltweit anerkanntes Fachwissen mit einem \u00e4sthetischen Ansatz, der Kunst und Wissenschaft verbindet, und bietet individuelle L\u00f6sungen, die nicht nur physische, sondern auch emotionale Transformationen erm\u00f6glichen. Unsere Klinik, ausgestattet mit modernster Technologie und ausgerichtet auf Komfort und Sicherheit, verfolgt Exzellenz als ihre institutionelle Philosophie. Denn hier zielt jede Ber\u00fchrung darauf ab, Ihr ganzheitliches Wohlbefinden und Gl\u00fcck zu steigern.<\/p>\n<\/p><\/div>\n<\/p><\/div>\n<\/p><\/div>\n<\/section>\n","protected":false},"excerpt":{"rendered":"<p>Franz\u00f6sisches Fadenlifting Beim French Thread Lifting wird ein nat\u00fcrlicher Lifting-Effekt erzielt, indem die Gesichtskonturen mit d\u00fcnnen F\u00e4den unter der Haut fixiert werden. Es strafft die Haut, bek\u00e4mpft Schlaffheit und Erschlaffung und sorgt f\u00fcr ein jugendliches und dynamisches Aussehen. Der Eingriff ist minimalinvasiv und wird typischerweise unter \u00f6rtlicher Bet\u00e4ubung durchgef\u00fchrt. Dr. Terziler Exclusive Clinic \u00bb Medizinische [&hellip;]<\/p>\n","protected":false},"author":6,"featured_media":0,"parent":15917,"menu_order":0,"comment_status":"closed","ping_status":"closed","template":"","meta":{"footnotes":""},"class_list":["post-16092","page","type-page","status-publish","hentry"],"_links":{"self":[{"href":"https:\/\/drterziler.com\/de\/wp-json\/wp\/v2\/pages\/16092","targetHints":{"allow":["GET"]}}],"collection":[{"href":"https:\/\/drterziler.com\/de\/wp-json\/wp\/v2\/pages"}],"about":[{"href":"https:\/\/drterziler.com\/de\/wp-json\/wp\/v2\/types\/page"}],"author":[{"embeddable":true,"href":"https:\/\/drterziler.com\/de\/wp-json\/wp\/v2\/users\/6"}],"replies":[{"embeddable":true,"href":"https:\/\/drterziler.com\/de\/wp-json\/wp\/v2\/comments?post=16092"}],"version-history":[{"count":14,"href":"https:\/\/drterziler.com\/de\/wp-json\/wp\/v2\/pages\/16092\/revisions"}],"predecessor-version":[{"id":58333,"href":"https:\/\/drterziler.com\/de\/wp-json\/wp\/v2\/pages\/16092\/revisions\/58333"}],"up":[{"embeddable":true,"href":"https:\/\/drterziler.com\/de\/wp-json\/wp\/v2\/pages\/15917"}],"wp:attachment":[{"href":"https:\/\/drterziler.com\/de\/wp-json\/wp\/v2\/media?parent=16092"}],"curies":[{"name":"wp","href":"https:\/\/api.w.org\/{rel}","templated":true}]}}