{"id":16140,"date":"2025-01-27T12:13:29","date_gmt":"2025-01-27T12:13:29","guid":{"rendered":"https:\/\/drterziler.com\/medizinische-aesthetik\/yuz-uygulamalari\/likit-yuz-germe\/"},"modified":"2026-04-21T11:57:54","modified_gmt":"2026-04-21T11:57:54","slug":"fluessiges-facelift","status":"publish","type":"page","link":"https:\/\/drterziler.com\/de\/medizinische-aesthetik\/gesichtsbehandlungen\/fluessiges-facelift\/","title":{"rendered":"Fl\u00fcssiges Facelift"},"content":{"rendered":"<div class=\"page-content\">\n<div id=\"header-area\">\n<div class=\"container\" id=\"firstContent\">\n<div class=\"header-content d-flex flex-column\">\n<h1 class=\"content-title h1-header\">Fl\u00fcssiges Facelift<\/h1>\n<div class=\"content-paragraph\">\n<p class=\"p-text\">Das Liquid Facelift formt die Gesichtskonturen und strafft die Haut mit Hyalurons\u00e4ure und \u00e4hnlichen Fillern. Es liefert schnelle und effektive Ergebnisse und verj\u00fcngt das Gesicht, ohne dass ein chirurgischer Eingriff erforderlich ist. Erschlaffung und Linien im Gesicht werden deutlich reduziert.<\/p>\n<\/p><\/div>\n<nav aria-label=\"breadcrumb\" class=\"breadcrumbs\">\n<ul class=\"d-flex align-items-center mb-0\">\n<li><a class=\"link\" href=\"https:\/\/drterziler.com\/de\/\"><span>Dr. Terziler Exclusive Clinic<\/span><\/a><\/li>\n<li class=\"separator\">\u00bb<\/li>\n<li><a class=\"link\" href=\"https:\/\/drterziler.com\/de\/medizinische-aesthetik\/\"><span>Medizinische \u00c4sthetik<\/span><\/a><\/li>\n<li class=\"separator\">\u00bb<\/li>\n<li><a class=\"link\" href=\"https:\/\/drterziler.com\/de\/medizinische-aesthetik\/gesichtsbehandlungen\/\"><span>Gesichtsbehandlungen<\/span><\/a><\/li>\n<li class=\"separator\">\u00bb<\/li>\n<li class=\"current-page\"><span>Fl\u00fcssiges Facelift<\/span><\/li>\n<\/ul>\n<\/nav><\/div>\n<\/p><\/div>\n<\/p><\/div>\n<\/div>\n<section id=\"content-area\">\n<div class=\"container my-5\">\n<div class=\"row align-items-start\">\n<div class=\"col-md-6 order-2 order-md-1\">\n<div class=\"custom-toc-box\">\n<div id=\"toc-header\">\n<h4>Inhaltsverzeichnis<\/h4>\n<div class=\"toc-toggle-icon\"><\/div>\n<\/p><\/div>\n<div class=\"toc-full-divider\"><\/div>\n<div id=\"toc-body\">\n<div id=\"toc-container\"><\/div>\n<\/p><\/div>\n<\/p><\/div>\n<\/p><\/div>\n<div class=\"col-md-6 order-1 order-md-2\" id=\"jForm\">\n                <script type=\"text\/javascript\" src=\"https:\/\/form.jotform.com\/jsform\/242882128947973\"><\/script>\n            <\/div>\n<\/p><\/div>\n<\/p><\/div>\n<div class=\"container\">\n<div class=\"img-thumb\">\n            <img loading=\"lazy\" decoding=\"async\" src=\"https:\/\/drterziler.com\/wp-content\/uploads\/2025\/01\/Likit-Yuz-Germe.webp\" sizes=\"auto, (max-width: 1920px) 100vw, 1920px\" srcset=\"https:\/\/drterziler.com\/wp-content\/uploads\/2025\/01\/Likit-Yuz-Germe.webp 1920w, https:\/\/drterziler.com\/wp-content\/uploads\/2025\/01\/Likit-Yuz-Germe-300x169.webp 300w, https:\/\/drterziler.com\/wp-content\/uploads\/2025\/01\/Likit-Yuz-Germe-1024x576.webp 1024w, https:\/\/drterziler.com\/wp-content\/uploads\/2025\/01\/Likit-Yuz-Germe-768x432.webp 768w, https:\/\/drterziler.com\/wp-content\/uploads\/2025\/01\/Likit-Yuz-Germe-1536x864.webp 1536w\" alt=\"\" width=\"1920\" height=\"1080\">\n        <\/div>\n<div>\n<div>\n<h2 class=\"h2-header\">Was ist die Liquid Face Lift Behandlung?<\/h2>\n<\/p><\/div>\n<div>\n<p class=\"p-text\">Das Liquid Face Lift ist eine nicht-chirurgische \u00e4sthetische Behandlung zur Beseitigung von Hauterschlaffung und Alterserscheinungen. Der Verlust von Elastizit\u00e4t, feine Linien und Falten im Gesicht werden mit Substanzen wie Fillern und Botox korrigiert. Dieses Verfahren wird meist mit Materialien wie Hyalurons\u00e4ure, Botulinumtoxin (Botox) oder Calciumhydroxylapatit durchgef\u00fchrt, die der Haut Volumen verleihen und eine nat\u00fcrliche Straffung bewirken.<\/p>\n<\/p><\/div>\n<\/p><\/div>\n<div>\n<div>\n<h2 class=\"h2-header\">Wie funktioniert das Liquid Face Lift?<\/h2>\n<\/p><\/div>\n<div>\n<p class=\"p-text\">Das Liquid Face Lift wirkt durch unter die Haut injizierte Substanzen. Diese Substanzen f\u00f6rdern die Kollagenproduktion, wodurch erschlaffte Hautpartien gestrafft werden. Die Gesichtskonturen werden neu geformt, die Augenbrauen angehoben, die Kieferlinie definierter und feine Linien um die Augen reduziert. Zudem helfen Filler, die Elastizit\u00e4t der Haut wiederherzustellen und verleihen ihr ein jugendlicheres Aussehen.<\/p>\n<\/p><\/div>\n<\/p><\/div>\n<div>\n<div>\n<h2 class=\"h2-header\">F\u00fcr wen ist es geeignet?<\/h2>\n<\/p><\/div>\n<div>\n<p class=\"p-text\">Personen mit leichter bis mittlerer Gesichtsschlaffheit Menschen, die Alterserscheinungen beseitigen m\u00f6chten Personen, die nicht-chirurgische L\u00f6sungen bevorzugen Menschen, die eine nat\u00fcrliche und schrittweise Verj\u00fcngung w\u00fcnschen Personen ab 18 Jahren Menschen, die ihre Hautelastizit\u00e4t verbessern m\u00f6chten Personen, die schnelle Ergebnisse erwarten Menschen, die ein j\u00fcngeres und ges\u00fcnderes Hautbild w\u00fcnschen Gesichter mit Volumenverlust<\/p>\n<\/p><\/div>\n<\/p><\/div>\n<div>\n<div>\n<h2 class=\"h2-header\">Biologische Lifting-Wirkstoffe<\/h2>\n<\/p><\/div>\n<div>\n<p class=\"p-text\">Biologische Lifting-Wirkstoffe enthalten Komponenten wie Hyalurons\u00e4ure, Kollagen und Elastin, die nat\u00fcrliche Bausteine der Haut sind. Diese biologischen Substanzen werden unter die Haut injiziert, um den Verlust von Elastizit\u00e4t, feine Linien, Falten und Volumendefizite zu beseitigen. Biologische Lifting-Wirkstoffe stimulieren den Selbstreparatur- und Erneuerungsprozess der Haut und sorgen f\u00fcr eine langfristige Verj\u00fcngung. Diese Wirkstoffe tragen zudem zur Aufrechterhaltung des Feuchtigkeitsgleichgewichts der Haut bei und verleihen ihr ein gesundes und strahlendes Aussehen.<\/p>\n<\/p><\/div>\n<\/p><\/div>\n<div>\n<div>\n<h2 class=\"h2-header\">Welche Vorteile hat ein Liquid Face Lift?<\/h2>\n<\/p><\/div>\n<div>\n<p class=\"p-text\">Nicht-chirurgischer Eingriff Sofortige Wirksamkeit Nat\u00fcrliche Ergebnisse Minimale Erholungszeit Schnelle Durchf\u00fchrung Lang anhaltende Effekte Sicher und effektiv<\/p>\n<\/p><\/div>\n<\/p><\/div>\n<div>\n<div>\n<h2 class=\"h2-header\">Welche Probleme werden behandelt?<\/h2>\n<\/p><\/div>\n<div>\n<p class=\"p-text\">Das Liquid Face Lift zielt auf verschiedene Alterserscheinungen der Haut ab. Feine Linien und tiefe Falten, insbesondere um die Augen, Mundwinkel und Stirn, werden behandelt. Zudem werden Filler in Bereichen mit Volumenverlust (wie den Wangenknochen und der Kieferlinie) eingesetzt, um ein j\u00fcngeres und glatteres Aussehen zu erzielen. Durch den Verlust der Hautelastizit\u00e4t verursachte Erschlaffungen k\u00f6nnen mit dieser Behandlung ebenfalls korrigiert werden.<\/p>\n<\/p><\/div>\n<\/p><\/div>\n<div>\n<div>\n<h2 class=\"h2-header\">Wie lange h\u00e4lt der Effekt an?<\/h2>\n<\/p><\/div>\n<div>\n<p class=\"p-text\">Liquid Face Lift Behandlungen liefern in der Regel f\u00fcr 6 Monate bis 1 Jahr effektive Ergebnisse. Die Haltbarkeit der Ergebnisse kann je nach Art der verwendeten Substanzen und individuellen Faktoren variieren. Beispielsweise kann Botox eine k\u00fcrzere Wirkung haben, w\u00e4hrend Hyalurons\u00e4ure-Filler tendenziell l\u00e4nger halten. W\u00e4hrend dieses Zeitraums kann eine Wiederholung der Behandlung dazu beitragen, den Verj\u00fcngungseffekt aufrechtzuerhalten.<\/p>\n<\/p><\/div>\n<\/p><\/div>\n<div>\n<div>\n<h2 class=\"h2-header\">Gibt es Nebenwirkungen?<\/h2>\n<\/p><\/div>\n<div>\n<p class=\"p-text\">Liquid Face Lift Behandlungen sind \u00e4u\u00dferst sicher und haben in der Regel nur minimale Nebenwirkungen. Nach dem Eingriff k\u00f6nnen einige Patienten leichte R\u00f6tungen, Schwellungen oder Bluterg\u00fcsse erfahren, die jedoch meist innerhalb weniger Stunden verschwinden. Durch eine sorgf\u00e4ltige und professionelle Anwendung durch Experten wird der Komfort nach der Behandlung sichergestellt.<\/p>\n<\/p><\/div>\n<\/p><\/div>\n<div>\n<div>\n<h2 class=\"h2-header\">Warum die Dr. Terziler Exclusive Clinic w\u00e4hlen?<\/h2>\n<\/p><\/div>\n<div>\n<p class=\"p-text\">Dr. Terziler vereint weltweit anerkanntes Fachwissen mit einem \u00e4sthetischen Ansatz, der Kunst und Wissenschaft verbindet, und bietet individuelle L\u00f6sungen, die nicht nur physische, sondern auch emotionale Transformationen erm\u00f6glichen. Unsere Klinik, ausgestattet mit modernster Technologie und ausgerichtet auf Komfort und Sicherheit, verfolgt Exzellenz als ihre institutionelle Philosophie. Denn hier zielt jede Ber\u00fchrung darauf ab, Ihr ganzheitliches Wohlbefinden und Gl\u00fcck zu steigern.<\/p>\n<\/p><\/div>\n<\/p><\/div>\n<\/p><\/div>\n<\/section>\n","protected":false},"excerpt":{"rendered":"<p>Fl\u00fcssiges Facelift Das Liquid Facelift formt die Gesichtskonturen und strafft die Haut mit Hyalurons\u00e4ure und \u00e4hnlichen Fillern. Es liefert schnelle und effektive Ergebnisse und verj\u00fcngt das Gesicht, ohne dass ein chirurgischer Eingriff erforderlich ist. Erschlaffung und Linien im Gesicht werden deutlich reduziert. Dr. Terziler Exclusive Clinic \u00bb Medizinische \u00c4sthetik \u00bb Gesichtsbehandlungen \u00bb Fl\u00fcssiges Facelift Inhaltsverzeichnis [&hellip;]<\/p>\n","protected":false},"author":6,"featured_media":0,"parent":15917,"menu_order":0,"comment_status":"closed","ping_status":"closed","template":"","meta":{"footnotes":""},"class_list":["post-16140","page","type-page","status-publish","hentry"],"_links":{"self":[{"href":"https:\/\/drterziler.com\/de\/wp-json\/wp\/v2\/pages\/16140","targetHints":{"allow":["GET"]}}],"collection":[{"href":"https:\/\/drterziler.com\/de\/wp-json\/wp\/v2\/pages"}],"about":[{"href":"https:\/\/drterziler.com\/de\/wp-json\/wp\/v2\/types\/page"}],"author":[{"embeddable":true,"href":"https:\/\/drterziler.com\/de\/wp-json\/wp\/v2\/users\/6"}],"replies":[{"embeddable":true,"href":"https:\/\/drterziler.com\/de\/wp-json\/wp\/v2\/comments?post=16140"}],"version-history":[{"count":14,"href":"https:\/\/drterziler.com\/de\/wp-json\/wp\/v2\/pages\/16140\/revisions"}],"predecessor-version":[{"id":62365,"href":"https:\/\/drterziler.com\/de\/wp-json\/wp\/v2\/pages\/16140\/revisions\/62365"}],"up":[{"embeddable":true,"href":"https:\/\/drterziler.com\/de\/wp-json\/wp\/v2\/pages\/15917"}],"wp:attachment":[{"href":"https:\/\/drterziler.com\/de\/wp-json\/wp\/v2\/media?parent=16140"}],"curies":[{"name":"wp","href":"https:\/\/api.w.org\/{rel}","templated":true}]}}