{"id":16301,"date":"2025-01-27T12:45:37","date_gmt":"2025-01-27T12:45:37","guid":{"rendered":"https:\/\/drterziler.com\/medizinische-aesthetik\/yuz-uygulamalari\/filler\/cene-dolgusu\/"},"modified":"2026-02-28T19:11:03","modified_gmt":"2026-02-28T19:11:03","slug":"kinnfueller","status":"publish","type":"page","link":"https:\/\/drterziler.com\/de\/medizinische-aesthetik\/gesichtsbehandlungen\/fuellstoff\/kinnfueller\/","title":{"rendered":"Kinnf\u00fcller"},"content":{"rendered":"<div class=\"page-content\">\n<div id=\"header-area\">\n<div class=\"container\" id=\"firstContent\">\n<div class=\"header-content d-flex flex-column\">\n<h1 class=\"content-title h1-header\">Kinnf\u00fcller<\/h1>\n<div class=\"content-paragraph\">\n<p class=\"p-text\">Kinnf\u00fcller ist ein \u00e4sthetischer Eingriff zur Definition der Form und Konturen des Kinns. Diese Behandlung gleicht die Gesichtsz\u00fcge aus und sorgt f\u00fcr ein attraktiveres und symmetrischeres Erscheinungsbild. Sie wird mit F\u00fcllmaterialien wie Hyalurons\u00e4ure durchgef\u00fchrt und bietet einen angenehmen Behandlungsablauf.<\/p>\n<\/p><\/div>\n<nav aria-label=\"breadcrumb\" class=\"breadcrumbs\">\n<ul class=\"d-flex align-items-center mb-0\">\n<li><a class=\"link\" href=\"https:\/\/drterziler.com\/de\/\"><span>Dr. Terziler Exclusive Clinic<\/span><\/a><\/li>\n<li class=\"separator\">\u00bb<\/li>\n<li><a class=\"link\" href=\"https:\/\/drterziler.com\/de\/medizinische-aesthetik\/\"><span>Medizinische \u00c4sthetik<\/span><\/a><\/li>\n<li class=\"separator\">\u00bb<\/li>\n<li><a class=\"link\" href=\"https:\/\/drterziler.com\/de\/medizinische-aesthetik\/gesichtsbehandlungen\/\"><span>Gesichtsbehandlungen<\/span><\/a><\/li>\n<li class=\"separator\">\u00bb<\/li>\n<li><a class=\"link\" href=\"https:\/\/drterziler.com\/de\/medizinische-aesthetik\/gesichtsbehandlungen\/fuellstoff\/\"><span>F\u00fcllstoff<\/span><\/a><\/li>\n<li class=\"separator\">\u00bb<\/li>\n<li class=\"current-page\"><span>Kinnf\u00fcller<\/span><\/li>\n<\/ul>\n<\/nav><\/div>\n<\/p><\/div>\n<\/p><\/div>\n<\/div>\n<section id=\"content-area\">\n<div class=\"container my-5\">\n<div class=\"row align-items-start\">\n<div class=\"col-md-6 order-2 order-md-1\">\n<div class=\"custom-toc-box\">\n<div id=\"toc-header\">\n<h4>Inhaltsverzeichnis<\/h4>\n<div class=\"toc-toggle-icon\"><\/div>\n<\/p><\/div>\n<div class=\"toc-full-divider\"><\/div>\n<div id=\"toc-body\">\n<div id=\"toc-container\"><\/div>\n<\/p><\/div>\n<\/p><\/div>\n<\/p><\/div>\n<div class=\"col-md-6 order-1 order-md-2\" id=\"jForm\">\n                <script type=\"text\/javascript\" src=\"https:\/\/form.jotform.com\/jsform\/242882128947973\"><\/script>\n            <\/div>\n<\/p><\/div>\n<\/p><\/div>\n<div class=\"container\">\n<div class=\"img-thumb\">\n            <img loading=\"lazy\" decoding=\"async\" src=\"https:\/\/drterziler.com\/wp-content\/uploads\/2025\/01\/Cene-Dolgusu.webp\" sizes=\"auto, (max-width: 1920px) 100vw, 1920px\" srcset=\"https:\/\/drterziler.com\/wp-content\/uploads\/2025\/01\/Cene-Dolgusu.webp 1920w, https:\/\/drterziler.com\/wp-content\/uploads\/2025\/01\/Cene-Dolgusu-300x169.webp 300w, https:\/\/drterziler.com\/wp-content\/uploads\/2025\/01\/Cene-Dolgusu-1024x576.webp 1024w, https:\/\/drterziler.com\/wp-content\/uploads\/2025\/01\/Cene-Dolgusu-768x432.webp 768w, https:\/\/drterziler.com\/wp-content\/uploads\/2025\/01\/Cene-Dolgusu-1536x864.webp 1536w\" alt=\"\" width=\"1920\" height=\"1080\">\n        <\/div>\n<div>\n<div>\n<h2 class=\"h2-header\">Was ist Kinnfiller?<\/h2>\n<\/p><\/div>\n<div>\n<p class=\"p-text\">Kinnfiller ist ein nicht-chirurgisches medizinisch-\u00e4sthetisches Verfahren, das zur Formung, Definition und Harmonisierung des gesamten Gesichts\u00e4sthetik dient. Bei diesem Verfahren werden in der Regel F\u00fcllstoffe wie Hyalurons\u00e4ure, Calciumhydroxylapatit oder \u00e4hnliche Substanzen verwendet. Es kann f\u00fcr verschiedene Zwecke angewendet werden, wie z. B. die Betonung der Kieferlinie, die Verl\u00e4ngerung des Kinns oder das Hinzuf\u00fcgen von Volumen im Kinnbereich.<\/p>\n<\/p><\/div>\n<\/p><\/div>\n<div>\n<div>\n<h2 class=\"h2-header\">F\u00fcr wen ist es geeignet?<\/h2>\n<\/p><\/div>\n<div>\n<p class=\"p-text\">Personen, die ihre Gesichtsz\u00fcge definierter machen m\u00f6chten Menschen mit Kinnasymmetrie Personen, die ein harmonischeres Gesichtsbild w\u00fcnschen Menschen, deren Kinnlinie aufgrund des Alterns abgeschw\u00e4cht ist Personen, die Falten oder Erschlaffungen im Gesicht haben Menschen mit Volumenverlust an der Kinnspitze Personen, die das Erscheinungsbild ihrer Kieferlinie verbessern m\u00f6chten Personen, die keinen chirurgischen Eingriff w\u00fcnschen Menschen, die ihrem Kinnbereich eine nat\u00fcrliche Kontur verleihen m\u00f6chten Personen, die ein jugendliches und frisches Aussehen anstreben<\/p>\n<\/p><\/div>\n<\/p><\/div>\n<div>\n<div>\n<h2 class=\"h2-header\">Was sind die Vorteile?<\/h2>\n<\/p><\/div>\n<div>\n<p class=\"p-text\">Betont die Gesichtsz\u00fcge Korrigiert asymmetrische Kinnstrukturen Sorgt f\u00fcr eine attraktive und ausgewogene Gesichtskontur Stellt das durch das Altern verlorene Volumen wieder her Kein chirurgischer Eingriff erforderlich Kurze Erholungszeit Sofortige Ergebnisse Sorgt f\u00fcr ein nat\u00fcrliches und \u00e4sthetisches Erscheinungsbild Bietet langanhaltende Ergebnisse<\/p>\n<\/p><\/div>\n<\/p><\/div>\n<div>\n<div>\n<h2 class=\"h2-header\">Wie wird Kinnfiller angewendet?<\/h2>\n<\/p><\/div>\n<div>\n<p class=\"p-text\">Die Kinnfiller-Behandlung wird von einem erfahrenen \u00c4sthetiker oder Dermatologen durchgef\u00fchrt. Im ersten Schritt wird der Kinnbereich mit einer lokalen Bet\u00e4ubung bet\u00e4ubt. Anschlie\u00dfend wird ein F\u00fcllstoff, wie z. B. Hyalurons\u00e4ure, ausgew\u00e4hlt und mit Nadeln in den Kinnbereich injiziert. Der Eingriff dauert in der Regel zwischen 15 und 30 Minuten, und Sie k\u00f6nnen direkt danach Ihren t\u00e4glichen Aktivit\u00e4ten nachgehen.<\/p>\n<\/p><\/div>\n<\/p><\/div>\n<div>\n<div>\n<h2 class=\"h2-header\">Welches Erscheinungsbild bietet Kinnfiller?<\/h2>\n<\/p><\/div>\n<div>\n<p class=\"p-text\">Kinnfiller betont die Kieferlinie und sorgt f\u00fcr eine definiertere Optik. Es verbessert die Konturen unter dem Kinn und harmonisiert das Gesamtbild des Gesichts. Zudem verleiht es ein j\u00fcngeres und \u00e4sthetischeres Profil.<\/p>\n<\/p><\/div>\n<\/p><\/div>\n<div>\n<div>\n<h2 class=\"h2-header\">Ist der Eingriff schmerzhaft?<\/h2>\n<\/p><\/div>\n<div>\n<p class=\"p-text\">Dank der vor dem Eingriff aufgetragenen lokalen Bet\u00e4ubung ist die Kinnfiller-Behandlung nahezu schmerzfrei. Dieses schnelle und komfortable Verfahren erm\u00f6glicht es Ihnen, ohne Unterbrechung zu Ihrem Alltag zur\u00fcckzukehren.<\/p>\n<\/p><\/div>\n<\/p><\/div>\n<div>\n<div>\n<h2 class=\"h2-header\">Wie lange halten die Ergebnisse an?<\/h2>\n<\/p><\/div>\n<div>\n<p class=\"p-text\">Die Wirkung von Kinnfiller h\u00e4lt in der Regel zwischen 6 und 18 Monaten an. Diese Dauer kann jedoch von individuellen Faktoren wie Alter, Hauttyp und Lebensstil abh\u00e4ngen. Durch Folgebehandlungen kann das Ergebnis \u00fcber einen l\u00e4ngeren Zeitraum erhalten bleiben.<\/p>\n<\/p><\/div>\n<\/p><\/div>\n<div>\n<div>\n<h2 class=\"h2-header\">Kinnfiller-Preise<\/h2>\n<\/p><\/div>\n<div>\n<p class=\"p-text\">Die Preise richten sich nach der Art des verwendeten F\u00fcllstoffs, der f\u00fcr die Behandlung ben\u00f6tigten Menge sowie dem gew\u00fcnschten Korrektur- und Formungsgrad im Kinnbereich. F\u00fcr genauere Informationen laden wir Sie herzlich in unsere Klinik ein.<\/p>\n<\/p><\/div>\n<\/p><\/div>\n<div>\n<div>\n<h2 class=\"h2-header\">Warum Dr. Terziler Exclusive Clinic?<\/h2>\n<\/p><\/div>\n<div>\n<p class=\"p-text\">Dr. Terziler bietet mit international anerkannter Expertise und einem einzigartigen Ansatz, der Kunst und Wissenschaft vereint, individuelle L\u00f6sungen an, die nicht nur eine physische Transformation, sondern auch eine emotionale Erneuerung erm\u00f6glichen. Unsere Klinik, ausgestattet mit modernster Technologie und basierend auf den Prinzipien von Komfort und Sicherheit, verfolgt Perfektion als Unternehmensphilosophie. Jeder Eingriff hier zielt darauf ab, Ihr allgemeines Wohlbefinden und Ihre Zufriedenheit zu steigern.<\/p>\n<\/p><\/div>\n<\/p><\/div>\n<\/p><\/div>\n<\/section>\n","protected":false},"excerpt":{"rendered":"<p>Kinnf\u00fcller Kinnf\u00fcller ist ein \u00e4sthetischer Eingriff zur Definition der Form und Konturen des Kinns. Diese Behandlung gleicht die Gesichtsz\u00fcge aus und sorgt f\u00fcr ein attraktiveres und symmetrischeres Erscheinungsbild. Sie wird mit F\u00fcllmaterialien wie Hyalurons\u00e4ure durchgef\u00fchrt und bietet einen angenehmen Behandlungsablauf. Dr. Terziler Exclusive Clinic \u00bb Medizinische \u00c4sthetik \u00bb Gesichtsbehandlungen \u00bb F\u00fcllstoff \u00bb Kinnf\u00fcller Inhaltsverzeichnis Was [&hellip;]<\/p>\n","protected":false},"author":6,"featured_media":0,"parent":3251,"menu_order":0,"comment_status":"closed","ping_status":"closed","template":"","meta":{"footnotes":""},"class_list":["post-16301","page","type-page","status-publish","hentry"],"_links":{"self":[{"href":"https:\/\/drterziler.com\/de\/wp-json\/wp\/v2\/pages\/16301","targetHints":{"allow":["GET"]}}],"collection":[{"href":"https:\/\/drterziler.com\/de\/wp-json\/wp\/v2\/pages"}],"about":[{"href":"https:\/\/drterziler.com\/de\/wp-json\/wp\/v2\/types\/page"}],"author":[{"embeddable":true,"href":"https:\/\/drterziler.com\/de\/wp-json\/wp\/v2\/users\/6"}],"replies":[{"embeddable":true,"href":"https:\/\/drterziler.com\/de\/wp-json\/wp\/v2\/comments?post=16301"}],"version-history":[{"count":17,"href":"https:\/\/drterziler.com\/de\/wp-json\/wp\/v2\/pages\/16301\/revisions"}],"predecessor-version":[{"id":58355,"href":"https:\/\/drterziler.com\/de\/wp-json\/wp\/v2\/pages\/16301\/revisions\/58355"}],"up":[{"embeddable":true,"href":"https:\/\/drterziler.com\/de\/wp-json\/wp\/v2\/pages\/3251"}],"wp:attachment":[{"href":"https:\/\/drterziler.com\/de\/wp-json\/wp\/v2\/media?parent=16301"}],"curies":[{"name":"wp","href":"https:\/\/api.w.org\/{rel}","templated":true}]}}