{"id":16371,"date":"2025-01-27T13:03:33","date_gmt":"2025-01-27T13:03:33","guid":{"rendered":"https:\/\/drterziler.com\/medizinische-aesthetik\/yuz-uygulamalari\/filler\/dudak-dolgusu\/"},"modified":"2026-04-21T11:29:10","modified_gmt":"2026-04-21T11:29:10","slug":"lippenfueller","status":"publish","type":"page","link":"https:\/\/drterziler.com\/de\/medizinische-aesthetik\/gesichtsbehandlungen\/fuellstoff\/lippenfueller\/","title":{"rendered":"Lippenf\u00fcller"},"content":{"rendered":"<div class=\"page-content\">\n<div id=\"header-area\">\n<div class=\"container\" id=\"firstContent\">\n<div class=\"header-content d-flex flex-column\">\n<h1 class=\"content-title h1-header\">Lippenf\u00fcller<\/h1>\n<div class=\"content-paragraph\">\n<p class=\"p-text\">Lippenf\u00fcller erh\u00f6hen das Volumen der Lippen und sorgen f\u00fcr ein volleres und definierteres Aussehen. Dieses Verfahren verhindert eine altersbedingte Ausd\u00fcnnung und sorgt f\u00fcr eine nat\u00fcrliche \u00c4sthetik. Die Behandlung wird unter \u00f6rtlicher Bet\u00e4ubung durchgef\u00fchrt, wodurch die Schmerzen minimiert werden. Die Ergebnisse sind sofort sichtbar und die R\u00fcckkehr ins soziale Leben erfolgt schnell.<\/p>\n<\/p><\/div>\n<nav aria-label=\"breadcrumb\" class=\"breadcrumbs\">\n<ul class=\"d-flex align-items-center mb-0\">\n<li><a class=\"link\" href=\"https:\/\/drterziler.com\/de\/\"><span>Dr. Terziler Exclusive Clinic<\/span><\/a><\/li>\n<li class=\"separator\">\u00bb<\/li>\n<li><a class=\"link\" href=\"https:\/\/drterziler.com\/de\/medizinische-aesthetik\/\"><span>Medizinische \u00c4sthetik<\/span><\/a><\/li>\n<li class=\"separator\">\u00bb<\/li>\n<li><a class=\"link\" href=\"https:\/\/drterziler.com\/de\/medizinische-aesthetik\/gesichtsbehandlungen\/\"><span>Gesichtsbehandlungen<\/span><\/a><\/li>\n<li class=\"separator\">\u00bb<\/li>\n<li><a class=\"link\" href=\"https:\/\/drterziler.com\/de\/medizinische-aesthetik\/gesichtsbehandlungen\/fuellstoff\/\"><span>F\u00fcllstoff<\/span><\/a><\/li>\n<li class=\"separator\">\u00bb<\/li>\n<li class=\"current-page\"><span>Lippenf\u00fcller<\/span><\/li>\n<\/ul>\n<\/nav><\/div>\n<\/p><\/div>\n<\/p><\/div>\n<\/div>\n<section id=\"content-area\">\n<div class=\"container my-5\">\n<div class=\"row align-items-start\">\n<div class=\"col-md-6 order-2 order-md-1\">\n<div class=\"custom-toc-box\">\n<div id=\"toc-header\">\n<h4>Inhaltsverzeichnis<\/h4>\n<div class=\"toc-toggle-icon\"><\/div>\n<\/p><\/div>\n<div class=\"toc-full-divider\"><\/div>\n<div id=\"toc-body\">\n<div id=\"toc-container\"><\/div>\n<\/p><\/div>\n<\/p><\/div>\n<\/p><\/div>\n<div class=\"col-md-6 order-1 order-md-2\" id=\"jForm\">\n                <script type=\"text\/javascript\" src=\"https:\/\/form.jotform.com\/jsform\/242882128947973\"><\/script>\n            <\/div>\n<\/p><\/div>\n<\/p><\/div>\n<div class=\"container\">\n<div class=\"img-thumb\">\n            <img loading=\"lazy\" decoding=\"async\" src=\"https:\/\/drterziler.com\/wp-content\/uploads\/2025\/01\/Dudak-Dolgusu.webp\" sizes=\"auto, (max-width: 1920px) 100vw, 1920px\" srcset=\"https:\/\/drterziler.com\/wp-content\/uploads\/2025\/01\/Dudak-Dolgusu.webp 1920w, https:\/\/drterziler.com\/wp-content\/uploads\/2025\/01\/Dudak-Dolgusu-300x169.webp 300w, https:\/\/drterziler.com\/wp-content\/uploads\/2025\/01\/Dudak-Dolgusu-1024x576.webp 1024w, https:\/\/drterziler.com\/wp-content\/uploads\/2025\/01\/Dudak-Dolgusu-768x432.webp 768w, https:\/\/drterziler.com\/wp-content\/uploads\/2025\/01\/Dudak-Dolgusu-1536x864.webp 1536w\" alt=\"dudak dolgusu\" width=\"1920\" height=\"1080\" \/>\n        <\/div>\n<div>\n<div>\n<h2 class=\"h2-header\">Was ist Lippenfiller?<\/h2>\n<\/p><\/div>\n<div>\n<p class=\"p-text\">Lippenfiller ist ein \u00e4sthetisches Verfahren, das durchgef\u00fchrt wird, um das Volumen der Lippen zu erh\u00f6hen, ihre Form zu verbessern und ein symmetrischeres Erscheinungsbild zu erzielen. Dabei werden h\u00e4ufig F\u00fcllmaterialien wie Hyalurons\u00e4ure verwendet, die mit dem K\u00f6rper kompatibel sind. Da Hyalurons\u00e4ure eine nat\u00fcrlich in der Haut vorkommende Substanz ist, sorgt sie bei Anwendung auf den Lippen f\u00fcr eine nat\u00fcrliche F\u00fclle. Lippenfiller verleiht nicht nur Volumen, sondern verbessert auch die Konturen der Lippen und reduziert das Erscheinungsbild von Falten.<\/p>\n<\/p><\/div>\n<\/p><\/div>\n<div>\n<div>\n<h2 class=\"h2-header\">Was sind die Vorteile von Lippenfiller?<\/h2>\n<\/p><\/div>\n<div>\n<p class=\"p-text\">Volle und definierte Lippen in kurzer Zeit. Ein nat\u00fcrliches, \u00e4sthetisches und symmetrisches Erscheinungsbild. Eine femininere und fotogene Gesichtsstruktur. Individuelle L\u00f6sungen f\u00fcr jede Lippenform. Eine schnelle L\u00f6sung ohne chirurgischen Eingriff. Eine effektive Methode zur Bek\u00e4mpfung von Alterserscheinungen. Sofortige R\u00fcckkehr ins soziale Leben nach der Behandlung.<\/p>\n<\/p><\/div>\n<\/p><\/div>\n<div>\n<div>\n<h2 class=\"h2-header\">Welches Erscheinungsbild bietet Lippenfiller?<\/h2>\n<\/p><\/div>\n<div>\n<p class=\"p-text\">Lippenfiller sorgt f\u00fcr ein jugendlicheres, volleres und attraktiveres Aussehen. D\u00fcnne Lippen werden definierter, und durch den Alterungsprozess verlorenes Volumen wird wiederhergestellt. Zudem wird die Asymmetrie der Lippenlinien korrigiert, wodurch ein symmetrisches Lippenprofil entsteht. Nach dem Eingriff wirken die Lippen lebendiger, ges\u00fcnder und frischer. Feine Linien, die im Laufe der Jahre auf den Lippen entstehen, werden gegl\u00e4ttet und verschwinden, was dem Gesicht einen jugendlicheren Ausdruck verleiht.<\/p>\n<\/p><\/div>\n<\/p><\/div>\n<div>\n<div>\n<h2 class=\"h2-header\">F\u00fcr wen ist Lippenfiller geeignet?<\/h2>\n<\/p><\/div>\n<div>\n<p class=\"p-text\">Personen, die an Volumen in den Lippen verloren haben. Menschen mit d\u00fcnnen Lippen. Personen mit asymmetrischen Lippenlinien. Individuen mit altersbedingten Falten. Personen, die ein \u00e4sthetisches Erscheinungsbild anstreben. Menschen, die die Form ihrer Lippen ver\u00e4ndern m\u00f6chten. Personen, die mit minimalem Eingriff Ergebnisse erzielen m\u00f6chten.<\/p>\n<\/p><\/div>\n<\/p><\/div>\n<div>\n<div>\n<h2 class=\"h2-header\">Wie wird Lippenfiller angewendet?<\/h2>\n<\/p><\/div>\n<div>\n<p class=\"p-text\">Lippenfiller wird in einem einfachen Verfahren angewendet. Vor der Behandlung wird eine lokale Bet\u00e4ubungscreme aufgetragen, um m\u00f6gliche Schmerzen zu minimieren. Anschlie\u00dfend wird ein Hyalurons\u00e4ure-basierter F\u00fcllstoff mit feinen Nadeln in die Lippen injiziert. Der Eingriff wird von einem erfahrenen Dermatologen durchgef\u00fchrt und dauert in der Regel etwa 20 Minuten. Nach der Behandlung kann man sofort wieder ins soziale Leben zur\u00fcckkehren. Da der verwendete F\u00fcllstoff sicher und k\u00f6rpervertr\u00e4glich ist, ist das Risiko unerw\u00fcnschter Reaktionen sehr gering.<\/p>\n<\/p><\/div>\n<\/p><\/div>\n<div>\n<div>\n<h2 class=\"h2-header\">Wie lange halten die Ergebnisse von Lippenfiller?<\/h2>\n<\/p><\/div>\n<div>\n<p class=\"p-text\">Lippenfiller ist keine dauerhafte Behandlung. Die Ergebnisse halten in der Regel zwischen 6 und 12 Monaten an. Diese Dauer kann je nach Art des verwendeten Fillers und dem individuellen Stoffwechsel variieren. Da F\u00fcllstoffe wie Hyalurons\u00e4ure vom K\u00f6rper mit der Zeit abgebaut werden, kann eine erneute Behandlung erforderlich sein. Die Zusammensetzung des Fillers und die individuelle Abbaurate im K\u00f6rper k\u00f6nnen jedoch unterschiedlich sein, sodass die Haltbarkeit der Ergebnisse von Person zu Person variieren kann.<\/p>\n<\/p><\/div>\n<\/p><\/div>\n<div>\n<div>\n<h2 class=\"h2-header\">Ist Lippenfiller schmerzhaft?<\/h2>\n<\/p><\/div>\n<div>\n<p class=\"p-text\">Da vor dem Eingriff eine lokale Bet\u00e4ubungscreme aufgetragen wird, sind die Schmerzen minimal. Die meisten Menschen empfinden w\u00e4hrend der Behandlung keine Schmerzen. Nach der Behandlung kann es zu leichten Schwellungen oder Bluterg\u00fcssen kommen, die jedoch nur wenige Stunden anhalten und schnell abheilen.<\/p>\n<\/p><\/div>\n<\/p><\/div>\n<div>\n<div>\n<h2 class=\"h2-header\">Lippenfiller-Preise<\/h2>\n<\/p><\/div>\n<div>\n<p class=\"p-text\">Die Preise f\u00fcr Lippenfiller k\u00f6nnen je nach Art des verwendeten Fillers und dem Umfang der Behandlung variieren. Die Kosten stehen in der Regel in direktem Zusammenhang mit der Qualit\u00e4t der Behandlung und den erwarteten Ergebnissen. F\u00fcr genauere Preisinformationen empfehlen wir, sich an die Berater unserer Klinik zu wenden.<\/p>\n<\/p><\/div>\n<\/p><\/div>\n<div>\n<div>\n<h2 class=\"h2-header\">Warum Dr. Terziler Exclusive Clinic?<\/h2>\n<\/p><\/div>\n<div>\n<p class=\"p-text\">Dr. Terziler bietet mit international anerkannter Expertise und einem \u00e4sthetischen Ansatz, der Kunst und Wissenschaft vereint, individuelle L\u00f6sungen, die nicht nur eine physische Transformation, sondern auch eine emotionale Erneuerung erm\u00f6glichen. Unsere Klinik, ausgestattet mit modernster Technologie und basierend auf den Prinzipien von Komfort und Sicherheit, verfolgt Perfektion als Unternehmensphilosophie. Jeder Eingriff hier zielt darauf ab, Ihr allgemeines Wohlbefinden und Ihre Zufriedenheit zu steigern.<\/p>\n<\/p><\/div>\n<\/p><\/div>\n<\/p><\/div>\n<\/section>\n","protected":false},"excerpt":{"rendered":"<p>Lippenf\u00fcller Lippenf\u00fcller erh\u00f6hen das Volumen der Lippen und sorgen f\u00fcr ein volleres und definierteres Aussehen. Dieses Verfahren verhindert eine altersbedingte Ausd\u00fcnnung und sorgt f\u00fcr eine nat\u00fcrliche \u00c4sthetik. Die Behandlung wird unter \u00f6rtlicher Bet\u00e4ubung durchgef\u00fchrt, wodurch die Schmerzen minimiert werden. Die Ergebnisse sind sofort sichtbar und die R\u00fcckkehr ins soziale Leben erfolgt schnell. Dr. Terziler Exclusive [&hellip;]<\/p>\n","protected":false},"author":6,"featured_media":0,"parent":3251,"menu_order":0,"comment_status":"closed","ping_status":"closed","template":"","meta":{"footnotes":""},"class_list":["post-16371","page","type-page","status-publish","hentry"],"_links":{"self":[{"href":"https:\/\/drterziler.com\/de\/wp-json\/wp\/v2\/pages\/16371","targetHints":{"allow":["GET"]}}],"collection":[{"href":"https:\/\/drterziler.com\/de\/wp-json\/wp\/v2\/pages"}],"about":[{"href":"https:\/\/drterziler.com\/de\/wp-json\/wp\/v2\/types\/page"}],"author":[{"embeddable":true,"href":"https:\/\/drterziler.com\/de\/wp-json\/wp\/v2\/users\/6"}],"replies":[{"embeddable":true,"href":"https:\/\/drterziler.com\/de\/wp-json\/wp\/v2\/comments?post=16371"}],"version-history":[{"count":15,"href":"https:\/\/drterziler.com\/de\/wp-json\/wp\/v2\/pages\/16371\/revisions"}],"predecessor-version":[{"id":62360,"href":"https:\/\/drterziler.com\/de\/wp-json\/wp\/v2\/pages\/16371\/revisions\/62360"}],"up":[{"embeddable":true,"href":"https:\/\/drterziler.com\/de\/wp-json\/wp\/v2\/pages\/3251"}],"wp:attachment":[{"href":"https:\/\/drterziler.com\/de\/wp-json\/wp\/v2\/media?parent=16371"}],"curies":[{"name":"wp","href":"https:\/\/api.w.org\/{rel}","templated":true}]}}