{"id":16490,"date":"2025-01-27T13:49:45","date_gmt":"2025-01-27T13:49:45","guid":{"rendered":"https:\/\/drterziler.com\/medizinische-aesthetik\/yuz-uygulamalari\/filler\/kulak-memesi-dolgusu\/"},"modified":"2026-02-28T19:26:12","modified_gmt":"2026-02-28T19:26:12","slug":"ohrlaeppchenfueller","status":"publish","type":"page","link":"https:\/\/drterziler.com\/de\/medizinische-aesthetik\/gesichtsbehandlungen\/fuellstoff\/ohrlaeppchenfueller\/","title":{"rendered":"Ohrl\u00e4ppchenf\u00fcller"},"content":{"rendered":"<div class=\"page-content\">\n<div id=\"header-area\">\n<div class=\"container\" id=\"firstContent\">\n<div class=\"header-content d-flex flex-column\">\n<h1 class=\"content-title h1-header\">Ohrl\u00e4ppchenf\u00fcller<\/h1>\n<div class=\"content-paragraph\">\n<p class=\"p-text\">Ohrl\u00e4ppchenf\u00fcller formen die altersbedingt schlaffen Ohrl\u00e4ppchen neu und verleihen ihnen Volumen. Dieses Verfahren verbessert das \u00e4sthetische Erscheinungsbild der Ohrl\u00e4ppchen und sorgt f\u00fcr eine verj\u00fcngende Wirkung. Es werden schnelle Ergebnisse erzielt und der Genesungsprozess ist kurz.<\/p>\n<\/p><\/div>\n<nav aria-label=\"breadcrumb\" class=\"breadcrumbs\">\n<ul class=\"d-flex align-items-center mb-0\">\n<li><a class=\"link\" href=\"https:\/\/drterziler.com\/de\/\"><span>Dr. Terziler Exclusive Clinic<\/span><\/a><\/li>\n<li class=\"separator\">\u00bb<\/li>\n<li><a class=\"link\" href=\"https:\/\/drterziler.com\/de\/medizinische-aesthetik\/\"><span>Medizinische \u00c4sthetik<\/span><\/a><\/li>\n<li class=\"separator\">\u00bb<\/li>\n<li><a class=\"link\" href=\"https:\/\/drterziler.com\/de\/medizinische-aesthetik\/gesichtsbehandlungen\/\"><span>Gesichtsbehandlungen<\/span><\/a><\/li>\n<li class=\"separator\">\u00bb<\/li>\n<li><a class=\"link\" href=\"https:\/\/drterziler.com\/de\/medizinische-aesthetik\/gesichtsbehandlungen\/fuellstoff\/\"><span>F\u00fcllstoff<\/span><\/a><\/li>\n<li class=\"separator\">\u00bb<\/li>\n<li class=\"current-page\"><span>Ohrl\u00e4ppchenf\u00fcller<\/span><\/li>\n<\/ul>\n<\/nav><\/div>\n<\/p><\/div>\n<\/p><\/div>\n<\/div>\n<section id=\"content-area\">\n<div class=\"container my-5\">\n<div class=\"row align-items-start\">\n<div class=\"col-md-6 order-2 order-md-1\">\n<div class=\"custom-toc-box\">\n<div id=\"toc-header\">\n<h4>Inhaltsverzeichnis<\/h4>\n<div class=\"toc-toggle-icon\"><\/div>\n<\/p><\/div>\n<div class=\"toc-full-divider\"><\/div>\n<div id=\"toc-body\">\n<div id=\"toc-container\"><\/div>\n<\/p><\/div>\n<\/p><\/div>\n<\/p><\/div>\n<div class=\"col-md-6 order-1 order-md-2\" id=\"jForm\">\n                <script type=\"text\/javascript\" src=\"https:\/\/form.jotform.com\/jsform\/242882128947973\"><\/script>\n            <\/div>\n<\/p><\/div>\n<\/p><\/div>\n<div class=\"container\">\n<div class=\"img-thumb\">\n            <img loading=\"lazy\" decoding=\"async\" src=\"https:\/\/drterziler.com\/wp-content\/uploads\/2025\/01\/Kulak-Memesi-Dolgusu.webp\" sizes=\"auto, (max-width: 1920px) 100vw, 1920px\" srcset=\"https:\/\/drterziler.com\/wp-content\/uploads\/2025\/01\/Kulak-Memesi-Dolgusu.webp 1920w, https:\/\/drterziler.com\/wp-content\/uploads\/2025\/01\/Kulak-Memesi-Dolgusu-300x169.webp 300w, https:\/\/drterziler.com\/wp-content\/uploads\/2025\/01\/Kulak-Memesi-Dolgusu-1024x576.webp 1024w, https:\/\/drterziler.com\/wp-content\/uploads\/2025\/01\/Kulak-Memesi-Dolgusu-768x432.webp 768w, https:\/\/drterziler.com\/wp-content\/uploads\/2025\/01\/Kulak-Memesi-Dolgusu-1536x864.webp 1536w\" alt=\"\" width=\"1920\" height=\"1080\">\n        <\/div>\n<div>\n<div>\n<h2 class=\"h2-header\">Was ist Ohrl\u00e4ppchen-Filler?<\/h2>\n<\/p><\/div>\n<div>\n<p class=\"p-text\">Das Ohrl\u00e4ppchen wird in der Gesichts\u00e4sthetik oft \u00fcbersehen, spielt jedoch eine wichtige Rolle. Mit der Zeit k\u00f6nnen Alterung, die Schwerkraft und das Tragen schwerer Ohrringe zu einer Ausd\u00fcnnung und Verformung der Ohrl\u00e4ppchen f\u00fchren. Ohrl\u00e4ppchen-Filler ist ein bevorzugtes \u00e4sthetisches Verfahren, um diese Probleme nicht-chirurgisch zu korrigieren. Diese Behandlung mit Hyalurons\u00e4ure-basierten Fillern verleiht dem Ohrl\u00e4ppchen ein volleres und jugendlicheres Aussehen.<\/p>\n<\/p><\/div>\n<\/p><\/div>\n<div>\n<div>\n<h2 class=\"h2-header\">Was sind die Vorteile von Ohrl\u00e4ppchen-Filler?<\/h2>\n<\/p><\/div>\n<div>\n<p class=\"p-text\">Es ist eine schnelle und praktische L\u00f6sung, da es sich um eine nicht-chirurgische Methode handelt. Die Behandlung dauert nur 10-15 Minuten. Stellt das verlorene Volumen des Ohrl\u00e4ppchens wieder her. Korrigiert Deformationen, die durch das Tragen schwerer Ohrringe verursacht wurden. Verleiht dem Ohrl\u00e4ppchen ein jugendliches und gesundes Aussehen. Eine sichere Behandlung, die f\u00fcr alle Altersgruppen geeignet ist. Nach der Behandlung kann man sofort ins soziale Leben zur\u00fcckkehren.<\/p>\n<\/p><\/div>\n<\/p><\/div>\n<div>\n<div>\n<h2 class=\"h2-header\">Welches Erscheinungsbild bietet Ohrl\u00e4ppchen-Filler?<\/h2>\n<\/p><\/div>\n<div>\n<p class=\"p-text\">Ohrl\u00e4ppchen-Filler beseitigt den Volumenverlust im Ohrl\u00e4ppchen und verleiht ihm ein volleres und \u00e4sthetischeres Aussehen. Zudem werden Falten und Erschlaffungen gegl\u00e4ttet, sodass ein harmonisches Gesamtbild entsteht. Dieses Verfahren verj\u00fcngt das Ohrl\u00e4ppchen und passt sich der allgemeinen \u00c4sthetik des Gesichts an.<\/p>\n<\/p><\/div>\n<\/p><\/div>\n<div>\n<div>\n<h2 class=\"h2-header\">F\u00fcr wen ist Ohrl\u00e4ppchen-Filler geeignet?<\/h2>\n<\/p><\/div>\n<div>\n<p class=\"p-text\">Personen, die Volumenverlust in ihren Ohrl\u00e4ppchen festgestellt haben. Menschen mit Deformationen durch das Tragen schwerer Ohrringe. Personen, die ein jugendlicheres und ges\u00fcnderes Ohrl\u00e4ppchen w\u00fcnschen. Diejenigen, die eine schnelle und effektive Alternative zur Operation suchen. Frauen und M\u00e4nner ab 18 Jahren. Menschen, die m\u00f6chten, dass ihre Ohrringe stilvoller wirken.<\/p>\n<\/p><\/div>\n<\/p><\/div>\n<div>\n<div>\n<h2 class=\"h2-header\">Nicht-chirurgische Methode f\u00fcr M\u00e4nner und Frauen<\/h2>\n<\/p><\/div>\n<div>\n<p class=\"p-text\">Ohrl\u00e4ppchen-Filler ist sowohl f\u00fcr Frauen als auch f\u00fcr M\u00e4nner geeignet. W\u00e4hrend Frauen es meist aus \u00e4sthetischen Gr\u00fcnden bevorzugen, kann es bei M\u00e4nnern helfen, altersbedingten Volumenverlust auszugleichen. Da es sich um eine nicht-chirurgische Behandlung handelt, ist es eine attraktive Option f\u00fcr alle.<\/p>\n<\/p><\/div>\n<\/p><\/div>\n<div>\n<div>\n<h2 class=\"h2-header\">Wie wird Ohrl\u00e4ppchen-Filler angewendet?<\/h2>\n<\/p><\/div>\n<div>\n<p class=\"p-text\">Die Behandlung erfolgt unter lokaler Bet\u00e4ubung. Zun\u00e4chst werden die Bereiche bestimmt, in denen der Filler injiziert wird. Anschlie\u00dfend wird der Hyalurons\u00e4ure-basierte Filler mit feinen Nadeln vorsichtig in das Ohrl\u00e4ppchen injiziert. W\u00e4hrend des Eingriffs treten keine Schmerzen auf, und die Behandlung dauert etwa 10-15 Minuten. Sie wird von erfahrenen \u00e4sthetischen Spezialisten durchgef\u00fchrt und ist sehr sicher.<\/p>\n<\/p><\/div>\n<\/p><\/div>\n<div>\n<div>\n<h2 class=\"h2-header\">Wie lange halten die Ergebnisse von Ohrl\u00e4ppchen-Filler?<\/h2>\n<\/p><\/div>\n<div>\n<p class=\"p-text\">Ohrl\u00e4ppchen-Filler h\u00e4lt in der Regel zwischen 12 und 18 Monaten. Die Ergebnisse k\u00f6nnen je nach Hauttyp, Lebensstil und der verwendeten Filler-Art variieren. Sobald die Wirkung nachl\u00e4sst, kann die Behandlung problemlos wiederholt werden.<\/p>\n<\/p><\/div>\n<\/p><\/div>\n<div>\n<div>\n<h2 class=\"h2-header\">Ohrl\u00e4ppchen-Filler Preise<\/h2>\n<\/p><\/div>\n<div>\n<p class=\"p-text\">Die Kosten k\u00f6nnen je nach Art des verwendeten Fillers oder der Menge des aufgetragenen Materials variieren. F\u00fcr detaillierte Informationen \u00fcber die Behandlung oder Preise kontaktieren Sie uns bitte.<\/p>\n<\/p><\/div>\n<\/p><\/div>\n<div>\n<div>\n<h2 class=\"h2-header\">Warum Dr. Terziler Exclusive Clinic?<\/h2>\n<\/p><\/div>\n<div>\n<p class=\"p-text\">Dr. Terziler bietet mit international anerkannter Expertise und einem \u00e4sthetischen Ansatz, der Kunst und Wissenschaft vereint, individuelle L\u00f6sungen, die nicht nur eine physische Transformation, sondern auch eine emotionale Erneuerung erm\u00f6glichen. Unsere Klinik, ausgestattet mit modernster Technologie und basierend auf den Prinzipien von Komfort und Sicherheit, verfolgt Perfektion als Unternehmensphilosophie. Jeder Eingriff hier zielt darauf ab, Ihr allgemeines Wohlbefinden und Ihre Zufriedenheit zu steigern.<\/p>\n<\/p><\/div>\n<\/p><\/div>\n<\/p><\/div>\n<\/section>\n","protected":false},"excerpt":{"rendered":"<p>Ohrl\u00e4ppchenf\u00fcller Ohrl\u00e4ppchenf\u00fcller formen die altersbedingt schlaffen Ohrl\u00e4ppchen neu und verleihen ihnen Volumen. Dieses Verfahren verbessert das \u00e4sthetische Erscheinungsbild der Ohrl\u00e4ppchen und sorgt f\u00fcr eine verj\u00fcngende Wirkung. Es werden schnelle Ergebnisse erzielt und der Genesungsprozess ist kurz. Dr. Terziler Exclusive Clinic \u00bb Medizinische \u00c4sthetik \u00bb Gesichtsbehandlungen \u00bb F\u00fcllstoff \u00bb Ohrl\u00e4ppchenf\u00fcller Inhaltsverzeichnis Was ist Ohrl\u00e4ppchen-Filler? Das Ohrl\u00e4ppchen [&hellip;]<\/p>\n","protected":false},"author":6,"featured_media":0,"parent":3251,"menu_order":0,"comment_status":"closed","ping_status":"closed","template":"","meta":{"footnotes":""},"class_list":["post-16490","page","type-page","status-publish","hentry"],"_links":{"self":[{"href":"https:\/\/drterziler.com\/de\/wp-json\/wp\/v2\/pages\/16490","targetHints":{"allow":["GET"]}}],"collection":[{"href":"https:\/\/drterziler.com\/de\/wp-json\/wp\/v2\/pages"}],"about":[{"href":"https:\/\/drterziler.com\/de\/wp-json\/wp\/v2\/types\/page"}],"author":[{"embeddable":true,"href":"https:\/\/drterziler.com\/de\/wp-json\/wp\/v2\/users\/6"}],"replies":[{"embeddable":true,"href":"https:\/\/drterziler.com\/de\/wp-json\/wp\/v2\/comments?post=16490"}],"version-history":[{"count":14,"href":"https:\/\/drterziler.com\/de\/wp-json\/wp\/v2\/pages\/16490\/revisions"}],"predecessor-version":[{"id":58412,"href":"https:\/\/drterziler.com\/de\/wp-json\/wp\/v2\/pages\/16490\/revisions\/58412"}],"up":[{"embeddable":true,"href":"https:\/\/drterziler.com\/de\/wp-json\/wp\/v2\/pages\/3251"}],"wp:attachment":[{"href":"https:\/\/drterziler.com\/de\/wp-json\/wp\/v2\/media?parent=16490"}],"curies":[{"name":"wp","href":"https:\/\/api.w.org\/{rel}","templated":true}]}}