{"id":16639,"date":"2025-01-27T14:34:58","date_gmt":"2025-01-27T14:34:58","guid":{"rendered":"https:\/\/drterziler.com\/medizinische-aesthetik\/yuz-uygulamalari\/mesotherapie-anwendungen\/anti-aging\/"},"modified":"2026-02-28T19:37:03","modified_gmt":"2026-02-28T19:37:03","slug":"anti-aging-de","status":"publish","type":"page","link":"https:\/\/drterziler.com\/de\/medizinische-aesthetik\/gesichtsbehandlungen\/mesotherapie-de\/anti-aging-de\/","title":{"rendered":"Anti Aging"},"content":{"rendered":"<div class=\"page-content\">\n<div id=\"header-area\">\n<div class=\"container\" id=\"firstContent\">\n<div class=\"header-content d-flex flex-column\">\n<h1 class=\"content-title h1-header\">Anti Aging<\/h1>\n<div class=\"content-paragraph\">\n<p class=\"p-text\">Anti-Aging-Behandlungen, die den Zeichen der Hautalterung entgegenwirken, sind moderne Anwendungen, die darauf abzielen, eine j\u00fcngere, lebendigere und glattere Haut zu erzielen. Diese Methoden, die sowohl die \u00e4sthetische als auch die nat\u00fcrliche Sch\u00f6nheit unterst\u00fctzen, stellen heute eine beliebte L\u00f6sung f\u00fcr jedermann dar.<\/p>\n<\/p><\/div>\n<nav aria-label=\"breadcrumb\" class=\"breadcrumbs\">\n<ul class=\"d-flex align-items-center mb-0\">\n<li><a class=\"link\" href=\"https:\/\/drterziler.com\/de\/\"><span>Dr. Terziler Exclusive Clinic<\/span><\/a><\/li>\n<li class=\"separator\">\u00bb<\/li>\n<li><a class=\"link\" href=\"https:\/\/drterziler.com\/de\/medizinische-aesthetik\/\"><span>Medizinische \u00c4sthetik<\/span><\/a><\/li>\n<li class=\"separator\">\u00bb<\/li>\n<li><a class=\"link\" href=\"https:\/\/drterziler.com\/de\/medizinische-aesthetik\/gesichtsbehandlungen\/\"><span>Gesichtsbehandlungen<\/span><\/a><\/li>\n<li class=\"separator\">\u00bb<\/li>\n<li><a class=\"link\" href=\"https:\/\/drterziler.com\/de\/medizinische-aesthetik\/gesichtsbehandlungen\/mesotherapie-de\/\"><span>Mesotherapie<\/span><\/a><\/li>\n<li class=\"separator\">\u00bb<\/li>\n<li class=\"current-page\"><span>Anti Aging<\/span><\/li>\n<\/ul>\n<\/nav><\/div>\n<\/p><\/div>\n<\/p><\/div>\n<\/div>\n<section id=\"content-area\">\n<div class=\"container my-5\">\n<div class=\"row align-items-start\">\n<div class=\"col-md-6 order-2 order-md-1\">\n<div class=\"custom-toc-box\">\n<div id=\"toc-header\">\n<h4>Inhaltsverzeichnis<\/h4>\n<div class=\"toc-toggle-icon\"><\/div>\n<\/p><\/div>\n<div class=\"toc-full-divider\"><\/div>\n<div id=\"toc-body\">\n<div id=\"toc-container\"><\/div>\n<\/p><\/div>\n<\/p><\/div>\n<\/p><\/div>\n<div class=\"col-md-6 order-1 order-md-2\" id=\"jForm\">\n                <script type=\"text\/javascript\" src=\"https:\/\/form.jotform.com\/jsform\/242882128947973\"><\/script>\n            <\/div>\n<\/p><\/div>\n<\/p><\/div>\n<div class=\"container\">\n<div class=\"img-thumb\">\n            <img loading=\"lazy\" decoding=\"async\" src=\"https:\/\/drterziler.com\/wp-content\/uploads\/2025\/01\/Anti-Aging.webp\" sizes=\"auto, (max-width: 1920px) 100vw, 1920px\" srcset=\"https:\/\/drterziler.com\/wp-content\/uploads\/2025\/01\/Anti-Aging.webp 1920w, https:\/\/drterziler.com\/wp-content\/uploads\/2025\/01\/Anti-Aging-300x169.webp 300w, https:\/\/drterziler.com\/wp-content\/uploads\/2025\/01\/Anti-Aging-1024x576.webp 1024w, https:\/\/drterziler.com\/wp-content\/uploads\/2025\/01\/Anti-Aging-768x432.webp 768w, https:\/\/drterziler.com\/wp-content\/uploads\/2025\/01\/Anti-Aging-1536x864.webp 1536w\" alt=\"\" width=\"1920\" height=\"1080\">\n        <\/div>\n<div>\n<div>\n<h2 class=\"h2-header\">Anti-Aging-Behandlung in der T\u00fcrkei<\/h2>\n<\/p><\/div>\n<div>\n<p class=\"p-text\">Anti-Aging bezieht sich auf eine Reihe von Anwendungen und Behandlungen, die entwickelt wurden, um die Anzeichen der Hautalterung zu verz\u00f6gern oder umzukehren. Dies umfasst Hauterneuerung, Muskeltonusregulierung, Reduzierung von Falten und ein insgesamt j\u00fcnger aussehendes Erscheinungsbild. Es bietet L\u00f6sungen in einer Vielzahl von Behandlungen, von oberfl\u00e4chlicher Hautpflege bis hin zu fortgeschrittenen medizinischen Anwendungen.<\/p>\n<\/p><\/div>\n<\/p><\/div>\n<div>\n<div>\n<h2 class=\"h2-header\">Welche Vorteile bietet Anti-Aging?<\/h2>\n<\/p><\/div>\n<div>\n<p class=\"p-text\">Reduziert Falten und feine Linien. Verbessert die Hautelastizit\u00e4t und Strahlkraft. Reduziert Hautunregelm\u00e4\u00dfigkeiten und Unreinheiten. Verleiht ein insgesamt j\u00fcngeres, lebendigeres und ges\u00fcnderes Aussehen. Steigert das Selbstbewusstsein. Bringt sichtbare Effekte in kurzer Zeit.<\/p>\n<\/p><\/div>\n<\/p><\/div>\n<div>\n<div>\n<h2 class=\"h2-header\">Welches Aussehen bietet die Anti-Aging-Behandlung?<\/h2>\n<\/p><\/div>\n<div>\n<p class=\"p-text\">Durch Anti-Aging-Behandlungen wird die Haut fester, voller und strahlend. M\u00fcde oder schlaffe Gesichtsz\u00fcge werden wiederhergestellt. Probleme wie Flecken, Linien und Schwellungen verringern sich, und das Gesicht erlangt seine jugendliche Frische zur\u00fcck.<\/p>\n<\/p><\/div>\n<\/p><\/div>\n<div>\n<div>\n<h2 class=\"h2-header\">F\u00fcr wen ist die Anti-Aging-Behandlung geeignet?<\/h2>\n<\/p><\/div>\n<div>\n<p class=\"p-text\">F\u00fcr alle, die gegen die Anzeichen der Hautalterung ank\u00e4mpfen m\u00f6chten. Sie wird h\u00e4ufig ab den 30ern bevorzugt, aber pr\u00e4ventive Behandlungen k\u00f6nnen auch in j\u00fcngerem Alter durchgef\u00fchrt werden. Sie wird in der Regel f\u00fcr alle empfohlen, au\u00dfer w\u00e4hrend der Schwangerschaft oder bei bestimmten medizinischen Zust\u00e4nden.<\/p>\n<\/p><\/div>\n<\/p><\/div>\n<div>\n<div>\n<h2 class=\"h2-header\">Warum ist die Anti-Aging-Behandlung so beliebt?<\/h2>\n<\/p><\/div>\n<div>\n<p class=\"p-text\">Ein jugendliches und energiegeladenes Aussehen wird heute im \u00e4sthetischen Ansatz priorisiert. Sie liefert schnelle und effektive Ergebnisse. Technologische Fortschritte haben zu komfortableren und effizienteren Behandlungen gef\u00fchrt. Sie bietet personalisierte L\u00f6sungen f\u00fcr jeden. Sie erzeugt einen jugendlichen Effekt, w\u00e4hrend sie einen nat\u00fcrlichen Look bewahrt.<\/p>\n<\/p><\/div>\n<\/p><\/div>\n<div>\n<div>\n<h2 class=\"h2-header\">Wie wird die Anti-Aging-Behandlung angewendet?<\/h2>\n<\/p><\/div>\n<div>\n<p class=\"p-text\">Anti-Aging-Behandlungen variieren je nach gew\u00e4hlter Methode. Zu den g\u00e4ngigen Methoden geh\u00f6ren Mesotherapie, PRP, Filler, Botox und Laserbehandlungen. Diese Behandlungen werden in der Regel in klinischen Einrichtungen von spezialisierten \u00c4rzten durchgef\u00fchrt. Die Anzahl der Sitzungen und die Dauer variieren je nach den individuellen Bed\u00fcrfnissen.<\/p>\n<\/p><\/div>\n<\/p><\/div>\n<div>\n<div>\n<h2 class=\"h2-header\">Wie lange halten die Ergebnisse der Anti-Aging-Behandlung an?<\/h2>\n<\/p><\/div>\n<div>\n<p class=\"p-text\">Die Dauer der Ergebnisse h\u00e4ngt von der angewendeten Methode und der Hautstruktur des Einzelnen ab. Botox und Filler bieten in der Regel Ergebnisse f\u00fcr 6-12 Monate, w\u00e4hrend Methoden wie Laser und PRP l\u00e4nger anhaltende Effekte haben. F\u00fcr dauerhafte Ergebnisse sind regelm\u00e4\u00dfige Wartung und Nachbehandlungen wichtig.<\/p>\n<\/p><\/div>\n<\/p><\/div>\n<div>\n<div>\n<h2 class=\"h2-header\">Verursacht die Anti-Aging-Behandlung Schmerzen oder Unannehmlichkeiten?<\/h2>\n<\/p><\/div>\n<div>\n<p class=\"p-text\">Moderne Anti-Aging-Behandlungen sind in der Regel minimal invasiv und k\u00f6nnen leichte Unannehmlichkeiten verursachen. Lokalan\u00e4sthetische Cremes werden vor der Behandlung verwendet, um den Komfort zu gew\u00e4hrleisten. Laser- oder injektionsbasierte Behandlungen k\u00f6nnen ein leichtes Kribbeln oder W\u00e4rmegef\u00fchl verursachen.<\/p>\n<\/p><\/div>\n<\/p><\/div>\n<div>\n<div>\n<h2 class=\"h2-header\">Preise f\u00fcr Anti-Aging-Behandlungen<\/h2>\n<\/p><\/div>\n<div>\n<p class=\"p-text\">Die Preise f\u00fcr Anti-Aging-Behandlungen variieren je nach gew\u00e4hlter Methode, dem Umfang der Anwendung und anderen Faktoren. Behandlungen in einer einzigen Sitzung sind in der Regel erschwinglicher, w\u00e4hrend kombinierte Behandlungen oder langfristige Protokolle teurer sein k\u00f6nnen. F\u00fcr genaue Informationen sollten Sie sich mit Ihrer spezialisierten Klinik in Verbindung setzen.<\/p>\n<\/p><\/div>\n<\/p><\/div>\n<div>\n<div>\n<h2 class=\"h2-header\">Warum die Dr. Terziler Exclusive Clinic w\u00e4hlen?<\/h2>\n<\/p><\/div>\n<div>\n<p class=\"p-text\">Dr. Terziler, mit international anerkanntem Fachwissen und einem \u00e4sthetischen Ansatz, der Kunst und Wissenschaft kombiniert, bietet ma\u00dfgeschneiderte L\u00f6sungen, die nicht nur eine k\u00f6rperliche Transformation, sondern auch eine emotionale Erneuerung erm\u00f6glichen. Unsere Klinik, ausgestattet mit fortschrittlicher Technologie und betrieben nach den Prinzipien von Komfort und Sicherheit, verfolgt Perfektion als Unternehmensphilosophie. Jeder Handgriff hier ist darauf ausgerichtet, Ihre Gesundheit und Ihr Gl\u00fcck zu steigern.<\/p>\n<\/p><\/div>\n<\/p><\/div>\n<\/p><\/div>\n<\/section>\n","protected":false},"excerpt":{"rendered":"<p>Anti Aging Anti-Aging-Behandlungen, die den Zeichen der Hautalterung entgegenwirken, sind moderne Anwendungen, die darauf abzielen, eine j\u00fcngere, lebendigere und glattere Haut zu erzielen. Diese Methoden, die sowohl die \u00e4sthetische als auch die nat\u00fcrliche Sch\u00f6nheit unterst\u00fctzen, stellen heute eine beliebte L\u00f6sung f\u00fcr jedermann dar. Dr. Terziler Exclusive Clinic \u00bb Medizinische \u00c4sthetik \u00bb Gesichtsbehandlungen \u00bb Mesotherapie \u00bb [&hellip;]<\/p>\n","protected":false},"author":6,"featured_media":0,"parent":2874,"menu_order":0,"comment_status":"closed","ping_status":"closed","template":"","meta":{"footnotes":""},"class_list":["post-16639","page","type-page","status-publish","hentry"],"_links":{"self":[{"href":"https:\/\/drterziler.com\/de\/wp-json\/wp\/v2\/pages\/16639","targetHints":{"allow":["GET"]}}],"collection":[{"href":"https:\/\/drterziler.com\/de\/wp-json\/wp\/v2\/pages"}],"about":[{"href":"https:\/\/drterziler.com\/de\/wp-json\/wp\/v2\/types\/page"}],"author":[{"embeddable":true,"href":"https:\/\/drterziler.com\/de\/wp-json\/wp\/v2\/users\/6"}],"replies":[{"embeddable":true,"href":"https:\/\/drterziler.com\/de\/wp-json\/wp\/v2\/comments?post=16639"}],"version-history":[{"count":13,"href":"https:\/\/drterziler.com\/de\/wp-json\/wp\/v2\/pages\/16639\/revisions"}],"predecessor-version":[{"id":58446,"href":"https:\/\/drterziler.com\/de\/wp-json\/wp\/v2\/pages\/16639\/revisions\/58446"}],"up":[{"embeddable":true,"href":"https:\/\/drterziler.com\/de\/wp-json\/wp\/v2\/pages\/2874"}],"wp:attachment":[{"href":"https:\/\/drterziler.com\/de\/wp-json\/wp\/v2\/media?parent=16639"}],"curies":[{"name":"wp","href":"https:\/\/api.w.org\/{rel}","templated":true}]}}