{"id":16673,"date":"2025-01-27T14:45:31","date_gmt":"2025-01-27T14:45:31","guid":{"rendered":"https:\/\/drterziler.com\/medizinische-aesthetik\/yuz-uygulamalari\/prp-ve-egzozom-plazma-uygulamalari\/"},"modified":"2026-02-28T19:40:23","modified_gmt":"2026-02-28T19:40:23","slug":"prp-und-exosomenplasma-behandlungen","status":"publish","type":"page","link":"https:\/\/drterziler.com\/de\/medizinische-aesthetik\/gesichtsbehandlungen\/prp-und-exosomenplasma-behandlungen\/","title":{"rendered":"PRP- und Exosomenplasma-Behandlungen"},"content":{"rendered":"<div class=\"page-content\">\n<div id=\"header-area\">\n<div class=\"container\" id=\"firstContent\">\n<div class=\"header-content d-flex flex-column\">\n<h1 class=\"content-title h1-header\">PRP- und Exosomenplasma-Behandlungen<\/h1>\n<div class=\"content-paragraph\">\n<p class=\"p-text\">PRP- und Exosomenplasma-Anwendungen verleihen Ihrer Haut einen jugendlichen Glanz und Ihrem Haar ein volles und gesundes Aussehen. Diese fortschrittlichen Technologien, die nat\u00fcrliche Regenerationsmechanismen ausl\u00f6sen, ver\u00e4ndern die Welt der Sch\u00f6nheit und Pflege mit vielf\u00e4ltigen Wirkungen, von der Reduzierung von Falten bis zur Vorbeugung von Haarausfall.<\/p>\n<\/p><\/div>\n<nav aria-label=\"breadcrumb\" class=\"breadcrumbs\">\n<ul class=\"d-flex align-items-center mb-0\">\n<li><a class=\"link\" href=\"https:\/\/drterziler.com\/de\/\"><span>Dr. Terziler Exclusive Clinic<\/span><\/a><\/li>\n<li class=\"separator\">\u00bb<\/li>\n<li><a class=\"link\" href=\"https:\/\/drterziler.com\/de\/medizinische-aesthetik\/\"><span>Medizinische \u00c4sthetik<\/span><\/a><\/li>\n<li class=\"separator\">\u00bb<\/li>\n<li><a class=\"link\" href=\"https:\/\/drterziler.com\/de\/medizinische-aesthetik\/gesichtsbehandlungen\/\"><span>Gesichtsbehandlungen<\/span><\/a><\/li>\n<li class=\"separator\">\u00bb<\/li>\n<li class=\"current-page\"><span>PRP- und Exosomenplasma-Behandlungen<\/span><\/li>\n<\/ul>\n<\/nav><\/div>\n<\/p><\/div>\n<\/p><\/div>\n<\/div>\n<section id=\"content-area\">\n<div class=\"container my-5\">\n<div class=\"row align-items-start\">\n<div class=\"col-md-6 order-2 order-md-1\">\n<div class=\"custom-toc-box\">\n<div id=\"toc-header\">\n<h4>Inhaltsverzeichnis<\/h4>\n<div class=\"toc-toggle-icon\"><\/div>\n<\/p><\/div>\n<div class=\"toc-full-divider\"><\/div>\n<div id=\"toc-body\">\n<div id=\"toc-container\"><\/div>\n<\/p><\/div>\n<\/p><\/div>\n<\/p><\/div>\n<div class=\"col-md-6 order-1 order-md-2\" id=\"jForm\">\n                <script type=\"text\/javascript\" src=\"https:\/\/form.jotform.com\/jsform\/242882128947973\"><\/script>\n            <\/div>\n<\/p><\/div>\n<\/p><\/div>\n<div class=\"container\">\n<div class=\"img-thumb\">\n            <img loading=\"lazy\" decoding=\"async\" src=\"https:\/\/drterziler.com\/wp-content\/uploads\/2025\/01\/PRP-ve-Egzozom-Plazma-Uygulamalari.webp\" sizes=\"auto, (max-width: 1920px) 100vw, 1920px\" srcset=\"https:\/\/drterziler.com\/wp-content\/uploads\/2025\/01\/PRP-ve-Egzozom-Plazma-Uygulamalari.webp 1920w, https:\/\/drterziler.com\/wp-content\/uploads\/2025\/01\/PRP-ve-Egzozom-Plazma-Uygulamalari-300x169.webp 300w, https:\/\/drterziler.com\/wp-content\/uploads\/2025\/01\/PRP-ve-Egzozom-Plazma-Uygulamalari-1024x576.webp 1024w, https:\/\/drterziler.com\/wp-content\/uploads\/2025\/01\/PRP-ve-Egzozom-Plazma-Uygulamalari-768x432.webp 768w, https:\/\/drterziler.com\/wp-content\/uploads\/2025\/01\/PRP-ve-Egzozom-Plazma-Uygulamalari-1536x864.webp 1536w\" alt=\"\" width=\"1920\" height=\"1080\">\n        <\/div>\n<div>\n<div>\n<h2 class=\"h2-header\">Was sind PRP- und Exosomenplasma-Anwendungen?<\/h2>\n<\/p><\/div>\n<div>\n<p class=\"p-text\">PRP (Platelet Rich Plasma) ist eine Behandlungsmethode, bei der pl\u00e4ttchenreiches Plasma aus dem eigenen Blut des Patienten verwendet wird, um Haut- und Haartissue zu verj\u00fcngen. Exosomenplasma hingegen nutzt Exosomen, die die Zellkommunikation lenken, um eine intensivere Regeneration zu bieten. Beide Methoden unterst\u00fctzen die Haut- und Haargesundheit, indem sie nat\u00fcrliche Erneuerungsmechanismen anregen.<\/p>\n<\/p><\/div>\n<\/p><\/div>\n<div>\n<div>\n<h2 class=\"h2-header\">Welche Vorteile bieten PRP- und Exosomenplasma-Anwendungen?<\/h2>\n<\/p><\/div>\n<div>\n<p class=\"p-text\">Reduziert feine Linien und Falten auf der Haut. Erh\u00f6ht die Hauthelligkeit und Elastizit\u00e4t. Stoppt Haarausfall und f\u00f6rdert das Nachwachsen von Haaren. Hilft, Flecken, Narben und Aknenarben zu reduzieren. Bietet eine schnelle Erholungszeit und ist minimal invasiv. Da es sich um eine nat\u00fcrliche Methode handelt, ist das Risiko von allergischen Reaktionen gering. Diese Behandlungen bieten eine langfristige Heilung, indem sie die zugrunde liegenden Ursachen von Hautproblemen angehen. Dar\u00fcber hinaus bieten sie L\u00f6sungen, die sowohl f\u00fcr M\u00e4nner als auch f\u00fcr Frauen geeignet sind.<\/p>\n<\/p><\/div>\n<\/p><\/div>\n<div>\n<div>\n<h2 class=\"h2-header\">Welches Aussehen bieten PRP- und Exosomenplasma-Behandlungen?<\/h2>\n<\/p><\/div>\n<div>\n<p class=\"p-text\">PRP- und Exosomenplasma-Behandlungen machen die Haut strahlend und verleihen ihr eine j\u00fcngere und vollere Struktur. W\u00e4hrend die m\u00fcde und stumpfe Haut verj\u00fcngt wird, wird das Haar dicker und ges\u00fcnder. Die Porenstruktur der Haut verbessert sich, und ein gleichm\u00e4\u00dfigerer Hautton wird erreicht. Das Haar zeigt sichtbare F\u00fclle und Glanz.<\/p>\n<\/p><\/div>\n<\/p><\/div>\n<div>\n<div>\n<h2 class=\"h2-header\">F\u00fcr wen sind PRP- und Exosomenplasma-Anwendungen geeignet?<\/h2>\n<\/p><\/div>\n<div>\n<p class=\"p-text\">Diese Behandlungen sind f\u00fcr jeden geeignet, der eine Haut- oder Haartenerneuerung w\u00fcnscht, unabh\u00e4ngig vom Alter. Sie sind eine ideale Option f\u00fcr Personen, die fr\u00fchzeitig Haarausfall erleben oder die Zeichen der Hautalterung verringern m\u00f6chten. Personen mit aktiven Infektionen, Blutst\u00f6rungen oder schweren Hautkrankheiten sollten einen Spezialisten zur Bewertung konsultieren. Personalisierte Behandlungspl\u00e4ne bieten ma\u00dfgeschneiderte L\u00f6sungen f\u00fcr jeden.<\/p>\n<\/p><\/div>\n<\/p><\/div>\n<div>\n<div>\n<h2 class=\"h2-header\">Warum sind PRP- und Exosomenplasma-Behandlungen so beliebt?<\/h2>\n<\/p><\/div>\n<div>\n<p class=\"p-text\">Bieten einen nat\u00fcrlichen und personalisierten Behandlungsansatz. Liefert effektive Ergebnisse ohne chirurgische Eingriffe. Ist dank technologischer Fortschritte effektiver geworden. Erzeugt sichtbare Unterschiede in kurzer Zeit. Sie kann mit minimalem Risiko und wenigen Nebenwirkungen angewendet werden. Dar\u00fcber hinaus erm\u00f6glicht sie es den meisten Menschen, schnell zu ihrem sozialen Leben zur\u00fcckzukehren. Ihre innovative Struktur und beeindruckenden Ergebnisse machen sie in der \u00e4sthetischen Welt bemerkenswert.<\/p>\n<\/p><\/div>\n<\/p><\/div>\n<div>\n<div>\n<h2 class=\"h2-header\">Wie werden PRP- und Exosomenplasma-Behandlungen angewendet?<\/h2>\n<\/p><\/div>\n<div>\n<p class=\"p-text\">Bei der PRP-Anwendung wird Blut des Patienten entnommen, mit einem speziellen Ger\u00e4t getrennt und pl\u00e4ttchenreiches Plasma gewonnen. Dieses Plasma wird mit feinen Nadeln in den Problembereich injiziert. Bei der Exosomenplasma-Therapie werden Exosomen aus externen Quellen mit derselben Methode injiziert. Beide Behandlungen dauern in der Regel 30-45 Minuten und werden in einer klinischen Umgebung durchgef\u00fchrt. Nach der Behandlung kann der Patient in sein normales Leben zur\u00fcckkehren, und die Effekte beginnen bald sichtbar zu werden.<\/p>\n<\/p><\/div>\n<\/p><\/div>\n<div>\n<div>\n<h2 class=\"h2-header\">Wie lange halten die Ergebnisse der PRP- und Exosomenplasma-Behandlungen an?<\/h2>\n<\/p><\/div>\n<div>\n<p class=\"p-text\">Die Ergebnisse variieren je nach individuellen Unterschieden, aber PRP-Behandlungen behalten ihre Wirkung in der Regel f\u00fcr 6-12 Monate. Exosomenplasma-Therapie kann eine l\u00e4nger anhaltende Regeneration bieten. Um die Langlebigkeit der Ergebnisse zu f\u00f6rdern, sind regelm\u00e4\u00dfige Sitzungen empfehlenswert. Dar\u00fcber hinaus ist es wichtig, eine geeignete Hautpflege-Routine aufrechtzuerhalten, um die fortgesetzten Effekte zu gew\u00e4hrleisten.<\/p>\n<\/p><\/div>\n<\/p><\/div>\n<div>\n<div>\n<h2 class=\"h2-header\">Verursacht die PRP- und Exosomenplasma-Behandlung Schmerzen oder Unannehmlichkeiten?<\/h2>\n<\/p><\/div>\n<div>\n<p class=\"p-text\">Es kann w\u00e4hrend der Anwendung zu minimalen Unannehmlichkeiten kommen, aber lokal an\u00e4sthetische Cremes werden verwendet, um dieses Gef\u00fchl zu minimieren. Es kann nach der Behandlung zu leichter R\u00f6tung oder Schwellung kommen, die jedoch in der Regel innerhalb von 24 Stunden verschwindet. Der Komfort w\u00e4hrend der Behandlung steigt je nach Erfahrung des Behandlers und seiner Anwendungstechniken. Patienten tolerieren den Eingriff in der Regel gut.<\/p>\n<\/p><\/div>\n<\/p><\/div>\n<div>\n<div>\n<h2 class=\"h2-header\">Preise f\u00fcr PRP- und Exosomenplasma-Behandlungen<\/h2>\n<\/p><\/div>\n<div>\n<p class=\"p-text\">Die Preise k\u00f6nnen je nach Gr\u00f6\u00dfe des Behandlungsbereichs, Behandlungsdauer oder den gew\u00e4hlten Dienstleistungen variieren. PRP ist in der Regel erschwinglicher, w\u00e4hrend Exosomenplasma-Therapien variieren k\u00f6nnen. F\u00fcr genaue Informationen wird empfohlen, detaillierte Preisinformationen von einer spezialisierten Klinik einzuholen. Dar\u00fcber hinaus k\u00f6nnen Paketbehandlungen langfristige L\u00f6sungen wirtschaftlicher gestalten.<\/p>\n<\/p><\/div>\n<\/p><\/div>\n<div>\n<div>\n<h2 class=\"h2-header\">Warum die Dr. Terziler Exclusive Clinic w\u00e4hlen?<\/h2>\n<\/p><\/div>\n<div>\n<p class=\"p-text\">Dr. Terziler, mit international anerkanntem Fachwissen und einem \u00e4sthetischen Ansatz, der Kunst und Wissenschaft kombiniert, bietet ma\u00dfgeschneiderte L\u00f6sungen, die nicht nur eine k\u00f6rperliche Transformation, sondern auch eine emotionale Erneuerung erm\u00f6glichen. Unsere Klinik, ausgestattet mit fortschrittlicher Technologie und betrieben nach den Prinzipien von Komfort und Sicherheit, verfolgt Perfektion als Unternehmensphilosophie. Jeder Handgriff hier ist darauf ausgerichtet, Ihre Gesundheit und Ihr Gl\u00fcck zu steigern.<\/p>\n<\/p><\/div>\n<\/p><\/div>\n<\/p><\/div>\n<\/section>\n","protected":false},"excerpt":{"rendered":"<p>PRP- und Exosomenplasma-Behandlungen PRP- und Exosomenplasma-Anwendungen verleihen Ihrer Haut einen jugendlichen Glanz und Ihrem Haar ein volles und gesundes Aussehen. Diese fortschrittlichen Technologien, die nat\u00fcrliche Regenerationsmechanismen ausl\u00f6sen, ver\u00e4ndern die Welt der Sch\u00f6nheit und Pflege mit vielf\u00e4ltigen Wirkungen, von der Reduzierung von Falten bis zur Vorbeugung von Haarausfall. Dr. Terziler Exclusive Clinic \u00bb Medizinische \u00c4sthetik \u00bb [&hellip;]<\/p>\n","protected":false},"author":6,"featured_media":0,"parent":15917,"menu_order":0,"comment_status":"closed","ping_status":"closed","template":"","meta":{"footnotes":""},"class_list":["post-16673","page","type-page","status-publish","hentry"],"_links":{"self":[{"href":"https:\/\/drterziler.com\/de\/wp-json\/wp\/v2\/pages\/16673","targetHints":{"allow":["GET"]}}],"collection":[{"href":"https:\/\/drterziler.com\/de\/wp-json\/wp\/v2\/pages"}],"about":[{"href":"https:\/\/drterziler.com\/de\/wp-json\/wp\/v2\/types\/page"}],"author":[{"embeddable":true,"href":"https:\/\/drterziler.com\/de\/wp-json\/wp\/v2\/users\/6"}],"replies":[{"embeddable":true,"href":"https:\/\/drterziler.com\/de\/wp-json\/wp\/v2\/comments?post=16673"}],"version-history":[{"count":14,"href":"https:\/\/drterziler.com\/de\/wp-json\/wp\/v2\/pages\/16673\/revisions"}],"predecessor-version":[{"id":58458,"href":"https:\/\/drterziler.com\/de\/wp-json\/wp\/v2\/pages\/16673\/revisions\/58458"}],"up":[{"embeddable":true,"href":"https:\/\/drterziler.com\/de\/wp-json\/wp\/v2\/pages\/15917"}],"wp:attachment":[{"href":"https:\/\/drterziler.com\/de\/wp-json\/wp\/v2\/media?parent=16673"}],"curies":[{"name":"wp","href":"https:\/\/api.w.org\/{rel}","templated":true}]}}