{"id":16721,"date":"2025-01-27T14:51:19","date_gmt":"2025-01-27T14:51:19","guid":{"rendered":"https:\/\/drterziler.com\/medizinische-aesthetik\/yuz-uygulamalari\/kok-hucre-uygulamalari\/"},"modified":"2026-03-06T18:22:02","modified_gmt":"2026-03-06T18:22:02","slug":"stammzellbehandlungen","status":"publish","type":"page","link":"https:\/\/drterziler.com\/de\/medizinische-aesthetik\/gesichtsbehandlungen\/stammzellbehandlungen\/","title":{"rendered":"Stammzellbehandlungen"},"content":{"rendered":"<div class=\"page-content category-page\">\n<div id=\"header-area\">\n<div class=\"container\" id=\"firstContent\">\n<div class=\"header-content d-flex flex-column\">\n<h1 class=\"content-title\">Stammzellentherapien<\/h1>\n<div class=\"content-paragraph\">\n                    Die Stammzellentherapie ist eine fortschrittliche Gesundheitstechnologie, die das Potenzial des K\u00f6rpers zur Selbstreparatur und Erneuerung nutzt. Diese spezialisierte Behandlung l\u00f6st die nat\u00fcrlichen Reparaturmechanismen der Zellen aus und f\u00f6rdert Jugendlichkeit, Vitalit\u00e4t und Energie. Durch einen personalisierten Ansatz unterst\u00fctzt die Stammzellentherapie die allgemeine Gesundheit und steigert die Lebensqualit\u00e4t.\n                <\/div>\n<nav aria-label=\"breadcrumb\" class=\"breadcrumbs\">\n<ul class=\"d-flex align-items-center mb-0\">\n<li><a class=\"link\" href=\"https:\/\/drterziler.com\/de\/\"><span>Dr. Terziler<\/span><\/a><\/li>\n<li class=\"separator\">\u00bb<\/li>\n<li><a class=\"link\" href=\"https:\/\/drterziler.com\/de\/medizinische-aesthetik\/\"><span>Medizinische \u00c4sthetik<\/span><\/a><\/li>\n<li class=\"separator\">\u00bb<\/li>\n<li><a class=\"link\" href=\"https:\/\/drterziler.com\/de\/medizinische-aesthetik\/gesichtsbehandlungen\/\"><span>Gesichtsbehandlungen<\/span><\/a><\/li>\n<li class=\"separator\">\u00bb<\/li>\n<li class=\"current-page\"><span>Stammzellentherapien<\/span><\/li>\n<\/ul>\n<\/nav><\/div>\n<\/p><\/div>\n<\/p><\/div>\n<\/div>\n<section class=\"svc-section\">\n<div class=\"container\">\n<div class=\"svc-item right-card\">\n<div class=\"svc-media\">\n                <img decoding=\"async\" src=\"https:\/\/drterziler.com\/wp-content\/uploads\/2025\/04\/Gcell-Regenere-Activarev.webp\" alt=\"Gcell \/ Regenere Activa\" loading=\"lazy\" class=\"cat-img\">\n            <\/div>\n<div class=\"svc-card\">\n<h3 class=\"svc-title gilda\">Gcell \/ Regenere Activa<\/h3>\n<p class=\"svc-text barlow\">\n                    Es ist eine fortschrittliche biotechnologische Behandlungsmethode, die eine nat\u00fcrliche und effektive L\u00f6sung f\u00fcr \u00e4sthetische Probleme wie Haarausfall und Hautverj\u00fcngung bietet. Durch die Verwendung k\u00f6rpereigener Zellen st\u00e4rkt dieses Verfahren das Haar und erzielt verj\u00fcngende Effekte auf der Haut, ohne dass eine Operation erforderlich ist. Diese Behandlung ist sowohl f\u00fcr M\u00e4nner als auch f\u00fcr Frauen geeignet und liefert nat\u00fcrliche Ergebnisse sowie eine langfristige Verbesserung.\n                <\/p>\n<p>                <a class=\"btn-details barlow-condensed\" href=\"https:\/\/drterziler.com\/de\/medizinische-aesthetik\/gesichtsbehandlungen\/stammzellbehandlungen\/gcell-regenere-activa-de\/\">DETAILS<\/a>\n            <\/div>\n<\/p><\/div>\n<div class=\"svc-item left-card\">\n<div class=\"svc-media\">\n                <img decoding=\"async\" src=\"https:\/\/drterziler.com\/wp-content\/uploads\/2025\/04\/Mezenkimal-Kok-Hucre.webp\" alt=\"Mesenchymale Stammzellen\" loading=\"lazy\" class=\"cat-img\">\n            <\/div>\n<div class=\"svc-card\">\n<h3 class=\"svc-title gilda\">Mesenchymale Stammzellen<\/h3>\n<p class=\"svc-text barlow\">\n                    Sie sind \u00e4u\u00dferst wertvolle Zellen mit einzigartigen Heilungsf\u00e4higkeiten, die die Erholungs- und Erneuerungsprozesse des K\u00f6rpers beschleunigen. Diese Zellen k\u00f6nnen sich in verschiedene Gewebetypen verwandeln, was sie in einem breiten Spektrum von Behandlungen effektiv macht. Aufgrund ihrer hohen Effizienz und nat\u00fcrlichen Heilkraft liefern sie wunderbare Ergebnisse in Bereichen wie Haarwiederherstellung, Hautverj\u00fcngung und verschiedenen Gesundheitsbereichen.\n                <\/p>\n<p>                <a class=\"btn-details barlow-condensed\" href=\"https:\/\/drterziler.com\/de\/medizinische-aesthetik\/gesichtsbehandlungen\/stammzellbehandlungen\/mezanchymale-stammzellen\/\">DETAILS<\/a>\n            <\/div>\n<\/p><\/div>\n<\/p><\/div>\n<\/section>\n","protected":false},"excerpt":{"rendered":"<p>Stammzellentherapien Die Stammzellentherapie ist eine fortschrittliche Gesundheitstechnologie, die das Potenzial des K\u00f6rpers zur Selbstreparatur und Erneuerung nutzt. Diese spezialisierte Behandlung l\u00f6st die nat\u00fcrlichen Reparaturmechanismen der Zellen aus und f\u00f6rdert Jugendlichkeit, Vitalit\u00e4t und Energie. Durch einen personalisierten Ansatz unterst\u00fctzt die Stammzellentherapie die allgemeine Gesundheit und steigert die Lebensqualit\u00e4t. Dr. Terziler \u00bb Medizinische \u00c4sthetik \u00bb Gesichtsbehandlungen \u00bb [&hellip;]<\/p>\n","protected":false},"author":6,"featured_media":0,"parent":15917,"menu_order":0,"comment_status":"closed","ping_status":"closed","template":"","meta":{"footnotes":""},"class_list":["post-16721","page","type-page","status-publish","hentry"],"_links":{"self":[{"href":"https:\/\/drterziler.com\/de\/wp-json\/wp\/v2\/pages\/16721","targetHints":{"allow":["GET"]}}],"collection":[{"href":"https:\/\/drterziler.com\/de\/wp-json\/wp\/v2\/pages"}],"about":[{"href":"https:\/\/drterziler.com\/de\/wp-json\/wp\/v2\/types\/page"}],"author":[{"embeddable":true,"href":"https:\/\/drterziler.com\/de\/wp-json\/wp\/v2\/users\/6"}],"replies":[{"embeddable":true,"href":"https:\/\/drterziler.com\/de\/wp-json\/wp\/v2\/comments?post=16721"}],"version-history":[{"count":26,"href":"https:\/\/drterziler.com\/de\/wp-json\/wp\/v2\/pages\/16721\/revisions"}],"predecessor-version":[{"id":59692,"href":"https:\/\/drterziler.com\/de\/wp-json\/wp\/v2\/pages\/16721\/revisions\/59692"}],"up":[{"embeddable":true,"href":"https:\/\/drterziler.com\/de\/wp-json\/wp\/v2\/pages\/15917"}],"wp:attachment":[{"href":"https:\/\/drterziler.com\/de\/wp-json\/wp\/v2\/media?parent=16721"}],"curies":[{"name":"wp","href":"https:\/\/api.w.org\/{rel}","templated":true}]}}