{"id":16781,"date":"2025-01-27T14:57:19","date_gmt":"2025-01-27T14:57:19","guid":{"rendered":"https:\/\/drterziler.com\/medizinische-aesthetik\/yuz-uygulamalari\/kok-hucre-uygulamalari\/gcell-regenere-activa\/"},"modified":"2026-03-06T18:29:22","modified_gmt":"2026-03-06T18:29:22","slug":"gcell-regenere-activa-de","status":"publish","type":"page","link":"https:\/\/drterziler.com\/de\/medizinische-aesthetik\/gesichtsbehandlungen\/stammzellbehandlungen\/gcell-regenere-activa-de\/","title":{"rendered":"Gcell \/ Regenere Activa"},"content":{"rendered":"<div class=\"page-content\">\n<div id=\"header-area\">\n<div class=\"container\" id=\"firstContent\">\n<div class=\"header-content d-flex flex-column\">\n<h1 class=\"content-title h1-header\">Gcell \/ Regenere Activa<\/h1>\n<div class=\"content-paragraph\">\n<p class=\"p-text\">Es handelt sich um eine fortschrittliche biotechnologische Behandlungsmethode, die eine nat\u00fcrliche und wirksame L\u00f6sung f\u00fcr \u00e4sthetische Probleme wie Haarausfall und Hautverj\u00fcngung bietet. Dieses Verfahren, bei dem die eigenen Zellen des Patienten verwendet werden, st\u00e4rkt das Haar und erzeugt eine verj\u00fcngende Wirkung auf die Haut, ohne dass eine Operation erforderlich ist. Diese Behandlung ist sowohl f\u00fcr M\u00e4nner als auch f\u00fcr Frauen geeignet und sorgt f\u00fcr nat\u00fcrliche Ergebnisse und dauerhafte Verbesserung.<\/p>\n<\/p><\/div>\n<nav aria-label=\"breadcrumb\" class=\"breadcrumbs\">\n<ul class=\"d-flex align-items-center mb-0\">\n<li><a class=\"link\" href=\"https:\/\/drterziler.com\/de\"><span>Dr. Terziler<\/span><\/a><\/li>\n<li class=\"separator\">\u00bb<\/li>\n<li><a class=\"link\" href=\"https:\/\/drterziler.com\/de\/medizinische-aesthetik\/\"><span>Medizinische \u00c4sthetik<\/span><\/a><\/li>\n<li class=\"separator\">\u00bb<\/li>\n<li><a class=\"link\" href=\"https:\/\/drterziler.com\/de\/medizinische-aesthetik\/gesichtsbehandlungen\/\"><span>Gesichtsbehandlungen<\/span><\/a><\/li>\n<li class=\"separator\">\u00bb<\/li>\n<li><a class=\"link\" href=\"https:\/\/drterziler.com\/de\/medizinische-aesthetik\/gesichtsbehandlungen\/stammzellbehandlungen\/\"><span>Stammzellbehandlungen<\/span><\/a><\/li>\n<li class=\"separator\">\u00bb<\/li>\n<li class=\"current-page\"><span>Gcell \/ Regenere Activa<\/span><\/li>\n<\/ul>\n<\/nav><\/div>\n<\/p><\/div>\n<\/p><\/div>\n<\/div>\n<section id=\"content-area\">\n<div class=\"container my-5\">\n<div class=\"row align-items-start\">\n<div class=\"col-md-6 order-2 order-md-1\">\n<div class=\"custom-toc-box\">\n<div id=\"toc-header\">\n<h4>Inhaltsverzeichnis<\/h4>\n<div class=\"toc-toggle-icon\"><\/div>\n<\/p><\/div>\n<div class=\"toc-full-divider\"><\/div>\n<div id=\"toc-body\">\n<div id=\"toc-container\"><\/div>\n<\/p><\/div>\n<\/p><\/div>\n<\/p><\/div>\n<div class=\"col-md-6 order-1 order-md-2\" id=\"jForm\">\n                <script type=\"text\/javascript\" src=\"https:\/\/form.jotform.com\/jsform\/242882128947973\"><\/script>\n            <\/div>\n<\/p><\/div>\n<\/p><\/div>\n<div class=\"container\">\n<div class=\"img-thumb\">\n            <img decoding=\"async\" src=\"https:\/\/drterziler.com\/wp-content\/uploads\/2025\/01\/Gcell-Regenere-Activa.webp\" alt=\"Gcell \/ Regenere Activa\" loading=\"lazy\">\n        <\/div>\n<div>\n<div>\n<h2 class=\"h2-header\">Was ist die GCell Regenere Activa Behandlung?<\/h2>\n<\/p><\/div>\n<div>\n<p class=\"p-text\">GCell Regenere Activa ist eine fortschrittliche biotechnologische Behandlungsmethode, die zur Verj\u00fcngung von Haaren und Haut entwickelt wurde. Diese Behandlung aktiviert die nat\u00fcrlichen Heilmechanismen des K\u00f6rpers, indem sie die regenerativen und reparativen Eigenschaften von Zellen nutzt, die aus den eigenen Geweben des Patienten gewonnen werden. Sie ist effektiv bei der Behandlung von Haarausfall, Haard\u00fcnnung, Haarschw\u00e4che und bietet auch erfolgreiche Ergebnisse bei der Hautverj\u00fcngung und der Wiederherstellung verlorener Elastizit\u00e4t.<\/p>\n<\/p><\/div>\n<\/p><\/div>\n<div>\n<div>\n<h2 class=\"h2-header\">Was ist Autologe Gewebesuspension?<\/h2>\n<\/p><\/div>\n<div>\n<p class=\"p-text\">Autologe Gewebesuspension ist eine Behandlungsmethode, die den nat\u00fcrlichen Heilungsprozess des K\u00f6rpers unterst\u00fctzt, indem sie die regenerativen und reparativen Effekte von Zellen nutzt, die aus den eigenen Geweben des Patienten gewonnen werden. Sie bietet eine effektive L\u00f6sung f\u00fcr Haarausfall, Hautalterung und andere \u00e4sthetische Probleme. Diese Behandlung eliminiert das Risiko allergischer Reaktionen und liefert sichere und nat\u00fcrliche Ergebnisse.<\/p>\n<\/p><\/div>\n<\/p><\/div>\n<div>\n<div>\n<h2 class=\"h2-header\">Welche Vorteile bietet die GCell Regenere Activa Behandlung?<\/h2>\n<\/p><\/div>\n<div>\n<p class=\"p-text\">Sichere Ergebnisse mit nat\u00fcrlichen Zellen. Chirurgische und minimal invasive Verfahren. Langanhaltende und permanente Effekte. Schnelle Erholungszeit. Kein Risiko allergischer Reaktionen. F\u00f6rdert Haar- und Hautregeneration. Bietet personalisierte Behandlungspl\u00e4ne.<\/p>\n<\/p><\/div>\n<\/p><\/div>\n<div>\n<div>\n<h2 class=\"h2-header\">F\u00fcr wen ist die GCell Regenere Activa Behandlung geeignet?<\/h2>\n<\/p><\/div>\n<div>\n<p class=\"p-text\">Personen mit Haarausfall. Menschen, die feine Haarstr\u00e4hnen st\u00e4rken m\u00f6chten. Personen mit Elastizit\u00e4tsverlust der Haut. Menschen, die die Zeichen der Hautalterung reduzieren m\u00f6chten. Personen mit Hauterschlaffung. Individuen mit \u00e4sthetischen Problemen (sowohl M\u00e4nner als auch Frauen). Personen, die ihre Lebensqualit\u00e4t insgesamt verbessern m\u00f6chten.<\/p>\n<\/p><\/div>\n<\/p><\/div>\n<div>\n<div>\n<h2 class=\"h2-header\">Welches Aussehen bietet die GCell Regenere Activa Behandlung?<\/h2>\n<\/p><\/div>\n<div>\n<p class=\"p-text\">Die Ergebnisse nach der Behandlung sind sehr auff\u00e4llig. Bei Personen mit Haarausfall werden die Haarstr\u00e4hnen voller, dicker und ges\u00fcnder. Eine erh\u00f6hte Dichte ist besonders in d\u00fcnner werdenden Bereichen bemerkbar. Bei Hautanwendungen verringern sich feine Linien, der Hautton wird ausgeglichen, und ein jugendlicheres Aussehen entsteht. Die Hautelastizit\u00e4t verbessert sich, und das Gesicht wird straffer und dynamischer. Die Behandlung hebt die nat\u00fcrliche Sch\u00f6nheit des Individuums hervor und vermeidet ein k\u00fcnstliches Aussehen.<\/p>\n<\/p><\/div>\n<\/p><\/div>\n<div>\n<div>\n<h2 class=\"h2-header\">Wie lange halten die Ergebnisse der GCell Regenere Activa Behandlung?<\/h2>\n<\/p><\/div>\n<div>\n<p class=\"p-text\">Die Dauer der Ergebnisse kann je nach Lebensstil, genetischen Faktoren und Hautpflegegewohnheiten variieren. In der Regel halten die Ergebnisse jedoch 1-2 Jahre an. Mit regelm\u00e4\u00dfigen Wartungsbehandlungen und einem gesunden Lebensstil kann diese Dauer verl\u00e4ngert werden.<\/p>\n<\/p><\/div>\n<\/p><\/div>\n<div>\n<div>\n<h2 class=\"h2-header\">Verursacht die GCell Regenere Activa Behandlung Schmerzen oder Unannehmlichkeiten?<\/h2>\n<\/p><\/div>\n<div>\n<p class=\"p-text\">Da eine minimal invasive Methode w\u00e4hrend der Behandlung verwendet wird, sind Schmerzen oder Unannehmlichkeiten minimal. Das Verfahren, das unter lokaler An\u00e4sthesie durchgef\u00fchrt wird, wird von den Patienten in der Regel gut vertragen. Es kann nach dem Eingriff zu leichter Empfindlichkeit kommen, die jedoch in der Regel innerhalb weniger Tage abklingt.<\/p>\n<\/p><\/div>\n<\/p><\/div>\n<div>\n<div>\n<h2 class=\"h2-header\">Warum ist die GCell Regenere Activa Behandlung so beliebt?<\/h2>\n<\/p><\/div>\n<div>\n<p class=\"p-text\">Die GCell Regenere Activa Behandlung hat aufgrund ihrer nat\u00fcrlichen Regeneration und sicheren Ergebnisse gro\u00dfe Beliebtheit erlangt. Sie ist besonders f\u00fcr Menschen mit einem hektischen Lebensstil attraktiv, da sie keine Operation erfordert, eine kurze Behandlungszeit hat und eine schnelle Erholung bietet. Die Popularit\u00e4t der Behandlung wurde durch ber\u00fchmte Pers\u00f6nlichkeiten, die sie bevorzugen und ihre positiven Erfahrungen teilen, weiter gesteigert. Ihre Vielseitigkeit, die nicht nur L\u00f6sungen f\u00fcr Haarausfall, sondern auch f\u00fcr Hautverj\u00fcngung und Anti-Aging bietet, macht sie noch attraktiver.<\/p>\n<\/p><\/div>\n<\/p><\/div>\n<div>\n<div>\n<h2 class=\"h2-header\">Was kosten die GCell Regenere Activa Behandlungen?<\/h2>\n<\/p><\/div>\n<div>\n<p class=\"p-text\">Die Preise der GCell Regenere Activa Behandlung k\u00f6nnen je nach zu behandelndem Bereich, Umfang der Behandlung und verwendeter Technologie variieren. Eine personalisierte Bewertung und ein Plan, der auf die Bed\u00fcrfnisse des Einzelnen zugeschnitten ist, sind die wichtigsten Faktoren, die den Preis beeinflussen. Angesichts der langfristigen Effekte ist diese Behandlung eine wertvolle Investition basierend auf den Vorteilen, die sie bietet.<\/p>\n<\/p><\/div>\n<\/p><\/div>\n<div>\n<div>\n<h2 class=\"h2-header\">Warum die Dr. Terziler Exclusive Clinic w\u00e4hlen?<\/h2>\n<\/p><\/div>\n<div>\n<p class=\"p-text\">Dr. Terziler, mit international anerkanntem Fachwissen und einem \u00e4sthetischen Ansatz, der Kunst und Wissenschaft kombiniert, bietet ma\u00dfgeschneiderte L\u00f6sungen, die nicht nur eine k\u00f6rperliche Transformation, sondern auch eine emotionale Erneuerung erm\u00f6glichen. Unsere Klinik, ausgestattet mit fortschrittlicher Technologie und betrieben nach den Prinzipien von Komfort und Sicherheit, verfolgt Perfektion als Unternehmensphilosophie. Jeder Handgriff hier ist darauf ausgerichtet, Ihre Gesundheit und Ihr Gl\u00fcck zu steigern.<\/p>\n<\/p><\/div>\n<\/p><\/div>\n<\/p><\/div>\n<\/section>\n","protected":false},"excerpt":{"rendered":"<p>Gcell \/ Regenere Activa Es handelt sich um eine fortschrittliche biotechnologische Behandlungsmethode, die eine nat\u00fcrliche und wirksame L\u00f6sung f\u00fcr \u00e4sthetische Probleme wie Haarausfall und Hautverj\u00fcngung bietet. Dieses Verfahren, bei dem die eigenen Zellen des Patienten verwendet werden, st\u00e4rkt das Haar und erzeugt eine verj\u00fcngende Wirkung auf die Haut, ohne dass eine Operation erforderlich ist. Diese [&hellip;]<\/p>\n","protected":false},"author":6,"featured_media":0,"parent":16721,"menu_order":0,"comment_status":"closed","ping_status":"closed","template":"","meta":{"footnotes":""},"class_list":["post-16781","page","type-page","status-publish","hentry"],"_links":{"self":[{"href":"https:\/\/drterziler.com\/de\/wp-json\/wp\/v2\/pages\/16781","targetHints":{"allow":["GET"]}}],"collection":[{"href":"https:\/\/drterziler.com\/de\/wp-json\/wp\/v2\/pages"}],"about":[{"href":"https:\/\/drterziler.com\/de\/wp-json\/wp\/v2\/types\/page"}],"author":[{"embeddable":true,"href":"https:\/\/drterziler.com\/de\/wp-json\/wp\/v2\/users\/6"}],"replies":[{"embeddable":true,"href":"https:\/\/drterziler.com\/de\/wp-json\/wp\/v2\/comments?post=16781"}],"version-history":[{"count":22,"href":"https:\/\/drterziler.com\/de\/wp-json\/wp\/v2\/pages\/16781\/revisions"}],"predecessor-version":[{"id":59705,"href":"https:\/\/drterziler.com\/de\/wp-json\/wp\/v2\/pages\/16781\/revisions\/59705"}],"up":[{"embeddable":true,"href":"https:\/\/drterziler.com\/de\/wp-json\/wp\/v2\/pages\/16721"}],"wp:attachment":[{"href":"https:\/\/drterziler.com\/de\/wp-json\/wp\/v2\/media?parent=16781"}],"curies":[{"name":"wp","href":"https:\/\/api.w.org\/{rel}","templated":true}]}}