{"id":16830,"date":"2025-01-28T07:36:50","date_gmt":"2025-01-28T07:36:50","guid":{"rendered":"https:\/\/drterziler.com\/medizinische-aesthetik\/yuz-uygulamalari\/kok-hucre-uygulamalari\/mezankimal-kok-hucre\/"},"modified":"2026-04-21T12:10:37","modified_gmt":"2026-04-21T12:10:37","slug":"mezanchymale-stammzellen","status":"publish","type":"page","link":"https:\/\/drterziler.com\/de\/medizinische-aesthetik\/gesichtsbehandlungen\/stammzellbehandlungen\/mezanchymale-stammzellen\/","title":{"rendered":"Mezanchymale Stammzellen"},"content":{"rendered":"<div class=\"page-content\">\n<div id=\"header-area\">\n<div class=\"container\" id=\"firstContent\">\n<div class=\"header-content d-flex flex-column\">\n<h1 class=\"content-title h1-header\">Mezanchymale Stammzellen<\/h1>\n<div class=\"content-paragraph\">\n<p class=\"p-text\">Hierbei handelt es sich um \u00e4u\u00dferst wertvolle Zellen mit einzigartigen Reparaturf\u00e4higkeiten, die die Heilungs- und Erneuerungsprozesse des K\u00f6rpers beschleunigen. Aufgrund ihrer F\u00e4higkeit, sich in verschiedene Gewebetypen umzuwandeln, werden sie effektiv in einer Vielzahl von Behandlungen eingesetzt. Mit ihrer hohen Effizienz und nat\u00fcrlichen Heilkraft liefern sie wundersame Ergebnisse bei der Haarwiederherstellung, Hautverj\u00fcngung und vielen Gesundheitsbereichen.<\/p>\n<\/p><\/div>\n<nav aria-label=\"breadcrumb\" class=\"breadcrumbs\">\n<ul class=\"d-flex align-items-center mb-0\">\n<li><a class=\"link\" href=\"https:\/\/drterziler.com\/de\/\"><span>Dr. Terziler<\/span><\/a><\/li>\n<li class=\"separator\">\u00bb<\/li>\n<li><a class=\"link\" href=\"https:\/\/drterziler.com\/de\/medizinische-aesthetik\/\"><span>Medizinische \u00c4sthetik<\/span><\/a><\/li>\n<li class=\"separator\">\u00bb<\/li>\n<li><a class=\"link\" href=\"https:\/\/drterziler.com\/de\/medizinische-aesthetik\/gesichtsbehandlungen\/\"><span>Gesichtsbehandlungen<\/span><\/a><\/li>\n<li class=\"separator\">\u00bb<\/li>\n<li><a class=\"link\" href=\"https:\/\/drterziler.com\/de\/medizinische-aesthetik\/gesichtsbehandlungen\/stammzellbehandlungen\/\"><span>Stammzellbehandlungen<\/span><\/a><\/li>\n<li class=\"separator\">\u00bb<\/li>\n<li class=\"current-page\"><span>Mezanchymale Stammzellen<\/span><\/li>\n<\/ul>\n<\/nav><\/div>\n<\/p><\/div>\n<\/p><\/div>\n<\/div>\n<section id=\"content-area\">\n<div class=\"container my-5\">\n<div class=\"row align-items-start\">\n<div class=\"col-md-6 order-2 order-md-1\">\n<div class=\"custom-toc-box\">\n<div id=\"toc-header\">\n<h4>Inhaltsverzeichnis<\/h4>\n<div class=\"toc-toggle-icon\"><\/div>\n<\/p><\/div>\n<div class=\"toc-full-divider\"><\/div>\n<div id=\"toc-body\">\n<div id=\"toc-container\"><\/div>\n<\/p><\/div>\n<\/p><\/div>\n<\/p><\/div>\n<div class=\"col-md-6 order-1 order-md-2\" id=\"jForm\">\n                <script type=\"text\/javascript\" src=\"https:\/\/form.jotform.com\/jsform\/242882128947973\"><\/script>\n            <\/div>\n<\/p><\/div>\n<\/p><\/div>\n<div class=\"container\">\n<div class=\"img-thumb\">\n            <img decoding=\"async\" src=\"https:\/\/drterziler.com\/wp-content\/uploads\/2025\/01\/Mezenkimal-Kok-Hucre.webp\" alt=\"Mezanchymale Stammzellen\" loading=\"lazy\">\n        <\/div>\n<div>\n<div>\n<h2 class=\"h2-header\">Was sind mesenchymale Stammzellen (MSC)?<\/h2>\n<\/p><\/div>\n<div>\n<p class=\"p-text\">Mesenchymale Stammzellen (MSCs) sind Zellen im K\u00f6rper, die das Potenzial haben, Gewebe zu regenerieren und zu reparieren, indem sie sich in verschiedene Zellarten verwandeln. Sie befinden sich typischerweise in Bereichen wie dem Knochenmark, Fettgewebe und der Nabelschnur. Diese Stammzellen sind bekannt f\u00fcr ihre F\u00e4higkeit, Entz\u00fcndungen zu reduzieren, die Heilung zu beschleunigen und die Geweberegeneration zu unterst\u00fctzen. Aufgrund ihrer hohen Effizienz werden sie in den heutigen effektivsten Haar- und Hautbehandlungen h\u00e4ufig bevorzugt.<\/p>\n<\/p><\/div>\n<\/p><\/div>\n<div>\n<div>\n<h2 class=\"h2-header\">Welche Vorteile bieten mesenchymale Stammzellen?<\/h2>\n<\/p><\/div>\n<div>\n<p class=\"p-text\">Stoppen Haarausfall effektiv. St\u00e4rken und regenerieren Haarfollikel. Beleben ruhende Haarfollikel. Reduzieren Falten signifikant auf der Haut. Erh\u00f6hen die Hautelastizit\u00e4t und straffen sie. Bieten maximalen Effekt mit nat\u00fcrlichen und reinen Stammzellen. Minimale Schmerzen und schneller Heilungsprozess. Kein Risiko allergischer Reaktionen. Unterst\u00fctzen die Geweberegeneration. Erfordern keine chirurgische Intervention.<\/p>\n<\/p><\/div>\n<\/p><\/div>\n<div>\n<div>\n<h2 class=\"h2-header\">Wie unterscheiden sich mesenchymale Stammzellen von anderen Stammzellen?<\/h2>\n<\/p><\/div>\n<div>\n<p class=\"p-text\">Mesenchymale Stammzellen sind pluripotent (multifunktional), was bedeutet, dass sie sich in verschiedene Zelltypen verwandeln k\u00f6nnen, wie zum Beispiel Knochen-, Knorpel-, Fett- und Muskelzellen. Im Gegensatz zu anderen Stammzellen werden sie typischerweise aus dem eigenen Gewebe des Patienten gewonnen, anstatt von Spenderquellen. Diese Eigenschaft minimiert das Risiko allergischer Reaktionen und Absto\u00dfung. Dar\u00fcber hinaus k\u00f6nnen mesenchymale Stammzellen effektivere Ergebnisse bei der Gewebereparatur und Heilung bieten.<\/p>\n<\/p><\/div>\n<\/p><\/div>\n<div>\n<div>\n<h2 class=\"h2-header\">Wunderbare Wirkung in der Haar- und Hautbehandlung<\/h2>\n<\/p><\/div>\n<div>\n<p class=\"p-text\">Mesenchymale Stammzellen, die aus der Nabelschnur gewonnen werden, befinden sich in ihrer reinsten und st\u00e4rksten Form, da sie sich im Nullalter befinden. Diese Zellen passen sich perfekt an den behandelten Bereich an, wodurch die Behandlung sehr effektiv wird. Haarfollikel werden gest\u00e4rkt, Haarausfall gestoppt und Falten auf der Haut signifikant reduziert. Dank dieser superlebensf\u00e4higen Zellen werden beeindruckende und langanhaltende Verbesserungen sowohl in Haar als auch in der Haut erzielt. Diese Behandlung bietet hervorragende Ergebnisse aus \u00e4sthetischer und gesundheitlicher Sicht.<\/p>\n<\/p><\/div>\n<\/p><\/div>\n<div>\n<div>\n<h2 class=\"h2-header\">Wie beeinflussen mesenchymale Stammzellen den K\u00f6rper?<\/h2>\n<\/p><\/div>\n<div>\n<p class=\"p-text\">Wenn mesenchymale Stammzellen in den K\u00f6rper injiziert werden, zielen sie auf besch\u00e4digte oder schwache Gewebe im behandelten Bereich ab und senden Heilungssignale an diese Gewebe. Diese Stammzellen beschleunigen den nat\u00fcrlichen Heilungsprozess des K\u00f6rpers, indem sie die Gewebereparatur und -regeneration f\u00f6rdern. Dar\u00fcber hinaus produzieren sie Verbindungen, die Infektionen bek\u00e4mpfen, Entz\u00fcndungen reduzieren und die Zellregeneration unterst\u00fctzen. Dieser Prozess hilft, Schmerzen zu lindern, die Funktionalit\u00e4t zu steigern und die allgemeine Gesundheit zu verbessern.<\/p>\n<\/p><\/div>\n<\/p><\/div>\n<div>\n<div>\n<h2 class=\"h2-header\">F\u00fcr wen ist die Behandlung mit mesenchymalen Stammzellen geeignet?<\/h2>\n<\/p><\/div>\n<div>\n<p class=\"p-text\">Personen, die unter Haarausfall leiden. Menschen mit Hautproblemen aufgrund von Alterungserscheinungen. Personen, die sich jugendliche und glatte Haut w\u00fcnschen. Menschen, die schwache Haarfollikel st\u00e4rken m\u00f6chten. Personen, die Volumen und Vitalit\u00e4t in ihr Haar bringen m\u00f6chten. Individuen, die ihr \u00e4sthetisches Erscheinungsbild verbessern m\u00f6chten. Personen, die nat\u00fcrliche und langanhaltende Ergebnisse w\u00fcnschen. Menschen, die ihre Haar- und Hautgesundheit verbessern m\u00f6chten.<\/p>\n<\/p><\/div>\n<\/p><\/div>\n<div>\n<div>\n<h2 class=\"h2-header\">Warum ist die Behandlung mit mesenchymalen Stammzellen so beliebt?<\/h2>\n<\/p><\/div>\n<div>\n<p class=\"p-text\">Die Behandlung mit mesenchymalen Stammzellen hat in den letzten Jahren aufgrund des wachsenden Interesses an innovativen und nat\u00fcrlichen Heilmethoden an Popularit\u00e4t gewonnen. Die Tatsache, dass sie keine chirurgische Intervention erfordert, den nat\u00fcrlichen Heilungsprozess des K\u00f6rpers unterst\u00fctzt und schnelle Ergebnisse liefert, macht sie bevorzugter. Dar\u00fcber hinaus haben ihre langfristigen Effekte und der minimale Schaden f\u00fcr den K\u00f6rper dazu beigetragen, dass diese Behandlung von den Menschen bevorzugt wird. Die Vielzahl der Anwendungen sowohl im Gesundheits- als auch im \u00e4sthetischen Bereich hat ihre Verbreitung weiter verst\u00e4rkt.<\/p>\n<\/p><\/div>\n<\/p><\/div>\n<div>\n<div>\n<h2 class=\"h2-header\">Wie wird die Behandlung mit mesenchymalen Stammzellen angewendet?<\/h2>\n<\/p><\/div>\n<div>\n<p class=\"p-text\">Die Behandlung mit mesenchymalen Stammzellen wird sicher und sorgf\u00e4ltig unter der Haut von Fachleuten durchgef\u00fchrt. Vor dem Eingriff wird eine lokale Bet\u00e4ubung angewendet, um den Komfort zu gew\u00e4hrleisten, sodass die Behandlung schmerzfrei und ohne Unannehmlichkeiten abgeschlossen werden kann. Nach dem Eingriff k\u00f6nnen Sie schnell zu Ihrer t\u00e4glichen Routine zur\u00fcckkehren und Ihre sozialen und beruflichen Aktivit\u00e4ten ohne Unterbrechung fortsetzen. Diese Behandlung, die mit minimalen Beschwerden und hoher Effizienz durchgef\u00fchrt wird, sorgt f\u00fcr hervorragende Ergebnisse bei h\u00f6chstem Komfort.<\/p>\n<\/p><\/div>\n<\/p><\/div>\n<div>\n<div>\n<h2 class=\"h2-header\">Wie lange halten die Ergebnisse der Behandlung mit mesenchymalen Stammzellen an?<\/h2>\n<\/p><\/div>\n<div>\n<p class=\"p-text\">Die Ergebnisse der Behandlung mit mesenchymalen Stammzellen sind in der Regel langanhaltend und dauerhaft. Die Heilung im behandelten Bereich zeigt weiterhin die regenerativen Effekte der Zellen. Die Dauer der Ergebnisse kann jedoch je nach Gesundheitszustand des Einzelnen, Lebensstil und dem behandelten Bereich variieren. Bei \u00e4lteren Menschen oder schwerwiegenden Gesundheitsproblemen sind m\u00f6glicherweise zus\u00e4tzliche Sitzungen erforderlich. In der Regel bleiben die Ergebnisse f\u00fcr 1-2 Jahre effektiv.<\/p>\n<\/p><\/div>\n<\/p><\/div>\n<div>\n<div>\n<h2 class=\"h2-header\">Warum die Dr. Terziler Exclusive Clinic w\u00e4hlen?<\/h2>\n<\/p><\/div>\n<div>\n<p class=\"p-text\">Dr. Terziler, mit international anerkanntem Fachwissen und einem \u00e4sthetischen Ansatz, der Kunst und Wissenschaft kombiniert, bietet ma\u00dfgeschneiderte L\u00f6sungen, die nicht nur eine k\u00f6rperliche Transformation, sondern auch eine emotionale Erneuerung erm\u00f6glichen. Unsere Klinik, ausgestattet mit fortschrittlicher Technologie und betrieben nach den Prinzipien von Komfort und Sicherheit, verfolgt Perfektion als Unternehmensphilosophie. Jeder Handgriff hier ist darauf ausgerichtet, Ihre Gesundheit und Ihr Gl\u00fcck zu steigern.<\/p>\n<\/p><\/div>\n<\/p><\/div>\n<\/p><\/div>\n<\/section>\n","protected":false},"excerpt":{"rendered":"<p>Mezanchymale Stammzellen Hierbei handelt es sich um \u00e4u\u00dferst wertvolle Zellen mit einzigartigen Reparaturf\u00e4higkeiten, die die Heilungs- und Erneuerungsprozesse des K\u00f6rpers beschleunigen. Aufgrund ihrer F\u00e4higkeit, sich in verschiedene Gewebetypen umzuwandeln, werden sie effektiv in einer Vielzahl von Behandlungen eingesetzt. Mit ihrer hohen Effizienz und nat\u00fcrlichen Heilkraft liefern sie wundersame Ergebnisse bei der Haarwiederherstellung, Hautverj\u00fcngung und vielen [&hellip;]<\/p>\n","protected":false},"author":6,"featured_media":0,"parent":16721,"menu_order":0,"comment_status":"closed","ping_status":"closed","template":"","meta":{"footnotes":""},"class_list":["post-16830","page","type-page","status-publish","hentry"],"_links":{"self":[{"href":"https:\/\/drterziler.com\/de\/wp-json\/wp\/v2\/pages\/16830","targetHints":{"allow":["GET"]}}],"collection":[{"href":"https:\/\/drterziler.com\/de\/wp-json\/wp\/v2\/pages"}],"about":[{"href":"https:\/\/drterziler.com\/de\/wp-json\/wp\/v2\/types\/page"}],"author":[{"embeddable":true,"href":"https:\/\/drterziler.com\/de\/wp-json\/wp\/v2\/users\/6"}],"replies":[{"embeddable":true,"href":"https:\/\/drterziler.com\/de\/wp-json\/wp\/v2\/comments?post=16830"}],"version-history":[{"count":15,"href":"https:\/\/drterziler.com\/de\/wp-json\/wp\/v2\/pages\/16830\/revisions"}],"predecessor-version":[{"id":59707,"href":"https:\/\/drterziler.com\/de\/wp-json\/wp\/v2\/pages\/16830\/revisions\/59707"}],"up":[{"embeddable":true,"href":"https:\/\/drterziler.com\/de\/wp-json\/wp\/v2\/pages\/16721"}],"wp:attachment":[{"href":"https:\/\/drterziler.com\/de\/wp-json\/wp\/v2\/media?parent=16830"}],"curies":[{"name":"wp","href":"https:\/\/api.w.org\/{rel}","templated":true}]}}