{"id":16885,"date":"2025-01-28T07:48:33","date_gmt":"2025-01-28T07:48:33","guid":{"rendered":"https:\/\/drterziler.com\/medizinische-aesthetik\/yuz-uygulamalari\/skinbooster\/"},"modified":"2026-04-06T11:54:02","modified_gmt":"2026-04-06T11:54:02","slug":"skinbooster-de","status":"publish","type":"page","link":"https:\/\/drterziler.com\/de\/medizinische-aesthetik\/gesichtsbehandlungen\/skinbooster-de\/","title":{"rendered":"Skinbooster"},"content":{"rendered":"<div class=\"page-content\">\n<div id=\"header-area\">\n<div class=\"container\" id=\"firstContent\">\n<div class=\"header-content d-flex flex-column\">\n<h1 class=\"content-title h1-header\">Skinbooster<\/h1>\n<div class=\"content-paragraph\">\n<p class=\"p-text\">Es handelt sich um eine \u00e4u\u00dferst wirksame und innovative Behandlungsmethode, die die Gesundheit und das Aussehen der Haut revitalisiert. Dank seiner Formel mit Hyalurons\u00e4ure versorgt es die Haut intensiv mit Feuchtigkeit, erh\u00f6ht ihre Elastizit\u00e4t und minimiert Zeichen der Hautalterung. Durch die Bereitstellung eines nat\u00fcrlichen, strahlenden Hautbildes entsteht ein gesunder Verj\u00fcngungseffekt und die Haut wird lebendiger.<\/p>\n<\/p><\/div>\n<nav aria-label=\"breadcrumb\" class=\"breadcrumbs\">\n<ul class=\"d-flex align-items-center mb-0\">\n<li><a class=\"link\" href=\"https:\/\/drterziler.com\/de\/\"><span>Dr. Terziler<\/span><\/a><\/li>\n<li class=\"separator\">\u00bb<\/li>\n<li><a class=\"link\" href=\"https:\/\/drterziler.com\/de\/medizinische-aesthetik\/\"><span>Medizinische \u00c4sthetik<\/span><\/a><\/li>\n<li class=\"separator\">\u00bb<\/li>\n<li><a class=\"link\" href=\"https:\/\/drterziler.com\/de\/medizinische-aesthetik\/gesichtsbehandlungen\/\"><span>Gesichtsbehandlungen<\/span><\/a><\/li>\n<li class=\"separator\">\u00bb<\/li>\n<li class=\"current-page\"><span>Skinbooster<\/span><\/li>\n<\/ul>\n<\/nav><\/div>\n<\/p><\/div>\n<\/p><\/div>\n<\/div>\n<section id=\"content-area\">\n<div class=\"container my-5\">\n<div class=\"row align-items-start\">\n<div class=\"col-md-6 order-2 order-md-1\">\n<div class=\"custom-toc-box\">\n<div id=\"toc-header\">\n<h4>Inhaltsverzeichnis<\/h4>\n<div class=\"toc-toggle-icon\"><\/div>\n<\/p><\/div>\n<div class=\"toc-full-divider\"><\/div>\n<div id=\"toc-body\">\n<div id=\"toc-container\"><\/div>\n<\/p><\/div>\n<\/p><\/div>\n<\/p><\/div>\n<div class=\"col-md-6 order-1 order-md-2\" id=\"jForm\">\n                <script type=\"text\/javascript\" src=\"https:\/\/form.jotform.com\/jsform\/242882128947973\"><\/script>\n            <\/div>\n<\/p><\/div>\n<\/p><\/div>\n<div class=\"container\">\n<div class=\"img-thumb\">\n            <img decoding=\"async\" src=\"https:\/\/drterziler.com\/wp-content\/uploads\/2025\/01\/Skinbooster.webp\" alt=\"Skinbooster\" loading=\"lazy\">\n        <\/div>\n<div>\n<div>\n<h2 class=\"h2-header\">Was ist Skinbooster?<\/h2>\n<\/p><\/div>\n<div>\n<p class=\"p-text\">Skinbooster ist eine hyalurons\u00e4urebasierte Behandlungsmethode, die das Feuchtigkeitsgleichgewicht der Haut verbessert, ihre Elastizit\u00e4t wiederherstellt und ihren nat\u00fcrlichen Glanz zur\u00fcckbringt. Diese Behandlung beinhaltet das Injizieren von feuchtigkeitsspendenden und n\u00e4hrenden Substanzen unter die Haut, um ihr ein gesundes und lebendiges Aussehen zu verleihen. Skinbooster wird typischerweise in Bereichen wie dem Gesicht, Hals, Dekollet\u00e9 und den H\u00e4nden angewendet.<\/p>\n<\/p><\/div>\n<\/p><\/div>\n<div>\n<div>\n<h2 class=\"h2-header\">Welche Vorteile bietet Skinbooster?<\/h2>\n<\/p><\/div>\n<div>\n<p class=\"p-text\">Verbessert schnell das Feuchtigkeitsgleichgewicht der Haut. Steigert die Elastizit\u00e4t und Festigkeit der Haut. Reduziert Falten und mildert feine Linien. Gleichm\u00e4\u00dfiger Hautton und sorgt f\u00fcr ein strahlendes Aussehen. Stellt den nat\u00fcrlichen jugendlichen Glanz der Haut wieder her. Bietet tiefgehende n\u00e4hrende Effekte. Erzielt effektive Ergebnisse mit minimalem Eingriff.<\/p>\n<\/p><\/div>\n<\/p><\/div>\n<div>\n<div>\n<h2 class=\"h2-header\">Welches Erscheinungsbild bietet es?<\/h2>\n<\/p><\/div>\n<div>\n<p class=\"p-text\">Die Skinbooster-Behandlung verleiht der Haut Feuchtigkeit und Strahlkraft. Die Haut wirkt lebendiger, frischer und jugendlicher. Falten und feine Linien nehmen ab, w\u00e4hrend die Haut straffer und glatter wird. Die Behandlung sorgt f\u00fcr einen gesunden Glanz und hellt den Hautton auf.<\/p>\n<\/p><\/div>\n<\/p><\/div>\n<div>\n<div>\n<h2 class=\"h2-header\">F\u00fcr wen ist es geeignet?<\/h2>\n<\/p><\/div>\n<div>\n<p class=\"p-text\">Personen, die das Feuchtigkeitsgleichgewicht ihrer Haut verloren haben. Menschen, die sich \u00fcber feine Linien und Falten beschweren. Personen, die sich jugendliche, strahlende und gesunde Haut w\u00fcnschen. Menschen, die unter schlaffer Haut oder verloren gegangener Elastizit\u00e4t im Gesicht leiden. Personen, die nicht-chirurgische Eingriffe bevorzugen. Menschen mit ungleichm\u00e4\u00dfigem Hautton. Personen, die ein gesundes, nat\u00fcrliches Hautbild suchen.<\/p>\n<\/p><\/div>\n<\/p><\/div>\n<div>\n<div>\n<h2 class=\"h2-header\">Warum ist es so beliebt?<\/h2>\n<\/p><\/div>\n<div>\n<p class=\"p-text\">Skinbooster ist beliebt, weil es maximale Ergebnisse mit minimalem Eingriff bietet. Es liefert zuverl\u00e4ssige, schnelle und effektive Ergebnisse in der Hautverj\u00fcngung und Feuchtigkeitssteigerung. Dar\u00fcber hinaus reduziert es die Anzeichen des Alterns erheblich, w\u00e4hrend das nat\u00fcrliche Erscheinungsbild erhalten bleibt. Hohe Zufriedenheitsraten und ein geringes Risiko tragen ebenfalls zur Beliebtheit bei.<\/p>\n<\/p><\/div>\n<\/p><\/div>\n<div>\n<div>\n<h2 class=\"h2-header\">Wie wird es angewendet?<\/h2>\n<\/p><\/div>\n<div>\n<p class=\"p-text\">Skinbooster wird mit speziellen Formulierungen, die Hyalurons\u00e4ure enthalten, unter die Haut injiziert. Der Eingriff wird normalerweise unter \u00f6rtlicher Bet\u00e4ubung durchgef\u00fchrt, um einen komfortablen Behandlungsprozess zu gew\u00e4hrleisten. Die Anwendung erfolgt durch mehrere kleine Injektionen in bestimmte Bereiche. Der Behandlungsprozess dauert in der Regel 15-30 Minuten, und die Patienten k\u00f6nnen sofort ihre t\u00e4glichen Aktivit\u00e4ten wieder aufnehmen.<\/p>\n<\/p><\/div>\n<\/p><\/div>\n<div>\n<div>\n<h2 class=\"h2-header\">Wie lange halten die Ergebnisse an?<\/h2>\n<\/p><\/div>\n<div>\n<p class=\"p-text\">Die Ergebnisse der Skinbooster-Behandlung halten in der Regel zwischen 6 und 12 Monaten an. Abh\u00e4ngig vom Zustand der Haut und dem Lebensstil k\u00f6nnen die Ergebnisse langanhaltende Effekte bieten. Um die Ergebnisse aufrechtzuerhalten, wird eine oder zwei Auffrischungssitzungen pro Jahr empfohlen.<\/p>\n<\/p><\/div>\n<\/p><\/div>\n<div>\n<div>\n<h2 class=\"h2-header\">Tut es weh?<\/h2>\n<\/p><\/div>\n<div>\n<p class=\"p-text\">Die Skinbooster-Behandlung wird in der Regel mit minimalen Schmerzen und Beschwerden durchgef\u00fchrt. Da eine \u00f6rtliche Bet\u00e4ubung angewendet wird, sind w\u00e4hrend des Eingriffs keine Schmerzen zu sp\u00fcren. Nach dem Eingriff kann es zu leichter Empfindlichkeit oder Schwellung kommen, die jedoch vor\u00fcbergehend sind und innerhalb weniger Stunden verschwinden sollten.<\/p>\n<\/p><\/div>\n<\/p><\/div>\n<div>\n<div>\n<h2 class=\"h2-header\">Preise f\u00fcr Skinbooster-Behandlungen<\/h2>\n<\/p><\/div>\n<div>\n<p class=\"p-text\">Die Preise f\u00fcr Skinbooster-Behandlungen k\u00f6nnen je nach Anzahl der zu behandelnden Bereiche, der Dosierung der Anwendung oder eventuell bevorzugten kombinierten Behandlungen variieren. F\u00fcr die genauesten Informationen wenden Sie sich bitte an unsere Gesundheitsberater.<\/p>\n<\/p><\/div>\n<\/p><\/div>\n<div>\n<div>\n<h2 class=\"h2-header\">Warum die Dr. Terziler Exclusive Clinic w\u00e4hlen?<\/h2>\n<\/p><\/div>\n<div>\n<p class=\"p-text\">Dr. Terziler, mit international anerkanntem Fachwissen und einem \u00e4sthetischen Ansatz, der Kunst und Wissenschaft kombiniert, bietet ma\u00dfgeschneiderte L\u00f6sungen, die nicht nur eine k\u00f6rperliche Transformation, sondern auch eine emotionale Erneuerung erm\u00f6glichen. Unsere Klinik, ausgestattet mit fortschrittlicher Technologie und betrieben nach den Prinzipien von Komfort und Sicherheit, verfolgt Perfektion als Unternehmensphilosophie. Jeder Handgriff hier ist darauf ausgerichtet, Ihre Gesundheit und Ihr Gl\u00fcck zu steigern.<\/p>\n<\/p><\/div>\n<\/p><\/div>\n<\/p><\/div>\n<\/section>\n","protected":false},"excerpt":{"rendered":"<p>Skinbooster Es handelt sich um eine \u00e4u\u00dferst wirksame und innovative Behandlungsmethode, die die Gesundheit und das Aussehen der Haut revitalisiert. Dank seiner Formel mit Hyalurons\u00e4ure versorgt es die Haut intensiv mit Feuchtigkeit, erh\u00f6ht ihre Elastizit\u00e4t und minimiert Zeichen der Hautalterung. Durch die Bereitstellung eines nat\u00fcrlichen, strahlenden Hautbildes entsteht ein gesunder Verj\u00fcngungseffekt und die Haut wird [&hellip;]<\/p>\n","protected":false},"author":6,"featured_media":0,"parent":15917,"menu_order":0,"comment_status":"closed","ping_status":"closed","template":"","meta":{"footnotes":""},"class_list":["post-16885","page","type-page","status-publish","hentry"],"_links":{"self":[{"href":"https:\/\/drterziler.com\/de\/wp-json\/wp\/v2\/pages\/16885","targetHints":{"allow":["GET"]}}],"collection":[{"href":"https:\/\/drterziler.com\/de\/wp-json\/wp\/v2\/pages"}],"about":[{"href":"https:\/\/drterziler.com\/de\/wp-json\/wp\/v2\/types\/page"}],"author":[{"embeddable":true,"href":"https:\/\/drterziler.com\/de\/wp-json\/wp\/v2\/users\/6"}],"replies":[{"embeddable":true,"href":"https:\/\/drterziler.com\/de\/wp-json\/wp\/v2\/comments?post=16885"}],"version-history":[{"count":14,"href":"https:\/\/drterziler.com\/de\/wp-json\/wp\/v2\/pages\/16885\/revisions"}],"predecessor-version":[{"id":59704,"href":"https:\/\/drterziler.com\/de\/wp-json\/wp\/v2\/pages\/16885\/revisions\/59704"}],"up":[{"embeddable":true,"href":"https:\/\/drterziler.com\/de\/wp-json\/wp\/v2\/pages\/15917"}],"wp:attachment":[{"href":"https:\/\/drterziler.com\/de\/wp-json\/wp\/v2\/media?parent=16885"}],"curies":[{"name":"wp","href":"https:\/\/api.w.org\/{rel}","templated":true}]}}