{"id":16934,"date":"2025-01-28T07:53:06","date_gmt":"2025-01-28T07:53:06","guid":{"rendered":"https:\/\/drterziler.com\/medizinische-aesthetik\/yuz-uygulamalari\/dermapen\/"},"modified":"2026-04-21T12:03:27","modified_gmt":"2026-04-21T12:03:27","slug":"dermapen-de","status":"publish","type":"page","link":"https:\/\/drterziler.com\/de\/medizinische-aesthetik\/gesichtsbehandlungen\/dermapen-de\/","title":{"rendered":"Dermapen"},"content":{"rendered":"<div class=\"page-content\">\n<div id=\"header-area\">\n<div class=\"container\" id=\"firstContent\">\n<div class=\"header-content d-flex flex-column\">\n<h1 class=\"content-title h1-header\">Dermapen<\/h1>\n<div class=\"content-paragraph\">\n<p class=\"p-text\">Dermapen ist ein wirksames Ger\u00e4t zur Stimulierung der Haarfollikel und zur Verbesserung der Gesundheit der Kopfhaut. Mit d\u00fcnnen Mikronadeln werden winzige Kan\u00e4le auf der Kopfhaut ge\u00f6ffnet, die Durchblutung erh\u00f6ht, dadurch werden die Haarfollikel besser gen\u00e4hrt und die Wirksamkeit der Behandlungen maximiert. Die Anwendung ist v\u00f6llig schmerzfrei und angenehm.<\/p>\n<\/p><\/div>\n<nav aria-label=\"breadcrumb\" class=\"breadcrumbs\">\n<ul class=\"d-flex align-items-center mb-0\">\n<li><a class=\"link\" href=\"https:\/\/drterziler.com\/de\/\"><span>Dr. Terziler<\/span><\/a><\/li>\n<li class=\"separator\">\u00bb<\/li>\n<li><a class=\"link\" href=\"https:\/\/drterziler.com\/de\/medizinische-aesthetik\/\"><span>Medizinische \u00c4sthetik<\/span><\/a><\/li>\n<li class=\"separator\">\u00bb<\/li>\n<li><a class=\"link\" href=\"https:\/\/drterziler.com\/de\/medizinische-aesthetik\/gesichtsbehandlungen\/\"><span>Gesichtsbehandlungen<\/span><\/a><\/li>\n<li class=\"separator\">\u00bb<\/li>\n<li class=\"current-page\"><span>Dermapen<\/span><\/li>\n<\/ul>\n<\/nav><\/div>\n<\/p><\/div>\n<\/p><\/div>\n<\/div>\n<section id=\"content-area\">\n<div class=\"container my-5\">\n<div class=\"row align-items-start\">\n<div class=\"col-md-6 order-2 order-md-1\">\n<div class=\"custom-toc-box\">\n<div id=\"toc-header\">\n<h4>Inhaltsverzeichnis<\/h4>\n<div class=\"toc-toggle-icon\"><\/div>\n<\/p><\/div>\n<div class=\"toc-full-divider\"><\/div>\n<div id=\"toc-body\">\n<div id=\"toc-container\"><\/div>\n<\/p><\/div>\n<\/p><\/div>\n<\/p><\/div>\n<div class=\"col-md-6 order-1 order-md-2\" id=\"jForm\">\n                <script type=\"text\/javascript\" src=\"https:\/\/form.jotform.com\/jsform\/242882128947973\"><\/script>\n            <\/div>\n<\/p><\/div>\n<\/p><\/div>\n<div class=\"container\">\n<div class=\"img-thumb\">\n            <img decoding=\"async\" src=\"https:\/\/drterziler.com\/wp-content\/uploads\/2025\/01\/Dermapen.webp\" alt=\"Dermapen\" loading=\"lazy\">\n        <\/div>\n<div>\n<div>\n<h2 class=\"h2-header\">Was ist Dermapen?<\/h2>\n<\/p><\/div>\n<div>\n<p class=\"p-text\">Dermapen ist ein Ger\u00e4t der n\u00e4chsten Generation, das bei Haarwiederherstellungs- und Behandlungsprozessen hilft, indem es winzige Kan\u00e4le in der Haut durch Mikronadeln erzeugt. Dieses Ger\u00e4t wird h\u00e4ufig zur Behandlung verschiedener Haarprobleme eingesetzt und hat in den letzten Jahren besonders im Bereich der Haarwiederherstellung an Popularit\u00e4t gewonnen.<\/p>\n<\/p><\/div>\n<\/p><\/div>\n<div>\n<div>\n<h2 class=\"h2-header\">Mikronadel-Jugendstift<\/h2>\n<\/p><\/div>\n<div>\n<p class=\"p-text\">Der Mikronadel-Jugendstift ist ein revolution\u00e4res technologisches Werkzeug in der Haarwiederherstellung. Die Mikronadeln, die auf der Kopfhaut angewendet werden, erm\u00f6glichen es der Behandlung, tief in die Zielregion einzudringen. In Kombination mit anderen Haarwiederherstellungsmethoden wie Haarlasern verst\u00e4rkt der Mikronadel-Jugendstift den Behandlungsprozess erheblich. Die Mikronadeln steigern die Blutzirkulation in der Kopfhaut, wodurch die Wirksamkeit der angewendeten Seren, Laserstrahlen und anderen Heilmittel maximiert wird. Dies f\u00fchrt zu einer besseren N\u00e4hrstoffversorgung und St\u00e4rkung der Haarfollikel, stoppt den Haarausfall und unterst\u00fctzt das Wachstum neuer Haare. Diese Methode, die auf der Kopfhaut angewendet wird, bietet eine ausgezeichnete L\u00f6sung f\u00fcr diejenigen, die ihre Haargesundheit schnell, schmerzfrei und ohne Unannehmlichkeiten verbessern m\u00f6chten.<\/p>\n<\/p><\/div>\n<\/p><\/div>\n<div>\n<div>\n<h2 class=\"h2-header\">Wie wird Dermapen in der Haarwiederherstellung verwendet?<\/h2>\n<\/p><\/div>\n<div>\n<p class=\"p-text\">Bei der Haarausfallbehandlung wird Dermapen mit Mikronadeln verwendet, um die Kopfhaut zu stimulieren, die Blutzirkulation zu erh\u00f6hen, die Kollagenproduktion zu unterst\u00fctzen und die Haarfollikel zu aktivieren. Besonders f\u00fcr Personen, die Haarausfall erleben, f\u00f6rdert der Mikronadelprozess mit Dermapen das Haarwachstum, indem er die Gesundheit der Haarfollikel verbessert und das Wachstum von st\u00e4rkerem, ges\u00fcnderem Haar anregt.<\/p>\n<\/p><\/div>\n<\/p><\/div>\n<div>\n<div>\n<h2 class=\"h2-header\">Tut es weh?<\/h2>\n<\/p><\/div>\n<div>\n<p class=\"p-text\">W\u00e4hrend der Dermapen-Behandlung kann es zu leichten Schmerzen oder Unannehmlichkeiten kommen. In der Regel werden jedoch bet\u00e4ubende Cremes auf die behandelten Bereiche aufgetragen, um den Patienten Komfort zu bieten. Die meisten Menschen versp\u00fcren w\u00e4hrend des Eingriffs keine Beschwerden, oder das Gef\u00fchl ist minimal.<\/p>\n<\/p><\/div>\n<\/p><\/div>\n<div>\n<div>\n<h2 class=\"h2-header\">Erholungsprozess nach der Behandlung<\/h2>\n<\/p><\/div>\n<div>\n<p class=\"p-text\">Der Erholungsprozess nach der Dermapen-Behandlung ist ziemlich schnell. R\u00f6tungen und leichte Schwellungen k\u00f6nnen an den behandelten Stellen auftreten, aber diese Effekte klingen in der Regel innerhalb weniger Stunden ab.<\/p>\n<\/p><\/div>\n<\/p><\/div>\n<div>\n<div>\n<h2 class=\"h2-header\">Sind Dermapen-Behandlungen riskant?<\/h2>\n<\/p><\/div>\n<div>\n<p class=\"p-text\">Dermapen-Behandlungen sind v\u00f6llig sicher, wenn sie von unserem Expertenteam in einer sterilen Umgebung mit der richtigen Technik durchgef\u00fchrt werden. Die Behandlung wirkt sanft auf die Kopfhaut und stellt w\u00e4hrend des Verfahrens kein Risiko dar.<\/p>\n<\/p><\/div>\n<\/p><\/div>\n<div>\n<div>\n<h2 class=\"h2-header\">Warum die Dr. Terziler Exclusive Clinic w\u00e4hlen?<\/h2>\n<\/p><\/div>\n<div>\n<p class=\"p-text\">Dr. Terziler, mit international anerkanntem Fachwissen und einem \u00e4sthetischen Ansatz, der Kunst und Wissenschaft kombiniert, bietet ma\u00dfgeschneiderte L\u00f6sungen, die nicht nur eine k\u00f6rperliche Transformation, sondern auch eine emotionale Erneuerung erm\u00f6glichen. Unsere Klinik, ausgestattet mit fortschrittlicher Technologie und betrieben nach den Prinzipien von Komfort und Sicherheit, verfolgt Perfektion als Unternehmensphilosophie. Jeder Handgriff hier ist darauf ausgerichtet, Ihre Gesundheit und Ihr Gl\u00fcck zu steigern.<\/p>\n<\/p><\/div>\n<\/p><\/div>\n<\/p><\/div>\n<\/section>\n","protected":false},"excerpt":{"rendered":"<p>Dermapen Dermapen ist ein wirksames Ger\u00e4t zur Stimulierung der Haarfollikel und zur Verbesserung der Gesundheit der Kopfhaut. Mit d\u00fcnnen Mikronadeln werden winzige Kan\u00e4le auf der Kopfhaut ge\u00f6ffnet, die Durchblutung erh\u00f6ht, dadurch werden die Haarfollikel besser gen\u00e4hrt und die Wirksamkeit der Behandlungen maximiert. Die Anwendung ist v\u00f6llig schmerzfrei und angenehm. Dr. Terziler \u00bb Medizinische \u00c4sthetik \u00bb [&hellip;]<\/p>\n","protected":false},"author":6,"featured_media":0,"parent":15917,"menu_order":0,"comment_status":"closed","ping_status":"closed","template":"","meta":{"footnotes":""},"class_list":["post-16934","page","type-page","status-publish","hentry"],"_links":{"self":[{"href":"https:\/\/drterziler.com\/de\/wp-json\/wp\/v2\/pages\/16934","targetHints":{"allow":["GET"]}}],"collection":[{"href":"https:\/\/drterziler.com\/de\/wp-json\/wp\/v2\/pages"}],"about":[{"href":"https:\/\/drterziler.com\/de\/wp-json\/wp\/v2\/types\/page"}],"author":[{"embeddable":true,"href":"https:\/\/drterziler.com\/de\/wp-json\/wp\/v2\/users\/6"}],"replies":[{"embeddable":true,"href":"https:\/\/drterziler.com\/de\/wp-json\/wp\/v2\/comments?post=16934"}],"version-history":[{"count":15,"href":"https:\/\/drterziler.com\/de\/wp-json\/wp\/v2\/pages\/16934\/revisions"}],"predecessor-version":[{"id":59703,"href":"https:\/\/drterziler.com\/de\/wp-json\/wp\/v2\/pages\/16934\/revisions\/59703"}],"up":[{"embeddable":true,"href":"https:\/\/drterziler.com\/de\/wp-json\/wp\/v2\/pages\/15917"}],"wp:attachment":[{"href":"https:\/\/drterziler.com\/de\/wp-json\/wp\/v2\/media?parent=16934"}],"curies":[{"name":"wp","href":"https:\/\/api.w.org\/{rel}","templated":true}]}}