{"id":16983,"date":"2025-01-28T08:00:00","date_gmt":"2025-01-28T08:00:00","guid":{"rendered":"https:\/\/drterziler.com\/medizinische-aesthetik\/dermatoloji\/"},"modified":"2026-04-21T12:06:24","modified_gmt":"2026-04-21T12:06:24","slug":"dermatologie-de","status":"publish","type":"page","link":"https:\/\/drterziler.com\/de\/medizinische-aesthetik\/dermatologie-de\/","title":{"rendered":"Dermatologie"},"content":{"rendered":"<div class=\"page-content category-page\">\n<div id=\"header-area\">\n<div class=\"container\" id=\"firstContent\">\n<div class=\"header-content d-flex flex-column\">\n<h1 class=\"content-title\">Dermatologie<\/h1>\n<div class=\"content-paragraph\">\n<p>Die Dermatologie in der T\u00fcrkei bietet fortschrittliche und erschwingliche Behandlungen f\u00fcr Haut-, Haar- und Nagelprobleme unter Einsatz moderner Technologien und durch erfahrene Spezialisten. T\u00fcrkische Dermatologie-Kliniken bieten umfassende Behandlungen f\u00fcr Akne, Ekzeme, Psoriasis, Rosacea, Pigmentst\u00f6rungen und Hautalterung an. Viele sind zudem auf kosmetische Dermatologie spezialisiert, wie Botox, Filler, Lasertherapie und chemische Peelings. Mit international akkreditierten Einrichtungen und englischsprachigen Dermatologen zieht die T\u00fcrkei viele internationale Patienten an, die sowohl medizinische als auch \u00e4sthetische Hautpflege suchen.<\/p>\n<\/p><\/div>\n<nav aria-label=\"breadcrumb\" class=\"breadcrumbs\">\n<ul class=\"d-flex align-items-center mb-0\">\n<li><a class=\"link\" href=\"https:\/\/drterziler.com\/de\/\"><span>Dr. Terziler<\/span><\/a><\/li>\n<li class=\"separator\">\u00bb<\/li>\n<li><a class=\"link\" href=\"https:\/\/drterziler.com\/de\/medizinische-aesthetik\/\"><span>Medizinische \u00c4sthetik<\/span><\/a><\/li>\n<li class=\"separator\">\u00bb<\/li>\n<li class=\"current-page\"><span>Dermatologie<\/span><\/li>\n<\/ul>\n<\/nav><\/div>\n<\/p><\/div>\n<\/p><\/div>\n<\/div>\n<section class=\"svc-section\">\n<div class=\"container\">\n<div class=\"svc-item right-card\">\n<div class=\"svc-media\">\n                <img decoding=\"async\" src=\"https:\/\/drterziler.com\/wp-content\/uploads\/2025\/02\/Akne-ve-Sivilce-Tedavisi.webp\" alt=\"Akne- und Pickelbehandlung\" loading=\"lazy\" class=\"cat-img\">\n            <\/div>\n<div class=\"svc-card\">\n<h3 class=\"svc-title gilda\">Akne- und Pickelbehandlung<\/h3>\n<p class=\"svc-text barlow\">\n                    Es umfasst eine Reihe dermatologischer Verfahren, die auf die Beseitigung von Akne und Pickelnarben abzielen. Methoden wie Laserbehandlungen, chemische Peelings und topische Medikamente werden eingesetzt, um die Haut zu reinigen und das Gleichgewicht wiederherzustellen. Die Behandlung wird individuell auf den Hauttyp abgestimmt und liefert effektive und schnelle Ergebnisse.\n                <\/p>\n<p>                <a class=\"btn-details barlow-condensed\" href=\"https:\/\/drterziler.com\/de\/medizinische-aesthetik\/dermatologie-de\/akne-und-pickelbehandlung\/\">DETAILS<\/a>\n            <\/div>\n<\/p><\/div>\n<div class=\"svc-item left-card\">\n<div class=\"svc-media\">\n                <img decoding=\"async\" src=\"https:\/\/drterziler.com\/wp-content\/uploads\/2025\/02\/Skar-Yara-Izi-Tedavisi.webp\" alt=\"Narben- (Wundnarben-) Behandlung\" loading=\"lazy\" class=\"cat-img\">\n            <\/div>\n<div class=\"svc-card\">\n<h3 class=\"svc-title gilda\">Narben- (Wundnarben-) Behandlung<\/h3>\n<p class=\"svc-text barlow\">\n                    Die Narbenbehandlung ist ein \u00e4sthetisches Verfahren, das darauf abzielt, das Erscheinungsbild von Narben auf der Haut zu reduzieren oder zu verbessern. Diese Behandlung wirkt durch die Unterst\u00fctzung der nat\u00fcrlichen Heilungsprozesse der Haut, um die Sichtbarkeit von Narben zu minimieren.\n                <\/p>\n<p>                <a class=\"btn-details barlow-condensed\" href=\"https:\/\/drterziler.com\/de\/medizinische-aesthetik\/dermatologie-de\/behandlung-von-narben-wundnarben\/\">DETAILS<\/a>\n            <\/div>\n<\/p><\/div>\n<div class=\"svc-item right-card\">\n<div class=\"svc-media\">\n                <img decoding=\"async\" src=\"https:\/\/drterziler.com\/wp-content\/uploads\/2025\/02\/Ben-Tedavisi.webp\" alt=\"Muttermalbehandlung\" loading=\"lazy\" class=\"cat-img\">\n            <\/div>\n<div class=\"svc-card\">\n<h3 class=\"svc-title gilda\">Muttermalbehandlung<\/h3>\n<p class=\"svc-text barlow\">\n                    Die Muttermalbehandlung ist eine moderne Methode zur Entfernung unerw\u00fcnschter Muttermale aus \u00e4sthetischen oder gesundheitlichen Gr\u00fcnden. Dieser Eingriff wird mit Techniken wie Laser, chirurgischer Exzision oder Kryotherapie durchgef\u00fchrt und ist so geplant, dass er sicher ist und minimale Narben hinterl\u00e4sst. Die auf den Einzelnen zugeschnittene Behandlung zielt auf ein glattes und gesundes Hautbild ab.\n                <\/p>\n<p>                <a class=\"btn-details barlow-condensed\" href=\"https:\/\/drterziler.com\/de\/medizinische-aesthetik\/dermatologie-de\/muttermalbehandlung\/\">DETAILS<\/a>\n            <\/div>\n<\/p><\/div>\n<div class=\"svc-item left-card\">\n<div class=\"svc-media\">\n                <img decoding=\"async\" src=\"https:\/\/drterziler.com\/wp-content\/uploads\/2025\/01\/Sedef-Hastaligi.webp\" alt=\"Psoriasis-Behandlung\" loading=\"lazy\" class=\"cat-img\">\n            <\/div>\n<div class=\"svc-card\">\n<h3 class=\"svc-title gilda\">Psoriasis-Behandlung<\/h3>\n<p class=\"svc-text barlow\">\n                    Psoriasis (Schuppenflechte) ist eine mit dem Immunsystem zusammenh\u00e4ngende Hauterkrankung, die eine schnelle Hauterneuerung und Entz\u00fcndungen verursacht. Sie \u00e4u\u00dfert sich typischerweise durch L\u00e4sionen, die R\u00f6tungen, Schuppenbildung und Juckreiz auf der Haut verursachen. Die Krankheit kann durch eine Kombination aus genetischer Veranlagung und Umweltfaktoren entstehen und bei Nichtbehandlung die Lebensqualit\u00e4t negativ beeinflussen.\n                <\/p>\n<p>                <a class=\"btn-details barlow-condensed\" href=\"https:\/\/drterziler.com\/de\/medizinische-aesthetik\/dermatologie-de\/psoriasis-behandlung\/\">DETAILS<\/a>\n            <\/div>\n<\/p><\/div>\n<div class=\"svc-item right-card\">\n<div class=\"svc-media\">\n                <img decoding=\"async\" src=\"https:\/\/drterziler.com\/wp-content\/uploads\/2025\/02\/Mantar-Hastaliklari.webp\" alt=\"Behandlung von Pilzinfektionen\" loading=\"lazy\" class=\"cat-img\">\n            <\/div>\n<div class=\"svc-card\">\n<h3 class=\"svc-title gilda\">Behandlung von Pilzinfektionen<\/h3>\n<p class=\"svc-text barlow\">\n                    Pilzinfektionen sind gesundheitliche Probleme, die durch das Vorhandensein von Pilzinfektionen in der Haut, den N\u00e4geln, den Haaren und anderen K\u00f6rperteilen verursacht werden. Diese Infektionen k\u00f6nnen sich besonders in warmer und feuchter Umgebung schnell ausbreiten. Pilzerkrankungen k\u00f6nnen zu unangenehmen Symptomen im K\u00f6rper f\u00fchren und bei Nichtbehandlung zu ernsten Gesundheitsproblemen f\u00fchren.\n                <\/p>\n<p>                <a class=\"btn-details barlow-condensed\" href=\"https:\/\/drterziler.com\/de\/medizinische-aesthetik\/dermatologie-de\/behandlung-von-pilzinfektionen\/\">DETAILS<\/a>\n            <\/div>\n<\/p><\/div>\n<div class=\"svc-item left-card\">\n<div class=\"svc-media\">\n                <img decoding=\"async\" src=\"https:\/\/drterziler.com\/wp-content\/uploads\/2025\/02\/Egzama.webp\" alt=\"Ekzem-Behandlung\" loading=\"lazy\" class=\"cat-img\">\n            <\/div>\n<div class=\"svc-card\">\n<h3 class=\"svc-title gilda\">Ekzem-Behandlung<\/h3>\n<p class=\"svc-text barlow\">\n                    Ein Ekzem ist eine chronische Hauterkrankung, die durch Entz\u00fcndungen, Juckreiz, Trockenheit und rote Ausschl\u00e4ge gekennzeichnet ist. Dieser Zustand kann durch genetische Veranlagung, Probleme des Immunsystems und Umweltfaktoren ausgel\u00f6st werden. Es \u00e4u\u00dfert sich typischerweise durch Juckreiz und R\u00f6tungen und kann bei Nichtbehandlung dauerhafte Hautsch\u00e4den verursachen. Ekzeme werden in verschiedene Typen unterteilt, darunter atopische Dermatitis, Kontaktdermatitis und seborrhoische Dermatitis.\n                <\/p>\n<p>                <a class=\"btn-details barlow-condensed\" href=\"https:\/\/drterziler.com\/de\/medizinische-aesthetik\/dermatologie-de\/behandlung-von-ekzemen\/\">DETAILS<\/a>\n            <\/div>\n<\/p><\/div>\n<div class=\"svc-item right-card\">\n<div class=\"svc-media\">\n                <img decoding=\"async\" src=\"https:\/\/drterziler.com\/wp-content\/uploads\/2025\/02\/Alerjik-Cilt-Hastaliklari.webp\" alt=\"Allergische Hauterkrankungen\" loading=\"lazy\" class=\"cat-img\">\n            <\/div>\n<div class=\"svc-card\">\n<h3 class=\"svc-title gilda\">Allergische Hauterkrankungen<\/h3>\n<p class=\"svc-text barlow\">\n                    Allergische Hauterkrankungen treten auf, wenn das Immunsystem f\u00e4lschlicherweise auf der Haut reagiert und Beschwerden wie Juckreiz und R\u00f6tungen verursacht. Die Behandlung dieser Krankheiten ist ein wichtiger Schritt zur Wiederherstellung der Hautgesundheit und zur Minimierung allergischer Reaktionen. Mit den richtigen Behandlungsmethoden k\u00f6nnen sich die Symptome auf der Haut schnell bessern und ein gesundes Erscheinungsbild erreicht werden.\n                <\/p>\n<p>                <a class=\"btn-details barlow-condensed\" href=\"https:\/\/drterziler.com\/de\/medizinische-aesthetik\/dermatologie-de\/allergische-hauterkrankungen\/\">DETAILS<\/a>\n            <\/div>\n<\/p><\/div>\n<div class=\"svc-item left-card\">\n<div class=\"svc-media\">\n                <img decoding=\"async\" src=\"https:\/\/drterziler.com\/wp-content\/uploads\/2025\/02\/Dokuntulu-Hastaliklar.webp\" alt=\"Ausschlagserkrankungen\" loading=\"lazy\" class=\"cat-img\">\n            <\/div>\n<div class=\"svc-card\">\n<h3 class=\"svc-title gilda\">Ausschlagserkrankungen<\/h3>\n<p class=\"svc-text barlow\">\n                    Dies sind Zust\u00e4nde, die sich typischerweise durch Symptome wie R\u00f6tungen, Juckreiz, Blasen oder Flecken auf der Haut \u00e4u\u00dfern. Die Behandlung von Ausschlagserkrankungen wird basierend auf der zugrunde liegenden Ursache festgelegt und umfasst im Allgemeinen Medikamente, Hautpflegeprodukte und unterst\u00fctzende Behandlungen zur Linderung der Symptome.\n                <\/p>\n<p>                <a class=\"btn-details barlow-condensed\" href=\"https:\/\/drterziler.com\/de\/medizinische-aesthetik\/dermatologie-de\/hautausschlagskrankheiten\/\">DETAILS<\/a>\n            <\/div>\n<\/p><\/div>\n<\/p><\/div>\n<\/section>\n","protected":false},"excerpt":{"rendered":"<p>Dermatologie Die Dermatologie in der T\u00fcrkei bietet fortschrittliche und erschwingliche Behandlungen f\u00fcr Haut-, Haar- und Nagelprobleme unter Einsatz moderner Technologien und durch erfahrene Spezialisten. T\u00fcrkische Dermatologie-Kliniken bieten umfassende Behandlungen f\u00fcr Akne, Ekzeme, Psoriasis, Rosacea, Pigmentst\u00f6rungen und Hautalterung an. Viele sind zudem auf kosmetische Dermatologie spezialisiert, wie Botox, Filler, Lasertherapie und chemische Peelings. Mit international akkreditierten [&hellip;]<\/p>\n","protected":false},"author":6,"featured_media":0,"parent":2870,"menu_order":0,"comment_status":"closed","ping_status":"closed","template":"","meta":{"footnotes":""},"class_list":["post-16983","page","type-page","status-publish","hentry"],"_links":{"self":[{"href":"https:\/\/drterziler.com\/de\/wp-json\/wp\/v2\/pages\/16983","targetHints":{"allow":["GET"]}}],"collection":[{"href":"https:\/\/drterziler.com\/de\/wp-json\/wp\/v2\/pages"}],"about":[{"href":"https:\/\/drterziler.com\/de\/wp-json\/wp\/v2\/types\/page"}],"author":[{"embeddable":true,"href":"https:\/\/drterziler.com\/de\/wp-json\/wp\/v2\/users\/6"}],"replies":[{"embeddable":true,"href":"https:\/\/drterziler.com\/de\/wp-json\/wp\/v2\/comments?post=16983"}],"version-history":[{"count":69,"href":"https:\/\/drterziler.com\/de\/wp-json\/wp\/v2\/pages\/16983\/revisions"}],"predecessor-version":[{"id":59668,"href":"https:\/\/drterziler.com\/de\/wp-json\/wp\/v2\/pages\/16983\/revisions\/59668"}],"up":[{"embeddable":true,"href":"https:\/\/drterziler.com\/de\/wp-json\/wp\/v2\/pages\/2870"}],"wp:attachment":[{"href":"https:\/\/drterziler.com\/de\/wp-json\/wp\/v2\/media?parent=16983"}],"curies":[{"name":"wp","href":"https:\/\/api.w.org\/{rel}","templated":true}]}}