{"id":17064,"date":"2025-01-28T08:13:17","date_gmt":"2025-01-28T08:13:17","guid":{"rendered":"https:\/\/drterziler.com\/medizinische-aesthetik\/dermatoloji\/akne-ve-sivilce-tedavisi\/"},"modified":"2026-04-21T12:05:07","modified_gmt":"2026-04-21T12:05:07","slug":"akne-und-pickelbehandlung","status":"publish","type":"page","link":"https:\/\/drterziler.com\/de\/medizinische-aesthetik\/dermatologie-de\/akne-und-pickelbehandlung\/","title":{"rendered":"Akne- und Pickelbehandlung"},"content":{"rendered":"<div class=\"page-content\">\n<div id=\"header-area\">\n<div class=\"container\" id=\"firstContent\">\n<div class=\"header-content d-flex flex-column\">\n<h1 class=\"content-title h1-header\">Akne- und Pickelbehandlung<\/h1>\n<div class=\"content-paragraph\">\n<p class=\"p-text\">Es umfasst eine Reihe dermatologischer Eingriffe zur Beseitigung von Akne und Pickelnarben. Zur Reinigung und zum Ausgleich der Haut werden Methoden wie Laserbehandlungen, chemische Peelings und topische Medikamente eingesetzt. Die Behandlung wird individuell auf den Hauttyp abgestimmt und bietet effektive und schnelle Ergebnisse.<\/p>\n<\/p><\/div>\n<nav aria-label=\"breadcrumb\" class=\"breadcrumbs\">\n<ul class=\"d-flex align-items-center mb-0\">\n<li><a class=\"link\" href=\"https:\/\/drterziler.com\/de\/\"><span>Dr. Terziler<\/span><\/a><\/li>\n<li class=\"separator\">\u00bb<\/li>\n<li><a class=\"link\" href=\"https:\/\/drterziler.com\/de\/medizinische-aesthetik\/\"><span>Medizinische \u00c4sthetik<\/span><\/a><\/li>\n<li class=\"separator\">\u00bb<\/li>\n<li><a class=\"link\" href=\"https:\/\/drterziler.com\/de\/medizinische-aesthetik\/dermatologie-de\/\"><span>Dermatologie<\/span><\/a><\/li>\n<li class=\"separator\">\u00bb<\/li>\n<li class=\"current-page\"><span>Akne- und Pickelbehandlung<\/span><\/li>\n<\/ul>\n<\/nav><\/div>\n<\/p><\/div>\n<\/p><\/div>\n<\/div>\n<section id=\"content-area\">\n<div class=\"container my-5\">\n<div class=\"row align-items-start\">\n<div class=\"col-md-6 order-2 order-md-1\">\n<div class=\"custom-toc-box\">\n<div id=\"toc-header\">\n<h4>Inhaltsverzeichnis<\/h4>\n<div class=\"toc-toggle-icon\"><\/div>\n<\/p><\/div>\n<div class=\"toc-full-divider\"><\/div>\n<div id=\"toc-body\">\n<div id=\"toc-container\"><\/div>\n<\/p><\/div>\n<\/p><\/div>\n<\/p><\/div>\n<div class=\"col-md-6 order-1 order-md-2\" id=\"jForm\">\n                <script type=\"text\/javascript\" src=\"https:\/\/form.jotform.com\/jsform\/242882128947973\"><\/script>\n            <\/div>\n<\/p><\/div>\n<\/p><\/div>\n<div class=\"container\">\n<div class=\"img-thumb\">\n            <img decoding=\"async\" src=\"https:\/\/drterziler.com\/wp-content\/uploads\/2025\/01\/Akne-ve-Sivilce-Tedavisi.webp\" alt=\"Akne- und Pickelbehandlung\" loading=\"lazy\">\n        <\/div>\n<div>\n<div>\n<h2 class=\"h2-header\">Was ist die Behandlung von Akne und Pickeln?<\/h2>\n<\/p><\/div>\n<div>\n<p class=\"p-text\">Die Aknebehandlung ist eine Reihe von \u00e4sthetischen Methoden, die darauf abzielen, Akne (Pickel) und Mitesserbildung auf der Haut zu verhindern und zu behandeln. Akne ist ein h\u00e4ufiges Hautproblem, das durch verstopfte Talgdr\u00fcsen, bakterielle Infektionen oder hormonelle Ver\u00e4nderungen verursacht wird. Die Aknebehandlung geht auf die zugrunde liegenden Ursachen dieser Probleme ein, reduziert Entz\u00fcndungen auf der Haut, erneuert das Hautgewebe und verbessert das Erscheinungsbild von Narben.<\/p>\n<\/p><\/div>\n<\/p><\/div>\n<div>\n<div>\n<h2 class=\"h2-header\">Was sind die Vorteile?<\/h2>\n<\/p><\/div>\n<div>\n<p class=\"p-text\">Reinere und klarere Haut Gleichm\u00e4\u00dfiger Hautton Reduziert Aknenarben Erleichtert Entz\u00fcndungen schnell Unterst\u00fctzt die Hautregeneration Steigert das Selbstbewusstsein Erm\u00f6glicht eine schnelle R\u00fcckkehr zu den t\u00e4glichen Aktivit\u00e4ten<\/p>\n<\/p><\/div>\n<\/p><\/div>\n<div>\n<div>\n<h2 class=\"h2-header\">Wie sieht die Aknebehandlung aus?<\/h2>\n<\/p><\/div>\n<div>\n<p class=\"p-text\">Die Aknebehandlung verbessert das Erscheinungsbild von Pickeln und Narben auf der Haut erheblich. Nach der Behandlung erscheint die Haut sauberer, glatter, ges\u00fcnder und lebendiger. Ein merklicher Glanz und eine Verj\u00fcngung der Hautstruktur sind nach der Behandlung zu beobachten. Die Verbesserung der Aknenarben und des Hauttons f\u00fchrt zu einem insgesamt j\u00fcngeren und frischeren Aussehen.<\/p>\n<\/p><\/div>\n<\/p><\/div>\n<div>\n<div>\n<h2 class=\"h2-header\">F\u00fcr wen ist sie geeignet?<\/h2>\n<\/p><\/div>\n<div>\n<p class=\"p-text\">Jugendliche in der Pubert\u00e4t Personen mit altersbedingter Akne Personen, die aufgrund von Pickeln unter sozialer Angst leiden Akneanf\u00e4llige Haut Personen, die schnelle Ergebnisse suchen Menschen, die nicht-chirurgische Optionen bevorzugen<\/p>\n<\/p><\/div>\n<\/p><\/div>\n<div>\n<div>\n<h2 class=\"h2-header\">Warum ist die Aknebehandlung so beliebt?<\/h2>\n<\/p><\/div>\n<div>\n<p class=\"p-text\">Die Aknebehandlung hilft den Menschen, Hautprobleme zu bew\u00e4ltigen und ihr Selbstbewusstsein zur\u00fcckzugewinnen. Mit dem wachsenden Interesse an Hautpflege in den letzten Jahren ist die Aknebehandlung zu einer beliebten Wahl bei sowohl Jugendlichen als auch Erwachsenen geworden. Das Verfahren ist aufgrund seiner minimalen Invasivit\u00e4t und schnellen Ergebnisse beliebt. Dar\u00fcber hinaus behandelt die Aknebehandlung nicht nur Akne, sondern auch Aknenarben und bietet eine umfassendere L\u00f6sung.<\/p>\n<\/p><\/div>\n<\/p><\/div>\n<div>\n<div>\n<h2 class=\"h2-header\">Wie wird die Aknebehandlung angewendet?<\/h2>\n<\/p><\/div>\n<div>\n<p class=\"p-text\">Die h\u00e4ufigsten Methoden umfassen Laserbehandlungen, chemische Peelings und PRP. Laserstrahlen zielen auf Pigmente unter der Haut ab, um Flecken zu reduzieren. Chemische Peelings entfernen die oberste Hautschicht und schaffen eine gesunde Oberfl\u00e4che. PRP verj\u00fcngt die Haut mit Blut, das regenerative Eigenschaften besitzt. Der Behandlungsprozess wird individuell angepasst und von einem Facharzt durchgef\u00fchrt.<\/p>\n<\/p><\/div>\n<\/p><\/div>\n<div>\n<div>\n<h2 class=\"h2-header\">Wie lange halten die Ergebnisse an?<\/h2>\n<\/p><\/div>\n<div>\n<p class=\"p-text\">Die Dauer der Ergebnisse der Aknebehandlung variiert je nach angewendeter Methode und individuellen Hautmerkmalen. In der Regel werden Akne und Narben nach der Behandlung erheblich reduziert, und die Haut erh\u00e4lt ein ges\u00fcnderes Aussehen. Hormonelle Ver\u00e4nderungen, Lebensstil oder Umweltfaktoren k\u00f6nnen jedoch dazu f\u00fchren, dass Akne erneut auftritt. Regelm\u00e4\u00dfige Pflege und Behandlungssitzungen k\u00f6nnen die Ergebnisse langfristig verst\u00e4rken.<\/p>\n<\/p><\/div>\n<\/p><\/div>\n<div>\n<div>\n<h2 class=\"h2-header\">Gibt es Schmerzen oder Unannehmlichkeiten?<\/h2>\n<\/p><\/div>\n<div>\n<p class=\"p-text\">Die meisten Aknebehandlungen sind schmerzfrei, aber einige Methoden (insbesondere chemische Peelings oder Laser) k\u00f6nnen ein leichtes Brennen oder Unbehagen verursachen. Verfahren wie Mesotherapie und Mikrodermabrasion werden mit minimalem Unbehagen durchgef\u00fchrt und erfordern in der Regel keine An\u00e4sthesie. Je nach Hautempfindlichkeit k\u00f6nnen vor der Behandlung bet\u00e4ubende Cremes oder K\u00fchlsysteme angewendet werden, um das Unbehagen zu reduzieren.<\/p>\n<\/p><\/div>\n<\/p><\/div>\n<div>\n<div>\n<h2 class=\"h2-header\">Kosten der Aknebehandlung<\/h2>\n<\/p><\/div>\n<div>\n<p class=\"p-text\">Die Preise f\u00fcr Aknebehandlungen variieren je nach Behandlungsmethode und Hauttyp. In der Regel werden einfachere Behandlungen zu g\u00fcnstigeren Preisen angeboten, w\u00e4hrend fortschrittliche Methoden wie Laser oder Mesotherapie etwas teurer sein k\u00f6nnen. F\u00fcr detaillierte Preisinformationen empfehlen wir, unsere Klinik zu kontaktieren.<\/p>\n<\/p><\/div>\n<\/p><\/div>\n<div>\n<div>\n<h2 class=\"h2-header\">Warum die Dr. Terziler Exclusive Clinic w\u00e4hlen?<\/h2>\n<\/p><\/div>\n<div>\n<p class=\"p-text\">Dr. Terziler, mit international anerkanntem Fachwissen und einem \u00e4sthetischen Ansatz, der Kunst und Wissenschaft kombiniert, bietet ma\u00dfgeschneiderte L\u00f6sungen, die nicht nur eine k\u00f6rperliche Transformation, sondern auch eine emotionale Erneuerung erm\u00f6glichen. Unsere Klinik, ausgestattet mit fortschrittlicher Technologie und betrieben nach den Prinzipien von Komfort und Sicherheit, verfolgt Perfektion als Unternehmensphilosophie. Jeder Handgriff hier ist darauf ausgerichtet, Ihre Gesundheit und Ihr Gl\u00fcck zu steigern.<\/p>\n<\/p><\/div>\n<\/p><\/div>\n<\/p><\/div>\n<\/section>\n","protected":false},"excerpt":{"rendered":"<p>Akne- und Pickelbehandlung Es umfasst eine Reihe dermatologischer Eingriffe zur Beseitigung von Akne und Pickelnarben. Zur Reinigung und zum Ausgleich der Haut werden Methoden wie Laserbehandlungen, chemische Peelings und topische Medikamente eingesetzt. Die Behandlung wird individuell auf den Hauttyp abgestimmt und bietet effektive und schnelle Ergebnisse. Dr. Terziler \u00bb Medizinische \u00c4sthetik \u00bb Dermatologie \u00bb Akne- [&hellip;]<\/p>\n","protected":false},"author":6,"featured_media":0,"parent":16983,"menu_order":0,"comment_status":"closed","ping_status":"closed","template":"","meta":{"footnotes":""},"class_list":["post-17064","page","type-page","status-publish","hentry"],"_links":{"self":[{"href":"https:\/\/drterziler.com\/de\/wp-json\/wp\/v2\/pages\/17064","targetHints":{"allow":["GET"]}}],"collection":[{"href":"https:\/\/drterziler.com\/de\/wp-json\/wp\/v2\/pages"}],"about":[{"href":"https:\/\/drterziler.com\/de\/wp-json\/wp\/v2\/types\/page"}],"author":[{"embeddable":true,"href":"https:\/\/drterziler.com\/de\/wp-json\/wp\/v2\/users\/6"}],"replies":[{"embeddable":true,"href":"https:\/\/drterziler.com\/de\/wp-json\/wp\/v2\/comments?post=17064"}],"version-history":[{"count":16,"href":"https:\/\/drterziler.com\/de\/wp-json\/wp\/v2\/pages\/17064\/revisions"}],"predecessor-version":[{"id":59702,"href":"https:\/\/drterziler.com\/de\/wp-json\/wp\/v2\/pages\/17064\/revisions\/59702"}],"up":[{"embeddable":true,"href":"https:\/\/drterziler.com\/de\/wp-json\/wp\/v2\/pages\/16983"}],"wp:attachment":[{"href":"https:\/\/drterziler.com\/de\/wp-json\/wp\/v2\/media?parent=17064"}],"curies":[{"name":"wp","href":"https:\/\/api.w.org\/{rel}","templated":true}]}}