{"id":17113,"date":"2025-01-28T08:17:45","date_gmt":"2025-01-28T08:17:45","guid":{"rendered":"https:\/\/drterziler.com\/medizinische-aesthetik\/dermatoloji\/skar-yara-izi-tedavisi\/"},"modified":"2026-03-06T18:31:57","modified_gmt":"2026-03-06T18:31:57","slug":"behandlung-von-narben-wundnarben","status":"publish","type":"page","link":"https:\/\/drterziler.com\/de\/medizinische-aesthetik\/dermatologie-de\/behandlung-von-narben-wundnarben\/","title":{"rendered":"Behandlung von Narben (Wundnarben)"},"content":{"rendered":"<div class=\"page-content\">\n<div id=\"header-area\">\n<div class=\"container\" id=\"firstContent\">\n<div class=\"header-content d-flex flex-column\">\n<h1 class=\"content-title h1-header\">Behandlung von Narben (Wundnarben)<\/h1>\n<div class=\"content-paragraph\">\n<p class=\"p-text\">Die Narbenbehandlung ist ein \u00e4sthetischer Eingriff, der darauf abzielt, das Erscheinungsbild von Narben auf der Haut zu reduzieren oder zu verbessern. Diese Behandlung unterst\u00fctzt die nat\u00fcrlichen Heilungsprozesse der Haut und zielt darauf ab, die Entstehung von Narben zu minimieren.<\/p>\n<\/p><\/div>\n<nav aria-label=\"breadcrumb\" class=\"breadcrumbs\">\n<ul class=\"d-flex align-items-center mb-0\">\n<li><a class=\"link\" href=\"https:\/\/drterziler.com\/de\"><span>Dr. Terziler<\/span><\/a><\/li>\n<li class=\"separator\">\u00bb<\/li>\n<li><a class=\"link\" href=\"https:\/\/drterziler.com\/de\/medizinische-aesthetik\/\"><span>Medizinische \u00c4sthetik<\/span><\/a><\/li>\n<li class=\"separator\">\u00bb<\/li>\n<li><a class=\"link\" href=\"https:\/\/drterziler.com\/de\/medizinische-aesthetik\/dermatologie-de\/\"><span>Dermatologie<\/span><\/a><\/li>\n<li class=\"separator\">\u00bb<\/li>\n<li class=\"current-page\"><span>Behandlung von Narben (Wundnarben)<\/span><\/li>\n<\/ul>\n<\/nav><\/div>\n<\/p><\/div>\n<\/p><\/div>\n<\/div>\n<section id=\"content-area\">\n<div class=\"container my-5\">\n<div class=\"row align-items-start\">\n<div class=\"col-md-6 order-2 order-md-1\">\n<div class=\"custom-toc-box\">\n<div id=\"toc-header\">\n<h4>Inhaltsverzeichnis<\/h4>\n<div class=\"toc-toggle-icon\"><\/div>\n<\/p><\/div>\n<div class=\"toc-full-divider\"><\/div>\n<div id=\"toc-body\">\n<div id=\"toc-container\"><\/div>\n<\/p><\/div>\n<\/p><\/div>\n<\/p><\/div>\n<div class=\"col-md-6 order-1 order-md-2\" id=\"jForm\">\n                <script type=\"text\/javascript\" src=\"https:\/\/form.jotform.com\/jsform\/242882128947973\"><\/script>\n            <\/div>\n<\/p><\/div>\n<\/p><\/div>\n<div class=\"container\">\n<div class=\"img-thumb\">\n            <img decoding=\"async\" src=\"https:\/\/drterziler.com\/wp-content\/uploads\/2025\/01\/Skar-Yara-Izi-Tedavisi.webp\" alt=\"Behandlung von Narben (Wundnarben)\" loading=\"lazy\">\n        <\/div>\n<div>\n<div>\n<h2 class=\"h2-header\">Was ist die Narben (Wund) Behandlung?<\/h2>\n<\/p><\/div>\n<div>\n<p class=\"p-text\">Die Narbenbehandlung ist ein \u00e4sthetisches Verfahren, das darauf abzielt, das Erscheinungsbild von Narben auf der Haut zu reduzieren oder zu verbessern. Diese Behandlung unterst\u00fctzt die nat\u00fcrlichen Heilungsprozesse der Haut, um die Sichtbarkeit von Narben zu minimieren. Verschiedene Methoden wie Laserbehandlung, Microneedling, chemische Peelings und Dermalf\u00fcller k\u00f6nnen verwendet werden. Die Behandlung wird basierend auf der Art, Gr\u00f6\u00dfe und dem allgemeinen Zustand der Narbe personalisiert.<\/p>\n<\/p><\/div>\n<\/p><\/div>\n<div>\n<div>\n<h2 class=\"h2-header\">Was sind die Vorteile der Narben (Wund) Behandlung?<\/h2>\n<\/p><\/div>\n<div>\n<p class=\"p-text\">Verbessert das \u00e4sthetische Erscheinungsbild Steigert das Selbstbewusstsein Anwendbar auf viele Narbentypen Schmerzfreies und komfortables Verfahren Bietet schnelle Ergebnisse Verbessert die Hautqualit\u00e4t Lang anhaltende Effekte Kann in jedem Alter angewendet werden<\/p>\n<\/p><\/div>\n<\/p><\/div>\n<div>\n<div>\n<h2 class=\"h2-header\">F\u00fcr wen ist es geeignet?<\/h2>\n<\/p><\/div>\n<div>\n<p class=\"p-text\">Personen mit Aknenarben Individuen mit chirurgischen Narben Menschen, die traumatische Verletzungen erlitten haben Personen, die eine schnelle Heilung suchen Menschen, die ihre Hautstruktur erneuern m\u00f6chten Personen, die Wert auf \u00e4sthetisches Erscheinungsbild legen Individuen mit chronischen Narbenproblemen Menschen, die nach minimal-invasiven L\u00f6sungen suchen<\/p>\n<\/p><\/div>\n<\/p><\/div>\n<div>\n<div>\n<h2 class=\"h2-header\">Warum ist die Narbenbehandlung so beliebt?<\/h2>\n<\/p><\/div>\n<div>\n<p class=\"p-text\">Die Narbenbehandlung ist aufgrund technologischer Fortschritte und der weit verbreiteten Nutzung minimal-invasiver Methoden zunehmend popul\u00e4r geworden. Die schnellen Ergebnisse, die allgemein schmerzfreie Natur und die F\u00e4higkeit, das \u00e4sthetische Erscheinungsbild zu verbessern, sind die Hauptgr\u00fcnde, warum sich Menschen f\u00fcr diese Behandlung entscheiden. Zus\u00e4tzlich haben die Verbreitung sozialer Medien und ein wachsendes Bewusstsein f\u00fcr \u00e4sthetische Verfahren deren Beliebtheit unterst\u00fctzt.<\/p>\n<\/p><\/div>\n<\/p><\/div>\n<div>\n<div>\n<h2 class=\"h2-header\">Wie wird die Narben (Wund) Behandlung angewendet?<\/h2>\n<\/p><\/div>\n<div>\n<p class=\"p-text\">Die Methode, die bei der Narbenbehandlung angewendet wird, wird vom Spezialisten bestimmt. Zum Beispiel reduziert die Laserbehandlung die Pigmentierung in der Haut und f\u00f6rdert die Kollagenproduktion. Beim Microneedling werden Mikrokan\u00e4le auf der Hautoberfl\u00e4che erzeugt, um den Erneuerungsprozess zu beschleunigen. Chemische Peelings entfernen die oberste Hautschicht und schaffen eine ges\u00fcndere Hautstruktur. Der gesamte Prozess wird in einer hygienischen Umgebung von einem erfahrenen Arzt oder \u00e4sthetischen Experten durchgef\u00fchrt.<\/p>\n<\/p><\/div>\n<\/p><\/div>\n<div>\n<div>\n<h2 class=\"h2-header\">Gibt es Schmerzen oder Unannehmlichkeiten w\u00e4hrend der Narben (Wund) Behandlung?<\/h2>\n<\/p><\/div>\n<div>\n<p class=\"p-text\">Die meisten Narbenbehandlungen sind minimal schmerzhaft oder v\u00f6llig schmerzfrei. W\u00e4hrend Methoden wie Laser oder Microneedling kann ein leichtes W\u00e4rme- oder Kribbelgef\u00fchl auf der Haut auftreten. Lokale Bet\u00e4ubungscremes werden vor der Behandlung aufgetragen, um den Komfort zu erh\u00f6hen. Nach der Behandlung kann es zu einer leichten Empfindlichkeit kommen, die jedoch in der Regel nur kurze Zeit anh\u00e4lt.<\/p>\n<\/p><\/div>\n<\/p><\/div>\n<div>\n<div>\n<h2 class=\"h2-header\">Wie lange dauert eine Narben (Wund) Behandlungssitzung?<\/h2>\n<\/p><\/div>\n<div>\n<p class=\"p-text\">Eine Narbenbehandlungssitzung dauert in der Regel zwischen 30 und 60 Minuten. Die Dauer kann je nach verwendeter Methode und Gr\u00f6\u00dfe des behandelten Bereichs variieren. In einigen F\u00e4llen sind jedoch mehrere Sitzungen erforderlich. Die Intervalle zwischen den Sitzungen werden entsprechend dem Erneuerungsprozess der Haut geplant.<\/p>\n<\/p><\/div>\n<\/p><\/div>\n<div>\n<div>\n<h2 class=\"h2-header\">Wie lange dauert es, bis die Narben (Wund) Behandlung heilt?<\/h2>\n<\/p><\/div>\n<div>\n<p class=\"p-text\">Die Heilungszeit nach der Behandlung h\u00e4ngt von der angewendeten Methode ab. Bei Microneedling oder chemischen Peelings heilt die Haut in der Regel innerhalb von 3-7 Tagen. Bei Laserbehandlungen kann die vollst\u00e4ndige Heilung 1-2 Wochen dauern. Die Befolgung der postoperativen Pflegehinweise beschleunigt den Heilungsprozess und sorgt f\u00fcr bessere Ergebnisse.<\/p>\n<\/p><\/div>\n<\/p><\/div>\n<div>\n<div>\n<h2 class=\"h2-header\">Warum die Dr. Terziler Exclusive Clinic w\u00e4hlen?<\/h2>\n<\/p><\/div>\n<div>\n<p class=\"p-text\">Dr. Terziler, mit international anerkanntem Fachwissen und einem \u00e4sthetischen Ansatz, der Kunst und Wissenschaft kombiniert, bietet ma\u00dfgeschneiderte L\u00f6sungen, die nicht nur eine k\u00f6rperliche Transformation, sondern auch eine emotionale Erneuerung erm\u00f6glichen. Unsere Klinik, ausgestattet mit fortschrittlicher Technologie und betrieben nach den Prinzipien von Komfort und Sicherheit, verfolgt Perfektion als Unternehmensphilosophie. Jeder Handgriff hier ist darauf ausgerichtet, Ihre Gesundheit und Ihr Gl\u00fcck zu steigern.<\/p>\n<\/p><\/div>\n<\/p><\/div>\n<\/p><\/div>\n<\/section>\n","protected":false},"excerpt":{"rendered":"<p>Behandlung von Narben (Wundnarben) Die Narbenbehandlung ist ein \u00e4sthetischer Eingriff, der darauf abzielt, das Erscheinungsbild von Narben auf der Haut zu reduzieren oder zu verbessern. Diese Behandlung unterst\u00fctzt die nat\u00fcrlichen Heilungsprozesse der Haut und zielt darauf ab, die Entstehung von Narben zu minimieren. Dr. Terziler \u00bb Medizinische \u00c4sthetik \u00bb Dermatologie \u00bb Behandlung von Narben (Wundnarben) [&hellip;]<\/p>\n","protected":false},"author":6,"featured_media":0,"parent":16983,"menu_order":0,"comment_status":"closed","ping_status":"closed","template":"","meta":{"footnotes":""},"class_list":["post-17113","page","type-page","status-publish","hentry"],"_links":{"self":[{"href":"https:\/\/drterziler.com\/de\/wp-json\/wp\/v2\/pages\/17113","targetHints":{"allow":["GET"]}}],"collection":[{"href":"https:\/\/drterziler.com\/de\/wp-json\/wp\/v2\/pages"}],"about":[{"href":"https:\/\/drterziler.com\/de\/wp-json\/wp\/v2\/types\/page"}],"author":[{"embeddable":true,"href":"https:\/\/drterziler.com\/de\/wp-json\/wp\/v2\/users\/6"}],"replies":[{"embeddable":true,"href":"https:\/\/drterziler.com\/de\/wp-json\/wp\/v2\/comments?post=17113"}],"version-history":[{"count":15,"href":"https:\/\/drterziler.com\/de\/wp-json\/wp\/v2\/pages\/17113\/revisions"}],"predecessor-version":[{"id":59709,"href":"https:\/\/drterziler.com\/de\/wp-json\/wp\/v2\/pages\/17113\/revisions\/59709"}],"up":[{"embeddable":true,"href":"https:\/\/drterziler.com\/de\/wp-json\/wp\/v2\/pages\/16983"}],"wp:attachment":[{"href":"https:\/\/drterziler.com\/de\/wp-json\/wp\/v2\/media?parent=17113"}],"curies":[{"name":"wp","href":"https:\/\/api.w.org\/{rel}","templated":true}]}}