{"id":17162,"date":"2025-01-28T08:21:45","date_gmt":"2025-01-28T08:21:45","guid":{"rendered":"https:\/\/drterziler.com\/medizinische-aesthetik\/dermatoloji\/ben-tedavisi\/"},"modified":"2026-03-06T18:33:13","modified_gmt":"2026-03-06T18:33:13","slug":"muttermalbehandlung","status":"publish","type":"page","link":"https:\/\/drterziler.com\/de\/medizinische-aesthetik\/dermatologie-de\/muttermalbehandlung\/","title":{"rendered":"Muttermalbehandlung"},"content":{"rendered":"<div class=\"page-content\">\n<div id=\"header-area\">\n<div class=\"container\" id=\"firstContent\">\n<div class=\"header-content d-flex flex-column\">\n<h1 class=\"content-title h1-header\">Muttermalbehandlung<\/h1>\n<div class=\"content-paragraph\">\n<p class=\"p-text\">Die Muttermalbehandlung ist ein modernes Verfahren zur Entfernung unerw\u00fcnschter Muttermale aus \u00e4sthetischen oder gesundheitlichen Gr\u00fcnden von der Haut. Dieser Prozess wird mit Techniken wie Laser, chirurgischer Entfernung oder Kryotherapie durchgef\u00fchrt und soll sowohl sicher sein als auch nur minimale Narben hinterlassen. Mit einem individuellen Ansatz zielt die Behandlung darauf ab, ein glattes und gesundes Hautbild zu erzielen.<\/p>\n<\/p><\/div>\n<nav aria-label=\"breadcrumb\" class=\"breadcrumbs\">\n<ul class=\"d-flex align-items-center mb-0\">\n<li><a class=\"link\" href=\"https:\/\/drterziler.com\/de\"><span>Dr. Terziler<\/span><\/a><\/li>\n<li class=\"separator\">\u00bb<\/li>\n<li><a class=\"link\" href=\"https:\/\/drterziler.com\/de\/medizinische-aesthetik\/\"><span>Medizinische \u00c4sthetik<\/span><\/a><\/li>\n<li class=\"separator\">\u00bb<\/li>\n<li><a class=\"link\" href=\"https:\/\/drterziler.com\/de\/medizinische-aesthetik\/dermatologie-de\/\"><span>Dermatologie<\/span><\/a><\/li>\n<li class=\"separator\">\u00bb<\/li>\n<li class=\"current-page\"><span>Muttermalbehandlung<\/span><\/li>\n<\/ul>\n<\/nav><\/div>\n<\/p><\/div>\n<\/p><\/div>\n<\/div>\n<section id=\"content-area\">\n<div class=\"container my-5\">\n<div class=\"row align-items-start\">\n<div class=\"col-md-6 order-2 order-md-1\">\n<div class=\"custom-toc-box\">\n<div id=\"toc-header\">\n<h4>Inhaltsverzeichnis<\/h4>\n<div class=\"toc-toggle-icon\"><\/div>\n<\/p><\/div>\n<div class=\"toc-full-divider\"><\/div>\n<div id=\"toc-body\">\n<div id=\"toc-container\"><\/div>\n<\/p><\/div>\n<\/p><\/div>\n<\/p><\/div>\n<div class=\"col-md-6 order-1 order-md-2\" id=\"jForm\">\n                <script type=\"text\/javascript\" src=\"https:\/\/form.jotform.com\/jsform\/242882128947973\"><\/script>\n            <\/div>\n<\/p><\/div>\n<\/p><\/div>\n<div class=\"container\">\n<div class=\"img-thumb\">\n            <img decoding=\"async\" src=\"https:\/\/drterziler.com\/wp-content\/uploads\/2025\/01\/Ben-Tedavisi.webp\" alt=\"Muttermalbehandlung\" loading=\"lazy\">\n        <\/div>\n<div>\n<div>\n<h2 class=\"h2-header\">Was ist die Muttermalenbehandlung?<\/h2>\n<\/p><\/div>\n<div>\n<p class=\"p-text\">Die Muttermalenbehandlung ist ein dermatologisches Verfahren, das darauf abzielt, Muttermale unterschiedlicher Gr\u00f6\u00dfe und Farbe aus \u00e4sthetischen oder gesundheitlichen Gr\u00fcnden von der Haut zu entfernen. Die Behandlung beginnt normalerweise mit einer dermatologischen Untersuchung, und die geeignete Methode wird basierend auf der Art des Muttermals ausgew\u00e4hlt. Verschiedene Anwendungen wie Laser, Kryotherapie, chirurgische Exzision oder Radiofrequenzmethoden stehen zur Verf\u00fcgung. Die Muttermalenbehandlung kann sowohl aus \u00e4sthetischen Gr\u00fcnden als auch zur Verringerung des potenziellen Hautkrebsrisikos durchgef\u00fchrt werden.<\/p>\n<\/p><\/div>\n<\/p><\/div>\n<div>\n<div>\n<h2 class=\"h2-header\">Was sind die Vorteile der Muttermalenbehandlung?<\/h2>\n<\/p><\/div>\n<div>\n<p class=\"p-text\">Verbessert das \u00e4sthetische Erscheinungsbild Minimal invasiv Sch\u00fctzt die Hautgesundheit Bietet schnelle Ergebnisse Bietet ma\u00dfgeschneiderte L\u00f6sungen Bietet dauerhafte Ergebnisse V\u00f6llig sicher Bietet psychologische Erleichterung<\/p>\n<\/p><\/div>\n<\/p><\/div>\n<div>\n<div>\n<h2 class=\"h2-header\">F\u00fcr wen ist es geeignet?<\/h2>\n<\/p><\/div>\n<div>\n<p class=\"p-text\">Personen mit wachsenden oder sich ver\u00e4ndernden Muttermalen Individuen mit \u00e4sthetischen Bedenken Menschen mit Gesundheitsrisiken Personen, die ihren Hautton ausgleichen m\u00f6chten Menschen, die schmerzfreie und schnelle L\u00f6sungen suchen Personen mit funktionellen Beschwerden Individuen mit genetischer Veranlagung Menschen, die eine bessere Selbstpflege anstreben<\/p>\n<\/p><\/div>\n<\/p><\/div>\n<div>\n<div>\n<h2 class=\"h2-header\">Warum ist die Muttermalenbehandlung so beliebt?<\/h2>\n<\/p><\/div>\n<div>\n<p class=\"p-text\">Die Muttermalenbehandlung hat aufgrund von technologischen Fortschritten und der Entwicklung schmerzfreier und schneller Methoden an Beliebtheit gewonnen. Die wachsenden \u00e4sthetischen Bedenken, das Interesse an einem gleichm\u00e4\u00dfigen Hautbild in sozialen Medien und das zunehmende Bewusstsein f\u00fcr regelm\u00e4\u00dfige Hautuntersuchungen haben ebenfalls zu dieser Popularit\u00e4t beigetragen. Dar\u00fcber hinaus hat die M\u00f6glichkeit, Muttermale sowohl \u00e4sthetisch als auch aus gesundheitlichen Gr\u00fcnden zu beurteilen und fr\u00fchzeitig einzugreifen, die Behandlung noch attraktiver gemacht.<\/p>\n<\/p><\/div>\n<\/p><\/div>\n<div>\n<div>\n<h2 class=\"h2-header\">Wie wird die Muttermalenbehandlung angewendet?<\/h2>\n<\/p><\/div>\n<div>\n<p class=\"p-text\">Die Methode, die f\u00fcr die Muttermalenbehandlung verwendet wird, wird nach einer dermatologischen Untersuchung festgelegt. Kleine und oberfl\u00e4chliche Muttermale werden normalerweise mit einer Laserbehandlung entfernt, w\u00e4hrend gr\u00f6\u00dfere oder tiefere Muttermale eine chirurgische Exzision erfordern k\u00f6nnen. Kryotherapie wird verwendet, um das Muttermal einzufrieren und zu eliminieren, w\u00e4hrend Radiofrequenz das Muttermal mit niedriger Hitze verdampft. Der Eingriff wird in einer sterilen Umgebung durchgef\u00fchrt, und die Dauer des Verfahrens h\u00e4ngt von der verwendeten Methode ab.<\/p>\n<\/p><\/div>\n<\/p><\/div>\n<div>\n<div>\n<h2 class=\"h2-header\">Gibt es Schmerzen oder Unannehmlichkeiten w\u00e4hrend der Muttermalenbehandlung?<\/h2>\n<\/p><\/div>\n<div>\n<p class=\"p-text\">Moderne Muttermalenbehandlungsmethoden sind in der Regel schmerzfrei oder verursachen nur geringe Unannehmlichkeiten. Bei Verfahren wie Laser oder Radiofrequenz kann ein leichtes W\u00e4rme- oder Stechgef\u00fchl auf der Haut auftreten. Bei chirurgischen Exzisionen wird eine \u00f6rtliche Bet\u00e4ubung angewendet, um den Komfort des Patienten zu gew\u00e4hrleisten. Nach dem Eingriff kann eine leichte Empfindlichkeit oder R\u00f6tung auftreten, die jedoch in der Regel schnell abklingt.<\/p>\n<\/p><\/div>\n<\/p><\/div>\n<div>\n<div>\n<h2 class=\"h2-header\">Wie lange dauert die Muttermalenbehandlung?<\/h2>\n<\/p><\/div>\n<div>\n<p class=\"p-text\">Die Dauer der Behandlung h\u00e4ngt von der Art und der Anzahl der Muttermale ab. Methoden wie Laser oder Kryotherapie dauern in der Regel 15-30 Minuten, w\u00e4hrend chirurgische Exzisionen l\u00e4nger dauern k\u00f6nnen. Die meisten Verfahren k\u00f6nnen in einer einzigen Sitzung abgeschlossen werden, aber in einigen F\u00e4llen sind mehrere Sitzungen erforderlich.<\/p>\n<\/p><\/div>\n<\/p><\/div>\n<div>\n<div>\n<h2 class=\"h2-header\">Wie lange dauert es, bis man nach der Muttermalenbehandlung geheilt ist?<\/h2>\n<\/p><\/div>\n<div>\n<p class=\"p-text\">Die Heilungszeit nach der Muttermalenbehandlung variiert je nach angewendeter Methode. Nach einer Laserbehandlung heilt die Haut normalerweise innerhalb von 7-10 Tagen vollst\u00e4ndig, w\u00e4hrend dies bei chirurgischen Verfahren 1-2 Wochen dauern kann. Die Befolgung der vom Arzt gegebenen postoperativen Pflegehinweise beschleunigt den Heilungsprozess und sorgt f\u00fcr die besten Ergebnisse.<\/p>\n<\/p><\/div>\n<\/p><\/div>\n<div>\n<div>\n<h2 class=\"h2-header\">Warum die Dr. Terziler Exclusive Clinic w\u00e4hlen?<\/h2>\n<\/p><\/div>\n<div>\n<p class=\"p-text\">Dr. Terziler, mit international anerkanntem Fachwissen und einem \u00e4sthetischen Ansatz, der Kunst und Wissenschaft kombiniert, bietet ma\u00dfgeschneiderte L\u00f6sungen, die nicht nur eine k\u00f6rperliche Transformation, sondern auch eine emotionale Erneuerung erm\u00f6glichen. Unsere Klinik, ausgestattet mit fortschrittlicher Technologie und betrieben nach den Prinzipien von Komfort und Sicherheit, verfolgt Perfektion als Unternehmensphilosophie. Jeder Handgriff hier ist darauf ausgerichtet, Ihre Gesundheit und Ihr Gl\u00fcck zu steigern.<\/p>\n<\/p><\/div>\n<\/p><\/div>\n<\/p><\/div>\n<\/section>\n","protected":false},"excerpt":{"rendered":"<p>Muttermalbehandlung Die Muttermalbehandlung ist ein modernes Verfahren zur Entfernung unerw\u00fcnschter Muttermale aus \u00e4sthetischen oder gesundheitlichen Gr\u00fcnden von der Haut. Dieser Prozess wird mit Techniken wie Laser, chirurgischer Entfernung oder Kryotherapie durchgef\u00fchrt und soll sowohl sicher sein als auch nur minimale Narben hinterlassen. Mit einem individuellen Ansatz zielt die Behandlung darauf ab, ein glattes und gesundes [&hellip;]<\/p>\n","protected":false},"author":6,"featured_media":0,"parent":16983,"menu_order":0,"comment_status":"closed","ping_status":"closed","template":"","meta":{"footnotes":""},"class_list":["post-17162","page","type-page","status-publish","hentry"],"_links":{"self":[{"href":"https:\/\/drterziler.com\/de\/wp-json\/wp\/v2\/pages\/17162","targetHints":{"allow":["GET"]}}],"collection":[{"href":"https:\/\/drterziler.com\/de\/wp-json\/wp\/v2\/pages"}],"about":[{"href":"https:\/\/drterziler.com\/de\/wp-json\/wp\/v2\/types\/page"}],"author":[{"embeddable":true,"href":"https:\/\/drterziler.com\/de\/wp-json\/wp\/v2\/users\/6"}],"replies":[{"embeddable":true,"href":"https:\/\/drterziler.com\/de\/wp-json\/wp\/v2\/comments?post=17162"}],"version-history":[{"count":14,"href":"https:\/\/drterziler.com\/de\/wp-json\/wp\/v2\/pages\/17162\/revisions"}],"predecessor-version":[{"id":59711,"href":"https:\/\/drterziler.com\/de\/wp-json\/wp\/v2\/pages\/17162\/revisions\/59711"}],"up":[{"embeddable":true,"href":"https:\/\/drterziler.com\/de\/wp-json\/wp\/v2\/pages\/16983"}],"wp:attachment":[{"href":"https:\/\/drterziler.com\/de\/wp-json\/wp\/v2\/media?parent=17162"}],"curies":[{"name":"wp","href":"https:\/\/api.w.org\/{rel}","templated":true}]}}