{"id":17210,"date":"2025-01-28T08:25:48","date_gmt":"2025-01-28T08:25:48","guid":{"rendered":"https:\/\/drterziler.com\/medizinische-aesthetik\/dermatoloji\/sedef-hastaligi-tedavisi\/"},"modified":"2026-04-21T12:00:21","modified_gmt":"2026-04-21T12:00:21","slug":"psoriasis-behandlung","status":"publish","type":"page","link":"https:\/\/drterziler.com\/de\/medizinische-aesthetik\/dermatologie-de\/psoriasis-behandlung\/","title":{"rendered":"Psoriasis-Behandlung"},"content":{"rendered":"<div class=\"page-content\">\n<div id=\"header-area\">\n<div class=\"container\" id=\"firstContent\">\n<div class=\"header-content d-flex flex-column\">\n<h1 class=\"content-title h1-header\">Psoriasis-Behandlung<\/h1>\n<div class=\"content-paragraph\">\n<p class=\"p-text\">Psoriasis ist eine Hauterkrankung, die mit dem Immunsystem zusammenh\u00e4ngt und dazu f\u00fchrt, dass sich die Haut schnell erneuert und entz\u00fcndet. Typischerweise treten L\u00e4sionen auf, die R\u00f6tungen, Schuppenbildung und Juckreiz am K\u00f6rper verursachen. Diese Krankheit kann aufgrund genetischer Veranlagung und Umweltfaktoren entstehen und unbehandelt die Lebensqualit\u00e4t negativ beeinflussen.<\/p>\n<\/p><\/div>\n<nav aria-label=\"breadcrumb\" class=\"breadcrumbs\">\n<ul class=\"d-flex align-items-center mb-0\">\n<li><a class=\"link\" href=\"https:\/\/drterziler.com\/de\/\"><span>Dr. Terziler <\/span><\/a>\n                        <\/li>\n<li class=\"separator\">\u00bb<\/li>\n<li><a class=\"link\" href=\"https:\/\/drterziler.com\/de\/medizinische-aesthetik\/\"><span>Medizinische \u00c4sthetik<\/span><\/a><\/li>\n<li class=\"separator\">\u00bb<\/li>\n<li><a class=\"link\" href=\"https:\/\/drterziler.com\/de\/medizinische-aesthetik\/dermatologie-de\/\"><span>Dermatologie<\/span><\/a><\/li>\n<li class=\"separator\">\u00bb<\/li>\n<li class=\"current-page\"><span>Psoriasis-Behandlung<\/span><\/li>\n<\/ul>\n<\/nav><\/div>\n<\/p><\/div>\n<\/p><\/div>\n<\/div>\n<section id=\"content-area\">\n<div class=\"container my-5\">\n<div class=\"row align-items-start\">\n<div class=\"col-md-6 order-2 order-md-1\">\n<div class=\"custom-toc-box\">\n<div id=\"toc-header\">\n<h4>Inhaltsverzeichnis<\/h4>\n<div class=\"toc-toggle-icon\"><\/div>\n<\/p><\/div>\n<div class=\"toc-full-divider\"><\/div>\n<div id=\"toc-body\">\n<div id=\"toc-container\"><\/div>\n<\/p><\/div>\n<\/p><\/div>\n<\/p><\/div>\n<div class=\"col-md-6 order-1 order-md-2\" id=\"jForm\">\n                <script type=\"text\/javascript\" src=\"https:\/\/form.jotform.com\/jsform\/242882128947973\"><\/script>\n            <\/div>\n<\/p><\/div>\n<\/p><\/div>\n<div class=\"container\">\n<div class=\"img-thumb\">\n            <img decoding=\"async\" src=\"https:\/\/drterziler.com\/wp-content\/uploads\/2025\/01\/Sedef-Hastaligi.webp\" alt=\"Psoriasis-Behandlung\" loading=\"lazy\">\n        <\/div>\n<div>\n<div>\n<h2 class=\"h2-header\">Was ist die Psoriasisbehandlung?<\/h2>\n<\/p><\/div>\n<div>\n<p class=\"p-text\">Psoriasis ist eine chronische Hauterkrankung, die durch einen beschleunigten Hautregenerationsprozess verursacht wird. Dies f\u00fchrt zur Bildung von roten, erhabenen und oft schuppigen Plaques auf der Hautoberfl\u00e4che. Das Ziel der Behandlung ist es, die Symptome der Krankheit zu kontrollieren und die Lebensqualit\u00e4t zu verbessern. Ein individueller Behandlungsplan wird unter Verwendung von Methoden wie Cremes und Lotionen, Phototherapie und biologischen Medikamenten erstellt.<\/p>\n<\/p><\/div>\n<\/p><\/div>\n<div>\n<div>\n<h2 class=\"h2-header\">Was sind die Symptome der Psoriasis?<\/h2>\n<\/p><\/div>\n<div>\n<p class=\"p-text\">R\u00f6tung und Schuppung Juckreiz Schmerzen und Brennen Hautl\u00e4sionen Nagelver\u00e4nderungen Haarausfall Trockene und schuppige Haut Gelenkprobleme (Psoriasis-Arthritis)<\/p>\n<\/p><\/div>\n<\/p><\/div>\n<div>\n<div>\n<h2 class=\"h2-header\">Was sind die Vorteile der Psoriasisbehandlung?<\/h2>\n<\/p><\/div>\n<div>\n<p class=\"p-text\">Lindert die Symptome Reduziert psychologische Auswirkungen Verbessert die Lebensqualit\u00e4t Reduziert die Schwere der Krankheit Sorgt f\u00fcr glattere Haut Anwendbar auf verschiedene Typen Bietet langfristige Kontrolle Individuelle Planung<\/p>\n<\/p><\/div>\n<\/p><\/div>\n<div>\n<div>\n<h2 class=\"h2-header\">F\u00fcr wen ist die Psoriasisbehandlung geeignet?<\/h2>\n<\/p><\/div>\n<div>\n<p class=\"p-text\">Menschen mit diagnostizierter Psoriasis Personen mit schweren Symptomen Personen, die von einer verminderten Lebensqualit\u00e4t betroffen sind Personen, die auf das \u00e4sthetische Erscheinungsbild Wert legen Personen, die mildere Alternativen suchen Personen, die eine schnellere Genesung w\u00fcnschen Menschen mit chronischen Erkrankungen Fortgeschrittene F\u00e4lle<\/p>\n<\/p><\/div>\n<\/p><\/div>\n<div>\n<div>\n<h2 class=\"h2-header\">Warum ist die Psoriasisbehandlung so beliebt?<\/h2>\n<\/p><\/div>\n<div>\n<p class=\"p-text\">Die Psoriasisbehandlung bietet dank technologischem Fortschritt und der Einf\u00fchrung biologischer Medikamente wirksame Ergebnisse. Die Vielzahl der Behandlungsmethoden erleichtert es den Menschen, die Krankheit zu kontrollieren. Dar\u00fcber hinaus haben die schnelle Linderung der Symptome und die schnelle R\u00fcckkehr zum t\u00e4glichen Leben zur wachsenden Beliebtheit dieser Behandlung beigetragen.<\/p>\n<\/p><\/div>\n<\/p><\/div>\n<div>\n<div>\n<h2 class=\"h2-header\">Wie wird die Psoriasisbehandlung angewendet?<\/h2>\n<\/p><\/div>\n<div>\n<p class=\"p-text\">Die Psoriasisbehandlung wird je nach Typ und Schweregrad der Krankheit individuell angepasst. Topische Behandlungen werden mit Cremes und Lotionen auf die betroffenen Stellen aufgetragen. Die Phototherapie reduziert Plaques durch spezielle Lichtwellen. Biologische Behandlungen zielen auf das Immunsystem ab, um das Fortschreiten der Krankheit zu stoppen. Die Behandlung wird von einem spezialisierten Dermatologen geplant und durch regelm\u00e4\u00dfige Kontrollen \u00fcberwacht.<\/p>\n<\/p><\/div>\n<\/p><\/div>\n<div>\n<div>\n<h2 class=\"h2-header\">Gibt es Schmerzen oder Unannehmlichkeiten?<\/h2>\n<\/p><\/div>\n<div>\n<p class=\"p-text\">Die meisten Methoden der Psoriasisbehandlung sind schmerzfrei. Cremes und Lotionen werden direkt auf die Haut aufgetragen und verursachen keine Beschwerden. W\u00e4hrend der Phototherapie kann ein mildes W\u00e4rmegef\u00fchl wahrgenommen werden, das jedoch in der Regel nur kurz anh\u00e4lt. Biologische Medikamente werden in der Regel durch Injektionen verabreicht und verursachen keine Schmerzen, au\u00dfer einem leichten Stechgef\u00fchl.<\/p>\n<\/p><\/div>\n<\/p><\/div>\n<div>\n<div>\n<h2 class=\"h2-header\">Wie lange dauert die Behandlung?<\/h2>\n<\/p><\/div>\n<div>\n<p class=\"p-text\">Die Dauer der Behandlung variiert je nach verwendeter Methode und Schweregrad der Krankheit. Topische Behandlungen werden t\u00e4glich angewendet, w\u00e4hrend Phototherapie in der Regel mehrmals pro Woche geplant wird. Biologische Behandlungen werden in regelm\u00e4\u00dfigen Abst\u00e4nden durch Injektionen fortgesetzt. Die Behandlungsdauer wird vom Dermatologen basierend auf den individuellen Bed\u00fcrfnissen des Patienten festgelegt.<\/p>\n<\/p><\/div>\n<\/p><\/div>\n<div>\n<div>\n<h2 class=\"h2-header\">Wie viele Tage dauert es bis zur Heilung?<\/h2>\n<\/p><\/div>\n<div>\n<p class=\"p-text\">Die Wirkung der Psoriasisbehandlung variiert je nach verwendeter Methode. Topische Behandlungen zeigen in der Regel innerhalb von wenigen Wochen Ergebnisse, w\u00e4hrend die Phototherapie zu einer schnelleren Genesung f\u00fchren kann. Die Wirkung biologischer Medikamente wird innerhalb von wenigen Monaten sichtbar. Es ist wichtig, die regelm\u00e4\u00dfigen Anwendungs- und Pflegeempfehlungen zu befolgen, um den Hautzustand w\u00e4hrend des Behandlungsprozesses zu verbessern.<\/p>\n<\/p><\/div>\n<\/p><\/div>\n<div>\n<div>\n<h2 class=\"h2-header\">Warum Dr. Terziler Exclusive Clinic?<\/h2>\n<\/p><\/div>\n<div>\n<p class=\"p-text\">Dr. Terziler bietet ma\u00dfgeschneiderte L\u00f6sungen mit weltweit anerkanntem Fachwissen und einem \u00e4sthetischen Ansatz, der Kunst und Wissenschaft verbindet. Dies erm\u00f6glicht nicht nur eine k\u00f6rperliche, sondern auch eine emotionale Transformation. Unsere Klinik, ausgestattet mit fortschrittlicher Technologie und mit dem Fokus auf Komfort und Sicherheit, verfolgt Perfektion als Unternehmensphilosophie. Jeder Schritt hier ist darauf ausgerichtet, Ihre Gesundheit und Ihr Gl\u00fcck zu f\u00f6rdern.<\/p>\n<\/p><\/div>\n<\/p><\/div>\n<\/p><\/div>\n<\/section>\n","protected":false},"excerpt":{"rendered":"<p>Psoriasis-Behandlung Psoriasis ist eine Hauterkrankung, die mit dem Immunsystem zusammenh\u00e4ngt und dazu f\u00fchrt, dass sich die Haut schnell erneuert und entz\u00fcndet. Typischerweise treten L\u00e4sionen auf, die R\u00f6tungen, Schuppenbildung und Juckreiz am K\u00f6rper verursachen. Diese Krankheit kann aufgrund genetischer Veranlagung und Umweltfaktoren entstehen und unbehandelt die Lebensqualit\u00e4t negativ beeinflussen. Dr. Terziler \u00bb Medizinische \u00c4sthetik \u00bb Dermatologie [&hellip;]<\/p>\n","protected":false},"author":6,"featured_media":0,"parent":16983,"menu_order":0,"comment_status":"closed","ping_status":"closed","template":"","meta":{"footnotes":""},"class_list":["post-17210","page","type-page","status-publish","hentry"],"_links":{"self":[{"href":"https:\/\/drterziler.com\/de\/wp-json\/wp\/v2\/pages\/17210","targetHints":{"allow":["GET"]}}],"collection":[{"href":"https:\/\/drterziler.com\/de\/wp-json\/wp\/v2\/pages"}],"about":[{"href":"https:\/\/drterziler.com\/de\/wp-json\/wp\/v2\/types\/page"}],"author":[{"embeddable":true,"href":"https:\/\/drterziler.com\/de\/wp-json\/wp\/v2\/users\/6"}],"replies":[{"embeddable":true,"href":"https:\/\/drterziler.com\/de\/wp-json\/wp\/v2\/comments?post=17210"}],"version-history":[{"count":14,"href":"https:\/\/drterziler.com\/de\/wp-json\/wp\/v2\/pages\/17210\/revisions"}],"predecessor-version":[{"id":59713,"href":"https:\/\/drterziler.com\/de\/wp-json\/wp\/v2\/pages\/17210\/revisions\/59713"}],"up":[{"embeddable":true,"href":"https:\/\/drterziler.com\/de\/wp-json\/wp\/v2\/pages\/16983"}],"wp:attachment":[{"href":"https:\/\/drterziler.com\/de\/wp-json\/wp\/v2\/media?parent=17210"}],"curies":[{"name":"wp","href":"https:\/\/api.w.org\/{rel}","templated":true}]}}