{"id":17258,"date":"2025-01-28T08:29:38","date_gmt":"2025-01-28T08:29:38","guid":{"rendered":"https:\/\/drterziler.com\/medizinische-aesthetik\/dermatoloji\/mantar-hastaliklari-tedavisi\/"},"modified":"2026-03-06T18:35:30","modified_gmt":"2026-03-06T18:35:30","slug":"behandlung-von-pilzinfektionen","status":"publish","type":"page","link":"https:\/\/drterziler.com\/de\/medizinische-aesthetik\/dermatologie-de\/behandlung-von-pilzinfektionen\/","title":{"rendered":"Behandlung von Pilzinfektionen"},"content":{"rendered":"<div class=\"page-content\">\n<div id=\"header-area\">\n<div class=\"container\" id=\"firstContent\">\n<div class=\"header-content d-flex flex-column\">\n<h1 class=\"content-title h1-header\">Behandlung von Pilzinfektionen<\/h1>\n<div class=\"content-paragraph\">\n<p class=\"p-text\">Pilzerkrankungen sind gesundheitliche Probleme, die durch Pilzinfektionen verursacht werden, die auf der Haut, den N\u00e4geln, den Haaren und anderen K\u00f6rperbereichen auftreten. Diese Infektionen k\u00f6nnen sich schnell ausbreiten, meist aufgrund des Einflusses feuchter und warmer Umgebungen. Pilzerkrankungen k\u00f6nnen zu st\u00f6renden Symptomen im K\u00f6rper f\u00fchren und, wenn sie nicht behandelt werden, schwerwiegende gesundheitliche Probleme verursachen.<\/p>\n<\/p><\/div>\n<nav aria-label=\"breadcrumb\" class=\"breadcrumbs\">\n<ul class=\"d-flex align-items-center mb-0\">\n<li><a class=\"link\" href=\"https:\/\/drterziler.com\/de\/\"><span>Dr. Terziler<\/span><\/a><\/li>\n<li class=\"separator\">\u00bb<\/li>\n<li><a class=\"link\" href=\"https:\/\/drterziler.com\/de\/medizinische-aesthetik\/\"><span>Medizinische \u00c4sthetik<\/span><\/a><\/li>\n<li class=\"separator\">\u00bb<\/li>\n<li><a class=\"link\" href=\"https:\/\/drterziler.com\/de\/medizinische-aesthetik\/dermatologie-de\/\"><span>Dermatologie<\/span><\/a><\/li>\n<li class=\"separator\">\u00bb<\/li>\n<li class=\"current-page\"><span>Behandlung von Pilzinfektionen<\/span><\/li>\n<\/ul>\n<\/nav><\/div>\n<\/p><\/div>\n<\/p><\/div>\n<\/div>\n<section id=\"content-area\">\n<div class=\"container my-5\">\n<div class=\"row align-items-start\">\n<div class=\"col-md-6 order-2 order-md-1\">\n<div class=\"custom-toc-box\">\n<div id=\"toc-header\">\n<h4>Inhaltsverzeichnis<\/h4>\n<div class=\"toc-toggle-icon\"><\/div>\n<\/p><\/div>\n<div class=\"toc-full-divider\"><\/div>\n<div id=\"toc-body\">\n<div id=\"toc-container\"><\/div>\n<\/p><\/div>\n<\/p><\/div>\n<\/p><\/div>\n<div class=\"col-md-6 order-1 order-md-2\" id=\"jForm\">\n               <script type=\"text\/javascript\" src=\"https:\/\/form.jotform.com\/jsform\/242882128947973\"><\/script>\n            <\/div>\n<\/p><\/div>\n<\/p><\/div>\n<div class=\"container\">\n<div class=\"img-thumb\">\n            <img decoding=\"async\" src=\"https:\/\/drterziler.com\/wp-content\/uploads\/2025\/01\/Mantar-Hastaliklari.webp\" alt=\"Behandlung von Pilzinfektionen\" loading=\"lazy\">\n        <\/div>\n<div>\n<div>\n<h2 class=\"h2-header\">Behandlung von Pilzinfektionen<\/h2>\n<\/p><\/div>\n<div>\n<p class=\"p-text\">Pilzkrankheiten sind Infektionen, die durch das \u00fcberm\u00e4\u00dfige Wachstum von Pilzen im K\u00f6rper verursacht werden. Verschiedene Pilzarten wie Dermatophyten, Hefepilze und Schimmelpilze k\u00f6nnen zur Entwicklung von Krankheiten im menschlichen K\u00f6rper f\u00fchren. Pilzinfektionen k\u00f6nnen Symptome wie Juckreiz, Br\u00fcche, Abschuppung und Farbver\u00e4nderungen der Haut zeigen.<\/p>\n<\/p><\/div>\n<\/p><\/div>\n<div>\n<div>\n<h2 class=\"h2-header\">Was sind die Symptome von Pilzkrankheiten?<\/h2>\n<\/p><\/div>\n<div>\n<p class=\"p-text\">R\u00f6tung und Schwellung Juckreiz Abbl\u00e4ttern und Trockenheit Erh\u00f6hung der Temperatur Offene Wunden oder Krusten Risse und Hautrisse Wei\u00dfe oder gelbliche Flecken Nagelver\u00e4nderungen<\/p>\n<\/p><\/div>\n<\/p><\/div>\n<div>\n<div>\n<h2 class=\"h2-header\">Was sind die Vorteile der Behandlung von Pilzkrankheiten?<\/h2>\n<\/p><\/div>\n<div>\n<p class=\"p-text\">Gesunde und glatte Haut \u00c4sthetisches Erscheinungsbild Schmerzfreie Anwendungen Schnelle Genesung Wirksame Ergebnisse in einer Sitzung Unterst\u00fctzung des Immunsystems Sauberere Haut Reduziertes Infektionsrisiko<\/p>\n<\/p><\/div>\n<\/p><\/div>\n<div>\n<div>\n<h2 class=\"h2-header\">Wer ist gef\u00e4hrdet?<\/h2>\n<\/p><\/div>\n<div>\n<p class=\"p-text\">Menschen, die intensiv Sport treiben Personen, die h\u00e4ufig schwitzen Menschen mit geschw\u00e4chtem Immunsystem Personen, die in Gemeinschaftsduschen sind Menschen mit Nagelpilzinfektionen Personen, die in hei\u00dfen und feuchten Klimazonen leben Kinder und \u00e4ltere Menschen Menschen mit Diabetes<\/p>\n<\/p><\/div>\n<\/p><\/div>\n<div>\n<div>\n<h2 class=\"h2-header\">Warum ist die Pilzbehandlung beliebt?<\/h2>\n<\/p><\/div>\n<div>\n<p class=\"p-text\">Die Pilzbehandlung ist aufgrund ihrer effektiven und schnellen Ergebnisse sehr beliebt. Pilzinfektionen zeigen h\u00e4ufig unangenehme Symptome und k\u00f6nnen sich schnell ausbreiten, was dazu f\u00fchrt, dass Menschen die Behandlung fr\u00fchzeitig beginnen m\u00f6chten. Moderne Behandlungsmethoden k\u00f6nnen mit minimalen Beschwerden angewendet werden und gew\u00e4hrleisten, dass der Behandlungsprozess in kurzer Zeit Ergebnisse liefert. Dar\u00fcber hinaus hat die weit verbreitete Verf\u00fcgbarkeit und Zug\u00e4nglichkeit von Behandlungsoptionen das Interesse der Menschen an Pilzbehandlungen gesteigert. Ein weiterer Grund f\u00fcr ihre Beliebtheit ist die \u00e4sthetische Verbesserung nach der Behandlung. Da Pilzkrankheiten unerw\u00fcnschte Ver\u00e4nderungen an Haut und N\u00e4geln verursachen k\u00f6nnen, st\u00e4rkt die Verbesserung des Erscheinungsbildes nach der Behandlung das Selbstvertrauen der Menschen. Andererseits machen Heimbehandlungsoptionen den Prozess praktischer und komfortabler. All diese Faktoren tragen zur wachsenden Beliebtheit von Pilzbehandlungen bei.<\/p>\n<\/p><\/div>\n<\/p><\/div>\n<div>\n<div>\n<h2 class=\"h2-header\">Wie wird die Pilzbehandlung angewendet?<\/h2>\n<\/p><\/div>\n<div>\n<p class=\"p-text\">Die Pilzbehandlung kann je nach Art und Ausbreitung der Infektion mit verschiedenen Methoden angewendet werden. Die h\u00e4ufigsten Behandlungsmethoden umfassen topische Cremes, Lotionen, orale Medikamente und spezielle Therapien. Topische Behandlungen erfolgen durch das Auftragen von Antimykotika-Cremes oder -Lotionen auf die betroffenen Stellen. Diese Behandlung wird in der Regel bei milden Infektionen bevorzugt und kann einige Wochen dauern. Bei schweren Pilzinfektionen k\u00f6nnen orale Antimykotika verwendet werden, die vom Arzt verschrieben werden. Diese Medikamente helfen, die Ausbreitung des Pilzes im K\u00f6rper zu verhindern, und der Behandlungsprozess kann mehrere Monate dauern. In einigen F\u00e4llen k\u00f6nnen auch moderne Methoden wie Lichttherapie oder Laserbehandlung eingesetzt werden. Diese Behandlungsoptionen beschleunigen die Beseitigung des Pilzes und verringern das Risiko eines Wiederauftretens der Infektion. Der Behandlungsprozess erfordert regelm\u00e4\u00dfige Nachuntersuchungen gem\u00e4\u00df den Empfehlungen des Arztes.<\/p>\n<\/p><\/div>\n<\/p><\/div>\n<div>\n<div>\n<h2 class=\"h2-header\">Gibt es Schmerzen oder Unannehmlichkeiten?<\/h2>\n<\/p><\/div>\n<div>\n<p class=\"p-text\">In der Regel treten w\u00e4hrend der Pilzbehandlung keine Schmerzen oder Unannehmlichkeiten auf. Moderne Behandlungsmethoden werden mit Techniken angewendet, die den Schmerz minimieren. Einige Behandlungsmethoden, insbesondere bei tiefen Infektionen an N\u00e4geln oder Haut, k\u00f6nnen jedoch leichte Unannehmlichkeiten verursachen. Dies ist in der Regel vor\u00fcbergehend und verschwindet nach der Behandlung.<\/p>\n<\/p><\/div>\n<\/p><\/div>\n<div>\n<div>\n<h2 class=\"h2-header\">Wie lange dauert die Behandlung?<\/h2>\n<\/p><\/div>\n<div>\n<p class=\"p-text\">Die Dauer der Pilzbehandlung kann je nach angewandter Methode variieren. Topische Behandlungen dauern in der Regel einige Wochen, w\u00e4hrend orale Medikationstherapien mehrere Monate in Anspruch nehmen k\u00f6nnen. Laser- oder Lichttherapien erfordern in der Regel mehrere Sitzungen. Die Behandlungsdauer kann je nach Schwere der Infektion variieren.<\/p>\n<\/p><\/div>\n<\/p><\/div>\n<div>\n<div>\n<h2 class=\"h2-header\">Wie viele Tage dauert es bis zur Genesung?<\/h2>\n<\/p><\/div>\n<div>\n<p class=\"p-text\">Die Genesungszeit f\u00fcr die Pilzbehandlung variiert je nach Methode und Ausma\u00df der Infektion. Die meisten Patienten zeigen innerhalb weniger Wochen nach Beginn der Behandlung eine Verbesserung. Bei tiefen Infektionen wie Nagelpilz kann der Heilungsprozess jedoch l\u00e4nger dauern und 1 bis 3 Monate in Anspruch nehmen. Es ist wichtig, w\u00e4hrend des Behandlungsprozesses geduldig zu sein, um die Erfolgsquote zu erh\u00f6hen.<\/p>\n<\/p><\/div>\n<\/p><\/div>\n<div>\n<div>\n<h2 class=\"h2-header\">K\u00f6nnen Pilzkrankheiten behandelt werden?<\/h2>\n<\/p><\/div>\n<div>\n<p class=\"p-text\">Pilzkrankheiten sind behandelbar, und eine fr\u00fchzeitige Intervention kann zu erfolgreichen Ergebnissen f\u00fchren. Die Behandlung dieser Krankheiten kann schnell und effektiv mit den richtigen Methoden und unter der Anleitung eines professionellen Gesundheitsexperten durchgef\u00fchrt werden.<\/p>\n<\/p><\/div>\n<\/p><\/div>\n<div>\n<div>\n<h2 class=\"h2-header\">Warum Dr. Terziler Exclusive Clinic?<\/h2>\n<\/p><\/div>\n<div>\n<p class=\"p-text\">Dr. Terziler bietet ma\u00dfgeschneiderte L\u00f6sungen mit weltweit anerkanntem Fachwissen und einem \u00e4sthetischen Ansatz, der Kunst und Wissenschaft kombiniert und nicht nur eine k\u00f6rperliche, sondern auch eine emotionale Transformation erm\u00f6glicht. Unsere Klinik, ausgestattet mit fortschrittlicher Technologie und mit dem Fokus auf Komfort und Sicherheit, verfolgt Perfektion als Unternehmensphilosophie. Denn hier zielt jede Ber\u00fchrung auf Ihre allgemeine Gesundheit und Ihr Gl\u00fcck.<\/p>\n<\/p><\/div>\n<\/p><\/div>\n<\/p><\/div>\n<\/section>\n","protected":false},"excerpt":{"rendered":"<p>Behandlung von Pilzinfektionen Pilzerkrankungen sind gesundheitliche Probleme, die durch Pilzinfektionen verursacht werden, die auf der Haut, den N\u00e4geln, den Haaren und anderen K\u00f6rperbereichen auftreten. Diese Infektionen k\u00f6nnen sich schnell ausbreiten, meist aufgrund des Einflusses feuchter und warmer Umgebungen. Pilzerkrankungen k\u00f6nnen zu st\u00f6renden Symptomen im K\u00f6rper f\u00fchren und, wenn sie nicht behandelt werden, schwerwiegende gesundheitliche Probleme [&hellip;]<\/p>\n","protected":false},"author":6,"featured_media":0,"parent":16983,"menu_order":0,"comment_status":"closed","ping_status":"closed","template":"","meta":{"footnotes":""},"class_list":["post-17258","page","type-page","status-publish","hentry"],"_links":{"self":[{"href":"https:\/\/drterziler.com\/de\/wp-json\/wp\/v2\/pages\/17258","targetHints":{"allow":["GET"]}}],"collection":[{"href":"https:\/\/drterziler.com\/de\/wp-json\/wp\/v2\/pages"}],"about":[{"href":"https:\/\/drterziler.com\/de\/wp-json\/wp\/v2\/types\/page"}],"author":[{"embeddable":true,"href":"https:\/\/drterziler.com\/de\/wp-json\/wp\/v2\/users\/6"}],"replies":[{"embeddable":true,"href":"https:\/\/drterziler.com\/de\/wp-json\/wp\/v2\/comments?post=17258"}],"version-history":[{"count":20,"href":"https:\/\/drterziler.com\/de\/wp-json\/wp\/v2\/pages\/17258\/revisions"}],"predecessor-version":[{"id":59715,"href":"https:\/\/drterziler.com\/de\/wp-json\/wp\/v2\/pages\/17258\/revisions\/59715"}],"up":[{"embeddable":true,"href":"https:\/\/drterziler.com\/de\/wp-json\/wp\/v2\/pages\/16983"}],"wp:attachment":[{"href":"https:\/\/drterziler.com\/de\/wp-json\/wp\/v2\/media?parent=17258"}],"curies":[{"name":"wp","href":"https:\/\/api.w.org\/{rel}","templated":true}]}}