{"id":17435,"date":"2025-01-28T08:49:15","date_gmt":"2025-01-28T08:49:15","guid":{"rendered":"https:\/\/drterziler.com\/medizinische-aesthetik\/dermatoloji\/alerjik-cilt-hastaliklari\/"},"modified":"2026-03-06T18:37:20","modified_gmt":"2026-03-06T18:37:20","slug":"allergische-hauterkrankungen","status":"publish","type":"page","link":"https:\/\/drterziler.com\/de\/medizinische-aesthetik\/dermatologie-de\/allergische-hauterkrankungen\/","title":{"rendered":"Allergische Hauterkrankungen"},"content":{"rendered":"<div class=\"page-content\">\n<div id=\"header-area\">\n<div class=\"container\" id=\"firstContent\">\n<div class=\"header-content d-flex flex-column\">\n<h1 class=\"content-title h1-header\">Allergische Hauterkrankungen<\/h1>\n<div class=\"content-paragraph\">\n<p class=\"p-text\">Allergische Hauterkrankungen entstehen, wenn das Immunsystem in der Haut falsch reagiert und Beschwerden wie Juckreiz und R\u00f6tungen auftreten. Die Behandlung dieser Erkrankungen ist ein wichtiger Schritt zur Wiederherstellung der Hautgesundheit und zur Minimierung allergischer Reaktionen. Mit den richtigen Behandlungsmethoden k\u00f6nnen sich die Beschwerden rasch bessern und ein gesundes Aussehen erreicht werden.<\/p>\n<\/p><\/div>\n<nav aria-label=\"breadcrumb\" class=\"breadcrumbs\">\n<ul class=\"d-flex align-items-center mb-0\">\n<li><a class=\"link\" href=\"https:\/\/drterziler.com\/de\"><span>Dr. Terziler<\/span><\/a><\/li>\n<li class=\"separator\">\u00bb<\/li>\n<li><a class=\"link\" href=\"https:\/\/drterziler.com\/de\/medizinische-aesthetik\/\"><span>Medizinische \u00c4sthetik<\/span><\/a><\/li>\n<li class=\"separator\">\u00bb<\/li>\n<li><a class=\"link\" href=\"https:\/\/drterziler.com\/de\/medizinische-aesthetik\/dermatologie-de\/\"><span>Dermatologie<\/span><\/a><\/li>\n<li class=\"separator\">\u00bb<\/li>\n<li class=\"current-page\"><span>Allergische Hauterkrankungen<\/span><\/li>\n<\/ul>\n<\/nav><\/div>\n<\/p><\/div>\n<\/p><\/div>\n<\/div>\n<section id=\"content-area\">\n<div class=\"container my-5\">\n<div class=\"row align-items-start\">\n<div class=\"col-md-6 order-2 order-md-1\">\n<div class=\"custom-toc-box\">\n<div id=\"toc-header\">\n<h4>Inhaltsverzeichnis<\/h4>\n<div class=\"toc-toggle-icon\"><\/div>\n<\/p><\/div>\n<div class=\"toc-full-divider\"><\/div>\n<div id=\"toc-body\">\n<div id=\"toc-container\"><\/div>\n<\/p><\/div>\n<\/p><\/div>\n<\/p><\/div>\n<div class=\"col-md-6 order-1 order-md-2\" id=\"jForm\">\n                <script type=\"text\/javascript\" src=\"https:\/\/form.jotform.com\/jsform\/242882128947973\"><\/script>\n            <\/div>\n<\/p><\/div>\n<\/p><\/div>\n<div class=\"container\">\n<div class=\"img-thumb\">\n            <img decoding=\"async\" src=\"https:\/\/drterziler.com\/wp-content\/uploads\/2025\/01\/Alerjik-Cilt-Hastaliklari.webp\" alt=\"Allergische Hauterkrankungen\" loading=\"lazy\">\n        <\/div>\n<div>\n<div>\n<h2 class=\"h2-header\">Was ist die Behandlung von allergischen Hauterkrankungen?<\/h2>\n<\/p><\/div>\n<div>\n<p class=\"p-text\">Allergische Hauterkrankungen sind Zust\u00e4nde, die entstehen, wenn das Immunsystem f\u00e4lschlicherweise auf harmlose Substanzen reagiert. Diese Erkrankungen sind durch Symptome wie Juckreiz, Ausschl\u00e4ge und R\u00f6tungen der Haut gekennzeichnet und werden oft durch den Kontakt mit Allergenen ausgel\u00f6st. Die Behandlung allergischer Hauterkrankungen umfasst verschiedene medizinische und dermatologische Methoden, die darauf abzielen, diese Symptome zu kontrollieren und allergische Reaktionen zu lindern.<\/p>\n<\/p><\/div>\n<\/p><\/div>\n<div>\n<div>\n<h2 class=\"h2-header\">Was sind die Symptome von allergischen Hauterkrankungen?<\/h2>\n<\/p><\/div>\n<div>\n<p class=\"p-text\">Intensiver und unangenehmer Juckreiz. R\u00f6tung und Schwellung der Haut. Hautausschl\u00e4ge in bestimmten Bereichen. Trockenheit und Schuppenbildung der Haut. Lokal begrenzte Schwellungen am K\u00f6rper. Brennendes Gef\u00fchl und Unbehagen auf der Haut. Mit Fl\u00fcssigkeit gef\u00fcllte Blasen auf der Haut. Exzessive Reaktion auf \u00e4u\u00dfere Faktoren.<\/p>\n<\/p><\/div>\n<\/p><\/div>\n<div>\n<div>\n<h2 class=\"h2-header\">Was sind die Vorteile der Behandlung von allergischen Hauterkrankungen?<\/h2>\n<\/p><\/div>\n<div>\n<p class=\"p-text\">Schnelle Linderung allergischer Symptome. Personalisierter Behandlungsansatz. Reduzierte Nebenwirkungen. Verbesserte Lebensqualit\u00e4t. Langfristige L\u00f6sungen. Minimalinvasivit\u00e4t. Wiederherstellung der Hautgesundheit. Schnelle Genesung.<\/p>\n<\/p><\/div>\n<\/p><\/div>\n<div>\n<div>\n<h2 class=\"h2-header\">F\u00fcr wen ist es geeignet?<\/h2>\n<\/p><\/div>\n<div>\n<p class=\"p-text\">Menschen, die allergische Reaktionen erfahren. Personen mit Juckreiz und R\u00f6tung. Menschen mit Ekzem. Menschen mit Psoriasis. Personen mit allergischen Ausschl\u00e4gen. Menschen mit milden bis moderaten allergischen Symptomen. Menschen, die auf Chemikalien allergisch sind. Individuen mit Trockenheit und Schuppenbildung.<\/p>\n<\/p><\/div>\n<\/p><\/div>\n<div>\n<div>\n<h2 class=\"h2-header\">Warum ist es beliebt?<\/h2>\n<\/p><\/div>\n<div>\n<p class=\"p-text\">Die Behandlung allergischer Hauterkrankungen verbessert die Lebensqualit\u00e4t der Betroffenen erheblich. Die Behandlung kontrolliert allergische Reaktionen effektiv und beseitigt Unannehmlichkeiten wie Juckreiz und Schmerzen. Dar\u00fcber hinaus bietet sie eine effektive L\u00f6sung zur Wiederherstellung der Hautgesundheit, was ihre Beliebtheit weiter steigert. In den letzten Jahren haben technologische Fortschritte die Behandlungsmethoden noch effektiver gemacht, und personalisierte Ans\u00e4tze sind immer h\u00e4ufiger geworden.<\/p>\n<\/p><\/div>\n<\/p><\/div>\n<div>\n<div>\n<h2 class=\"h2-header\">Wie wird es angewendet?<\/h2>\n<\/p><\/div>\n<div>\n<p class=\"p-text\">Die Behandlung allergischer Hauterkrankungen kann mit verschiedenen Techniken durchgef\u00fchrt werden, abh\u00e4ngig vom Hauttyp und der Schwere der Erkrankung. Der Behandlungsprozess umfasst in der Regel Medikamente, topische Cremes und manchmal Laseranwendungen. Ein Dermatologe bestimmt die Faktoren, die allergische Reaktionen auf der Haut verursachen, und w\u00e4hlt die entsprechenden Behandlungsmethoden aus. W\u00e4hrend der Behandlung wird eine Hautanalyse durchgef\u00fchrt, gefolgt von der Umsetzung eines personalisierten Behandlungsplans.<\/p>\n<\/p><\/div>\n<\/p><\/div>\n<div>\n<div>\n<h2 class=\"h2-header\">Gibt es Schmerzen oder Beschwerden?<\/h2>\n<\/p><\/div>\n<div>\n<p class=\"p-text\">Es wird nicht erwartet, dass w\u00e4hrend der Behandlung Schmerzen oder Beschwerden auftreten. Die meisten Methoden sind minimalinvasiv, sodass die Patienten w\u00e4hrend des Behandlungsprozesses keine Beschwerden haben. Einige Behandlungen k\u00f6nnen jedoch nach der Anwendung leichte R\u00f6tungen oder ein brennendes Gef\u00fchl verursachen. Dies ist vor\u00fcbergehend und heilt schnell nach der Behandlung.<\/p>\n<\/p><\/div>\n<\/p><\/div>\n<div>\n<div>\n<h2 class=\"h2-header\">Wie lange dauert die Anwendung?<\/h2>\n<\/p><\/div>\n<div>\n<p class=\"p-text\">Die Dauer der Behandlung von allergischen Hauterkrankungen h\u00e4ngt von der Art und Schwere der Erkrankung ab. In der Regel kann die Behandlung innerhalb von 30 Minuten bis 1 Stunde abgeschlossen werden. In dieser Zeit f\u00fchrt der Dermatologe eine Hautanalyse durch und beginnt mit der notwendigen Behandlung.<\/p>\n<\/p><\/div>\n<\/p><\/div>\n<div>\n<div>\n<h2 class=\"h2-header\">Wie viele Tage bis zur Genesung?<\/h2>\n<\/p><\/div>\n<div>\n<p class=\"p-text\">Die Genesungszeit nach der Behandlung kann je nach Schwere der Erkrankung variieren. Typischerweise nehmen allergische Reaktionen erheblich ab, und die Hautheilung ist innerhalb von 7-14 Tagen sichtbar. Einige Patienten k\u00f6nnen jedoch in k\u00fcrzerer Zeit Erleichterung versp\u00fcren, w\u00e4hrend komplexere F\u00e4lle einige Wochen in Anspruch nehmen k\u00f6nnen.<\/p>\n<\/p><\/div>\n<\/p><\/div>\n<div>\n<div>\n<h2 class=\"h2-header\">Preise f\u00fcr die Behandlung von allergischen Hauterkrankungen<\/h2>\n<\/p><\/div>\n<div>\n<p class=\"p-text\">Die Kosten f\u00fcr die Behandlung allergischer Hauterkrankungen variieren je nach den verwendeten Methoden und individuellen Bed\u00fcrfnissen. Die effektivsten L\u00f6sungen werden basierend auf dem Hauttyp des Individuums und der Art der Allergie bestimmt. F\u00fcr detaillierte Informationen und Preise kontaktieren Sie uns bitte.<\/p>\n<\/p><\/div>\n<\/p><\/div>\n<div>\n<div>\n<h2 class=\"h2-header\">Warum Dr. Terziler Exklusive Klinik?<\/h2>\n<\/p><\/div>\n<div>\n<p class=\"p-text\">Dr. Terziler bietet personalisierte L\u00f6sungen mit weltweit anerkanntem Fachwissen und einem \u00e4sthetischen Ansatz, der Kunst mit Wissenschaft vereint und so nicht nur eine k\u00f6rperliche, sondern auch eine emotionale Transformation erm\u00f6glicht. Unsere Klinik, ausgestattet mit fortschrittlicher Technologie und basierend auf den Prinzipien von Komfort und Sicherheit, verfolgt Perfektion als ihre institutionelle Philosophie. Denn hier zielt jede Ber\u00fchrung auf Ihre Gesundheit und Ihr Gl\u00fcck ab.<\/p>\n<\/p><\/div>\n<\/p><\/div>\n<\/p><\/div>\n<\/section>\n","protected":false},"excerpt":{"rendered":"<p>Allergische Hauterkrankungen Allergische Hauterkrankungen entstehen, wenn das Immunsystem in der Haut falsch reagiert und Beschwerden wie Juckreiz und R\u00f6tungen auftreten. Die Behandlung dieser Erkrankungen ist ein wichtiger Schritt zur Wiederherstellung der Hautgesundheit und zur Minimierung allergischer Reaktionen. Mit den richtigen Behandlungsmethoden k\u00f6nnen sich die Beschwerden rasch bessern und ein gesundes Aussehen erreicht werden. Dr. Terziler [&hellip;]<\/p>\n","protected":false},"author":6,"featured_media":0,"parent":16983,"menu_order":0,"comment_status":"closed","ping_status":"closed","template":"","meta":{"footnotes":""},"class_list":["post-17435","page","type-page","status-publish","hentry"],"_links":{"self":[{"href":"https:\/\/drterziler.com\/de\/wp-json\/wp\/v2\/pages\/17435","targetHints":{"allow":["GET"]}}],"collection":[{"href":"https:\/\/drterziler.com\/de\/wp-json\/wp\/v2\/pages"}],"about":[{"href":"https:\/\/drterziler.com\/de\/wp-json\/wp\/v2\/types\/page"}],"author":[{"embeddable":true,"href":"https:\/\/drterziler.com\/de\/wp-json\/wp\/v2\/users\/6"}],"replies":[{"embeddable":true,"href":"https:\/\/drterziler.com\/de\/wp-json\/wp\/v2\/comments?post=17435"}],"version-history":[{"count":14,"href":"https:\/\/drterziler.com\/de\/wp-json\/wp\/v2\/pages\/17435\/revisions"}],"predecessor-version":[{"id":59719,"href":"https:\/\/drterziler.com\/de\/wp-json\/wp\/v2\/pages\/17435\/revisions\/59719"}],"up":[{"embeddable":true,"href":"https:\/\/drterziler.com\/de\/wp-json\/wp\/v2\/pages\/16983"}],"wp:attachment":[{"href":"https:\/\/drterziler.com\/de\/wp-json\/wp\/v2\/media?parent=17435"}],"curies":[{"name":"wp","href":"https:\/\/api.w.org\/{rel}","templated":true}]}}