{"id":17532,"date":"2025-01-28T09:05:44","date_gmt":"2025-01-28T09:05:44","guid":{"rendered":"https:\/\/drterziler.com\/medizinische-aesthetik\/ameliyatsiz-goz-cevresi-uygulamalari\/"},"modified":"2026-03-06T02:39:10","modified_gmt":"2026-03-06T02:39:10","slug":"nicht-chirurgische-periorbitale-behandlungen","status":"publish","type":"page","link":"https:\/\/drterziler.com\/de\/medizinische-aesthetik\/nicht-chirurgische-periorbitale-behandlungen\/","title":{"rendered":"Nicht-chirurgische periorbitale Behandlungen"},"content":{"rendered":"<div class=\"page-content\">\n<div id=\"header-area\">\n<div class=\"container\" id=\"firstContent\">\n<div class=\"header-content d-flex flex-column\">\n<h1 class=\"content-title h1-header\">Nicht-chirurgische periorbitale Behandlungen<\/h1>\n<div class=\"content-paragraph\">\n<p class=\"p-text\">Nicht-chirurgische Behandlungen der Augenpartie zielen auf Probleme wie Falten, Schwellungen und dunkle Augenringe ab. Diese Verfahren, darunter Botox, Filler und Mesotherapie, sorgen daf\u00fcr, dass die Augenpartie j\u00fcnger und dynamischer aussieht. Die Wirkung ist sofort sichtbar und die Erholungszeit ist kurz, sodass eine schnelle R\u00fcckkehr zur Arbeit und zu sozialen Aktivit\u00e4ten m\u00f6glich ist.<\/p>\n<\/p><\/div>\n<nav aria-label=\"breadcrumb\" class=\"breadcrumbs\">\n<ul class=\"d-flex align-items-center mb-0\">\n<li><a class=\"link\" href=\"https:\/\/drterziler.com\/de\/\"><span>Dr. Terziler Exclusive Clinic<\/span><\/a><\/li>\n<li class=\"separator\">\u00bb<\/li>\n<li><a class=\"link\" href=\"https:\/\/drterziler.com\/de\/medizinische-aesthetik\/\"><span>Medizinische \u00c4sthetik<\/span><\/a><\/li>\n<li class=\"separator\">\u00bb<\/li>\n<li class=\"current-page\"><span>Nicht-chirurgische periorbitale Behandlungen<\/span><\/li>\n<\/ul>\n<\/nav><\/div>\n<\/p><\/div>\n<\/p><\/div>\n<\/div>\n<section id=\"content-area\">\n<div class=\"container my-5\">\n<div class=\"row align-items-start\">\n<div class=\"col-md-6 order-2 order-md-1\">\n<div class=\"custom-toc-box\">\n<div id=\"toc-header\">\n<h4>Inhaltsverzeichnis<\/h4>\n<div class=\"toc-toggle-icon\"><\/div>\n<\/p><\/div>\n<div class=\"toc-full-divider\"><\/div>\n<div id=\"toc-body\">\n<div id=\"toc-container\"><\/div>\n<\/p><\/div>\n<\/p><\/div>\n<\/p><\/div>\n<div class=\"col-md-6 order-1 order-md-2\" id=\"jForm\">\n                <script type=\"text\/javascript\" src=\"https:\/\/form.jotform.com\/jsform\/242882128947973\"><\/script>\n            <\/div>\n<\/p><\/div>\n<\/p><\/div>\n<div class=\"container\">\n<div class=\"img-thumb\">\n            <img decoding=\"async\" src=\"https:\/\/drterziler.com\/wp-content\/uploads\/2025\/01\/Ameliyatsiz-Goz-Cevresi-Uygulamalari.webp\" alt=\"Nicht-chirurgische periorbitale Behandlungen\" loading=\"lazy\">\n        <\/div>\n<div>\n<div>\n<h2 class=\"h2-header\">Was Sind Nicht-Chirurgische Behandlungen im Augenbereich?<\/h2>\n<\/p><\/div>\n<div>\n<p class=\"p-text\">Nicht-chirurgische Behandlungen im Augenbereich sind moderne Methoden, die \u00e4sthetische Probleme rund um die Augen ohne chirurgischen Eingriff l\u00f6sen. Techniken wie Botox, Filler, PRP und Laserbehandlungen bek\u00e4mpfen Falten, Augenringe, feine Linien und Volumenverlust. Diese Behandlungen zielen darauf ab, sichere und nat\u00fcrliche Ergebnisse zu erzielen.<\/p>\n<\/p><\/div>\n<\/p><\/div>\n<div>\n<div>\n<h2 class=\"h2-header\">Was Sind Die Vorteile?<\/h2>\n<\/p><\/div>\n<div>\n<p class=\"p-text\">Erfordert keinen chirurgischen Eingriff. Verj\u00fcngt den Augenbereich. Verleiht den Gesichtsz\u00fcgen mehr Ausdruck. Bietet eine kurze Erholungszeit. Liefert nat\u00fcrliche Ergebnisse. Minimale Risiken. Sofortige Effekte sind sichtbar. Schneller Anwendungsprozess. F\u00f6rdert die Hauterneuerung.<\/p>\n<\/p><\/div>\n<\/p><\/div>\n<div>\n<div>\n<h2 class=\"h2-header\">F\u00fcr Wen Ist Es Geeignet?<\/h2>\n<\/p><\/div>\n<div>\n<p class=\"p-text\">Personen mit Falten rund um die Augen. Menschen, die unter Augenringen leiden. Personen mit Gesichtsvolumenverlust. Menschen mit feinen Linien auf der Haut. Personen, die schnelle L\u00f6sungen suchen. Menschen, die keinen chirurgischen Eingriff w\u00fcnschen. Personen, die ihren Ausdruck verj\u00fcngen m\u00f6chten. Menschen, die mehr Komfort in ihren Gesichtsausdr\u00fccken suchen.<\/p>\n<\/p><\/div>\n<\/p><\/div>\n<div>\n<div>\n<h2 class=\"h2-header\">Warum Ist Es Beliebt?<\/h2>\n<\/p><\/div>\n<div>\n<p class=\"p-text\">Nicht-chirurgische Behandlungen im Augenbereich sind weniger riskant als chirurgische Eingriffe und liefern schnelle Ergebnisse. Eine kurze Erholungszeit, minimale Schmerzen und ein nat\u00fcrliches Erscheinungsbild tragen zu ihrer Beliebtheit bei. Dar\u00fcber hinaus bieten sie weniger invasive Alternativen f\u00fcr diejenigen, die \u00e4sthetische L\u00f6sungen suchen, und sprechen somit eine breitere Zielgruppe an.<\/p>\n<\/p><\/div>\n<\/p><\/div>\n<div>\n<div>\n<h2 class=\"h2-header\">Wie Wird Die Behandlung Durchgef\u00fchrt?<\/h2>\n<\/p><\/div>\n<div>\n<p class=\"p-text\">Nicht-chirurgische Augenbehandlungen werden in der Regel mit Botox, Dermal Fillern oder PRP-Injektionen durchgef\u00fchrt. Botox entspannt die Muskeln, um Falten zu gl\u00e4tten, w\u00e4hrend Filler verlorenes Volumen wiederherstellen. PRP unterst\u00fctzt die Hautregeneration. Laserbehandlungen zielen auf die \u00e4u\u00dfere Hautschicht ab, um Probleme im Augenbereich zu behandeln.<\/p>\n<\/p><\/div>\n<\/p><\/div>\n<div>\n<div>\n<h2 class=\"h2-header\">Gibt Es Schmerzen Oder Beschwerden?<\/h2>\n<\/p><\/div>\n<div>\n<p class=\"p-text\">W\u00e4hrend nicht-chirurgischer Behandlungen im Augenbereich kann ein leichtes Unbehagen empfunden werden. Jedoch wird eine lokale Bet\u00e4ubungscreme aufgetragen, um Schmerzen zu minimieren. Die meisten Menschen versp\u00fcren nur ein leichtes Brennen, und die Schmerzen halten nach dem Eingriff normalerweise nicht an.<\/p>\n<\/p><\/div>\n<\/p><\/div>\n<div>\n<div>\n<h2 class=\"h2-header\">Wie Lange Dauert Der Eingriff?<\/h2>\n<\/p><\/div>\n<div>\n<p class=\"p-text\">Nicht-chirurgische Behandlungen im Augenbereich sind sehr schnell. Abh\u00e4ngig von der gew\u00e4hlten Methode dauert der Eingriff in der Regel zwischen 15 und 30 Minuten. Dadurch k\u00f6nnen auch vielbesch\u00e4ftigte Personen die Behandlung problemlos durchf\u00fchren lassen und schnell in ihren Alltag zur\u00fcckkehren.<\/p>\n<\/p><\/div>\n<\/p><\/div>\n<div>\n<div>\n<h2 class=\"h2-header\">Wie Lange Dauert Die Erholungszeit?<\/h2>\n<\/p><\/div>\n<div>\n<p class=\"p-text\">Die Erholungsphase beginnt in der Regel innerhalb von 2-3 Tagen. Nach dem Eingriff kann es zu leichter R\u00f6tung, Schwellung oder Bluterg\u00fcssen kommen, aber diese Symptome klingen schnell ab. Die vollst\u00e4ndigen Ergebnisse werden innerhalb von 1-2 Wochen sichtbar, und der Effekt der Hauterneuerung verbessert sich mit der Zeit weiter.<\/p>\n<\/p><\/div>\n<\/p><\/div>\n<div>\n<div>\n<h2 class=\"h2-header\">Kosten F\u00fcr Nicht-Chirurgische Behandlungen Im Augenbereich<\/h2>\n<\/p><\/div>\n<div>\n<p class=\"p-text\">Die Kosten variieren je nach Methode und Art der Behandlung. Techniken wie Botox, Filler, PRP oder Laserbehandlungen unterscheiden sich in der Preisgestaltung. Ein individueller Preis wird nach einer ersten Bewertung festgelegt, sodass die Kosten f\u00fcr jede Person unterschiedlich sein k\u00f6nnen.<\/p>\n<\/p><\/div>\n<\/p><\/div>\n<div>\n<div>\n<h2 class=\"h2-header\">Warum Dr. Terziler Exclusive Clinic W\u00e4hlen?<\/h2>\n<\/p><\/div>\n<div>\n<p class=\"p-text\">Dr. Terziler, weltweit anerkannt f\u00fcr seine Expertise, verbindet Kunst und Wissenschaft, um personalisierte \u00e4sthetische L\u00f6sungen anzubieten, die nicht nur physische, sondern auch emotionale Transformationen erm\u00f6glichen. Unsere Klinik, ausgestattet mit modernster Technologie und einer Philosophie des Komforts und der Sicherheit, verfolgt Perfektion als Grundprinzip. Hier zielt jede Behandlung darauf ab, Ihr ganzheitliches Wohlbefinden und Ihre Zufriedenheit zu steigern.<\/p>\n<\/p><\/div>\n<\/p><\/div>\n<\/p><\/div>\n<\/section>\n","protected":false},"excerpt":{"rendered":"<p>Nicht-chirurgische periorbitale Behandlungen Nicht-chirurgische Behandlungen der Augenpartie zielen auf Probleme wie Falten, Schwellungen und dunkle Augenringe ab. Diese Verfahren, darunter Botox, Filler und Mesotherapie, sorgen daf\u00fcr, dass die Augenpartie j\u00fcnger und dynamischer aussieht. Die Wirkung ist sofort sichtbar und die Erholungszeit ist kurz, sodass eine schnelle R\u00fcckkehr zur Arbeit und zu sozialen Aktivit\u00e4ten m\u00f6glich ist. [&hellip;]<\/p>\n","protected":false},"author":6,"featured_media":0,"parent":2870,"menu_order":0,"comment_status":"closed","ping_status":"closed","template":"","meta":{"footnotes":""},"class_list":["post-17532","page","type-page","status-publish","hentry"],"_links":{"self":[{"href":"https:\/\/drterziler.com\/de\/wp-json\/wp\/v2\/pages\/17532","targetHints":{"allow":["GET"]}}],"collection":[{"href":"https:\/\/drterziler.com\/de\/wp-json\/wp\/v2\/pages"}],"about":[{"href":"https:\/\/drterziler.com\/de\/wp-json\/wp\/v2\/types\/page"}],"author":[{"embeddable":true,"href":"https:\/\/drterziler.com\/de\/wp-json\/wp\/v2\/users\/6"}],"replies":[{"embeddable":true,"href":"https:\/\/drterziler.com\/de\/wp-json\/wp\/v2\/comments?post=17532"}],"version-history":[{"count":18,"href":"https:\/\/drterziler.com\/de\/wp-json\/wp\/v2\/pages\/17532\/revisions"}],"predecessor-version":[{"id":59670,"href":"https:\/\/drterziler.com\/de\/wp-json\/wp\/v2\/pages\/17532\/revisions\/59670"}],"up":[{"embeddable":true,"href":"https:\/\/drterziler.com\/de\/wp-json\/wp\/v2\/pages\/2870"}],"wp:attachment":[{"href":"https:\/\/drterziler.com\/de\/wp-json\/wp\/v2\/media?parent=17532"}],"curies":[{"name":"wp","href":"https:\/\/api.w.org\/{rel}","templated":true}]}}