{"id":17565,"date":"2025-01-28T09:10:14","date_gmt":"2025-01-28T09:10:14","guid":{"rendered":"https:\/\/drterziler.com\/medizinische-aesthetik\/el-genclestirme\/"},"modified":"2026-03-06T02:40:02","modified_gmt":"2026-03-06T02:40:02","slug":"handverjuengung","status":"publish","type":"page","link":"https:\/\/drterziler.com\/de\/medizinische-aesthetik\/handverjuengung\/","title":{"rendered":"Handverj\u00fcngung"},"content":{"rendered":"<div class=\"page-content\">\n<div id=\"header-area\">\n<div class=\"container\" id=\"firstContent\">\n<div class=\"header-content d-flex flex-column\">\n<h1 class=\"content-title h1-header\">Handverj\u00fcngung<\/h1>\n<div class=\"content-paragraph\">\n<p class=\"p-text\">Es handelt sich um einen nicht-chirurgischen \u00e4sthetischen Eingriff, der darauf abzielt, Zeichen der Hautalterung, Volumenverlust, Falten und feine Linien an den H\u00e4nden zu beseitigen. Diese Behandlung, die mit Methoden wie Hautf\u00fcllern, PRP und Laser durchgef\u00fchrt wird, l\u00e4sst die H\u00e4nde j\u00fcnger, ges\u00fcnder und lebendiger erscheinen. Die Tatsache, dass es schnell und mit minimalen Schmerzen angewendet werden kann, macht es zu einer bevorzugten Option.<\/p>\n<\/p><\/div>\n<nav aria-label=\"breadcrumb\" class=\"breadcrumbs\">\n<ul class=\"d-flex align-items-center mb-0\">\n<li><a class=\"link\" href=\"https:\/\/drterziler.com\/de\/\"><span>Dr. Terziler Exclusive Clinic<\/span><\/a><\/li>\n<li class=\"separator\">\u00bb<\/li>\n<li><a class=\"link\" href=\"https:\/\/drterziler.com\/de\/medizinische-aesthetik\/\"><span>Medizinische \u00c4sthetik<\/span><\/a><\/li>\n<li class=\"separator\">\u00bb<\/li>\n<li class=\"current-page\"><span>Handverj\u00fcngung<\/span><\/li>\n<\/ul>\n<\/nav><\/div>\n<\/p><\/div>\n<\/p><\/div>\n<\/div>\n<section id=\"content-area\">\n<div class=\"container my-5\">\n<div class=\"row align-items-start\">\n<div class=\"col-md-6 order-2 order-md-1\">\n<div class=\"custom-toc-box\">\n<div id=\"toc-header\">\n<h4>Inhaltsverzeichnis<\/h4>\n<div class=\"toc-toggle-icon\"><\/div>\n<\/p><\/div>\n<div class=\"toc-full-divider\"><\/div>\n<div id=\"toc-body\">\n<div id=\"toc-container\"><\/div>\n<\/p><\/div>\n<\/p><\/div>\n<\/p><\/div>\n<div class=\"col-md-6 order-1 order-md-2\" id=\"jForm\">\n                <script type=\"text\/javascript\" src=\"https:\/\/form.jotform.com\/jsform\/242882128947973\"><\/script>\n            <\/div>\n<\/p><\/div>\n<\/p><\/div>\n<div class=\"container\">\n<div class=\"img-thumb\">\n            <img decoding=\"async\" src=\"https:\/\/drterziler.com\/wp-content\/uploads\/2025\/01\/El-Genclestirme.webp\" alt=\"Handverj\u00fcngung\" loading=\"lazy\">\n        <\/div>\n<div>\n<div>\n<h2 class=\"h2-header\">Was ist Handverj\u00fcngung?<\/h2>\n<\/p><\/div>\n<div>\n<p class=\"p-text\">Die Handverj\u00fcngung ist eine \u00e4sthetische Behandlungsmethode, die darauf abzielt, Alterserscheinungen an den H\u00e4nden wie Falten, feine Linien, Volumenverlust und Hauterschlaffung zu korrigieren. Dieses Verfahren wird typischerweise mit Dermal Fillern, Laserbehandlungen, PRP (pl\u00e4ttchenreiches Plasma) und hautverj\u00fcngenden Seren durchgef\u00fchrt. Die Handverj\u00fcngung hilft dabei, die H\u00e4nde j\u00fcnger, glatter und lebendiger erscheinen zu lassen.<\/p>\n<\/p><\/div>\n<\/p><\/div>\n<div>\n<div>\n<h2 class=\"h2-header\">Was Sind Die Vorteile Der Handverj\u00fcngung?<\/h2>\n<\/p><\/div>\n<div>\n<p class=\"p-text\">Erfordert keinen chirurgischen Eingriff. Schenkt der Haut der H\u00e4nde ein jugendliches und straffes Aussehen. Gew\u00e4hrleistet eine schnelle Erholungszeit. Liefert nat\u00fcrliche Ergebnisse. Minimale Schmerzen und Unannehmlichkeiten. Beschleunigt die Hautregeneration. Stellt verlorenes Volumen wieder her. Verj\u00fcngt die H\u00e4nde.<\/p>\n<\/p><\/div>\n<\/p><\/div>\n<div>\n<div>\n<h2 class=\"h2-header\">F\u00fcr Wen Ist Handverj\u00fcngung Geeignet?<\/h2>\n<\/p><\/div>\n<div>\n<p class=\"p-text\">Personen mit Falten auf den H\u00e4nden. Menschen mit Volumenverlust. Personen mit sichtbaren Alterserscheinungen. Menschen mit d\u00fcnner werdender Haut an den H\u00e4nden. Personen mit Altersflecken auf den H\u00e4nden. Menschen, die chirurgische Eingriffe vermeiden m\u00f6chten. Personen, die ein nat\u00fcrliches Aussehen bevorzugen. Menschen, die eine schnelle L\u00f6sung suchen.<\/p>\n<\/p><\/div>\n<\/p><\/div>\n<div>\n<div>\n<h2 class=\"h2-header\">Warum Ist Sie Beliebt?<\/h2>\n<\/p><\/div>\n<div>\n<p class=\"p-text\">Die Handverj\u00fcngung ist eine Methode, die Alterserscheinungen an den H\u00e4nden effektiv und schnell behandelt. Falten, feine Linien und Volumenverlust werden mit zunehmendem Alter deutlicher sichtbar und sind an den H\u00e4nden oft schneller erkennbar als an anderen K\u00f6rperstellen. Dieses Verfahren korrigiert diese Probleme, ohne dass eine Operation erforderlich ist, und l\u00e4sst die H\u00e4nde j\u00fcnger und ges\u00fcnder aussehen. Dar\u00fcber hinaus tragen die minimalen Schmerzen, die kurze Erholungszeit und die nat\u00fcrlichen Ergebnisse zu ihrer wachsenden Beliebtheit bei.<\/p>\n<\/p><\/div>\n<\/p><\/div>\n<div>\n<div>\n<h2 class=\"h2-header\">Wie Wird Die Behandlung Durchgef\u00fchrt?<\/h2>\n<\/p><\/div>\n<div>\n<p class=\"p-text\">Die Handverj\u00fcngung kann mit verschiedenen Methoden durchgef\u00fchrt werden. Dermal Filler werden unter die Haut injiziert, um verlorenes Volumen wiederherzustellen und die H\u00e4nde voller erscheinen zu lassen. PRP-Therapie nutzt Wachstumsfaktoren aus dem eigenen Blut des Patienten, um die Hauterneuerung anzuregen. Laserbehandlungen zielen auf Hautunregelm\u00e4\u00dfigkeiten wie Altersflecken und Falten ab und revitalisieren die Hautstruktur. Die Verfahren werden in der Regel unter lokaler Bet\u00e4ubung durchgef\u00fchrt, wobei die Behandlungsdauer je nach Patient variiert.<\/p>\n<\/p><\/div>\n<\/p><\/div>\n<div>\n<div>\n<h2 class=\"h2-header\">Gibt Es Schmerzen Oder Unannehmlichkeiten?<\/h2>\n<\/p><\/div>\n<div>\n<p class=\"p-text\">Handverj\u00fcngungsbehandlungen werden in der Regel mit minimalen Schmerzen durchgef\u00fchrt. W\u00e4hrend der Injektion von Fillern und der PRP-Anwendung kann ein leichtes Kribbeln versp\u00fcrt werden, aber dieses Unbehagen ist meist nur von kurzer Dauer. Um Unannehmlichkeiten zu minimieren, wird vor der Behandlung eine lokale Bet\u00e4ubungscreme oder ein Gel aufgetragen. Die meisten Patienten versp\u00fcren nach der Behandlung keine Schmerzen oder Beschwerden und k\u00f6nnen ihren t\u00e4glichen Aktivit\u00e4ten problemlos nachgehen.<\/p>\n<\/p><\/div>\n<\/p><\/div>\n<div>\n<div>\n<h2 class=\"h2-header\">Wie Lange Dauert Der Eingriff?<\/h2>\n<\/p><\/div>\n<div>\n<p class=\"p-text\">Handverj\u00fcngungsbehandlungen dauern in der Regel zwischen 30 Minuten und 1 Stunde. Die Dauer h\u00e4ngt von der gew\u00e4hlten Methode und dem Behandlungsbereich ab. Filler- und PRP-Anwendungen k\u00f6nnen schneller abgeschlossen werden, w\u00e4hrend Laserbehandlungen etwas mehr Zeit in Anspruch nehmen k\u00f6nnen. In allen F\u00e4llen k\u00f6nnen die Patienten jedoch direkt nach der Behandlung zu ihrem Alltag zur\u00fcckkehren, ohne l\u00e4ngere Ruhezeiten einhalten zu m\u00fcssen.<\/p>\n<\/p><\/div>\n<\/p><\/div>\n<div>\n<div>\n<h2 class=\"h2-header\">Wie Lange Dauert Die Erholungszeit?<\/h2>\n<\/p><\/div>\n<div>\n<p class=\"p-text\">Die Erholungszeit nach einer Handverj\u00fcngungsbehandlung ist in der Regel kurz. In den ersten Tagen kann es zu leichten Schwellungen, R\u00f6tungen oder Bluterg\u00fcssen kommen, aber diese Symptome klingen normalerweise innerhalb von 2-3 Tagen ab. Die endg\u00fcltigen Ergebnisse werden innerhalb von 1-2 Wochen sichtbar. Durch die Befolgung der Pflegehinweise nach der Behandlung k\u00f6nnen Patienten den Heilungsprozess beschleunigen und die verj\u00fcngende Wirkung auf ihre H\u00e4nde schneller genie\u00dfen.<\/p>\n<\/p><\/div>\n<\/p><\/div>\n<div>\n<div>\n<h2 class=\"h2-header\">Warum Dr. Terziler Exclusive Clinic?<\/h2>\n<\/p><\/div>\n<div>\n<p class=\"p-text\">Dr. Terziler bietet eine weltweit anerkannte Expertise, die Wissenschaft mit Kunst verbindet, um personalisierte \u00e4sthetische L\u00f6sungen zu schaffen, die nicht nur k\u00f6rperliche, sondern auch emotionale Erneuerung bewirken. Unsere Klinik, ausgestattet mit modernster Technologie und einer Philosophie von Komfort und Sicherheit, verfolgt das Prinzip der Exzellenz. Jede Behandlung ist darauf ausgerichtet, Ihr gesamtes Wohlbefinden und Ihre Zufriedenheit zu steigern.<\/p>\n<\/p><\/div>\n<\/p><\/div>\n<\/p><\/div>\n<\/section>\n","protected":false},"excerpt":{"rendered":"<p>Handverj\u00fcngung Es handelt sich um einen nicht-chirurgischen \u00e4sthetischen Eingriff, der darauf abzielt, Zeichen der Hautalterung, Volumenverlust, Falten und feine Linien an den H\u00e4nden zu beseitigen. Diese Behandlung, die mit Methoden wie Hautf\u00fcllern, PRP und Laser durchgef\u00fchrt wird, l\u00e4sst die H\u00e4nde j\u00fcnger, ges\u00fcnder und lebendiger erscheinen. Die Tatsache, dass es schnell und mit minimalen Schmerzen angewendet [&hellip;]<\/p>\n","protected":false},"author":6,"featured_media":0,"parent":2870,"menu_order":0,"comment_status":"closed","ping_status":"closed","template":"","meta":{"footnotes":""},"class_list":["post-17565","page","type-page","status-publish","hentry"],"_links":{"self":[{"href":"https:\/\/drterziler.com\/de\/wp-json\/wp\/v2\/pages\/17565","targetHints":{"allow":["GET"]}}],"collection":[{"href":"https:\/\/drterziler.com\/de\/wp-json\/wp\/v2\/pages"}],"about":[{"href":"https:\/\/drterziler.com\/de\/wp-json\/wp\/v2\/types\/page"}],"author":[{"embeddable":true,"href":"https:\/\/drterziler.com\/de\/wp-json\/wp\/v2\/users\/6"}],"replies":[{"embeddable":true,"href":"https:\/\/drterziler.com\/de\/wp-json\/wp\/v2\/comments?post=17565"}],"version-history":[{"count":14,"href":"https:\/\/drterziler.com\/de\/wp-json\/wp\/v2\/pages\/17565\/revisions"}],"predecessor-version":[{"id":59672,"href":"https:\/\/drterziler.com\/de\/wp-json\/wp\/v2\/pages\/17565\/revisions\/59672"}],"up":[{"embeddable":true,"href":"https:\/\/drterziler.com\/de\/wp-json\/wp\/v2\/pages\/2870"}],"wp:attachment":[{"href":"https:\/\/drterziler.com\/de\/wp-json\/wp\/v2\/media?parent=17565"}],"curies":[{"name":"wp","href":"https:\/\/api.w.org\/{rel}","templated":true}]}}