{"id":17598,"date":"2025-01-28T09:13:46","date_gmt":"2025-01-28T09:13:46","guid":{"rendered":"https:\/\/drterziler.com\/medizinische-aesthetik\/boyun-genclestirme\/"},"modified":"2026-04-21T12:05:48","modified_gmt":"2026-04-21T12:05:48","slug":"nackenverjuengung","status":"publish","type":"page","link":"https:\/\/drterziler.com\/de\/medizinische-aesthetik\/nackenverjuengung\/","title":{"rendered":"Nackenverj\u00fcngung"},"content":{"rendered":"<div class=\"page-content\">\n<div id=\"header-area\">\n<div class=\"container\" id=\"firstContent\">\n<div class=\"header-content d-flex flex-column\">\n<h1 class=\"content-title h1-header\">Nackenverj\u00fcngung<\/h1>\n<div class=\"content-paragraph\">\n<p class=\"p-text\">Es handelt sich um ein nicht-chirurgisches Verfahren zur Korrektur altersbedingter Falten, Erschlaffung und feiner Linien. Techniken wie Filler, Botox, Laser und PRP werden eingesetzt, um die Halshaut straffer, glatter und jugendlicher erscheinen zu lassen. Diese Behandlung wird oft bevorzugt, da sie schnelle und wirksame Ergebnisse bei minimalen Schmerzen und einer kurzen Erholungszeit liefert.<\/p>\n<\/p><\/div>\n<nav aria-label=\"breadcrumb\" class=\"breadcrumbs\">\n<ul class=\"d-flex align-items-center mb-0\">\n<li><a class=\"link\" href=\"https:\/\/drterziler.com\/de\/\"><span>Dr. Terziler Exclusive Clinic<\/span><\/a><\/li>\n<li class=\"separator\">\u00bb<\/li>\n<li><a class=\"link\" href=\"https:\/\/drterziler.com\/de\/medizinische-aesthetik\/\"><span>Medizinische \u00c4sthetik<\/span><\/a><\/li>\n<li class=\"separator\">\u00bb<\/li>\n<li class=\"current-page\"><span>Nackenverj\u00fcngung<\/span><\/li>\n<\/ul>\n<\/nav><\/div>\n<\/p><\/div>\n<\/p><\/div>\n<\/div>\n<section id=\"content-area\">\n<div class=\"container my-5\">\n<div class=\"row align-items-start\">\n<div class=\"col-md-6 order-2 order-md-1\">\n<div class=\"custom-toc-box\">\n<div id=\"toc-header\">\n<h4>Inhaltsverzeichnis<\/h4>\n<div class=\"toc-toggle-icon\"><\/div>\n<\/p><\/div>\n<div class=\"toc-full-divider\"><\/div>\n<div id=\"toc-body\">\n<div id=\"toc-container\"><\/div>\n<\/p><\/div>\n<\/p><\/div>\n<\/p><\/div>\n<div class=\"col-md-6 order-1 order-md-2\" id=\"jForm\">\n                <script type=\"text\/javascript\" src=\"https:\/\/form.jotform.com\/jsform\/242882128947973\"><\/script>\n            <\/div>\n<\/p><\/div>\n<\/p><\/div>\n<div class=\"container\">\n<div class=\"img-thumb\">\n            <img decoding=\"async\" src=\"https:\/\/drterziler.com\/wp-content\/uploads\/2025\/01\/Boyun-Genclestirme.webp\" alt=\"Nackenverj\u00fcngung\" loading=\"lazy\">\n        <\/div>\n<div>\n<div>\n<h2 class=\"h2-header\">Was ist Halsverj\u00fcngung?<\/h2>\n<\/p><\/div>\n<div>\n<p class=\"p-text\">Die Halsverj\u00fcngung ist eine nicht-chirurgische Behandlungsmethode, die darauf abzielt, Alterserscheinungen, Hauterschlaffung, Falten und feine Linien im Halsbereich zu reduzieren. Dieses Verfahren wird typischerweise mit Fillern, Botox, Laserbehandlungen oder hautverj\u00fcngenden Techniken durchgef\u00fchrt. Durch die Wiederherstellung der Hautelastizit\u00e4t im Halsbereich wird ein j\u00fcngeres und glatteres Erscheinungsbild erreicht.<\/p>\n<\/p><\/div>\n<\/p><\/div>\n<div>\n<div>\n<h2 class=\"h2-header\">Was sind die Vorteile der Halsverj\u00fcngungsbehandlung?<\/h2>\n<\/p><\/div>\n<div>\n<p class=\"p-text\">Sofortiger Verj\u00fcngungseffekt Straffes und festes Erscheinungsbild im Halsbereich Schmerzfreie und schnelle Anwendung Nat\u00fcrliche Ergebnisse durch Hauterneuerung Kein chirurgischer Eingriff oder An\u00e4sthesie erforderlich Sofortige Straffung erschlaffter Haut Keine Ausfallzeit im Alltag Schnelle Erholung mit langanhaltenden Ergebnissen Steigerung der Hautelastizit\u00e4t<\/p>\n<\/p><\/div>\n<\/p><\/div>\n<div>\n<div>\n<h2 class=\"h2-header\">F\u00fcr wen ist die Halsverj\u00fcngungsbehandlung geeignet?<\/h2>\n<\/p><\/div>\n<div>\n<p class=\"p-text\">Personen mit Hauterschlaffung im Halsbereich Menschen mit sichtbaren Falten Personen mit nachlassender Hautelastizit\u00e4t Menschen, die zunehmende Alterserscheinungen bemerken Personen, die nat\u00fcrliche Ergebnisse suchen Menschen, die eine nicht-chirurgische L\u00f6sung bevorzugen Personen, die eine schnelle und effektive L\u00f6sung w\u00fcnschen Menschen, die ein jugendliches Erscheinungsbild anstreben<\/p>\n<\/p><\/div>\n<\/p><\/div>\n<div>\n<div>\n<h2 class=\"h2-header\">Warum ist die Halsverj\u00fcngung beliebt?<\/h2>\n<\/p><\/div>\n<div>\n<p class=\"p-text\">Die Halsverj\u00fcngung erm\u00f6glicht die Korrektur von Alterserscheinungen im Halsbereich ohne chirurgischen Eingriff. Die M\u00f6glichkeit, sowohl schnelle als auch nat\u00fcrliche Ergebnisse zu erzielen, tr\u00e4gt zur Beliebtheit dieses Verfahrens bei. Dar\u00fcber hinaus machen minimale Schmerzen und eine kurze Erholungszeit die Behandlung noch attraktiver. Da der Halsbereich zu den am st\u00e4rksten von Alterungsprozessen betroffenen Bereichen geh\u00f6rt, weckt diese Behandlung gro\u00dfes Interesse.<\/p>\n<\/p><\/div>\n<\/p><\/div>\n<div>\n<div>\n<h2 class=\"h2-header\">Wie wird die Halsverj\u00fcngung durchgef\u00fchrt?<\/h2>\n<\/p><\/div>\n<div>\n<p class=\"p-text\">Die Halsverj\u00fcngung kann mit verschiedenen Methoden durchgef\u00fchrt werden, darunter Dermal Filler, Botox-Injektionen, PRP-Behandlungen und Lasertherapie. Botox entspannt die Muskeln, um Falten zu reduzieren, w\u00e4hrend Filler verlorenes Volumen wiederherstellen. PRP-Behandlungen stimulieren die Hauterneuerung, und Lasertherapie zielt auf Hautunregelm\u00e4\u00dfigkeiten und feine Linien ab. Diese Verfahren werden in der Regel unter lokaler Bet\u00e4ubung durchgef\u00fchrt.<\/p>\n<\/p><\/div>\n<\/p><\/div>\n<div>\n<div>\n<h2 class=\"h2-header\">Verursacht die Behandlung Schmerzen oder Unannehmlichkeiten?<\/h2>\n<\/p><\/div>\n<div>\n<p class=\"p-text\">Halsverj\u00fcngungsbehandlungen werden in der Regel mit minimalen Schmerzen durchgef\u00fchrt. W\u00e4hrend der Injektion von Fillern und Botox kann ein leichtes Stechen versp\u00fcrt werden, doch dieses Unbehagen ist meist nur von kurzer Dauer. Um den Komfort der Patienten zu gew\u00e4hrleisten, wird vor der Behandlung eine bet\u00e4ubende Creme oder ein Gel aufgetragen. Die meisten Menschen versp\u00fcren nach dem Eingriff keine Schmerzen.<\/p>\n<\/p><\/div>\n<\/p><\/div>\n<div>\n<div>\n<h2 class=\"h2-header\">Wie lange dauert der Eingriff?<\/h2>\n<\/p><\/div>\n<div>\n<p class=\"p-text\">Halsverj\u00fcngungsbehandlungen dauern in der Regel zwischen 30 Minuten und 1 Stunde. Die Dauer kann je nach verwendeter Methode variieren. Filler-Injektionen und Botox-Anwendungen sind meist schneller abgeschlossen, w\u00e4hrend Lasertherapien etwas mehr Zeit in Anspruch nehmen k\u00f6nnen. Alle Verfahren sind jedoch kurz, sodass Patienten direkt nach der Behandlung zu ihrem Alltag zur\u00fcckkehren k\u00f6nnen.<\/p>\n<\/p><\/div>\n<\/p><\/div>\n<div>\n<div>\n<h2 class=\"h2-header\">Wie lange dauert die Erholungszeit?<\/h2>\n<\/p><\/div>\n<div>\n<p class=\"p-text\">Die Erholungszeit nach einer Halsverj\u00fcngungsbehandlung ist in der Regel kurz. In den ersten Tagen k\u00f6nnen leichte R\u00f6tungen oder Bluterg\u00fcsse auftreten, doch diese Symptome verschwinden normalerweise innerhalb von 2-3 Tagen. Die endg\u00fcltigen Ergebnisse werden innerhalb von 1-2 Wochen sichtbar. Die positiven Effekte der Hautverj\u00fcngung und der jugendlichen Ausstrahlung verst\u00e4rken sich mit der Zeit.<\/p>\n<\/p><\/div>\n<\/p><\/div>\n<div>\n<div>\n<h2 class=\"h2-header\">Warum Dr. Terziler Exclusive Clinic?<\/h2>\n<\/p><\/div>\n<div>\n<p class=\"p-text\">Dr. Terziler, weltweit anerkannt f\u00fcr seine \u00e4sthetische Expertise, verbindet Kunst und Wissenschaft, um personalisierte L\u00f6sungen zu schaffen, die nicht nur physische, sondern auch emotionale Transformationen erm\u00f6glichen. Unsere Klinik, ausgestattet mit modernster Technologie und einer Philosophie der Exzellenz, gew\u00e4hrleistet h\u00f6chsten Komfort und Sicherheit. Jede Behandlung ist darauf ausgerichtet, Ihr allgemeines Wohlbefinden und Ihre Zufriedenheit zu steigern.<\/p>\n<\/p><\/div>\n<\/p><\/div>\n<\/p><\/div>\n<\/section>\n","protected":false},"excerpt":{"rendered":"<p>Nackenverj\u00fcngung Es handelt sich um ein nicht-chirurgisches Verfahren zur Korrektur altersbedingter Falten, Erschlaffung und feiner Linien. Techniken wie Filler, Botox, Laser und PRP werden eingesetzt, um die Halshaut straffer, glatter und jugendlicher erscheinen zu lassen. Diese Behandlung wird oft bevorzugt, da sie schnelle und wirksame Ergebnisse bei minimalen Schmerzen und einer kurzen Erholungszeit liefert. Dr. [&hellip;]<\/p>\n","protected":false},"author":6,"featured_media":0,"parent":2870,"menu_order":0,"comment_status":"closed","ping_status":"closed","template":"","meta":{"footnotes":""},"class_list":["post-17598","page","type-page","status-publish","hentry"],"_links":{"self":[{"href":"https:\/\/drterziler.com\/de\/wp-json\/wp\/v2\/pages\/17598","targetHints":{"allow":["GET"]}}],"collection":[{"href":"https:\/\/drterziler.com\/de\/wp-json\/wp\/v2\/pages"}],"about":[{"href":"https:\/\/drterziler.com\/de\/wp-json\/wp\/v2\/types\/page"}],"author":[{"embeddable":true,"href":"https:\/\/drterziler.com\/de\/wp-json\/wp\/v2\/users\/6"}],"replies":[{"embeddable":true,"href":"https:\/\/drterziler.com\/de\/wp-json\/wp\/v2\/comments?post=17598"}],"version-history":[{"count":14,"href":"https:\/\/drterziler.com\/de\/wp-json\/wp\/v2\/pages\/17598\/revisions"}],"predecessor-version":[{"id":59674,"href":"https:\/\/drterziler.com\/de\/wp-json\/wp\/v2\/pages\/17598\/revisions\/59674"}],"up":[{"embeddable":true,"href":"https:\/\/drterziler.com\/de\/wp-json\/wp\/v2\/pages\/2870"}],"wp:attachment":[{"href":"https:\/\/drterziler.com\/de\/wp-json\/wp\/v2\/media?parent=17598"}],"curies":[{"name":"wp","href":"https:\/\/api.w.org\/{rel}","templated":true}]}}