{"id":17631,"date":"2025-01-28T09:16:46","date_gmt":"2025-01-28T09:16:46","guid":{"rendered":"https:\/\/drterziler.com\/medizinische-aesthetik\/dekolte-genclestirme\/"},"modified":"2026-03-06T02:41:40","modified_gmt":"2026-03-06T02:41:40","slug":"dekollete-verjuengung","status":"publish","type":"page","link":"https:\/\/drterziler.com\/de\/medizinische-aesthetik\/dekollete-verjuengung\/","title":{"rendered":"Dekollet\u00e9-Verj\u00fcngung"},"content":{"rendered":"<div class=\"page-content\">\n<div id=\"header-area\">\n<div class=\"container\" id=\"firstContent\">\n<div class=\"header-content d-flex flex-column\">\n<h1 class=\"content-title h1-header\">Dekollet\u00e9-Verj\u00fcngung<\/h1>\n<div class=\"content-paragraph\">\n<p class=\"p-text\">Die Behandlung zur Verj\u00fcngung des Dekollet\u00e9s ist ein innovatives Verfahren, das feine Linien, Hautunreinheiten und den Verlust der Hautelastizit\u00e4t im Hals- und Brustbereich bek\u00e4mpft. Durch nat\u00fcrliche Inhaltsstoffe unterst\u00fctzte Methoden straffen die Haut und sorgen gleichzeitig f\u00fcr ein j\u00fcngeres und strahlenderes Aussehen. Diese Behandlung bietet eine wirksame L\u00f6sung f\u00fcr ein glattes und strahlendes Dekollet\u00e9.<\/p>\n<\/p><\/div>\n<nav aria-label=\"breadcrumb\" class=\"breadcrumbs\">\n<ul class=\"d-flex align-items-center mb-0\">\n<li><a class=\"link\" href=\"https:\/\/drterziler.com\/de\/\"><span>Dr. Terziler Exclusive Clinic<\/span><\/a><\/li>\n<li class=\"separator\">\u00bb<\/li>\n<li><a class=\"link\" href=\"https:\/\/drterziler.com\/de\/medizinische-aesthetik\/\"><span>Medizinische \u00c4sthetik<\/span><\/a><\/li>\n<li class=\"separator\">\u00bb<\/li>\n<li class=\"current-page\"><span>Dekollet\u00e9-Verj\u00fcngung<\/span><\/li>\n<\/ul>\n<\/nav><\/div>\n<\/p><\/div>\n<\/p><\/div>\n<\/div>\n<section id=\"content-area\">\n<div class=\"container my-5\">\n<div class=\"row align-items-start\">\n<div class=\"col-md-6 order-2 order-md-1\">\n<div class=\"custom-toc-box\">\n<div id=\"toc-header\">\n<h4>Inhaltsverzeichnis<\/h4>\n<div class=\"toc-toggle-icon\"><\/div>\n<\/p><\/div>\n<div class=\"toc-full-divider\"><\/div>\n<div id=\"toc-body\">\n<div id=\"toc-container\"><\/div>\n<\/p><\/div>\n<\/p><\/div>\n<\/p><\/div>\n<div class=\"col-md-6 order-1 order-md-2\" id=\"jForm\">\n                <script type=\"text\/javascript\" src=\"https:\/\/form.jotform.com\/jsform\/242882128947973\"><\/script>\n            <\/div>\n<\/p><\/div>\n<\/p><\/div>\n<div class=\"container\">\n<div class=\"img-thumb\">\n            <img decoding=\"async\" src=\"https:\/\/drterziler.com\/wp-content\/uploads\/2025\/01\/Dekolte-Genclestirme.webp\" alt=\"Dekollet\u00e9-Verj\u00fcngung\" loading=\"lazy\">\n        <\/div>\n<div>\n<div>\n<h2 class=\"h2-header\">Dekollet\u00e9-Verj\u00fcngung<\/h2>\n<\/p><\/div>\n<div>\n<p class=\"p-text\">Die Dekollet\u00e9-Verj\u00fcngungsbehandlung ist ein \u00e4sthetisches Verfahren zur Beseitigung von Alterserscheinungen und zur Erneuerung der Haut im Dekollet\u00e9bereich. Aufgrund seiner d\u00fcnnen Hautstruktur kann dieser Bereich leicht durch Sonneneinstrahlung, Alterung und andere Umweltfaktoren beeinflusst werden. Die Behandlung wird mit speziellen Technologien und hauterneuernden Methoden durchgef\u00fchrt, um feine Linien zu reduzieren, die Haut zu straffen und ein strahlenderes Erscheinungsbild zu erzielen.<\/p>\n<\/p><\/div>\n<\/p><\/div>\n<div>\n<div>\n<h2 class=\"h2-header\">Was sind die Vorteile?<\/h2>\n<\/p><\/div>\n<div>\n<p class=\"p-text\">Erneuert und revitalisiert die Haut. Sorgt f\u00fcr ein jugendliches und straffes Erscheinungsbild. Reduziert Falten. Reguliert den Hautton. Reduziert Sonnenflecken. Steigert die Kollagenproduktion. Sorgt f\u00fcr ein nat\u00fcrliches Aussehen.<\/p>\n<\/p><\/div>\n<\/p><\/div>\n<div>\n<div>\n<h2 class=\"h2-header\">F\u00fcr wen ist die Behandlung geeignet?<\/h2>\n<\/p><\/div>\n<div>\n<p class=\"p-text\">Personen, die ihre Haut erneuern m\u00f6chten. Menschen mit Alterserscheinungen. Personen, die nicht-chirurgische Methoden bevorzugen. Menschen, die unter Sonnenflecken leiden. Personen mit empfindlicher Haut. Menschen mit nachlassender Hautelastizit\u00e4t. Personen, die nat\u00fcrliche Sch\u00f6nheit anstreben. Menschen, die eine schnelle Erholungsphase w\u00fcnschen.<\/p>\n<\/p><\/div>\n<\/p><\/div>\n<div>\n<div>\n<h2 class=\"h2-header\">Warum ist die Dekollet\u00e9-Verj\u00fcngung beliebt?<\/h2>\n<\/p><\/div>\n<div>\n<p class=\"p-text\">Die Dekollet\u00e9-Verj\u00fcngungsbehandlung wird wegen ihrer schnellen und effektiven Ergebnisse bevorzugt. Ihre nicht-chirurgische und minimalinvasive Natur erh\u00f6ht die Nachfrage nach dieser Behandlung. Zudem macht die M\u00f6glichkeit, sofort sichtbare Ver\u00e4nderungen der Haut zu erkennen, sowie die kurze Erholungszeit diese Behandlung besonders attraktiv. Sie bietet eine ideale L\u00f6sung f\u00fcr diejenigen, die mit kleinen Eingriffen gro\u00dfe Ver\u00e4nderungen erzielen m\u00f6chten.<\/p>\n<\/p><\/div>\n<\/p><\/div>\n<div>\n<div>\n<h2 class=\"h2-header\">Wie wird die Dekollet\u00e9-Verj\u00fcngung durchgef\u00fchrt?<\/h2>\n<\/p><\/div>\n<div>\n<p class=\"p-text\">Die Behandlung erfolgt durch die Anwendung von speziell f\u00fcr das Dekollet\u00e9 ausgew\u00e4hlten Hauterneuerungsprotokollen. Typischerweise werden Methoden wie Mikronadeln, Lasertherapien oder Vitamininjektionen bevorzugt. Die Anwendung wird pr\u00e4zise von einem erfahrenen Arzt durchgef\u00fchrt und individuell an die Bed\u00fcrfnisse der Haut angepasst. W\u00e4hrend des Verfahrens werden hygienische Bedingungen und modernste Technologien genutzt.<\/p>\n<\/p><\/div>\n<\/p><\/div>\n<div>\n<div>\n<h2 class=\"h2-header\">Verursacht die Behandlung Schmerzen oder Unannehmlichkeiten?<\/h2>\n<\/p><\/div>\n<div>\n<p class=\"p-text\">W\u00e4hrend der Behandlung kann es zu leichten Beschwerden kommen, jedoch sind diese minimal und f\u00fcr den Patienten nicht unangenehm. Um den Komfort zu gew\u00e4hrleisten, werden bet\u00e4ubende Cremes oder beruhigende Methoden angewendet. Die meisten Patienten erleben nach dem Eingriff eine schnelle Erholungsphase.<\/p>\n<\/p><\/div>\n<\/p><\/div>\n<div>\n<div>\n<h2 class=\"h2-header\">Wie lange dauert die Anwendung?<\/h2>\n<\/p><\/div>\n<div>\n<p class=\"p-text\">Die Dekollet\u00e9-Verj\u00fcngungsbehandlung dauert in der Regel zwischen 30 und 60 Minuten. In dieser kurzen Zeit k\u00f6nnen effektive und sichtbare Ergebnisse erzielt werden. Die genaue Behandlungsdauer kann je nach gew\u00e4hlter Methode und den individuellen Hautbed\u00fcrfnissen variieren.<\/p>\n<\/p><\/div>\n<\/p><\/div>\n<div>\n<div>\n<h2 class=\"h2-header\">Wie viele Tage dauert die Heilung?<\/h2>\n<\/p><\/div>\n<div>\n<p class=\"p-text\">Die Heilungsphase nach der Behandlung betr\u00e4gt in der Regel 2 bis 5 Tage. Es kann zu leichter R\u00f6tung oder Empfindlichkeit kommen, doch diese Effekte klingen schnell ab. Eine sorgf\u00e4ltige Nachsorge und das Befolgen der Empfehlungen des Arztes k\u00f6nnen den Heilungsprozess zus\u00e4tzlich beschleunigen.<\/p>\n<\/p><\/div>\n<\/p><\/div>\n<div>\n<div>\n<h2 class=\"h2-header\">Warum Dr. Terziler Exclusive Clinic?<\/h2>\n<\/p><\/div>\n<div>\n<p class=\"p-text\">Dr. Terziler, international anerkannt f\u00fcr seine \u00e4sthetische Expertise, kombiniert Kunst mit Wissenschaft und bietet ma\u00dfgeschneiderte L\u00f6sungen, die nicht nur physische, sondern auch emotionale Transformationen erm\u00f6glichen. Unsere Klinik, ausgestattet mit modernster Technologie und auf Komfort und Sicherheit ausgerichtet, verfolgt eine Philosophie der Perfektion. Denn hier ist jede Behandlung darauf ausgerichtet, Ihr ganzheitliches Wohlbefinden und Ihre Zufriedenheit zu f\u00f6rdern.<\/p>\n<\/p><\/div>\n<\/p><\/div>\n<\/p><\/div>\n<\/section>\n","protected":false},"excerpt":{"rendered":"<p>Dekollet\u00e9-Verj\u00fcngung Die Behandlung zur Verj\u00fcngung des Dekollet\u00e9s ist ein innovatives Verfahren, das feine Linien, Hautunreinheiten und den Verlust der Hautelastizit\u00e4t im Hals- und Brustbereich bek\u00e4mpft. Durch nat\u00fcrliche Inhaltsstoffe unterst\u00fctzte Methoden straffen die Haut und sorgen gleichzeitig f\u00fcr ein j\u00fcngeres und strahlenderes Aussehen. Diese Behandlung bietet eine wirksame L\u00f6sung f\u00fcr ein glattes und strahlendes Dekollet\u00e9. Dr. [&hellip;]<\/p>\n","protected":false},"author":6,"featured_media":0,"parent":2870,"menu_order":0,"comment_status":"closed","ping_status":"closed","template":"","meta":{"footnotes":""},"class_list":["post-17631","page","type-page","status-publish","hentry"],"_links":{"self":[{"href":"https:\/\/drterziler.com\/de\/wp-json\/wp\/v2\/pages\/17631","targetHints":{"allow":["GET"]}}],"collection":[{"href":"https:\/\/drterziler.com\/de\/wp-json\/wp\/v2\/pages"}],"about":[{"href":"https:\/\/drterziler.com\/de\/wp-json\/wp\/v2\/types\/page"}],"author":[{"embeddable":true,"href":"https:\/\/drterziler.com\/de\/wp-json\/wp\/v2\/users\/6"}],"replies":[{"embeddable":true,"href":"https:\/\/drterziler.com\/de\/wp-json\/wp\/v2\/comments?post=17631"}],"version-history":[{"count":18,"href":"https:\/\/drterziler.com\/de\/wp-json\/wp\/v2\/pages\/17631\/revisions"}],"predecessor-version":[{"id":59676,"href":"https:\/\/drterziler.com\/de\/wp-json\/wp\/v2\/pages\/17631\/revisions\/59676"}],"up":[{"embeddable":true,"href":"https:\/\/drterziler.com\/de\/wp-json\/wp\/v2\/pages\/2870"}],"wp:attachment":[{"href":"https:\/\/drterziler.com\/de\/wp-json\/wp\/v2\/media?parent=17631"}],"curies":[{"name":"wp","href":"https:\/\/api.w.org\/{rel}","templated":true}]}}