{"id":17664,"date":"2025-01-28T09:21:44","date_gmt":"2025-01-28T09:21:44","guid":{"rendered":"https:\/\/drterziler.com\/medizinische-aesthetik\/gidi-genclestirme\/"},"modified":"2026-03-06T02:42:25","modified_gmt":"2026-03-06T02:42:25","slug":"doppelkinn-verjuengung","status":"publish","type":"page","link":"https:\/\/drterziler.com\/de\/medizinische-aesthetik\/doppelkinn-verjuengung\/","title":{"rendered":"Doppelkinn-Verj\u00fcngung"},"content":{"rendered":"<div class=\"page-content\">\n<div id=\"header-area\">\n<div class=\"container\" id=\"firstContent\">\n<div class=\"header-content d-flex flex-column\">\n<h1 class=\"content-title h1-header\">Doppelkinn-Verj\u00fcngung<\/h1>\n<div class=\"content-paragraph\">\n<p class=\"p-text\">Die Doppelkinn-Verj\u00fcngungsbehandlung zielt darauf ab, die Erschlaffung und Schlaffheit der Haut zu reduzieren und so ein j\u00fcngeres und strafferes Aussehen zu erzielen. Diese Behandlung kann mit Methoden wie Botox, Fillern und Laser durchgef\u00fchrt werden, die die Fettansammlung in dem Bereich reduzieren und die Hautelastizit\u00e4t erh\u00f6hen. Dadurch wird die Kieferpartie definierter und die Gesichtskontur verbessert sich.<\/p>\n<\/p><\/div>\n<nav aria-label=\"breadcrumb\" class=\"breadcrumbs\">\n<ul class=\"d-flex align-items-center mb-0\">\n<li><a class=\"link\" href=\"https:\/\/drterziler.com\/de\/\"><span>Dr. Terziler Exclusive Clinic<\/span><\/a><\/li>\n<li class=\"separator\">\u00bb<\/li>\n<li><a class=\"link\" href=\"https:\/\/drterziler.com\/de\/medizinische-aesthetik\/\"><span>Medizinische \u00c4sthetik<\/span><\/a><\/li>\n<li class=\"separator\">\u00bb<\/li>\n<li class=\"current-page\"><span>Doppelkinn-Verj\u00fcngung<\/span><\/li>\n<\/ul>\n<\/nav><\/div>\n<\/p><\/div>\n<\/p><\/div>\n<\/div>\n<section id=\"content-area\">\n<div class=\"container my-5\">\n<div class=\"row align-items-start\">\n<div class=\"col-md-6 order-2 order-md-1\">\n<div class=\"custom-toc-box\">\n<div id=\"toc-header\">\n<h4>Inhaltsverzeichnis<\/h4>\n<div class=\"toc-toggle-icon\"><\/div>\n<\/p><\/div>\n<div class=\"toc-full-divider\"><\/div>\n<div id=\"toc-body\">\n<div id=\"toc-container\"><\/div>\n<\/p><\/div>\n<\/p><\/div>\n<\/p><\/div>\n<div class=\"col-md-6 order-1 order-md-2\" id=\"jForm\">\n                <script type=\"text\/javascript\" src=\"https:\/\/form.jotform.com\/jsform\/242882128947973\"><\/script>\n            <\/div>\n<\/p><\/div>\n<\/p><\/div>\n<div class=\"container\">\n<div class=\"img-thumb\">\n            <img decoding=\"async\" src=\"https:\/\/drterziler.com\/wp-content\/uploads\/2025\/01\/Gidi-Genclestirme.webp\" alt=\"Doppelkinn-Verj\u00fcngung\" loading=\"lazy\">\n        <\/div>\n<div>\n<div>\n<h2 class=\"h2-header\">Doppelkinn-Verj\u00fcngungsbehandlung<\/h2>\n<\/p><\/div>\n<div>\n<p class=\"p-text\">Die Doppelkinn-Verj\u00fcngungsbehandlung ist ein \u00e4sthetisches Verfahren zur Beseitigung von Erschlaffung, Fettansammlungen und dem Verlust der Hautelastizit\u00e4t im Bereich von Hals und Kinn. Ziel ist es, in diesem Bereich ein strafferes, glatteres und jugendlicheres Erscheinungsbild zu erreichen. Die Behandlung bietet eine Vielzahl von Optionen, von nicht-chirurgischen Technologien \u00fcber Injektionen bis hin zu chirurgischen Methoden. Dies macht sie zu einer effektiven Alternative sowohl f\u00fcr diejenigen, die schnelle Ergebnisse suchen, als auch f\u00fcr diejenigen, die langfristige L\u00f6sungen bevorzugen.<\/p>\n<\/p><\/div>\n<\/p><\/div>\n<div>\n<div>\n<h2 class=\"h2-header\">Was sind die Vorteile der Doppelkinn-Verj\u00fcngung?<\/h2>\n<\/p><\/div>\n<div>\n<p class=\"p-text\">Nat\u00fcrliches und \u00e4sthetisches Erscheinungsbild. Kurze Erholungszeit. Lang anhaltende Ergebnisse. Erh\u00f6hte Hautelastizit\u00e4t. Minimalinvasive Anwendung. Straffere Kinnlinie. Effektive Ergebnisse in kurzer Zeit.<\/p>\n<\/p><\/div>\n<\/p><\/div>\n<div>\n<div>\n<h2 class=\"h2-header\">F\u00fcr wen ist die Behandlung geeignet?<\/h2>\n<\/p><\/div>\n<div>\n<p class=\"p-text\">Personen mit erschlaffter Halshaut. Menschen mit einer unscharfen Kinnlinie. Personen mit Alterserscheinungen. Menschen mit nachlassender Hautelastizit\u00e4t. Personen mit \u00fcberm\u00e4\u00dfiger Fettansammlung. Individuen, die chirurgische Eingriffe vermeiden m\u00f6chten. Menschen, die eine schnelle L\u00f6sung suchen. Personen, die nat\u00fcrliche Ergebnisse bevorzugen.<\/p>\n<\/p><\/div>\n<\/p><\/div>\n<div>\n<div>\n<h2 class=\"h2-header\">Warum ist diese Behandlung beliebt?<\/h2>\n<\/p><\/div>\n<div>\n<p class=\"p-text\">Die Doppelkinn-Verj\u00fcngungsbehandlung hat in den letzten Jahren aufgrund ihrer sichtbaren Ergebnisse und der M\u00f6glichkeit, sie mit minimalinvasiven Methoden durchzuf\u00fchren, an Beliebtheit gewonnen. Ihre nicht-chirurgische Natur und die schnelle Erholungszeit haben die Anzahl der Personen, die sich f\u00fcr diese Behandlung entscheiden, erh\u00f6ht. Dar\u00fcber hinaus haben Fortschritte in der Technologie komfortablere und effektivere Behandlungsm\u00f6glichkeiten hervorgebracht, wodurch sie zu einer immer beliebteren Wahl wird.<\/p>\n<\/p><\/div>\n<\/p><\/div>\n<div>\n<div>\n<h2 class=\"h2-header\">Wie wird die Behandlung durchgef\u00fchrt?<\/h2>\n<\/p><\/div>\n<div>\n<p class=\"p-text\">Die Behandlung variiert je nach bevorzugter Methode. Bei nicht-chirurgischen Methoden werden in der Regel Ultraschall- oder Radiofrequenztechnologien eingesetzt, um Energie an das subkutane Fettgewebe abzugeben. Diese Energie reduziert Fett und stimuliert gleichzeitig die Kollagenproduktion in der Haut. Bei Injektionsmethoden k\u00f6nnen fettl\u00f6sende Substanzen oder Filler verwendet werden. In chirurgischen Verfahren werden invasivere Eingriffe wie Fettabsaugung oder Kinnstraffung durchgef\u00fchrt. Die Wahl der Methode h\u00e4ngt von den Bed\u00fcrfnissen und Erwartungen des Patienten ab.<\/p>\n<\/p><\/div>\n<\/p><\/div>\n<div>\n<div>\n<h2 class=\"h2-header\">Verursacht die Behandlung Schmerzen oder Unannehmlichkeiten?<\/h2>\n<\/p><\/div>\n<div>\n<p class=\"p-text\">Nicht-chirurgische Methoden werden in der Regel mit minimalem Unbehagen durchgef\u00fchrt. W\u00e4hrend der Behandlung kann ein leichtes W\u00e4rme- oder Kribbelgef\u00fchl im behandelten Bereich auftreten. Bei Injektionsmethoden werden feine Nadeln verwendet, sodass der Schmerz minimal ist. In chirurgischen Methoden wird eine lokale Bet\u00e4ubung eingesetzt, sodass der Patient keine Schmerzen versp\u00fcrt, jedoch danach leichte Empfindlichkeit auftreten kann.<\/p>\n<\/p><\/div>\n<\/p><\/div>\n<div>\n<div>\n<h2 class=\"h2-header\">Wie lange dauert die Anwendung?<\/h2>\n<\/p><\/div>\n<div>\n<p class=\"p-text\">Die Dauer der Behandlung h\u00e4ngt von der gew\u00e4hlten Methode ab. Nicht-chirurgische Methoden dauern in der Regel zwischen 30 und 60 Minuten. Injektionsbehandlungen k\u00f6nnen in einer noch k\u00fcrzeren Zeit, normalerweise innerhalb von 15 bis 30 Minuten, abgeschlossen werden. Bei chirurgischen Methoden kann der Eingriff zwischen 1 und 3 Stunden dauern.<\/p>\n<\/p><\/div>\n<\/p><\/div>\n<div>\n<div>\n<h2 class=\"h2-header\">Wie viele Tage dauert die Heilung?<\/h2>\n<\/p><\/div>\n<div>\n<p class=\"p-text\">Bei nicht-chirurgischen Behandlungen kann der Patient noch am selben Tag zu seinem Alltag zur\u00fcckkehren. Der Heilungsprozess bei Injektionsbehandlungen ist in der Regel auf 1 bis 2 Tage begrenzt. Bei chirurgischen Methoden kann die Erholungszeit zwischen 7 und 14 Tagen betragen. Um jedoch die endg\u00fcltigen Ergebnisse der Behandlung zu sehen, kann es erforderlich sein, 4 bis 6 Wochen zu warten.<\/p>\n<\/p><\/div>\n<\/p><\/div>\n<div>\n<div>\n<h2 class=\"h2-header\">Warum Dr. Terziler Exclusive Clinic?<\/h2>\n<\/p><\/div>\n<div>\n<p class=\"p-text\">Dr. Terziler, international anerkannt f\u00fcr seine \u00e4sthetische Expertise, kombiniert Kunst mit Wissenschaft und bietet ma\u00dfgeschneiderte L\u00f6sungen, die nicht nur physische, sondern auch emotionale Transformationen erm\u00f6glichen. Unsere Klinik, ausgestattet mit modernster Technologie und auf Komfort und Sicherheit ausgerichtet, verfolgt eine Philosophie der Perfektion. Denn hier ist jede Behandlung darauf ausgerichtet, Ihr ganzheitliches Wohlbefinden und Ihre Zufriedenheit zu f\u00f6rdern.<\/p>\n<\/p><\/div>\n<\/p><\/div>\n<\/p><\/div>\n<\/section>\n","protected":false},"excerpt":{"rendered":"<p>Doppelkinn-Verj\u00fcngung Die Doppelkinn-Verj\u00fcngungsbehandlung zielt darauf ab, die Erschlaffung und Schlaffheit der Haut zu reduzieren und so ein j\u00fcngeres und strafferes Aussehen zu erzielen. Diese Behandlung kann mit Methoden wie Botox, Fillern und Laser durchgef\u00fchrt werden, die die Fettansammlung in dem Bereich reduzieren und die Hautelastizit\u00e4t erh\u00f6hen. Dadurch wird die Kieferpartie definierter und die Gesichtskontur verbessert [&hellip;]<\/p>\n","protected":false},"author":6,"featured_media":0,"parent":2870,"menu_order":0,"comment_status":"closed","ping_status":"closed","template":"","meta":{"footnotes":""},"class_list":["post-17664","page","type-page","status-publish","hentry"],"_links":{"self":[{"href":"https:\/\/drterziler.com\/de\/wp-json\/wp\/v2\/pages\/17664","targetHints":{"allow":["GET"]}}],"collection":[{"href":"https:\/\/drterziler.com\/de\/wp-json\/wp\/v2\/pages"}],"about":[{"href":"https:\/\/drterziler.com\/de\/wp-json\/wp\/v2\/types\/page"}],"author":[{"embeddable":true,"href":"https:\/\/drterziler.com\/de\/wp-json\/wp\/v2\/users\/6"}],"replies":[{"embeddable":true,"href":"https:\/\/drterziler.com\/de\/wp-json\/wp\/v2\/comments?post=17664"}],"version-history":[{"count":15,"href":"https:\/\/drterziler.com\/de\/wp-json\/wp\/v2\/pages\/17664\/revisions"}],"predecessor-version":[{"id":59678,"href":"https:\/\/drterziler.com\/de\/wp-json\/wp\/v2\/pages\/17664\/revisions\/59678"}],"up":[{"embeddable":true,"href":"https:\/\/drterziler.com\/de\/wp-json\/wp\/v2\/pages\/2870"}],"wp:attachment":[{"href":"https:\/\/drterziler.com\/de\/wp-json\/wp\/v2\/media?parent=17664"}],"curies":[{"name":"wp","href":"https:\/\/api.w.org\/{rel}","templated":true}]}}