{"id":17697,"date":"2025-01-28T09:24:47","date_gmt":"2025-01-28T09:24:47","guid":{"rendered":"https:\/\/drterziler.com\/medizinische-aesthetik\/diger-botoks-uygulamalari\/"},"modified":"2026-05-04T08:51:55","modified_gmt":"2026-05-04T08:51:55","slug":"andere-botox-behandlungen","status":"publish","type":"page","link":"https:\/\/drterziler.com\/de\/medizinische-aesthetik\/andere-botox-behandlungen\/","title":{"rendered":"Andere Botox-Behandlungen"},"content":{"rendered":"<div class=\"page-content category-page\">\n<div id=\"header-area\">\n<div class=\"container\" id=\"firstContent\">\n<div class=\"header-content d-flex flex-column\">\n<h1 class=\"content-title\">Andere Botox-Behandlungen<\/h1>\n<div class=\"content-paragraph\">\n<p>Botox ist eine effektive Behandlungsmethode, die ein breites Spektrum an Anwendungen sowohl im \u00e4sthetischen als auch im medizinischen Bereich abdeckt. Masseter-Botox hilft, die Gesichtskonturen zu verfeinern, indem es \u00fcberm\u00e4\u00dfige Spannungen in der Kiefermuskulatur reduziert, w\u00e4hrend Migr\u00e4ne-Botox Kopfschmerzen lindert und die Lebensqualit\u00e4t verbessert. Schwitz-Botox kontrolliert \u00fcberm\u00e4\u00dfiges Schwitzen und macht den Alltag komfortabler. Diese Arten von Botox werden aufgrund ihrer minimalinvasiven Natur und der kurzen Erholungszeiten h\u00e4ufig bevorzugt.<\/p>\n<\/p><\/div>\n<nav aria-label=\"breadcrumb\" class=\"breadcrumbs\">\n<ul class=\"d-flex align-items-center mb-0\">\n<li><a class=\"link\" href=\"https:\/\/drterziler.com\/de\/\"><span>Dr. Terziler<\/span><\/a><\/li>\n<li class=\"separator\">\u00bb<\/li>\n<li><a class=\"link\" href=\"https:\/\/drterziler.com\/de\/medizinische-aesthetik\/\"><span>Medizinische \u00c4sthetik<\/span><\/a><\/li>\n<li class=\"separator\">\u00bb<\/li>\n<li class=\"current-page\"><span>Andere Botox-Behandlungen<\/span><\/li>\n<\/ul>\n<\/nav><\/div>\n<\/p><\/div>\n<\/p><\/div>\n<\/div>\n<section class=\"svc-section\">\n<div class=\"container\">\n<div class=\"svc-item right-card\">\n<div class=\"svc-media\">\n                <img decoding=\"async\" src=\"https:\/\/drterziler.com\/wp-content\/uploads\/2025\/02\/Terleme-Botoksu.webp\" alt=\"Schwitz-Botox\" loading=\"lazy\" class=\"cat-img\">\n            <\/div>\n<div class=\"svc-card\">\n<h3 class=\"svc-title gilda\">Schwitz-Botox<\/h3>\n<p class=\"svc-text barlow\">\n                    Schwitz-Botox ist eine wirksame Behandlungsmethode, bei der Botulinumtoxin zur Kontrolle von \u00fcberm\u00e4\u00dfigem Schwitzen eingesetzt wird. Es stoppt vor\u00fcbergehend die Schwei\u00dfproduktion in Bereichen wie den Achselh\u00f6hlen, Handfl\u00e4chen und Fu\u00dfsohlen und sorgt so f\u00fcr Erleichterung.\n                <\/p>\n<p>                <a class=\"btn-details barlow-condensed\" href=\"https:\/\/drterziler.com\/de\/medizinische-aesthetik\/andere-botox-behandlungen\/schweiss-botox\/\">DETAILS<\/a>\n            <\/div>\n<\/p><\/div>\n<div class=\"svc-item left-card\">\n<div class=\"svc-media\">\n                <img decoding=\"async\" src=\"https:\/\/drterziler.com\/wp-content\/uploads\/2025\/02\/Migren-Botoksu.webp\" alt=\"Migr\u00e4ne-Botox\" loading=\"lazy\" class=\"cat-img\">\n            <\/div>\n<div class=\"svc-card\">\n<h3 class=\"svc-title gilda\">Migr\u00e4ne-Botox<\/h3>\n<p class=\"svc-text barlow\">\n                    Migr\u00e4ne-Botox ist eine Behandlungsmethode mit Botulinumtoxin zur Vorbeugung h\u00e4ufiger und schwerer Migr\u00e4neattacken. Botox wird an spezifischen Stellen des Kopfes angewendet, was hilft, Schmerzen zu lindern und die H\u00e4ufigkeit der Attacken zu reduzieren. Diese Behandlung zielt darauf ab, die Lebensqualit\u00e4t durch Verringerung der Attacken zu verbessern, anstatt eine dauerhafte L\u00f6sung f\u00fcr die Migr\u00e4neerkrankung zu bieten.\n                <\/p>\n<p>                <a class=\"btn-details barlow-condensed\" href=\"https:\/\/drterziler.com\/de\/medizinische-aesthetik\/andere-botox-behandlungen\/migraene-botox\/\">DETAILS<\/a>\n            <\/div>\n<\/p><\/div>\n<div class=\"svc-item right-card\">\n<div class=\"svc-media\">\n                <img decoding=\"async\" src=\"https:\/\/drterziler.com\/wp-content\/uploads\/2025\/02\/Masseter-Botoksu.webp\" alt=\"Masseter-Botox\" loading=\"lazy\" class=\"cat-img\">\n            <\/div>\n<div class=\"svc-card\">\n<h3 class=\"svc-title gilda\">Masseter-Botox<\/h3>\n<p class=\"svc-text barlow\">\n                    Masseter-Botox ist eine Behandlungsmethode, die die Gesichtskonturen formt, indem sie die \u00dcberaktivit\u00e4t der Kiefermuskulatur verhindert. Insbesondere die durch eine \u00fcberm\u00e4\u00dfige Entwicklung der Muskeln im Kieferbereich verursachte Breite kann durch Botox-Injektionen reduziert werden. Dar\u00fcber hinaus bietet es eine L\u00f6sung f\u00fcr Z\u00e4hneknirschen und -pressen, indem es die Spannung in der Kiefermuskulatur l\u00f6st.\n                <\/p>\n<p>                <a class=\"btn-details barlow-condensed\" href=\"https:\/\/drterziler.com\/de\/medizinische-aesthetik\/andere-botox-behandlungen\/masseter-botox-de\/\">DETAILS<\/a>\n            <\/div>\n<\/p><\/div>\n<div class=\"svc-item left-card\">\n<div class=\"svc-media\">\n                <img decoding=\"async\" src=\"https:\/\/drterziler.com\/wp-content\/uploads\/2025\/04\/CIL-KOK-HUCRELI-KREM-ERKEKrev.webp\" alt=\"Hautpflegeprodukte\" loading=\"lazy\" class=\"cat-img\">\n            <\/div>\n<div class=\"svc-card\">\n<h3 class=\"svc-title gilda\">Hautpflegeprodukte<\/h3>\n<p class=\"svc-text barlow\">\n                    Die Creme wird einmal t\u00e4glich abends in einer erbsengro\u00dfen Menge auf die gereinigte Haut aufgetragen und durch Massage eingezogen. Sie erfrischt die Haut in den Bereichen, in denen sie angewendet wird. Sie kann auch auf die Taille, Ellbogen und Knie aufgetragen werden.\n                <\/p>\n<p>                <a class=\"btn-details barlow-condensed\" href=\"https:\/\/drterziler.com\/de\/medizinische-aesthetik\/andere-botox-behandlungen\/hautpflegeprodukte\/stammzellen-faktor-creme\/\">DETAILS<\/a>\n            <\/div>\n<\/p><\/div>\n<\/p><\/div>\n<\/section>\n","protected":false},"excerpt":{"rendered":"<p>Andere Botox-Behandlungen Botox ist eine effektive Behandlungsmethode, die ein breites Spektrum an Anwendungen sowohl im \u00e4sthetischen als auch im medizinischen Bereich abdeckt. Masseter-Botox hilft, die Gesichtskonturen zu verfeinern, indem es \u00fcberm\u00e4\u00dfige Spannungen in der Kiefermuskulatur reduziert, w\u00e4hrend Migr\u00e4ne-Botox Kopfschmerzen lindert und die Lebensqualit\u00e4t verbessert. Schwitz-Botox kontrolliert \u00fcberm\u00e4\u00dfiges Schwitzen und macht den Alltag komfortabler. Diese Arten [&hellip;]<\/p>\n","protected":false},"author":6,"featured_media":0,"parent":2870,"menu_order":0,"comment_status":"closed","ping_status":"closed","template":"","meta":{"footnotes":""},"class_list":["post-17697","page","type-page","status-publish","hentry"],"_links":{"self":[{"href":"https:\/\/drterziler.com\/de\/wp-json\/wp\/v2\/pages\/17697","targetHints":{"allow":["GET"]}}],"collection":[{"href":"https:\/\/drterziler.com\/de\/wp-json\/wp\/v2\/pages"}],"about":[{"href":"https:\/\/drterziler.com\/de\/wp-json\/wp\/v2\/types\/page"}],"author":[{"embeddable":true,"href":"https:\/\/drterziler.com\/de\/wp-json\/wp\/v2\/users\/6"}],"replies":[{"embeddable":true,"href":"https:\/\/drterziler.com\/de\/wp-json\/wp\/v2\/comments?post=17697"}],"version-history":[{"count":39,"href":"https:\/\/drterziler.com\/de\/wp-json\/wp\/v2\/pages\/17697\/revisions"}],"predecessor-version":[{"id":63067,"href":"https:\/\/drterziler.com\/de\/wp-json\/wp\/v2\/pages\/17697\/revisions\/63067"}],"up":[{"embeddable":true,"href":"https:\/\/drterziler.com\/de\/wp-json\/wp\/v2\/pages\/2870"}],"wp:attachment":[{"href":"https:\/\/drterziler.com\/de\/wp-json\/wp\/v2\/media?parent=17697"}],"curies":[{"name":"wp","href":"https:\/\/api.w.org\/{rel}","templated":true}]}}