{"id":17836,"date":"2025-01-28T10:11:31","date_gmt":"2025-01-28T10:11:31","guid":{"rendered":"https:\/\/drterziler.com\/medizinische-aesthetik\/diger-botoks-uygulamalari\/migren-botoksu\/"},"modified":"2026-04-21T11:59:10","modified_gmt":"2026-04-21T11:59:10","slug":"migraene-botox","status":"publish","type":"page","link":"https:\/\/drterziler.com\/de\/medizinische-aesthetik\/andere-botox-behandlungen\/migraene-botox\/","title":{"rendered":"Migr\u00e4ne-Botox"},"content":{"rendered":"<div class=\"page-content\">\n<div id=\"header-area\">\n<div class=\"container\" id=\"firstContent\">\n<div class=\"header-content d-flex flex-column\">\n<h1 class=\"content-title h1-header\">Migr\u00e4ne-Botox<\/h1>\n<div class=\"content-paragraph\">\n<p class=\"p-text\">Migr\u00e4ne-Botox ist eine Behandlungsmethode, bei der Botulinumtoxin eingesetzt wird, um h\u00e4ufigen und schweren Migr\u00e4neattacken vorzubeugen. Die Anwendung von Botox auf bestimmte Bereiche des Kopfes lindert Schmerzen und verringert die H\u00e4ufigkeit von Anf\u00e4llen. Ziel dieser Behandlung ist es, die Lebensqualit\u00e4t zu verbessern, indem die H\u00e4ufigkeit der Anf\u00e4lle verringert wird, und nicht, eine dauerhafte L\u00f6sung f\u00fcr die Migr\u00e4neerkrankung zu bieten.<\/p>\n<\/p><\/div>\n<nav aria-label=\"breadcrumb\" class=\"breadcrumbs\">\n<ul class=\"d-flex align-items-center mb-0\">\n<li><a class=\"link\" href=\"https:\/\/drterziler.com\/de\/\"><span>Dr. Terziler<\/span><\/a><\/li>\n<li class=\"separator\">\u00bb<\/li>\n<li><a class=\"link\" href=\"https:\/\/drterziler.com\/de\/medizinische-aesthetik\/\"><span>Medizinische \u00c4sthetik<\/span><\/a><\/li>\n<li class=\"separator\">\u00bb<\/li>\n<li><a class=\"link\" href=\"https:\/\/drterziler.com\/de\/medizinische-aesthetik\/andere-botox-behandlungen\/\"><span>Andere Botox-Behandlungen<\/span><\/a><\/li>\n<li class=\"separator\">\u00bb<\/li>\n<li class=\"current-page\"><span>Migr\u00e4ne-Botox<\/span><\/li>\n<\/ul>\n<\/nav><\/div>\n<\/p><\/div>\n<\/p><\/div>\n<\/div>\n<section id=\"content-area\">\n<div class=\"container my-5\">\n<div class=\"row align-items-start\">\n<div class=\"col-md-6 order-2 order-md-1\">\n<div class=\"custom-toc-box\">\n<div id=\"toc-header\">\n<h4>Inhaltsverzeichnis<\/h4>\n<div class=\"toc-toggle-icon\"><\/div>\n<\/p><\/div>\n<div class=\"toc-full-divider\"><\/div>\n<div id=\"toc-body\">\n<div id=\"toc-container\"><\/div>\n<\/p><\/div>\n<\/p><\/div>\n<\/p><\/div>\n<div class=\"col-md-6 order-1 order-md-2\" id=\"jForm\">\n                <script type=\"text\/javascript\" src=\"https:\/\/form.jotform.com\/jsform\/242882128947973\"><\/script>\n            <\/div>\n<\/p><\/div>\n<\/p><\/div>\n<div class=\"container\">\n<div class=\"img-thumb\">\n            <img decoding=\"async\" src=\"https:\/\/drterziler.com\/wp-content\/uploads\/2025\/01\/Migren-Botoksu.webp\" alt=\"Migr\u00e4ne-Botox\" loading=\"lazy\">\n        <\/div>\n<div>\n<div>\n<h2 class=\"h2-header\">Was ist Migraine Botox?<\/h2>\n<\/p><\/div>\n<div>\n<p class=\"p-text\">Migraine Botox ist eine Behandlungsmethode, die bei Personen mit chronischen Migr\u00e4nebeschwerden angewendet wird. Botulinumtoxin wird in die Muskeln des Kopfes und des Nackens injiziert, um die Ausl\u00f6ser von Migr\u00e4ne zu blockieren. Die Anwendung wird bevorzugt, um die H\u00e4ufigkeit und Schwere von Migr\u00e4neanf\u00e4llen zu reduzieren. Botox verhindert das Auftreten von Schmerzen, indem es die Nerven\u00fcbertragung blockiert und hilft, Kopfschmerzen zu verhindern.<\/p>\n<\/p><\/div>\n<\/p><\/div>\n<div>\n<div>\n<h2 class=\"h2-header\">Wie verhindert Migraine Botox Kopfschmerzen?<\/h2>\n<\/p><\/div>\n<div>\n<p class=\"p-text\">Die Botulinumtoxin-L\u00f6sung beeinflusst die Nervenenden, blockiert die Schmerz\u00fcbertragung und reduziert die Bildung von Kopfschmerzen. Wenn Botulinumtoxin in die Muskeln des Kopfes und des Nackens injiziert wird, verhindert es die Freisetzung von Chemikalien, die Schmerzen verursachen. Infolgedessen werden Kopfschmerzen, die durch Migr\u00e4ne ausgel\u00f6st werden, sowie starke Schmerzanf\u00e4lle gelindert oder verhindert.<\/p>\n<\/p><\/div>\n<\/p><\/div>\n<div>\n<div>\n<h2 class=\"h2-header\">Was sind die Vorteile von Migraine Botox?<\/h2>\n<\/p><\/div>\n<div>\n<p class=\"p-text\">Reduziert h\u00e4ufige und persistierende Migr\u00e4neanf\u00e4lle. Bietet langanhaltende Linderung. Erfordert keine Medikamenteneinnahme. Minimalinvasive Behandlung. Lindert Kopfschmerzen. Nebenwirkungen sind sehr selten. Verbessert die t\u00e4gliche Lebensqualit\u00e4t.<\/p>\n<\/p><\/div>\n<\/p><\/div>\n<div>\n<div>\n<h2 class=\"h2-header\">F\u00fcr wen ist es geeignet?<\/h2>\n<\/p><\/div>\n<div>\n<p class=\"p-text\">Personen mit chronischer Migr\u00e4ne. Menschen, die Migr\u00e4neschmerzen haben, die mit Medikamenten nicht verschwinden. Personen, die h\u00e4ufig Kopfschmerzen haben. Menschen, deren soziales Leben durch Migr\u00e4neanf\u00e4lle beeintr\u00e4chtigt wird. Individuen mit kontinuierlichen Schmerzen im Kopf- und Nackenbereich. Personen, die unter Schlaflosigkeit oder \u00fcberm\u00e4\u00dfiger M\u00fcdigkeit leiden. Menschen, die nach langfristigen L\u00f6sungen f\u00fcr Migr\u00e4ne suchen. Personen, die von anderen Migr\u00e4netreatments nicht profitiert haben.<\/p>\n<\/p><\/div>\n<\/p><\/div>\n<div>\n<div>\n<h2 class=\"h2-header\">Warum ist Migraine Botox beliebt?<\/h2>\n<\/p><\/div>\n<div>\n<p class=\"p-text\">Migraine Botox ist in den letzten Jahren sehr beliebt geworden, da es eine effektive und sichere Alternative zur Behandlung von Migr\u00e4ne bietet. In Situationen, in denen Medikamente nicht ausreichen und Migr\u00e4neanf\u00e4lle die Lebensqualit\u00e4t erheblich beeintr\u00e4chtigen, bietet Botox erhebliche Linderung. Dar\u00fcber hinaus machen die minimalinvasive Methode, die schnelle Erholungszeit und die M\u00f6glichkeit, wiederkehrende Migr\u00e4neanf\u00e4lle zu bek\u00e4mpfen, diese Behandlung noch attraktiver.<\/p>\n<\/p><\/div>\n<\/p><\/div>\n<div>\n<div>\n<h2 class=\"h2-header\">Gibt es eine Altersbeschr\u00e4nkung f\u00fcr Migraine Botox?<\/h2>\n<\/p><\/div>\n<div>\n<p class=\"p-text\">Nein, es gibt keine spezifische Altersbeschr\u00e4nkung f\u00fcr Migraine Botox. Es kann in der Regel bei Menschen jeden Alters angewendet werden, die Migr\u00e4ne- oder Kopfschmerzbeschwerden haben. Es ist f\u00fcr Menschen jeden Alters \u00fcblich, diese Behandlung in Anspruch zu nehmen, um die durch Migr\u00e4ne verursachten Schmerzen zu lindern und die Lebensqualit\u00e4t zu verbessern.<\/p>\n<\/p><\/div>\n<\/p><\/div>\n<div>\n<div>\n<h2 class=\"h2-header\">Wie wird Migraine Botox angewendet?<\/h2>\n<\/p><\/div>\n<div>\n<p class=\"p-text\">Migraine Botox wird durch die Injektion von Botulinumtoxin in bestimmte Bereiche des Kopfes mit feinen Nadeln angewendet. W\u00e4hrend der Anwendung werden die Stirn, Schl\u00e4fen, Nacken und Schultern \u2013 die durch Migr\u00e4ne ausgel\u00f6sten Bereiche \u2013 gezielt behandelt. Der Eingriff wird von einem Spezialisten durchgef\u00fchrt und dauert in der Regel etwa 30 Minuten. Botox hilft, Schmerzen zu reduzieren und die H\u00e4ufigkeit von Migr\u00e4neanf\u00e4llen zu verringern, indem es die Nerven\u00fcbertragung blockiert.<\/p>\n<\/p><\/div>\n<\/p><\/div>\n<div>\n<div>\n<h2 class=\"h2-header\">Gibt es Schmerzen oder Beschwerden w\u00e4hrend der Behandlung mit Migraine Botox?<\/h2>\n<\/p><\/div>\n<div>\n<p class=\"p-text\">Das Migraine Botox-Verfahren verursacht in der Regel nur minimale Schmerzen. W\u00e4hrend der Anwendung kann ein leichtes Stechen versp\u00fcrt werden, aber die meisten Patienten empfinden es nicht als st\u00f6rend. Aufgrund der Verwendung feiner Nadeln w\u00e4hrend des Eingriffs ist das Schmerzlevel ziemlich gering. Falls gew\u00fcnscht, kann vor dem Eingriff eine Bet\u00e4ubungscreme aufgetragen werden, um Unannehmlichkeiten weiter zu reduzieren.<\/p>\n<\/p><\/div>\n<\/p><\/div>\n<div>\n<div>\n<h2 class=\"h2-header\">Wie lange dauert der Eingriff?<\/h2>\n<\/p><\/div>\n<div>\n<p class=\"p-text\">Der Migraine Botox Eingriff dauert in der Regel 20-30 Minuten. Botox wird an mehreren Punkten des Kopfes und Nackens f\u00fcr die Behandlung injiziert. Patienten k\u00f6nnen in der Regel direkt nach dem Eingriff zu ihren normalen Aktivit\u00e4ten zur\u00fcckkehren. Die Dauer der Behandlung kann je nach Intensit\u00e4t der Kopfschmerzen und den behandelten Bereichen variieren.<\/p>\n<\/p><\/div>\n<\/p><\/div>\n<div>\n<div>\n<h2 class=\"h2-header\">Wie viele Tage bis zur Genesung?<\/h2>\n<\/p><\/div>\n<div>\n<p class=\"p-text\">Die Wirkung der Migraine Botox-Behandlung ist in der Regel innerhalb weniger Tage sp\u00fcrbar, aber die vollst\u00e4ndigen Ergebnisse treten innerhalb von 2 Wochen auf. Nach dem Eingriff kann es zu leichten R\u00f6tungen, Schwellungen oder Nadelmarken kommen, aber diese Symptome klingen schnell ab. Die Wirkung von Botox h\u00e4lt 3-6 Monate an, und die Behandlung kann wiederholt werden. Nach der ersten Anwendung k\u00f6nnen die Patienten die Wirksamkeit der Behandlung beobachten und bei Bedarf weitere Behandlungen mit ihrem Arzt besprechen.<\/p>\n<\/p><\/div>\n<\/p><\/div>\n<div>\n<div>\n<h2 class=\"h2-header\">Migraine Botox Preise<\/h2>\n<\/p><\/div>\n<div>\n<p class=\"p-text\">Im Jahr 2025 k\u00f6nnen die Preise f\u00fcr Migraine Botox je nach Behandlungsbereich, Dauer und erforderlicher Expertise variieren. Unsere Klinik verfolgt unterschiedliche Preisrichtlinien, die sich nach den verwendeten Methoden und Materialien richten. Die Preise werden auch durch den Umfang der Anwendung und die Anzahl der Sitzungen bestimmt, daher ist es genauer, einen spezifischen Preis durch eine pers\u00f6nliche Bewertung zu erhalten.<\/p>\n<\/p><\/div>\n<\/p><\/div>\n<div>\n<div>\n<h2 class=\"h2-header\">Warum Dr. Terziler Exklusive Klinik?<\/h2>\n<\/p><\/div>\n<div>\n<p class=\"p-text\">Dr. Terziler bietet personalisierte L\u00f6sungen mit weltweit anerkanntem Fachwissen und einem \u00e4sthetischen Ansatz, der Kunst und Wissenschaft vereint und so nicht nur eine k\u00f6rperliche, sondern auch eine emotionale Transformation erm\u00f6glicht. Unsere Klinik, ausgestattet mit fortschrittlicher Technologie und basierend auf den Prinzipien von Komfort und Sicherheit, verfolgt Perfektion als ihre institutionelle Philosophie. Denn hier zielt jede Ber\u00fchrung auf Ihre Gesundheit und Ihr Gl\u00fcck ab.<\/p>\n<\/p><\/div>\n<\/p><\/div>\n<\/p><\/div>\n<\/section>\n","protected":false},"excerpt":{"rendered":"<p>Migr\u00e4ne-Botox Migr\u00e4ne-Botox ist eine Behandlungsmethode, bei der Botulinumtoxin eingesetzt wird, um h\u00e4ufigen und schweren Migr\u00e4neattacken vorzubeugen. Die Anwendung von Botox auf bestimmte Bereiche des Kopfes lindert Schmerzen und verringert die H\u00e4ufigkeit von Anf\u00e4llen. Ziel dieser Behandlung ist es, die Lebensqualit\u00e4t zu verbessern, indem die H\u00e4ufigkeit der Anf\u00e4lle verringert wird, und nicht, eine dauerhafte L\u00f6sung f\u00fcr [&hellip;]<\/p>\n","protected":false},"author":6,"featured_media":0,"parent":17697,"menu_order":0,"comment_status":"closed","ping_status":"closed","template":"","meta":{"footnotes":""},"class_list":["post-17836","page","type-page","status-publish","hentry"],"_links":{"self":[{"href":"https:\/\/drterziler.com\/de\/wp-json\/wp\/v2\/pages\/17836","targetHints":{"allow":["GET"]}}],"collection":[{"href":"https:\/\/drterziler.com\/de\/wp-json\/wp\/v2\/pages"}],"about":[{"href":"https:\/\/drterziler.com\/de\/wp-json\/wp\/v2\/types\/page"}],"author":[{"embeddable":true,"href":"https:\/\/drterziler.com\/de\/wp-json\/wp\/v2\/users\/6"}],"replies":[{"embeddable":true,"href":"https:\/\/drterziler.com\/de\/wp-json\/wp\/v2\/comments?post=17836"}],"version-history":[{"count":14,"href":"https:\/\/drterziler.com\/de\/wp-json\/wp\/v2\/pages\/17836\/revisions"}],"predecessor-version":[{"id":59725,"href":"https:\/\/drterziler.com\/de\/wp-json\/wp\/v2\/pages\/17836\/revisions\/59725"}],"up":[{"embeddable":true,"href":"https:\/\/drterziler.com\/de\/wp-json\/wp\/v2\/pages\/17697"}],"wp:attachment":[{"href":"https:\/\/drterziler.com\/de\/wp-json\/wp\/v2\/media?parent=17836"}],"curies":[{"name":"wp","href":"https:\/\/api.w.org\/{rel}","templated":true}]}}