{"id":17886,"date":"2025-01-28T10:15:23","date_gmt":"2025-01-28T10:15:23","guid":{"rendered":"https:\/\/drterziler.com\/medizinische-aesthetik\/diger-botoks-uygulamalari\/masseter-botoksu\/"},"modified":"2026-04-15T08:51:24","modified_gmt":"2026-04-15T08:51:24","slug":"masseter-botox-de","status":"publish","type":"page","link":"https:\/\/drterziler.com\/de\/medizinische-aesthetik\/andere-botox-behandlungen\/masseter-botox-de\/","title":{"rendered":"Masseter Botox"},"content":{"rendered":"<div class=\"page-content\">\n<div id=\"header-area\">\n<div class=\"container\" id=\"firstContent\">\n<div class=\"header-content d-flex flex-column\">\n<h1 class=\"content-title h1-header\">Masseter Botox<\/h1>\n<div class=\"content-paragraph\">\n<p class=\"p-text\">Masseter Botox ist eine Behandlungsmethode, die Gesichtskonturen formt, indem sie eine \u00fcberm\u00e4\u00dfige Aktivit\u00e4t der Kiefermuskulatur verhindert. Durch Botox-Injektionen kann die durch die \u00dcberentwicklung der Muskulatur im Kieferbereich verursachte Breite reduziert werden. Dar\u00fcber hinaus hilft es, Probleme wie Z\u00e4hneknirschen und Pressen zu lindern und Verspannungen in der Kiefermuskulatur zu l\u00f6sen.<\/p>\n<\/p><\/div>\n<nav aria-label=\"breadcrumb\" class=\"breadcrumbs\">\n<ul class=\"d-flex align-items-center mb-0\">\n<li><a class=\"link\" href=\"https:\/\/drterziler.com\/de\/\"><span>Dr. Terziler<\/span><\/a><\/li>\n<li class=\"separator\">\u00bb<\/li>\n<li><a class=\"link\" href=\"https:\/\/drterziler.com\/de\/medizinische-aesthetik\/\"><span>Medizinische \u00c4sthetik<\/span><\/a><\/li>\n<li class=\"separator\">\u00bb<\/li>\n<li><a class=\"link\" href=\"https:\/\/drterziler.com\/de\/medizinische-aesthetik\/andere-botox-behandlungen\/\"><span>Andere Botox-Behandlungen<\/span><\/a><\/li>\n<li class=\"separator\">\u00bb<\/li>\n<li class=\"current-page\"><span>Masseter Botox<\/span><\/li>\n<\/ul>\n<\/nav><\/div>\n<\/p><\/div>\n<\/p><\/div>\n<\/div>\n<section id=\"content-area\">\n<div class=\"container my-5\">\n<div class=\"row align-items-start\">\n<div class=\"col-md-6 order-2 order-md-1\">\n<div class=\"custom-toc-box\">\n<div id=\"toc-header\">\n<h4>Inhaltsverzeichnis<\/h4>\n<div class=\"toc-toggle-icon\"><\/div>\n<\/p><\/div>\n<div class=\"toc-full-divider\"><\/div>\n<div id=\"toc-body\">\n<div id=\"toc-container\"><\/div>\n<\/p><\/div>\n<\/p><\/div>\n<\/p><\/div>\n<div class=\"col-md-6 order-1 order-md-2\" id=\"jForm\">\n                <script type=\"text\/javascript\" src=\"https:\/\/form.jotform.com\/jsform\/242882128947973\"><\/script>\n            <\/div>\n<\/p><\/div>\n<\/p><\/div>\n<div class=\"container\">\n<div class=\"img-thumb\">\n            <img decoding=\"async\" src=\"https:\/\/drterziler.com\/wp-content\/uploads\/2025\/01\/Masseter-Botoksu.webp\" alt=\"Masseter Botox\" loading=\"lazy\">\n        <\/div>\n<div>\n<div>\n<h2 class=\"h2-header\">Was ist Masseter Botox?<\/h2>\n<\/p><\/div>\n<div>\n<p class=\"p-text\">Masseter Botox ist eine \u00e4sthetische Behandlungsmethode, bei der Botulinumtoxin in die Kiefermuskeln injiziert wird. Diese Anwendung mildert die harten und breiten Kieferlinien, die durch die \u00fcberm\u00e4\u00dfige Entwicklung der Massetermuskeln verursacht werden, und sorgt f\u00fcr ein verfeinertes und elegantes Aussehen. Dar\u00fcber hinaus l\u00f6st diese Behandlung Probleme im Zusammenhang mit Kiefermuskelbeschwerden wie Z\u00e4hneknirschen oder Zusammenbei\u00dfen der Z\u00e4hne.<\/p>\n<\/p><\/div>\n<\/p><\/div>\n<div>\n<div>\n<h2 class=\"h2-header\">Was sind die Vorteile von Masseter Botox?<\/h2>\n<\/p><\/div>\n<div>\n<p class=\"p-text\">Verengt die Kieferlinie. Gleicht die Gesichtsz\u00fcge aus. Verhindert Z\u00e4hneknirschen. Behebt Schwierigkeiten beim \u00d6ffnen des Mundes. Entspannt die Kiefermuskeln. Bietet ein \u00e4sthetisches Aussehen. Reduziert Kieferschmerzen. Verbessert die Schlafqualit\u00e4t.<\/p>\n<\/p><\/div>\n<\/p><\/div>\n<div>\n<div>\n<h2 class=\"h2-header\">F\u00fcr wen ist es geeignet?<\/h2>\n<\/p><\/div>\n<div>\n<p class=\"p-text\">Personen mit breiten Kieferlinien. Menschen, die Probleme mit Z\u00e4hneknirschen haben. Individuen, die Schwierigkeiten beim \u00d6ffnen des Mundes haben. Personen mit Schlafproblemen, die durch Z\u00e4hneknirschen oder Z\u00e4hnepressen verursacht werden. Menschen, die sich eine attraktivere Kieferform w\u00fcnschen. Personen, die \u00fcberm\u00e4\u00dfige Verspannungen in ihren Kiefermuskeln sp\u00fcren. Individuen, die ihre allgemeine Gesichts\u00e4sthetik verbessern m\u00f6chten.<\/p>\n<\/p><\/div>\n<\/p><\/div>\n<div>\n<div>\n<h2 class=\"h2-header\">Warum ist Masseter Botox beliebt?<\/h2>\n<\/p><\/div>\n<div>\n<p class=\"p-text\">Masseter Botox ist aufgrund seiner \u00e4sthetischen und funktionalen Vorteile sehr beliebt. Diese Behandlung, die bevorzugt zur Formung der Gesichtsz\u00fcge eingesetzt wird, lindert auch \u00fcberm\u00e4\u00dfige Verspannungen und Schmerzen in den Kiefermuskeln und verbessert so die Lebensqualit\u00e4t im Alltag. Die minimalinvasive Natur, der schnelle Erholungsprozess und die nicht-permanenten Effekte machen es besonders ansprechend. Dar\u00fcber hinaus steigert die nat\u00fcrliche Wirkung die Patientenzufriedenheit.<\/p>\n<\/p><\/div>\n<\/p><\/div>\n<div>\n<div>\n<h2 class=\"h2-header\">Gibt es eine Altersbeschr\u00e4nkung f\u00fcr Masseter Botox?<\/h2>\n<\/p><\/div>\n<div>\n<p class=\"p-text\">Nein, es gibt keine spezifische Altersbeschr\u00e4nkung f\u00fcr Masseter Botox. Es kann allgemein bei Menschen jeden Alters mit \u00e4sthetischen oder funktionalen Problemen angewendet werden. Es ist f\u00fcr Menschen jeden Alters \u00fcblich, diese Behandlung in Anspruch zu nehmen, um \u00fcberm\u00e4\u00dfige Entwicklung und Verspannungen in den Kiefermuskeln zu behandeln.<\/p>\n<\/p><\/div>\n<\/p><\/div>\n<div>\n<div>\n<h2 class=\"h2-header\">Wie wird Masseter Botox angewendet?<\/h2>\n<\/p><\/div>\n<div>\n<p class=\"p-text\">Masseter Botox wird durch die Injektion von Botulinumtoxin in die Massetermuskeln im Kieferbereich angewendet. Vor dem Eingriff wird in der Regel eine Bet\u00e4ubungscreme aufgetragen, um Unannehmlichkeiten w\u00e4hrend des Verfahrens zu verhindern. Botox wird an bestimmten Punkten injiziert, um die Kontraktionskraft der Muskeln zu reduzieren, wodurch die Kieferlinie verschm\u00e4lert und \u00fcberm\u00e4\u00dfiges Muskelwachstum verhindert wird. Die Anwendung dauert etwa 10-15 Minuten, und Patienten k\u00f6nnen sofort zu ihren normalen Aktivit\u00e4ten zur\u00fcckkehren.<\/p>\n<\/p><\/div>\n<\/p><\/div>\n<div>\n<div>\n<h2 class=\"h2-header\">Gibt es Schmerzen oder Beschwerden w\u00e4hrend der Behandlung mit Masseter Botox?<\/h2>\n<\/p><\/div>\n<div>\n<p class=\"p-text\">W\u00e4hrend des Masseter Botox-Verfahrens kann ein leichtes Unbehagen versp\u00fcrt werden, aber Schmerzen werden in der Regel nicht erwartet. Dank der Anwendung von Bet\u00e4ubungscreme werden die Injektionsstellen bet\u00e4ubt, wodurch das Verfahren komfortabler wird. Die meisten Patienten berichten nur von einem leichten Stechen und erleben danach keine Schmerzen oder Beschwerden.<\/p>\n<\/p><\/div>\n<\/p><\/div>\n<div>\n<div>\n<h2 class=\"h2-header\">Wie lange dauert der Masseter Botox Eingriff?<\/h2>\n<\/p><\/div>\n<div>\n<p class=\"p-text\">Der Masseter Botox Eingriff ist sehr schnell und dauert in der Regel 10-15 Minuten. Aufgrund der Verwendung feiner Nadeln w\u00e4hrend des Verfahrens ist das Unbehagen gering. Nach der Behandlung k\u00f6nnen die Patienten sofort ihre t\u00e4glichen Aktivit\u00e4ten fortsetzen. Die Botox-Wirkung kann innerhalb weniger Tage sichtbar werden, aber der Eingriff selbst ist sehr kurz und schnell.<\/p>\n<\/p><\/div>\n<\/p><\/div>\n<div>\n<div>\n<h2 class=\"h2-header\">Wie viele Tage bis zur Genesung?<\/h2>\n<\/p><\/div>\n<div>\n<p class=\"p-text\">Der Erholungsprozess nach einer Masseter Botox-Behandlung ist ziemlich schnell und dauert in der Regel nur wenige Tage. Es kann zu leichter R\u00f6tung, Bluterg\u00fcssen oder Schwellungen nach dem Eingriff kommen, aber diese Symptome klingen schnell ab. Die Wirkung von Botox wird innerhalb von 3-5 Tagen sp\u00fcrbar, und die vollen Ergebnisse erscheinen innerhalb von 1-2 Wochen. Da es keinen langsamen Erholungsprozess gibt, k\u00f6nnen die Patienten sofort zu ihrem normalen Leben zur\u00fcckkehren.<\/p>\n<\/p><\/div>\n<\/p><\/div>\n<div>\n<div>\n<h2 class=\"h2-header\">Wie l\u00f6st Masseter Botox Z\u00e4hneknirschen oder Z\u00e4hnepressen Probleme?<\/h2>\n<\/p><\/div>\n<div>\n<p class=\"p-text\">Z\u00e4hneknirschen und Z\u00e4hnepressen werden meist durch \u00fcberm\u00e4\u00dfige Verspannungen in den Kiefermuskeln verursacht. Botulinumtoxin verhindert Kontraktionen der Kiefermuskeln, wodurch Z\u00e4hneknirschen in der Nacht verhindert und die Muskeln tags\u00fcber entspannt werden. Diese Behandlung reduziert Symptome wie Kieferverspannungen, Kopfschmerzen und Kieferschmerzen, indem sie die Kiefermuskeln entspannt.<\/p>\n<\/p><\/div>\n<\/p><\/div>\n<div>\n<div>\n<h2 class=\"h2-header\">Masseter Botox Preise<\/h2>\n<\/p><\/div>\n<div>\n<p class=\"p-text\">Im Jahr 2025 k\u00f6nnen die Preise f\u00fcr Masseter Botox je nach Behandlungsbereich, Dauer und erforderlicher Expertise variieren. Unsere Klinik folgt unterschiedlichen Preisrichtlinien, die sich nach den verwendeten Methoden und Materialien richten. Die Preise werden auch durch den Umfang der Anwendung und die Anzahl der Sitzungen bestimmt, daher ist es genauer, einen spezifischen Preis durch eine pers\u00f6nliche Bewertung zu erhalten.<\/p>\n<\/p><\/div>\n<\/p><\/div>\n<div>\n<div>\n<h2 class=\"h2-header\">Warum Dr. Terziler Exklusive Klinik?<\/h2>\n<\/p><\/div>\n<div>\n<p class=\"p-text\">Dr. Terziler bietet personalisierte L\u00f6sungen mit weltweit anerkanntem Fachwissen und einem \u00e4sthetischen Ansatz, der Kunst und Wissenschaft vereint und so nicht nur eine k\u00f6rperliche, sondern auch eine emotionale Transformation erm\u00f6glicht. Unsere Klinik, ausgestattet mit fortschrittlicher Technologie und basierend auf den Prinzipien von Komfort und Sicherheit, verfolgt Perfektion als ihre institutionelle Philosophie. Denn hier zielt jede Ber\u00fchrung auf Ihre Gesundheit und Ihr Gl\u00fcck ab.<\/p>\n<\/p><\/div>\n<\/p><\/div>\n<\/p><\/div>\n<\/section>\n","protected":false},"excerpt":{"rendered":"<p>Masseter Botox Masseter Botox ist eine Behandlungsmethode, die Gesichtskonturen formt, indem sie eine \u00fcberm\u00e4\u00dfige Aktivit\u00e4t der Kiefermuskulatur verhindert. Durch Botox-Injektionen kann die durch die \u00dcberentwicklung der Muskulatur im Kieferbereich verursachte Breite reduziert werden. Dar\u00fcber hinaus hilft es, Probleme wie Z\u00e4hneknirschen und Pressen zu lindern und Verspannungen in der Kiefermuskulatur zu l\u00f6sen. Dr. Terziler \u00bb Medizinische [&hellip;]<\/p>\n","protected":false},"author":6,"featured_media":0,"parent":17697,"menu_order":0,"comment_status":"closed","ping_status":"closed","template":"","meta":{"footnotes":""},"class_list":["post-17886","page","type-page","status-publish","hentry"],"_links":{"self":[{"href":"https:\/\/drterziler.com\/de\/wp-json\/wp\/v2\/pages\/17886","targetHints":{"allow":["GET"]}}],"collection":[{"href":"https:\/\/drterziler.com\/de\/wp-json\/wp\/v2\/pages"}],"about":[{"href":"https:\/\/drterziler.com\/de\/wp-json\/wp\/v2\/types\/page"}],"author":[{"embeddable":true,"href":"https:\/\/drterziler.com\/de\/wp-json\/wp\/v2\/users\/6"}],"replies":[{"embeddable":true,"href":"https:\/\/drterziler.com\/de\/wp-json\/wp\/v2\/comments?post=17886"}],"version-history":[{"count":17,"href":"https:\/\/drterziler.com\/de\/wp-json\/wp\/v2\/pages\/17886\/revisions"}],"predecessor-version":[{"id":59727,"href":"https:\/\/drterziler.com\/de\/wp-json\/wp\/v2\/pages\/17886\/revisions\/59727"}],"up":[{"embeddable":true,"href":"https:\/\/drterziler.com\/de\/wp-json\/wp\/v2\/pages\/17697"}],"wp:attachment":[{"href":"https:\/\/drterziler.com\/de\/wp-json\/wp\/v2\/media?parent=17886"}],"curies":[{"name":"wp","href":"https:\/\/api.w.org\/{rel}","templated":true}]}}