{"id":17953,"date":"2025-01-28T10:23:19","date_gmt":"2025-01-28T10:23:19","guid":{"rendered":"https:\/\/drterziler.com\/medizinische-aesthetik\/teknolojik-uygulamalar\/"},"modified":"2026-04-21T12:02:00","modified_gmt":"2026-04-21T12:02:00","slug":"technologische-behandlungen","status":"publish","type":"page","link":"https:\/\/drterziler.com\/de\/medizinische-aesthetik\/technologische-behandlungen\/","title":{"rendered":"Technologische Behandlungen"},"content":{"rendered":"<div class=\"page-content\">\n<div id=\"header-area\">\n<div class=\"container\" id=\"firstContent\">\n<div class=\"header-content d-flex flex-column\">\n<h1 class=\"content-title h1-header\">Technologische Behandlungen<\/h1>\n<div class=\"content-paragraph\">\n<p class=\"p-text\">Als Dr. Terziler bieten wir ein futuristisches Erlebnis mit unseren hochmodernen Anwendungen in den Bereichen \u00c4sthetik, Gesundheit und Sch\u00f6nheit. Durch Roboterger\u00e4te, Lasertechnologien und intelligente Systeme werden Behandlungsprozesse nicht nur beschleunigt, sondern auch effektiver gestaltet. Modernisierte Anwendungen mit minimalinvasiven Methoden erm\u00f6glichen eine schnellere Genesung und bieten gleichzeitig unvergleichlichen Komfort. Indem wir alle M\u00f6glichkeiten der heutigen Technologie nutzen, formulieren wir einen personalisierten Behandlungsansatz und liefern Ergebnisse, die die Erwartungen \u00fcbertreffen. Unsere fortschrittlichen Technologien sowohl in der \u00c4sthetik als auch in der Medizin werden bei jedem Schritt optimiert, um atemberaubende Ergebnisse zu erzielen. Bei Dr. Terziler vertreten wir das Prinzip Ihres \u201eganzheitlichen Gl\u00fccks\u201c in den Bereichen Gesundheit, Sch\u00f6nheit und Zufriedenheit und \u00fcberschreiten Grenzen, um Ihr L\u00e4cheln zu erleben.<\/p>\n<\/p><\/div>\n<nav aria-label=\"breadcrumb\" class=\"breadcrumbs\">\n<ul class=\"d-flex align-items-center mb-0\">\n<li><a class=\"link\" href=\"https:\/\/drterziler.com\/de\/\"><span>Dr. Terziler Exclusive Clinic<\/span><\/a><\/li>\n<li class=\"separator\">\u00bb<\/li>\n<li><a class=\"link\" href=\"https:\/\/drterziler.com\/de\/medizinische-aesthetik\/\"><span>Medizinische \u00c4sthetik<\/span><\/a><\/li>\n<li class=\"separator\">\u00bb<\/li>\n<li class=\"current-page\"><span>Technologische Behandlungen<\/span><\/li>\n<\/ul>\n<\/nav><\/div>\n<\/p><\/div>\n<\/p><\/div>\n<\/div>\n<section id=\"content-area\">\n<div class=\"container my-5\">\n<div class=\"row align-items-start\">\n<div class=\"col-md-6 order-2 order-md-1\">\n<div class=\"custom-toc-box\">\n<div id=\"toc-header\">\n<h4>Inhaltsverzeichnis<\/h4>\n<div class=\"toc-toggle-icon\"><\/div>\n<\/p><\/div>\n<div class=\"toc-full-divider\"><\/div>\n<div id=\"toc-body\">\n<div id=\"toc-container\"><\/div>\n<\/p><\/div>\n<\/p><\/div>\n<\/p><\/div>\n<div class=\"col-md-6 order-1 order-md-2\" id=\"jForm\">\n                <script type=\"text\/javascript\" src=\"https:\/\/form.jotform.com\/jsform\/242882128947973\"><\/script>\n            <\/div>\n<\/p><\/div>\n<\/p><\/div>\n<div class=\"container\">\n<div class=\"img-thumb\">\n            <img decoding=\"async\" src=\"https:\/\/drterziler.com\/wp-content\/uploads\/2025\/01\/Teknolojik-Uygulamalar.webp\" alt=\"Technologische Behandlungen\" loading=\"lazy\">\n        <\/div>\n<div>\n<div>\n<h2 class=\"h2-header\">Warum Dr. Exklusive Schneider-Klinik?<\/h2>\n<\/p><\/div>\n<div>\n<p class=\"p-text\">Dr. Schneider bieten personalisierte L\u00f6sungen mit ihrem weltbekannten Fachwissen und \u00e4sthetischen Ansatz, der Kunst und Wissenschaft verbindet und nicht nur eine physische, sondern auch eine emotionale Transformation bewirkt. Unsere Klinik ist mit fortschrittlichen Technologien ausgestattet und arbeitet auf der Grundlage von Komfort und Vertrauen. Perfektion ist eine Unternehmensphilosophie. Denn hier zielt jede Ber\u00fchrung auf Ihre ganzheitliche Gesundheit und Ihr Gl\u00fcck ab.<\/p>\n<\/p><\/div>\n<\/p><\/div>\n<\/p><\/div>\n<\/section>\n","protected":false},"excerpt":{"rendered":"<p>Technologische Behandlungen Als Dr. Terziler bieten wir ein futuristisches Erlebnis mit unseren hochmodernen Anwendungen in den Bereichen \u00c4sthetik, Gesundheit und Sch\u00f6nheit. Durch Roboterger\u00e4te, Lasertechnologien und intelligente Systeme werden Behandlungsprozesse nicht nur beschleunigt, sondern auch effektiver gestaltet. Modernisierte Anwendungen mit minimalinvasiven Methoden erm\u00f6glichen eine schnellere Genesung und bieten gleichzeitig unvergleichlichen Komfort. Indem wir alle M\u00f6glichkeiten der [&hellip;]<\/p>\n","protected":false},"author":6,"featured_media":0,"parent":2870,"menu_order":0,"comment_status":"closed","ping_status":"closed","template":"","meta":{"footnotes":""},"class_list":["post-17953","page","type-page","status-publish","hentry"],"_links":{"self":[{"href":"https:\/\/drterziler.com\/de\/wp-json\/wp\/v2\/pages\/17953","targetHints":{"allow":["GET"]}}],"collection":[{"href":"https:\/\/drterziler.com\/de\/wp-json\/wp\/v2\/pages"}],"about":[{"href":"https:\/\/drterziler.com\/de\/wp-json\/wp\/v2\/types\/page"}],"author":[{"embeddable":true,"href":"https:\/\/drterziler.com\/de\/wp-json\/wp\/v2\/users\/6"}],"replies":[{"embeddable":true,"href":"https:\/\/drterziler.com\/de\/wp-json\/wp\/v2\/comments?post=17953"}],"version-history":[{"count":14,"href":"https:\/\/drterziler.com\/de\/wp-json\/wp\/v2\/pages\/17953\/revisions"}],"predecessor-version":[{"id":59681,"href":"https:\/\/drterziler.com\/de\/wp-json\/wp\/v2\/pages\/17953\/revisions\/59681"}],"up":[{"embeddable":true,"href":"https:\/\/drterziler.com\/de\/wp-json\/wp\/v2\/pages\/2870"}],"wp:attachment":[{"href":"https:\/\/drterziler.com\/de\/wp-json\/wp\/v2\/media?parent=17953"}],"curies":[{"name":"wp","href":"https:\/\/api.w.org\/{rel}","templated":true}]}}