{"id":18019,"date":"2025-01-28T10:41:00","date_gmt":"2025-01-28T10:41:00","guid":{"rendered":"https:\/\/drterziler.com\/medizinische-aesthetik\/ozon-terapi\/"},"modified":"2026-03-06T02:47:52","modified_gmt":"2026-03-06T02:47:52","slug":"ozontherapie-de","status":"publish","type":"page","link":"https:\/\/drterziler.com\/de\/medizinische-aesthetik\/ozontherapie-de\/","title":{"rendered":"Ozontherapie"},"content":{"rendered":"<div class=\"page-content\">\n<div id=\"header-area\">\n<div class=\"container\" id=\"firstContent\">\n<div class=\"header-content d-flex flex-column\">\n<h1 class=\"content-title h1-header\">Ozontherapie<\/h1>\n<div class=\"content-paragraph\">\n<p class=\"p-text\">Die Ozontherapie ist eine Behandlungsmethode, die in den letzten Jahren aufgrund ihrer Auswirkungen auf die Hautgesundheit an Aufmerksamkeit gewonnen hat. Ozon ist eine Form von Sauerstoff, die aus drei Atomen besteht und starke antioxidative Eigenschaften aufweist. Der Einsatz von Ozon bei Hautbehandlungen deckt ein breites Spektrum von Bereichen ab, von Anti-Aging-Effekten bis hin zur Aknebehandlung.<\/p>\n<\/p><\/div>\n<nav aria-label=\"breadcrumb\" class=\"breadcrumbs\">\n<ul class=\"d-flex align-items-center mb-0\">\n<li><a class=\"link\" href=\"https:\/\/drterziler.com\/de\/\"><span>Dr. Terziler Exclusive Clinic<\/span><\/a><\/li>\n<li class=\"separator\">\u00bb<\/li>\n<li><a class=\"link\" href=\"https:\/\/drterziler.com\/de\/medizinische-aesthetik\/\"><span>Medizinische \u00c4sthetik<\/span><\/a><\/li>\n<li class=\"separator\">\u00bb<\/li>\n<li class=\"current-page\"><span>Ozontherapie<\/span><\/li>\n<\/ul>\n<\/nav><\/div>\n<\/p><\/div>\n<\/p><\/div>\n<\/div>\n<section id=\"content-area\">\n<div class=\"container my-5\">\n<div class=\"row align-items-start\">\n<div class=\"col-md-6 order-2 order-md-1\">\n<div class=\"custom-toc-box\">\n<div id=\"toc-header\">\n<h4>Inhaltsverzeichnis<\/h4>\n<div class=\"toc-toggle-icon\"><\/div>\n<\/p><\/div>\n<div class=\"toc-full-divider\"><\/div>\n<div id=\"toc-body\">\n<div id=\"toc-container\"><\/div>\n<\/p><\/div>\n<\/p><\/div>\n<\/p><\/div>\n<div class=\"col-md-6 order-1 order-md-2\" id=\"jForm\">\n                <script type=\"text\/javascript\" src=\"https:\/\/form.jotform.com\/jsform\/242882128947973\"><\/script>\n            <\/div>\n<\/p><\/div>\n<\/p><\/div>\n<div class=\"container\">\n<div class=\"img-thumb\">\n            <img decoding=\"async\" src=\"https:\/\/drterziler.com\/wp-content\/uploads\/2025\/01\/Ozon-Terapi1.webp\" alt=\"Ozontherapie\" loading=\"lazy\">\n        <\/div>\n<div>\n<div>\n<h2 class=\"h2-header\">Was ist Ozontherapie und wie wirkt sie auf die Haut?<\/h2>\n<\/p><\/div>\n<div>\n<p class=\"p-text\">Die Ozontherapie beinhaltet das Mischen von Ozon-Gas mit dem aus dem Patienten entnommenen Blut, das anschlie\u00dfend \u00fcber ein Serum wieder in den K\u00f6rper eingef\u00fchrt wird. Ozon hilft der Haut, sich zu regenerieren und zu revitalisieren, w\u00e4hrend es gleichzeitig das Immunsystem st\u00e4rkt. Es erh\u00f6ht den Sauerstoffgehalt in der Haut und tr\u00e4gt so zu einem ges\u00fcnderen und strahlenderen Erscheinungsbild bei. Dar\u00fcber hinaus hat es eine positive Wirkung auf Hautunreinheiten und Zeichen der Hautalterung.<\/p>\n<\/p><\/div>\n<\/p><\/div>\n<div>\n<div>\n<h2 class=\"h2-header\">Welche Hautprobleme k\u00f6nnen mit Ozontherapie behandelt werden?<\/h2>\n<\/p><\/div>\n<div>\n<p class=\"p-text\">Akne und Aknenarben \u00dcberm\u00e4\u00dfige Trockenheit und Empfindlichkeit Hautflecken und Hyperpigmentierung Feine Falten und Elastizit\u00e4tsverlust Erweiterte Poren und Mitesser Unebenm\u00e4\u00dfiger Hautton Sonnensch\u00e4den und vorzeitige Hautalterung<\/p>\n<\/p><\/div>\n<\/p><\/div>\n<div>\n<div>\n<h2 class=\"h2-header\">Vorteile der Ozontherapie<\/h2>\n<\/p><\/div>\n<div>\n<p class=\"p-text\">Reinigt die Haut tiefenwirksam Beschleunigt die Zellregeneration Steigert die Kollagenproduktion Strafft und revitalisiert die Haut Unterst\u00fctzt die Durchblutung Entgiftet durch die Eliminierung von Toxinen St\u00e4rkt die Hautbarriere Sorgt f\u00fcr ein jugendliches und gesundes Aussehen<\/p>\n<\/p><\/div>\n<\/p><\/div>\n<div>\n<div>\n<h2 class=\"h2-header\">Wie wirkt die Ozontherapie auf Falten und Hautflecken?<\/h2>\n<\/p><\/div>\n<div>\n<p class=\"p-text\">Ozon dringt in die tiefen Hautschichten ein und stimuliert die Produktion von Kollagen und Elastin. Dadurch werden Falten gemindert, Hautflecken aufgehellt und der Hautton ausgeglichener. Dank seiner antioxidativen Wirkung neutralisiert es freie Radikale und verz\u00f6gert die Zeichen der Hautalterung.<\/p>\n<\/p><\/div>\n<\/p><\/div>\n<div>\n<div>\n<h2 class=\"h2-header\">Hilft die Ozontherapie bei Bandscheibenvorf\u00e4llen?<\/h2>\n<\/p><\/div>\n<div>\n<p class=\"p-text\">Ja, die Ozontherapie wird als alternative unterst\u00fctzende Behandlung bei Bandscheibenvorf\u00e4llen eingesetzt. Ozon reduziert lokale Entz\u00fcndungen, verbessert die Durchblutung, beschleunigt den Heilungsprozess und lindert Schmerzen. Die Eignung der Behandlung muss jedoch individuell von einem Facharzt bewertet werden.<\/p>\n<\/p><\/div>\n<\/p><\/div>\n<div>\n<div>\n<h2 class=\"h2-header\">F\u00fcr wen ist die Ozontherapie geeignet?<\/h2>\n<\/p><\/div>\n<div>\n<p class=\"p-text\">Personen, die eine Hautverj\u00fcngung anstreben Menschen mit Akne- und Hautfleckenproblemen Personen mit chronischer M\u00fcdigkeit Menschen mit Durchblutungsst\u00f6rungen Personen, die ihr Immunsystem st\u00e4rken m\u00f6chten Menschen, die ihre Infektionsresistenz erh\u00f6hen wollen Personen, die ihren K\u00f6rper entgiften m\u00f6chten Menschen, die die Elastizit\u00e4t ihrer Haut verbessern wollen<\/p>\n<\/p><\/div>\n<\/p><\/div>\n<div>\n<div>\n<h2 class=\"h2-header\">F\u00fcr welche Hauttypen ist die Ozontherapie geeignet?<\/h2>\n<\/p><\/div>\n<div>\n<p class=\"p-text\">Die Ozontherapie ist f\u00fcr alle Hauttypen geeignet. Sie reguliert die Talgproduktion bei fettiger Haut, spendet Feuchtigkeit bei trockener Haut und hat eine regenerierende Wirkung auf empfindliche Haut. Zudem ist sie eine sichere und effektive Methode f\u00fcr Personen mit dermatologischen Problemen.<\/p>\n<\/p><\/div>\n<\/p><\/div>\n<div>\n<div>\n<h2 class=\"h2-header\">Wie wird die Ozontherapie angewendet?<\/h2>\n<\/p><\/div>\n<div>\n<p class=\"p-text\">Die Ozontherapie wird in unserer Klinik mittels der ozonisierten Serum-Methode durchgef\u00fchrt. Dabei wird speziell ozonisiertes Serum intraven\u00f6s verabreicht, wodurch die Sauerstoffversorgung der Zellen erh\u00f6ht und der Erneuerungsprozess unterst\u00fctzt wird. Die Behandlung erfolgt in einer vollst\u00e4ndig sterilen und komfortablen Umgebung und wird schnell abgeschlossen. Nach der Behandlung kann die Person sofort in ihren Alltag zur\u00fcckkehren.<\/p>\n<\/p><\/div>\n<\/p><\/div>\n<\/p><\/div>\n<\/section>\n","protected":false},"excerpt":{"rendered":"<p>Ozontherapie Die Ozontherapie ist eine Behandlungsmethode, die in den letzten Jahren aufgrund ihrer Auswirkungen auf die Hautgesundheit an Aufmerksamkeit gewonnen hat. Ozon ist eine Form von Sauerstoff, die aus drei Atomen besteht und starke antioxidative Eigenschaften aufweist. Der Einsatz von Ozon bei Hautbehandlungen deckt ein breites Spektrum von Bereichen ab, von Anti-Aging-Effekten bis hin zur [&hellip;]<\/p>\n","protected":false},"author":6,"featured_media":0,"parent":2870,"menu_order":0,"comment_status":"closed","ping_status":"closed","template":"","meta":{"footnotes":""},"class_list":["post-18019","page","type-page","status-publish","hentry"],"_links":{"self":[{"href":"https:\/\/drterziler.com\/de\/wp-json\/wp\/v2\/pages\/18019","targetHints":{"allow":["GET"]}}],"collection":[{"href":"https:\/\/drterziler.com\/de\/wp-json\/wp\/v2\/pages"}],"about":[{"href":"https:\/\/drterziler.com\/de\/wp-json\/wp\/v2\/types\/page"}],"author":[{"embeddable":true,"href":"https:\/\/drterziler.com\/de\/wp-json\/wp\/v2\/users\/6"}],"replies":[{"embeddable":true,"href":"https:\/\/drterziler.com\/de\/wp-json\/wp\/v2\/comments?post=18019"}],"version-history":[{"count":14,"href":"https:\/\/drterziler.com\/de\/wp-json\/wp\/v2\/pages\/18019\/revisions"}],"predecessor-version":[{"id":59687,"href":"https:\/\/drterziler.com\/de\/wp-json\/wp\/v2\/pages\/18019\/revisions\/59687"}],"up":[{"embeddable":true,"href":"https:\/\/drterziler.com\/de\/wp-json\/wp\/v2\/pages\/2870"}],"wp:attachment":[{"href":"https:\/\/drterziler.com\/de\/wp-json\/wp\/v2\/media?parent=18019"}],"curies":[{"name":"wp","href":"https:\/\/api.w.org\/{rel}","templated":true}]}}