{"id":2824,"date":"2024-08-12T17:11:21","date_gmt":"2024-08-12T17:11:21","guid":{"rendered":"https:\/\/drterziler.com\/dr-servet-terziler\/"},"modified":"2025-11-04T11:04:34","modified_gmt":"2025-11-04T11:04:34","slug":"dr-servet-terziler","status":"publish","type":"page","link":"https:\/\/drterziler.com\/de\/dr-servet-terziler\/","title":{"rendered":"Dr. Servet Terziler"},"content":{"rendered":"<h1 class=\"content-title h1-header\">Dr. Servet Terziler<\/h1>\n<p><nav aria-label=\"breadcrumbs\" class=\"rank-math-breadcrumb\"><p><span class=\"last\">Dr. Terziler<\/span><\/p><\/nav>https:\/\/youtu.be\/Z1pQZbFH3BA?si=5neOLxMyP_P7hf4fhttps:\/\/www.youtube.com\/watch?v=qeZxq0TSvag<\/p>\n<p data-start=\"0\" data-end=\"470\">Mit 35 Jahren Erfahrung und Tausenden erfolgreicher Operationen ist Dr. Terziler, bekannt als der \u201ePicasso des Haares\u201c, ein Experte, der seinen G\u00e4sten aus aller Welt nat\u00fcrliche und dauerhafte \u00e4sthetische L\u00f6sungen bietet.<br data-start=\"220\" data-end=\"223\" \/>Durch seine Konferenzerfahrungen in Europa und den USA sowie seine innovativen Arbeiten brachte Terziler den ersten Haartransplantationsroboter in die T\u00fcrkei und ist zudem der einzige Arzt der Welt, der den feinsten Saphirspitzenstift verwendet.<\/p>\n<p data-start=\"472\" data-end=\"953\">Von stammzellunterst\u00fctzten regenerativen Behandlungen bis hin zu andrologischen Anwendungen entwickelt die Dr. Terziler Exclusive Clinic neue Generationen von L\u00f6sungen und l\u00e4dt Sie zu einem zu 100 % personalisierten Erlebnis ein, in dem sich Kunst und Wissenschaft vereinen.<br data-start=\"746\" data-end=\"749\" \/>Dieser beeindruckenden Karriere liegt nicht nur Wissen zugrunde, sondern auch eine mit Ausdauer geformte Vision, ein Geist, der nach Perfektion strebt, und eine unerm\u00fcdliche Leidenschaft f\u00fcr das Lernen.<\/p>\n<p data-start=\"955\" data-end=\"1435\">Dr. Terziler wurde 1968 in Istanbul geboren. Schon in jungen Jahren fiel er durch seine disziplinierte, flei\u00dfige und zielstrebige Pers\u00f6nlichkeit auf. Nach seinem Abschluss am angesehenen Kabata\u015f-Jungen-Gymnasium als Jahrgangsbester bestand er die Universit\u00e4tsaufnahmepr\u00fcfung mit herausragendem Erfolg und begann sein Medizinstudium an der Istanbul-Universit\u00e4t. 1991 schloss er mit Auszeichnung ab und legte damit den Grundstein f\u00fcr seine heute international anerkannte Karriere.<\/p>\n<p data-start=\"1437\" data-end=\"1840\">Nach seinem Abschluss begann er sofort mit Schulungen zur Haartransplantation. Sowohl im In- als auch im Ausland absolvierte er fortgeschrittene Ausbildungen in Haartransplantation, robotischer Haarchirurgie und modernen Haarbehandlungen. Diese Schritte waren die ersten Meilensteine beim Aufbau einer neuen \u00c4ra von Haartransplantationszentren in der T\u00fcrkei, die internationalen Standards entsprechen.<\/p>\n<p data-start=\"1842\" data-end=\"2499\">Sein erster Einstieg ins Gesundheitsmanagement begann 1996, als er gemeinsam mit zehn Arztkollegen das Onur Medizinzentrum gr\u00fcndete. Im Laufe seiner Karriere arbeitete er 2001 im G\u00f6ztepe Marmara Medizinzentrum, 2002 im Bah\u00e7elievler Marmara Medizinzentrum und 2003 im \u00dcmraniye Medizinzentrum.<br data-start=\"2133\" data-end=\"2136\" \/>Im Jahr 2005 erhielt er vom Gesundheitsministerium den Titel \u201eArzt f\u00fcr \u00c4sthetische Medizin\u201c. Von 2004 bis 2021 war er Mitbegr\u00fcnder und Vorstandsvorsitzender der Esteworld Health Group, die Dienstleistungen in den Bereichen \u201eHaartransplantation und -behandlungen\u201c, \u201ePlastische Chirurgie\u201c, \u201e\u00c4sthetische Medizin\u201c sowie \u201eMund- und Zahngesundheit\/\u00c4sthetik\u201c anbietet.<\/p>\n<p data-start=\"2501\" data-end=\"2889\">Heute setzt Terziler seine Arbeit unter dem Dach der Dr. Terziler Exclusive Clinic im prestigetr\u00e4chtigen Istanbuler Stadtteil Etiler fort.<br data-start=\"2639\" data-end=\"2642\" \/>Die Klinik bietet weltweit f\u00fchrende L\u00f6sungen in den Bereichen Haartransplantation und -restauration, regenerative Medizin und Sexualgesundheit, Stammzellbehandlungen, Langlebigkeitsanwendungen, Mund- und Zahngesundheit sowie \u00e4sthetische Medizin.<\/p>\n<p data-start=\"2891\" data-end=\"3318\">Die Dr. Terziler Exclusive Clinic bietet mit ihrem patentierten Haartransplantationsroboter, ihrer hochmodernen Technologie, der internationalen AACI-Akkreditierung und der mit dem European Property Award ausgezeichneten modernen Klinik ein erstklassiges Behandlungserlebnis. So vermittelt sie ihren G\u00e4sten aus aller Welt t\u00e4glich Vertrauen, Komfort und dauerhafte Ergebnisse \u2013 und l\u00e4sst sie Exzellenz in der \u00c4sthetik erleben.<\/p>\n<p data-start=\"3320\" data-end=\"3737\" data-is-last-node=\"\" data-is-only-node=\"\">Terziler ist nicht nur Vorstandsvorsitzender seiner eigenen Klinik, sondern auch Gr\u00fcnder und Pr\u00e4sident der T\u00dcSATDER (International Medical Tourism Association). Seine Kolumne \u201eGutes Leben\u201c wurde in der Zeitung D\u00fcnya ver\u00f6ffentlicht, und er teilt weiterhin seine Ansichten in der Gesundheitsrubrik der Zeitung Sabah. Er ist Autor des 2016 erschienenen Buches \u201eDie St\u00e4rke kommt aus der Schw\u00e4che\u201c und Vater einer Tochter.<\/p>\n","protected":false},"excerpt":{"rendered":"<p>Dr. Servet Terziler https:\/\/youtu.be\/Z1pQZbFH3BA?si=5neOLxMyP_P7hf4fhttps:\/\/www.youtube.com\/watch?v=qeZxq0TSvag Mit 35 Jahren Erfahrung und Tausenden erfolgreicher Operationen ist Dr. Terziler, bekannt als der \u201ePicasso des Haares\u201c, ein Experte, der seinen G\u00e4sten aus aller Welt nat\u00fcrliche und dauerhafte \u00e4sthetische L\u00f6sungen bietet.Durch seine Konferenzerfahrungen in Europa und den USA sowie seine innovativen Arbeiten brachte Terziler den ersten Haartransplantationsroboter in die T\u00fcrkei und [&hellip;]<\/p>\n","protected":false},"author":6,"featured_media":0,"parent":0,"menu_order":0,"comment_status":"closed","ping_status":"closed","template":"","meta":{"footnotes":""},"class_list":["post-2824","page","type-page","status-publish","hentry"],"_links":{"self":[{"href":"https:\/\/drterziler.com\/de\/wp-json\/wp\/v2\/pages\/2824","targetHints":{"allow":["GET"]}}],"collection":[{"href":"https:\/\/drterziler.com\/de\/wp-json\/wp\/v2\/pages"}],"about":[{"href":"https:\/\/drterziler.com\/de\/wp-json\/wp\/v2\/types\/page"}],"author":[{"embeddable":true,"href":"https:\/\/drterziler.com\/de\/wp-json\/wp\/v2\/users\/6"}],"replies":[{"embeddable":true,"href":"https:\/\/drterziler.com\/de\/wp-json\/wp\/v2\/comments?post=2824"}],"version-history":[{"count":20,"href":"https:\/\/drterziler.com\/de\/wp-json\/wp\/v2\/pages\/2824\/revisions"}],"predecessor-version":[{"id":54907,"href":"https:\/\/drterziler.com\/de\/wp-json\/wp\/v2\/pages\/2824\/revisions\/54907"}],"wp:attachment":[{"href":"https:\/\/drterziler.com\/de\/wp-json\/wp\/v2\/media?parent=2824"}],"curies":[{"name":"wp","href":"https:\/\/api.w.org\/{rel}","templated":true}]}}