{"id":2826,"date":"2024-08-12T14:21:06","date_gmt":"2024-08-12T14:21:06","guid":{"rendered":"https:\/\/drterziler.com\/haartransplantation\/"},"modified":"2026-03-05T23:05:58","modified_gmt":"2026-03-05T23:05:58","slug":"haartransplantation","status":"publish","type":"page","link":"https:\/\/drterziler.com\/de\/haartransplantation\/","title":{"rendered":"Haartransplantation"},"content":{"rendered":"<div class=\"page-content category-page\">\n<div id=\"header-area\">\n<div class=\"container\" id=\"firstContent\">\n<div class=\"header-content d-flex flex-column\">\n<h1 class=\"content-title\">Haartransplantation T\u00fcrkei<\/h1>\n<div class=\"content-paragraph\">\n<p class=\"p-text\">Die Haartransplantation in der T\u00fcrkei ist ein Verfahren, das Haarausfall durch personalisierte Planung und fortschrittliche Technologie dauerhaft behandelt. Unser Expertenteam bewertet die Ursachen des Haarausfalls durch einen umfassenden Beratungsprozess und bietet die am besten geeignete L\u00f6sung an. Mit unseren modernen Techniken wie Picasso Robotic DHI, Robotic DHI und Saphir-FUE werden nat\u00fcrliche und dicht aussehende Ergebnisse erzielt.<\/p>\n<p class=\"p-text\">Haarausfall, ob genetisch bedingt, durch Stress oder hormonelle Ver\u00e4nderungen verursacht, kann das Selbstvertrauen einer Person erheblich beeintr\u00e4chtigen. In diesem Artikel untersuchen wir, warum die T\u00fcrkei eine Top-Wahl f\u00fcr Haartransplantationen ist, wie der Prozess abl\u00e4uft und was Patienten vor, w\u00e4hrend und nach dem Eingriff erwarten k\u00f6nnen.<\/p>\n<\/p><\/div>\n<nav aria-label=\"breadcrumb\" class=\"breadcrumbs\">\n<ul class=\"d-flex align-items-center mb-0\">\n<li><a class=\"link\" href=\"https:\/\/drterziler.com\/de\"><span>Dr. Terziler<\/span><\/a><\/li>\n<li class=\"separator\">\u00bb<\/li>\n<li class=\"current-page\"><span>Haartransplantation<\/span><\/li>\n<\/ul>\n<\/nav><\/div>\n<\/p><\/div>\n<\/p><\/div>\n<\/div>\n<section class=\"svc-section\">\n<div class=\"container\">\n<div class=\"svc-item right-card\">\n<div class=\"svc-media\">\n                <img decoding=\"async\" src=\"https:\/\/drterziler.com\/wp-content\/uploads\/2025\/04\/PICASSO-3rev.webp\" alt=\"Haar-Stammzelltherapie\" loading=\"lazy\" class=\"cat-img\">\n            <\/div>\n<div class=\"svc-card\">\n<h3 class=\"svc-title gilda\">Picasso Robotic DHI<\/h3>\n<p class=\"svc-text barlow\">\n                    Dies ist das exklusivste Haartransplantationsprotokoll, das von Dr. Terziler w\u00e4hrend des gesamten Behandlungsprozesses pers\u00f6nlich geleitet wird. Unter Verwendung robotergest\u00fctzter Systeme plant dieses Verfahren akribisch den Haaransatz und die Dichteverteilung und bietet einen Behandlungsplan, der auf die Gesichtsz\u00fcge und individuellen \u00e4sthetischen Ziele abgestimmt ist.\n                <\/p>\n<p>                <a class=\"btn-details barlow-condensed\" href=\"https:\/\/drterziler.com\/de\/haartransplantation\/picasso-robotic-dhi\/\">DETAILS<\/a>\n            <\/div>\n<\/p><\/div>\n<div class=\"svc-item left-card\">\n<div class=\"svc-media\">\n                <img decoding=\"async\" src=\"https:\/\/drterziler.com\/wp-content\/uploads\/2025\/04\/ROBOTICrev.webp\" alt=\"Sexuelle Gesundheit\" loading=\"lazy\" class=\"cat-img\">\n            <\/div>\n<div class=\"svc-card\">\n<h3 class=\"svc-title gilda\">Robotic DHI<\/h3>\n<p class=\"svc-text barlow\">\n                    Diese innovative Technik erm\u00f6glicht eine Haartransplantation ohne Rasur, was sowohl w\u00e4hrend des Eingriffs als auch im Erholungsprozess Zeit spart. Robotic DHI bietet eine schmerzfreie und komfortable Erfahrung, die die Transplantation von bis zu 6.000 Grafts in einer einzigen Sitzung erm\u00f6glicht und zu nat\u00fcrlich aussehendem und vollerem Haar f\u00fchrt.\n                <\/p>\n<p>                <a class=\"btn-details barlow-condensed\" href=\"https:\/\/drterziler.com\/de\/haartransplantation\/fusion-robotic-dhi\/\">DETAILS<\/a>\n            <\/div>\n<\/p><\/div>\n<div class=\"svc-item right-card\">\n<div class=\"svc-media\">\n                <img decoding=\"async\" src=\"https:\/\/drterziler.com\/wp-content\/uploads\/2025\/04\/SAFIRrev.webp\" alt=\"Dermatologische Behandlungen\" loading=\"lazy\" class=\"cat-img\">\n            <\/div>\n<div class=\"svc-card\">\n<h3 class=\"svc-title gilda\">Saphir-FUE<\/h3>\n<p class=\"svc-text barlow\">\n                    Diese Methode, die mit dem weltweit d\u00fcnnsten und sch\u00e4rfsten Stift mit Saphirspitze durchgef\u00fchrt wird, ist bekannt f\u00fcr ihre hohen Erfolgsraten bei der Behandlung von Haarausfall oder d\u00fcnner werdendem Haar. Die Verwendung kleiner und glatter Schnitte minimiert die Narbenbildung und gew\u00e4hrleistet maximale, lang anhaltende Ergebnisse.\n                <\/p>\n<p>                <a class=\"btn-details barlow-condensed\" href=\"https:\/\/drterziler.com\/de\/haartransplantation\/evo-sapphire-fue\/\">DETAILS<\/a>\n            <\/div>\n<\/p><\/div>\n<div class=\"svc-item left-card\">\n<div class=\"svc-media\">\n                <img decoding=\"async\" src=\"https:\/\/drterziler.com\/wp-content\/uploads\/2025\/04\/TIRASSIZ-EKIMrev.webp\" alt=\"Diabetische Behandlungen\" loading=\"lazy\" class=\"cat-img\">\n            <\/div>\n<div class=\"svc-card\">\n<h3 class=\"svc-title gilda\">Unrasierte Haartransplantation<\/h3>\n<p class=\"svc-text barlow\">\n                    Die unrasierte Haartransplantation ist ein Verfahren, das ohne Schneiden oder Rasieren der vorhandenen Haare durchgef\u00fchrt wird. Diese Methode ist ideal f\u00fcr Personen, die ihr soziales Leben w\u00e4hrend des Haartransplantationsprozesses nicht unterbrechen m\u00f6chten. Die unrasierte Haartransplantation erm\u00f6glicht die Implantation neuer Haarfollikel unter Beibehaltung des nat\u00fcrlichen Erscheinungsbildes der vorhandenen Haare.\n                <\/p>\n<p>                <a class=\"btn-details barlow-condensed\" href=\"https:\/\/drterziler.com\/de\/haartransplantation\/unrasierte-haartransplantation\/\">DETAILS<\/a>\n            <\/div>\n<\/p><\/div>\n<div class=\"svc-item right-card\">\n<div class=\"svc-media\">\n                <img decoding=\"async\" src=\"https:\/\/drterziler.com\/wp-content\/uploads\/2025\/04\/AFROrev.webp\" alt=\"Kardiovaskul\u00e4re Behandlungen\" loading=\"lazy\" class=\"cat-img\">\n            <\/div>\n<div class=\"svc-card\">\n<h3 class=\"svc-title gilda\">Afroamerikanische Haartransplantation<\/h3>\n<p class=\"svc-text barlow\">\n                    Die afroamerikanische Haartransplantation ist eine Technik, die speziell f\u00fcr Personen mit lockigen und dichten Haarstrukturen entwickelt wurde. Diese Methode stellt sicher, dass Haarfollikel so platziert werden, dass die nat\u00fcrliche Locke und Dichte des Haares respektiert werden. Durch die erfolgreiche Bew\u00e4ltigung der einzigartigen Herausforderungen dieses Haartyps bietet die afroamerikanische Haartransplantation \u00e4sthetische und nat\u00fcrlich aussehende Ergebnisse.\n                <\/p>\n<p>                <a class=\"btn-details barlow-condensed\" href=\"https:\/\/drterziler.com\/de\/haartransplantation\/afroamerikanische-haartransplantation\/\">DETAILS<\/a>\n            <\/div>\n<\/p><\/div>\n<div class=\"svc-item left-card\">\n<div class=\"svc-media\">\n                <img decoding=\"async\" src=\"https:\/\/drterziler.com\/wp-content\/uploads\/2025\/04\/KADIN-EKIMrev.webp\" alt=\"Orthop\u00e4dische Behandlungen\" loading=\"lazy\" class=\"cat-img\">\n            <\/div>\n<div class=\"svc-card\">\n<h3 class=\"svc-title gilda\">Haartransplantation f\u00fcr Frauen<\/h3>\n<p class=\"svc-text barlow\">\n                   Dieses Verfahren wurde speziell f\u00fcr Haarausfallmuster bei Frauen entwickelt. Mit Fokus auf Sensibilit\u00e4t und \u00e4sthetische Belange zielt die Transplantation darauf ab, ein nat\u00fcrliches Erscheinungsbild zu erreichen. Sie wird durchgef\u00fchrt, um ausd\u00fcnnende Bereiche zu verj\u00fcngen und ein \u00e4sthetisch ansprechendes Aussehen wiederherzustellen.\n                <\/p>\n<p>                <a class=\"btn-details barlow-condensed\" href=\"https:\/\/drterziler.com\/de\/haartransplantation\/haartransplantation-fuer-frauen\/\">DETAILS<\/a>\n            <\/div>\n<\/p><\/div>\n<div class=\"svc-item right-card\">\n<div class=\"svc-media\">\n                <img decoding=\"async\" src=\"https:\/\/drterziler.com\/wp-content\/uploads\/2025\/08\/sakaldan-sac-ekimi.webp\" alt=\"Kardiovaskul\u00e4re Behandlungen\" loading=\"lazy\" class=\"cat-img\">\n            <\/div>\n<div class=\"svc-card\">\n<h3 class=\"svc-title gilda\">Bart- und Schnurrbarttransplantation<\/h3>\n<p class=\"svc-text barlow\">\n                    Die Bart-, Schnurrbart- und Kotelettentransplantation wird f\u00fcr Personen durchgef\u00fchrt, die einen Mangel an Gesichtsbehaarung aufweisen. Dieses Verfahren zielt darauf ab, die Dichte und Form der Gesichtsbehaarung in Harmonie mit den Gesichtsz\u00fcgen zu verbessern. Die Bart-, Schnurrbart- und Kotelettentransplantation ist eine effektive L\u00f6sung f\u00fcr M\u00e4nner, die ein maskulines und stilvolles Aussehen anstreben.\n                <\/p>\n<p>                <a class=\"btn-details barlow-condensed\" href=\"https:\/\/drterziler.com\/de\/haartransplantation\/bart-und-schnurrbarttransplantation\/\">DETAILS<\/a>\n            <\/div>\n<\/p><\/div>\n<div class=\"svc-item left-card\">\n<div class=\"svc-media\">\n                <img decoding=\"async\" src=\"https:\/\/drterziler.com\/wp-content\/uploads\/2025\/04\/KAS-EKIMIrev.webp\" alt=\"Orthop\u00e4dische Behandlungen\" loading=\"lazy\" class=\"cat-img\">\n            <\/div>\n<div class=\"svc-card\">\n<h3 class=\"svc-title gilda\">Augenbrauentransplantation<\/h3>\n<p class=\"svc-text barlow\">\n                   Die Augenbrauentransplantation ist ein Verfahren zur Rekonstruktion sp\u00e4rlicher oder d\u00fcnner werdender Augenbrauen. Diese Technik beinhaltet die Transplantation von Haarfollikeln in den Augenbrauenbereich unter Ber\u00fccksichtigung der nat\u00fcrlichen Form und Dichte der Brauen. Es ist eine ideale L\u00f6sung, um einen \u00e4sthetisch ansprechenden Rahmen zu schaffen und den Gesichtsausdruck zu verbessern.\n                <\/p>\n<p>                <a class=\"btn-details barlow-condensed\" href=\"https:\/\/drterziler.com\/de\/haartransplantation\/augenbrauentransplantation\/\">DETAILS<\/a>\n            <\/div>\n<\/p><\/div>\n<\/p><\/div>\n<\/section>\n","protected":false},"excerpt":{"rendered":"<p>Haartransplantation T\u00fcrkei Die Haartransplantation in der T\u00fcrkei ist ein Verfahren, das Haarausfall durch personalisierte Planung und fortschrittliche Technologie dauerhaft behandelt. Unser Expertenteam bewertet die Ursachen des Haarausfalls durch einen umfassenden Beratungsprozess und bietet die am besten geeignete L\u00f6sung an. Mit unseren modernen Techniken wie Picasso Robotic DHI, Robotic DHI und Saphir-FUE werden nat\u00fcrliche und dicht [&hellip;]<\/p>\n","protected":false},"author":6,"featured_media":769,"parent":0,"menu_order":0,"comment_status":"closed","ping_status":"closed","template":"","meta":{"footnotes":""},"class_list":["post-2826","page","type-page","status-publish","has-post-thumbnail","hentry"],"_links":{"self":[{"href":"https:\/\/drterziler.com\/de\/wp-json\/wp\/v2\/pages\/2826","targetHints":{"allow":["GET"]}}],"collection":[{"href":"https:\/\/drterziler.com\/de\/wp-json\/wp\/v2\/pages"}],"about":[{"href":"https:\/\/drterziler.com\/de\/wp-json\/wp\/v2\/types\/page"}],"author":[{"embeddable":true,"href":"https:\/\/drterziler.com\/de\/wp-json\/wp\/v2\/users\/6"}],"replies":[{"embeddable":true,"href":"https:\/\/drterziler.com\/de\/wp-json\/wp\/v2\/comments?post=2826"}],"version-history":[{"count":57,"href":"https:\/\/drterziler.com\/de\/wp-json\/wp\/v2\/pages\/2826\/revisions"}],"predecessor-version":[{"id":59532,"href":"https:\/\/drterziler.com\/de\/wp-json\/wp\/v2\/pages\/2826\/revisions\/59532"}],"wp:featuredmedia":[{"embeddable":true,"href":"https:\/\/drterziler.com\/de\/wp-json\/wp\/v2\/media\/769"}],"wp:attachment":[{"href":"https:\/\/drterziler.com\/de\/wp-json\/wp\/v2\/media?parent=2826"}],"curies":[{"name":"wp","href":"https:\/\/api.w.org\/{rel}","templated":true}]}}