{"id":2828,"date":"2024-08-12T14:35:20","date_gmt":"2024-08-12T14:35:20","guid":{"rendered":"https:\/\/drterziler.com\/haartransplantation\/bart-und-schnurrbarttransplantation\/"},"modified":"2026-04-07T11:27:34","modified_gmt":"2026-04-07T11:27:34","slug":"barttransplantation-in-der-turkei","status":"publish","type":"page","link":"https:\/\/drterziler.com\/de\/haartransplantation\/barttransplantation-in-der-turkei\/","title":{"rendered":"Transplantation von Bart, Schnurrbart und Koteletten"},"content":{"rendered":"<div class=\"page-content\">\n<div id=\"header-area\">\n<div class=\"container\" id=\"firstContent\">\n<div class=\"header-content d-flex flex-column\">\n<h1 class=\"content-title h1-header\">Transplantation von Bart, Schnurrbart und Koteletten<\/h1>\n<div class=\"content-paragraph\">\n<p class=\"p-text\">Die Transplantation von B\u00e4rten, Schnurrb\u00e4rten und Koteletten ist eine mikrochirurgische Methode, mit der fehlende oder sp\u00e4rliche Haarfollikel im Gesichtsbereich verst\u00e4rkt werden. Diese Verfahren sorgen daf\u00fcr, dass B\u00e4rte, Schnurrb\u00e4rte und Koteletten, die eine wichtige Rolle f\u00fcr die Gesichts\u00e4sthetik von M\u00e4nnern spielen, voller und formsch\u00f6ner werden. Diese Transplantationsverfahren bieten eine ideale L\u00f6sung f\u00fcr Menschen, die aufgrund genetischer Faktoren, hormoneller Ungleichgewichte, Verletzungen oder Verbrennungen unter Haarausfall in diesen Bereichen leiden.<\/p>\n<\/p><\/div>\n<nav aria-label=\"breadcrumb\" class=\"breadcrumbs\">\n<ul class=\"d-flex align-items-center mb-0\">\n<li><a class=\"link\" href=\"https:\/\/drterziler.com\/de\/\"><span>Dr. Terziler Exclusive Clinic<\/span><\/a><\/li>\n<li class=\"separator\">\u00bb<\/li>\n<li><a class=\"link\" href=\"https:\/\/drterziler.com\/de\/haartransplantation\/\"><span>Haartransplantation<\/span><\/a><\/li>\n<li class=\"separator\">\u00bb<\/li>\n<li class=\"current-page\"><span>Transplantation von Bart, Schnurrbart und Koteletten<\/span><\/li>\n<\/ul>\n<\/nav><\/div>\n<\/p><\/div>\n<\/p><\/div>\n<\/div>\n<section id=\"content-area\">\n<div class=\"container my-5\">\n<div class=\"row align-items-start\">\n<div class=\"col-md-6 order-2 order-md-1\">\n<div class=\"custom-toc-box\">\n<div id=\"toc-header\">\n<h4>Inhaltsverzeichnis<\/h4>\n<div class=\"toc-toggle-icon\"><\/div>\n<\/p><\/div>\n<div class=\"toc-full-divider\"><\/div>\n<div id=\"toc-body\">\n<div id=\"toc-container\"><\/div>\n<\/p><\/div>\n<\/p><\/div>\n<\/p><\/div>\n<div class=\"col-md-6 order-1 order-md-2\" id=\"jForm\">\n                <script type=\"text\/javascript\" src=\"https:\/\/form.jotform.com\/jsform\/242882128947973\"><\/script>\n            <\/div>\n<\/p><\/div>\n<\/p><\/div>\n<div class=\"container\">\n<div class=\"img-thumb\">\n            <img loading=\"lazy\" decoding=\"async\" width=\"1140\" height=\"641\" src=\"https:\/\/drterziler.com\/wp-content\/uploads\/2025\/04\/SAKAL-EKIM-1rev.webp\" alt=\"\" srcset=\"https:\/\/drterziler.com\/wp-content\/uploads\/2025\/04\/SAKAL-EKIM-1rev.webp 1140w, https:\/\/drterziler.com\/wp-content\/uploads\/2025\/04\/SAKAL-EKIM-1rev-300x169.webp 300w, https:\/\/drterziler.com\/wp-content\/uploads\/2025\/04\/SAKAL-EKIM-1rev-1024x576.webp 1024w, https:\/\/drterziler.com\/wp-content\/uploads\/2025\/04\/SAKAL-EKIM-1rev-768x432.webp 768w\" sizes=\"auto, (max-width: 1140px) 100vw, 1140px\">\n        <\/div>\n<div>\n<div>\n<h2 class=\"h2-header\">Barttransplantation<\/h2>\n<\/p><\/div>\n<div>\n<p class=\"p-text\">Bei der Barttransplantation werden Haarfollikel aus dem Spenderbereich in bartlose oder sp\u00e4rliche Bartbereiche des Gesichts verpflanzt. Die Haarfollikel, die in der Regel aus dem Nackenbereich entnommen werden, werden in \u00dcbereinstimmung mit der nat\u00fcrlichen Wachstumsrichtung und dem Winkel des Bartes eingepflanzt. Die Barttransplantation wird entsprechend der Gesichtsstruktur und den \u00e4sthetischen Vorlieben der Person geplant, um ein nat\u00fcrliches und symmetrisches Aussehen zu erzielen. F\u00fcr wen ist es geeignet? Die Barttransplantation eignet sich f\u00fcr M\u00e4nner, die L\u00fccken oder Ausd\u00fcnnungen in ihrem Bart haben, ihren Bart intensivieren m\u00f6chten oder bartlos sind. Auch Menschen, die aufgrund von Narben oder Verbrennungen Bartverlust erlitten haben, k\u00f6nnen von diesem Verfahren profitieren.<\/p>\n<\/p><\/div>\n<\/p><\/div>\n<div>\n<div>\n<h2 class=\"h2-header\">Schnurrbarttransplantation<\/h2>\n<\/p><\/div>\n<div>\n<p class=\"p-text\">Die Schnurrbarttransplantation ist ein Verfahren, mit dem sp\u00e4rliche oder fehlende Haarfollikel im Bereich des Schnurrbartes aufgef\u00fcllt werden. Die aus dem Spenderbereich entnommenen Haarfollikel werden entsprechend ihrer nat\u00fcrlichen Richtung und Winkel in den Schnurrbartbereich eingepflanzt. Die Schnurrbarttransplantation setzt einen wichtigen Akzent in der m\u00e4nnlichen Gesichts\u00e4sthetik, indem sie die nat\u00fcrliche Dicke und Form des Schnurrbartes verst\u00e4rkt. F\u00fcr wen ist es geeignet? Die Schnurrbarttransplantation eignet sich f\u00fcr M\u00e4nner mit sp\u00e4rlichem Haarwuchs im Schnurrbartbereich, die ihrem Schnurrbart ein volleres Aussehen verleihen m\u00f6chten oder die im Schnurrbartbereich keinen Haarwuchs haben.<\/p>\n<\/p><\/div>\n<\/p><\/div>\n<div>\n<div>\n<h2 class=\"h2-header\">Koteletten-Transplantation<\/h2>\n<\/p><\/div>\n<div>\n<p class=\"p-text\">Bei der Koteletten-Transplantation handelt es sich um eine Technik, mit der die Haare im Bereich der Koteletten an der Seite des Gesichts verst\u00e4rkt oder neu geformt werden. Da die Koteletten f\u00fcr das Gesamterscheinungsbild des Gesichts eine rahmende Rolle spielen, kann ein Mangel an Haaren in diesem Bereich ein \u00e4sthetisches Problem darstellen. Bei der Koteletten-Transplantation werden Haarfollikel aus dem Spenderbereich sorgf\u00e4ltig im Bereich der Koteletten platziert, um ein Aussehen zu erzielen, das zu den Gesichtsz\u00fcgen der Person passt. F\u00fcr wen ist es geeignet? Die Koteletten-Transplantation ist ideal f\u00fcr M\u00e4nner, die eine Ausd\u00fcnnung, Asymmetrie oder einen Mangel im Kotelettenbereich haben und diesen Bereich verst\u00e4rken m\u00f6chten. Vor allem diejenigen, die in der Gesichts\u00e4sthetik ein markantes Aussehen der Koteletten bevorzugen, k\u00f6nnen von diesem Verfahren profitieren.<\/p>\n<\/p><\/div>\n<\/p><\/div>\n<div>\n<div>\n<h2 class=\"h2-header\">Vorteile und Ergebnisse<\/h2>\n<\/p><\/div>\n<div>\n<p class=\"p-text\">Nat\u00fcrliches Erscheinungsbild: Da die Transplantation von Bart, Schnurrbart und Koteletten unter Ber\u00fccksichtigung der nat\u00fcrlichen Richtung und des nat\u00fcrlichen Winkels erfolgt, wird in diesem Bereich nach der Transplantation ein nat\u00fcrliches Aussehen erzielt. Personalisierte L\u00f6sungen: Diese Transplantationseingriffe werden entsprechend der Gesichtsstruktur und den \u00e4sthetischen Erwartungen jedes Einzelnen geplant und bieten somit individuelle L\u00f6sungen. Minimal-invasive Methode: Die Transplantation von B\u00e4rten, Schnurrb\u00e4rten und Koteletten ist ein minimalinvasiver mikrochirurgischer Eingriff, so dass der Heilungsprozess schnell und angenehm verl\u00e4uft. Dauerhafte Ergebnisse: Im transplantierten Bereich werden dauerhafte und lang anhaltende Ergebnisse erzielt, da sich die Wurzeln festsetzen.<\/p>\n<\/p><\/div>\n<\/p><\/div>\n<div>\n<div>\n<h2 class=\"h2-header\">Schlussfolgerung<\/h2>\n<\/p><\/div>\n<div>\n<p class=\"p-text\">Die Transplantation von B\u00e4rten, Schnurrb\u00e4rten und Koteletten ist eine wirksame Methode, die von M\u00e4nnern bevorzugt wird, um ihre Gesichts\u00e4sthetik zu verbessern, ihr Selbstvertrauen zu st\u00e4rken und ein attraktiveres Aussehen zu erreichen. Mit ihrem nat\u00fcrlichen Aussehen und den minimalen Heilungszeiten nehmen diese Eingriffe einen wichtigen Platz im Bereich der modernen \u00e4sthetischen Chirurgie ein. Die Transplantation von B\u00e4rten, Schnurrb\u00e4rten und Koteletten ist eine ideale L\u00f6sung f\u00fcr M\u00e4nner, die unter Haarausfall leiden oder ihre Gesichtsz\u00fcge auff\u00e4lliger gestalten m\u00f6chten.<\/p>\n<\/p><\/div>\n<\/p><\/div>\n<\/p><\/div>\n<\/section>\n","protected":false},"excerpt":{"rendered":"<p>Transplantation von Bart, Schnurrbart und Koteletten Die Transplantation von B\u00e4rten, Schnurrb\u00e4rten und Koteletten ist eine mikrochirurgische Methode, mit der fehlende oder sp\u00e4rliche Haarfollikel im Gesichtsbereich verst\u00e4rkt werden. Diese Verfahren sorgen daf\u00fcr, dass B\u00e4rte, Schnurrb\u00e4rte und Koteletten, die eine wichtige Rolle f\u00fcr die Gesichts\u00e4sthetik von M\u00e4nnern spielen, voller und formsch\u00f6ner werden. Diese Transplantationsverfahren bieten eine ideale [&hellip;]<\/p>\n","protected":false},"author":6,"featured_media":7045,"parent":2826,"menu_order":0,"comment_status":"closed","ping_status":"closed","template":"","meta":{"footnotes":""},"class_list":["post-2828","page","type-page","status-publish","has-post-thumbnail","hentry"],"_links":{"self":[{"href":"https:\/\/drterziler.com\/de\/wp-json\/wp\/v2\/pages\/2828","targetHints":{"allow":["GET"]}}],"collection":[{"href":"https:\/\/drterziler.com\/de\/wp-json\/wp\/v2\/pages"}],"about":[{"href":"https:\/\/drterziler.com\/de\/wp-json\/wp\/v2\/types\/page"}],"author":[{"embeddable":true,"href":"https:\/\/drterziler.com\/de\/wp-json\/wp\/v2\/users\/6"}],"replies":[{"embeddable":true,"href":"https:\/\/drterziler.com\/de\/wp-json\/wp\/v2\/comments?post=2828"}],"version-history":[{"count":16,"href":"https:\/\/drterziler.com\/de\/wp-json\/wp\/v2\/pages\/2828\/revisions"}],"predecessor-version":[{"id":61476,"href":"https:\/\/drterziler.com\/de\/wp-json\/wp\/v2\/pages\/2828\/revisions\/61476"}],"up":[{"embeddable":true,"href":"https:\/\/drterziler.com\/de\/wp-json\/wp\/v2\/pages\/2826"}],"wp:featuredmedia":[{"embeddable":true,"href":"https:\/\/drterziler.com\/de\/wp-json\/wp\/v2\/media\/7045"}],"wp:attachment":[{"href":"https:\/\/drterziler.com\/de\/wp-json\/wp\/v2\/media?parent=2828"}],"curies":[{"name":"wp","href":"https:\/\/api.w.org\/{rel}","templated":true}]}}