{"id":2840,"date":"2024-08-12T14:21:31","date_gmt":"2024-08-12T14:21:31","guid":{"rendered":"https:\/\/drterziler.com\/haar-behandlungen\/"},"modified":"2026-04-06T11:11:54","modified_gmt":"2026-04-06T11:11:54","slug":"haar-behandlungen","status":"publish","type":"page","link":"https:\/\/drterziler.com\/de\/haar-behandlungen\/","title":{"rendered":"Haar-Behandlungen"},"content":{"rendered":"<div class=\"page-content category-page\">\n<div id=\"header-area\">\n<div class=\"container\" id=\"firstContent\">\n<div class=\"header-content d-flex flex-column\">\n<h1 class=\"content-title\">Haarbehandlungen<\/h1>\n<div class=\"content-paragraph\">\n<p>Bei Haarbehandlungen zur Wiederherstellung ist es das Ziel, bestehendes Haar zu st\u00e4rken, Haarausfall zu verhindern und die Haargesundheit zu erhalten. Fortschrittliche technologische Anwendungen wie Laserbehandlungen, PRP, Wachstumsfaktoren und Mesotherapie helfen, das Haar zu revitalisieren. Mit personalisierten Behandlungspl\u00e4nen erwartet sowohl M\u00e4nner als auch Frauen in der Dr. Terziler Exclusive Clinic ein erstklassiges Behandlungserlebnis.<\/p>\n<\/p><\/div>\n<nav aria-label=\"breadcrumb\" class=\"breadcrumbs\">\n<ul class=\"d-flex align-items-center mb-0\">\n<li><a class=\"link\" href=\"https:\/\/drterziler.com\/de\/\"><span>Dr. Terziler<\/span><\/a><\/li>\n<li class=\"separator\">\u00bb<\/li>\n<li class=\"current-page\"><span>Haarbehandlungen<\/span><\/li>\n<\/ul>\n<\/nav><\/div>\n<\/p><\/div>\n<\/p><\/div>\n<\/p><\/div>\n<section class=\"svc-section\">\n<div class=\"container\">\n<div class=\"svc-item right-card\">\n<div class=\"svc-media\">\n              <img decoding=\"async\" src=\"https:\/\/drterziler.com\/wp-content\/uploads\/2026\/02\/Sac-Eksozom_6_11zon.webp\" alt=\"Exosom-Behandlungen\" style=\"transform: scaleX(-1);\" loading=\"lazy\" class=\"cat-img\">\n              <\/div>\n<div class=\"svc-card\">\n<h3 class=\"svc-title gilda\">Exosom-Behandlungen<\/h3>\n<p class=\"svc-text barlow\">\n                  Exosomen sind mikroskopisch kleine, membranumschlossene Strukturen, die von Zellen auf nat\u00fcrliche Weise sezerniert werden und die interzellul\u00e4re Kommunikation erleichtern. Diese Strukturen, die in der Regel eine Gr\u00f6\u00dfe von 30 bis 150 Nanometern haben, werden durch spezialisierte Vesikel innerhalb der Zelle gebildet und beeinflussen andere Zellen durch den Transport biologischer Informationen.\n              <\/p>\n<p>              <a class=\"btn-details barlow-condensed\" href=\"https:\/\/drterziler.com\/de\/haar-behandlungen\/exosomen\/exosomen-zur-haarbehandlung\/\">DETAILS<\/a>\n              <\/div>\n<\/p><\/div>\n<div class=\"svc-item left-card\">\n<div class=\"svc-media\">\n              <img decoding=\"async\" src=\"https:\/\/drterziler.com\/wp-content\/uploads\/2025\/04\/HAIR-ELIXIR.webp\" alt=\"Haar-Elixier\" loading=\"lazy\" class=\"cat-img\">\n              <\/div>\n<div class=\"svc-card\">\n<h3 class=\"svc-title gilda\">Haar-Elixier<\/h3>\n<p class=\"svc-text barlow\">\n                  Die Behandlung mit dem Haar-Elixier beinhaltet die Injektion von angereichertem Plasma, das aus den patienteneigenen Stammzellen gewonnen wird, in die Kopfhaut. Dieser Prozess n\u00e4hrt die Kopfhaut und liefert reparierende Wachstumsfaktoren, die bestehende Haarstr\u00e4hnen effektiv st\u00e4rken und das Wachstum neuer Haare unterst\u00fctzen.\n              <\/p>\n<p>              <a class=\"btn-details barlow-condensed\" href=\"https:\/\/drterziler.com\/de\/haar-behandlungen\/haar-elixier\/\">DETAILS<\/a>\n              <\/div>\n<\/p><\/div>\n<div class=\"svc-item right-card\">\n<div class=\"svc-media\">\n            <img decoding=\"async\" src=\"https:\/\/drterziler.com\/wp-content\/uploads\/2026\/02\/Tricho-Test_8_11zon.webp\" alt=\"Tricho-Test\" loading=\"lazy\" class=\"cat-img\">\n            <\/div>\n<div class=\"svc-card\">\n<h3 class=\"svc-title gilda\">Tricho-Test<\/h3>\n<p class=\"svc-text barlow\">\n                Durch einen personalisierten Pflegeplan werden die spezifischen Bed\u00fcrfnisse der Haare bei Personen mit genetisch bedingtem Haarausfall gr\u00fcndlich analysiert. Nach dem Versand von Proben an ein Genlabor in Spanien werden 50 verschiedene DNA-Marker ausgewertet, und der Behandlungsprozess beginnt mit einem individuell formulierten Serum, das auf die Person zugeschnitten ist.\n            <\/p>\n<p>            <a class=\"btn-details barlow-condensed\" href=\"https:\/\/drterziler.com\/de\/haar-behandlungen\/tricho-test\/\">DETAILS<\/a>\n            <\/div>\n<\/p><\/div>\n<div class=\"svc-item left-card\">\n<div class=\"svc-media\">\n              <img decoding=\"async\" src=\"https:\/\/drterziler.com\/wp-content\/uploads\/2026\/02\/HAIR-LASER_3_11zon.webp\" alt=\"Haar-Laserbehandlung\" loading=\"lazy\" class=\"cat-img\">\n              <\/div>\n<div class=\"svc-card\">\n<h3 class=\"svc-title gilda\">Haar-Laserbehandlung<\/h3>\n<p class=\"svc-text barlow\">\n                  Die Haar-Laserbehandlung nutzt fortschrittliche Lasertechnologie, um die Aktivit\u00e4t unter der Kopfhaut zu steigern, bestehendes Haar zu st\u00e4rken, ruhende Haarfollikel zu revitalisieren und neues Haarwachstum in Bereichen mit Haarausfall zu f\u00f6rdern. Die Laserstrahlen mit geringer W\u00e4rmeentwicklung bieten ein v\u00f6llig schmerzfreies Verfahren ohne medizinische Risiken oder Sch\u00e4den f\u00fcr Kopfhaut oder Haar.\n              <\/p>\n<p>              <a class=\"btn-details barlow-condensed\" href=\"https:\/\/drterziler.com\/de\/haar-behandlungen\/haar-lasertherapie\/\">DETAILS<\/a>\n              <\/div>\n<\/p><\/div>\n<div class=\"svc-item right-card\">\n<div class=\"svc-media\">\n            <img decoding=\"async\" src=\"https:\/\/drterziler.com\/wp-content\/uploads\/2026\/02\/GROWTH-FACTOR_1_11zon.webp\" alt=\"Wachstumsfaktor-Behandlung\" loading=\"lazy\" class=\"cat-img\">\n            <\/div>\n<div class=\"svc-card\">\n<h3 class=\"svc-title gilda\">Wachstumsfaktor-Behandlung<\/h3>\n<p class=\"svc-text barlow\">\n                Der Wachstumsfaktor ist eine Behandlungsmethode, bei der ein personalisiertes Serum mit Vitaminen, Mineralien, Aminos\u00e4uren und aufbauenden Komponenten mittels Dermapen und Massagetechniken auf die Kopfhaut aufgetragen wird. Dieser Prozess n\u00e4hrt und stimuliert ruhende Haarfollikel, f\u00f6rdert neues Haarwachstum und f\u00fchrt zu einem volleren und volumin\u00f6seren Erscheinungsbild.\n            <\/p>\n<p>            <a class=\"btn-details barlow-condensed\" href=\"https:\/\/drterziler.com\/de\/haar-behandlungen\/wachstumsfaktoren\/\">DETAILS<\/a>\n            <\/div>\n<\/p><\/div>\n<div class=\"svc-item left-card\">\n<div class=\"svc-media\">\n              <img decoding=\"async\" src=\"https:\/\/drterziler.com\/wp-content\/uploads\/2026\/02\/PRP_5_11zon.webp\" alt=\"PRP\" loading=\"lazy\" class=\"cat-img\">\n              <\/div>\n<div class=\"svc-card\">\n<h3 class=\"svc-title gilda\">PRP<\/h3>\n<p class=\"svc-text barlow\">\n                  Dieser innovative und biologisch basierte Ansatz zur Bek\u00e4mpfung von Haarausfall beinhaltet die Verwendung von PRP (Platelet Rich Plasma). PRP wird aus dem Eigenblut des Patienten gewonnen und ist reich an Blutpl\u00e4ttchen. Das Plasma wird in die Kopfhaut injiziert, wodurch die Haarfollikel revitalisiert und neues Haarwachstum gef\u00f6rdert werden.\n              <\/p>\n<p>              <a class=\"btn-details barlow-condensed\" href=\"https:\/\/drterziler.com\/de\/haar-behandlungen\/prp\/\">DETAILS<\/a>\n              <\/div>\n<\/p><\/div>\n<div class=\"svc-item right-card\">\n<div class=\"svc-media\">\n            <img decoding=\"async\" src=\"https:\/\/drterziler.com\/wp-content\/uploads\/2026\/02\/HAIR-NAIL-KOKTEYL-1_4_11zon.webp\" alt=\"Haar-Nagel-Cocktail-Behandlung\" loading=\"lazy\" class=\"cat-img\">\n            <\/div>\n<div class=\"svc-card\">\n<h3 class=\"svc-title gilda\">Haar-Nagel-Cocktail-Behandlung<\/h3>\n<p class=\"svc-text barlow\">\n                Dies ist eine speziell formulierte Mischung mit nat\u00fcrlichen Vitaminen, die eine st\u00e4rkende Wirkung auf Haare und N\u00e4gel aus\u00fcbt. Reich an Zink, Vitamin B und Biotin n\u00e4hrt und st\u00e4rkt es die Haarfollikel und macht gleichzeitig die N\u00e4gel kr\u00e4ftiger und glatter. Es kann auch bei Erkrankungen wie Schuppenflechte und Ekzemen eingesetzt werden.\n            <\/p>\n<p>            <a class=\"btn-details barlow-condensed\" href=\"https:\/\/drterziler.com\/de\/haar-behandlungen\/hair-nail-cocktail\/\">DETAILS<\/a>\n            <\/div>\n<\/p><\/div>\n<div class=\"svc-item left-card\">\n<div class=\"svc-media\">\n              <img decoding=\"async\" src=\"https:\/\/drterziler.com\/wp-content\/uploads\/2026\/02\/SAMPUANrev_7_11zon.webp\" alt=\"Haarpflegeprodukte\" loading=\"lazy\" class=\"cat-img\">\n              <\/div>\n<div class=\"svc-card\">\n<h3 class=\"svc-title gilda\">Haarpflegeprodukte<\/h3>\n<p class=\"svc-text barlow\">\n                  Mit seinem Zimtextrakt st\u00e4rkt es die Haarwurzeln und verleiht dem Haar Widerstandsf\u00e4higkeit. Dank Vitaminen und Mineralien wie Niacinamid bringt es die Kopfhaut ins Gleichgewicht. Mit Schwarzk\u00fcmmelsamenextrakt beugt es Haarausfall vor.\n              <\/p>\n<p>              <a class=\"btn-details barlow-condensed\" href=\"https:\/\/drterziler.com\/de\/haar-behandlungen\/haarpflegeprodukte\/\">DETAILS<\/a>\n              <\/div>\n<\/p><\/div>\n<\/p><\/div>\n<\/section>\n","protected":false},"excerpt":{"rendered":"<p>Haarbehandlungen Bei Haarbehandlungen zur Wiederherstellung ist es das Ziel, bestehendes Haar zu st\u00e4rken, Haarausfall zu verhindern und die Haargesundheit zu erhalten. Fortschrittliche technologische Anwendungen wie Laserbehandlungen, PRP, Wachstumsfaktoren und Mesotherapie helfen, das Haar zu revitalisieren. Mit personalisierten Behandlungspl\u00e4nen erwartet sowohl M\u00e4nner als auch Frauen in der Dr. Terziler Exclusive Clinic ein erstklassiges Behandlungserlebnis. Dr. Terziler [&hellip;]<\/p>\n","protected":false},"author":6,"featured_media":764,"parent":0,"menu_order":0,"comment_status":"closed","ping_status":"closed","template":"","meta":{"footnotes":""},"class_list":["post-2840","page","type-page","status-publish","has-post-thumbnail","hentry"],"_links":{"self":[{"href":"https:\/\/drterziler.com\/de\/wp-json\/wp\/v2\/pages\/2840","targetHints":{"allow":["GET"]}}],"collection":[{"href":"https:\/\/drterziler.com\/de\/wp-json\/wp\/v2\/pages"}],"about":[{"href":"https:\/\/drterziler.com\/de\/wp-json\/wp\/v2\/types\/page"}],"author":[{"embeddable":true,"href":"https:\/\/drterziler.com\/de\/wp-json\/wp\/v2\/users\/6"}],"replies":[{"embeddable":true,"href":"https:\/\/drterziler.com\/de\/wp-json\/wp\/v2\/comments?post=2840"}],"version-history":[{"count":46,"href":"https:\/\/drterziler.com\/de\/wp-json\/wp\/v2\/pages\/2840\/revisions"}],"predecessor-version":[{"id":59534,"href":"https:\/\/drterziler.com\/de\/wp-json\/wp\/v2\/pages\/2840\/revisions\/59534"}],"wp:featuredmedia":[{"embeddable":true,"href":"https:\/\/drterziler.com\/de\/wp-json\/wp\/v2\/media\/764"}],"wp:attachment":[{"href":"https:\/\/drterziler.com\/de\/wp-json\/wp\/v2\/media?parent=2840"}],"curies":[{"name":"wp","href":"https:\/\/api.w.org\/{rel}","templated":true}]}}