{"id":2842,"date":"2024-08-12T14:42:02","date_gmt":"2024-08-12T14:42:02","guid":{"rendered":"https:\/\/drterziler.com\/haar-behandlungen\/behandlung-mit-wachstumsfaktoren\/"},"modified":"2026-04-15T14:15:17","modified_gmt":"2026-04-15T14:15:17","slug":"wachstumsfaktoren","status":"publish","type":"page","link":"https:\/\/drterziler.com\/de\/haar-behandlungen\/wachstumsfaktoren\/","title":{"rendered":"Behandlung mit Wachstumsfaktoren"},"content":{"rendered":"<div class=\"page-content\">\n<div id=\"header-area\">\n<div class=\"container\" id=\"firstContent\">\n<div class=\"header-content d-flex flex-column\">\n<h1 class=\"content-title h1-header\">Behandlung mit Wachstumsfaktoren<\/h1>\n<div class=\"content-paragraph\">\n<p class=\"p-text\">Die Behandlung mit dem Wachstumsfaktor ist ein modernes und personalisiertes Konzept zur Verbesserung der Haargesundheit und zur Bek\u00e4mpfung von Haarausfall. Bei dieser Behandlung wird ein spezielles Serum mit Vitaminen, Mineralien, Aminos\u00e4uren und aufbauenden Komponenten auf die Kopfhaut aufgetragen. Die Anwendung wird durch ein Dermapen-Ger\u00e4t und Massagetechniken optimiert, wodurch die Haarfollikel stimuliert und das Wachstum neuer Haare gef\u00f6rdert wird.<\/p>\n<\/p><\/div>\n<nav aria-label=\"breadcrumb\" class=\"breadcrumbs\">\n<ul class=\"d-flex align-items-center mb-0\">\n<li><a class=\"link\" href=\"https:\/\/drterziler.com\/de\/\"><span>Dr. Terziler Exclusive Clinic<\/span><\/a><\/li>\n<li class=\"separator\">\u00bb<\/li>\n<li><a class=\"link\" href=\"https:\/\/drterziler.com\/de\/haar-behandlungen\/\"><span>Haar-Behandlungen<\/span><\/a><\/li>\n<li class=\"separator\">\u00bb<\/li>\n<li class=\"current-page\"><span>Behandlung mit Wachstumsfaktoren<\/span><\/li>\n<\/ul>\n<\/nav><\/div>\n<\/p><\/div>\n<\/p><\/div>\n<\/div>\n<section id=\"content-area\">\n<div class=\"container my-5\">\n<div class=\"row align-items-start\">\n<div class=\"col-md-6 order-2 order-md-1\">\n<div class=\"custom-toc-box\">\n<div id=\"toc-header\">\n<h4>Inhaltsverzeichnis<\/h4>\n<div class=\"toc-toggle-icon\"><\/div>\n<\/p><\/div>\n<div class=\"toc-full-divider\"><\/div>\n<div id=\"toc-body\">\n<div id=\"toc-container\"><\/div>\n<\/p><\/div>\n<\/p><\/div>\n<\/p><\/div>\n<div class=\"col-md-6 order-1 order-md-2\" id=\"jForm\">\n                <script type=\"text\/javascript\" src=\"https:\/\/form.jotform.com\/jsform\/242882128947973\"><\/script>\n            <\/div>\n<\/p><\/div>\n<\/p><\/div>\n<div class=\"container\">\n<div class=\"img-thumb\">\n            <img loading=\"lazy\" decoding=\"async\" width=\"1140\" height=\"641\" src=\"https:\/\/drterziler.com\/wp-content\/uploads\/2025\/04\/GROWTH-FACTOR.webp\" alt=\"\" srcset=\"https:\/\/drterziler.com\/wp-content\/uploads\/2025\/04\/GROWTH-FACTOR.webp 1140w, https:\/\/drterziler.com\/wp-content\/uploads\/2025\/04\/GROWTH-FACTOR-300x169.webp 300w, https:\/\/drterziler.com\/wp-content\/uploads\/2025\/04\/GROWTH-FACTOR-1024x576.webp 1024w, https:\/\/drterziler.com\/wp-content\/uploads\/2025\/04\/GROWTH-FACTOR-768x432.webp 768w\" sizes=\"auto, (max-width: 1140px) 100vw, 1140px\">\n        <\/div>\n<div>\n<div>\n<h2 class=\"h2-header\">Molekulare Komponenten und ihre Auswirkungen auf die Haarfollikel<\/h2>\n<\/p><\/div>\n<div>\n<p class=\"p-text\">Das Serum Growth Factor enth\u00e4lt wichtige N\u00e4hrstoffe und biologisch aktive Komponenten, die die Haarwurzeln ben\u00f6tigen. Zu diesen Bestandteilen geh\u00f6ren Vitamine, Mineralien und Aminos\u00e4uren; diese Substanzen steigern die Stoffwechselaktivit\u00e4ten der Haarfollikel und unterst\u00fctzen die Zellerneuerung. Wiederherstellende Komponenten reparieren Sch\u00e4den an der Kopfhaut, so dass sich die Haarwurzeln in einem ges\u00fcnderen Umfeld entwickeln k\u00f6nnen. Dieser Prozess beschleunigt den \u00dcbergang der Haarwurzeln in die aktive Wachstumsphase und verbessert das Gesamterscheinungsbild des Haares.<\/p>\n<\/p><\/div>\n<\/p><\/div>\n<div>\n<div>\n<h2 class=\"h2-header\">Behandlungsprozess: Die Rolle von Dermapen und Massage<\/h2>\n<\/p><\/div>\n<div>\n<p class=\"p-text\">Das Dermapen-Ger\u00e4t, das bei der Behandlung mit dem Wachstumsfaktor zum Einsatz kommt, erzeugt mikroskopisch kleine Kan\u00e4le in der Kopfhaut, durch die das Serum in tiefere Schichten gelangt. Diese Mikrokan\u00e4le setzen den nat\u00fcrlichen Heilungsprozess der Haut in Gang, so dass mehr N\u00e4hrstoffe und Sauerstoff zu den Haarfollikeln transportiert werden k\u00f6nnen. Gleichzeitig maximieren die angewandten Massagetechniken die Wirkung des Serums, indem sie die Blutzirkulation erh\u00f6hen und die Haarwurzeln stimulieren. Auf diese Weise werden sowohl die St\u00e4rkung der vorhandenen Haare als auch die Bildung neuer Haare unterst\u00fctzt.<\/p>\n<\/p><\/div>\n<\/p><\/div>\n<div>\n<div>\n<h2 class=\"h2-header\">Klinische Forschung und Effektivit\u00e4t<\/h2>\n<\/p><\/div>\n<div>\n<p class=\"p-text\">Die klinische Forschung zur Behandlung mit dem Wachstumsfaktor zeigt, dass diese Methode den Haarausfall wirksam reduziert und das Haarwachstum f\u00f6rdert. Vor allem bei der Revitalisierung der Haarwurzeln und der Entstehung neuer Haare wurden signifikante Ergebnisse erzielt. Die Behandlung ist f\u00fcr Menschen jeden Alters und Geschlechts geeignet, und dank der speziell f\u00fcr jeden Einzelnen formulierten Seren ist eine maximale Wirksamkeit gew\u00e4hrleistet.<\/p>\n<\/p><\/div>\n<\/p><\/div>\n<div>\n<div>\n<h2 class=\"h2-header\">Dauerhafte L\u00f6sungen mit individuellem Ansatz<\/h2>\n<\/p><\/div>\n<div>\n<p class=\"p-text\">Eines der wichtigsten Merkmale der Growth Factor-Behandlung ist, dass sie speziell f\u00fcr jeden Einzelnen formuliert und entsprechend dem Haartyp und den Bed\u00fcrfnissen der Person angewendet wird. Dieser personalisierte Ansatz erh\u00f6ht die Erfolgsquote der Behandlung und erm\u00f6glicht dauerhaftere Ergebnisse. Au\u00dferdem sorgen die bei der Behandlung verwendeten Komponenten f\u00fcr eine langfristige Verbesserung der Kopfhaut und erhalten die allgemeine Gesundheit des Haares.<\/p>\n<\/p><\/div>\n<\/p><\/div>\n<\/p><\/div>\n<\/section>\n","protected":false},"excerpt":{"rendered":"<p>Behandlung mit Wachstumsfaktoren Die Behandlung mit dem Wachstumsfaktor ist ein modernes und personalisiertes Konzept zur Verbesserung der Haargesundheit und zur Bek\u00e4mpfung von Haarausfall. Bei dieser Behandlung wird ein spezielles Serum mit Vitaminen, Mineralien, Aminos\u00e4uren und aufbauenden Komponenten auf die Kopfhaut aufgetragen. Die Anwendung wird durch ein Dermapen-Ger\u00e4t und Massagetechniken optimiert, wodurch die Haarfollikel stimuliert und [&hellip;]<\/p>\n","protected":false},"author":6,"featured_media":4922,"parent":2840,"menu_order":0,"comment_status":"closed","ping_status":"closed","template":"","meta":{"footnotes":""},"class_list":["post-2842","page","type-page","status-publish","has-post-thumbnail","hentry"],"_links":{"self":[{"href":"https:\/\/drterziler.com\/de\/wp-json\/wp\/v2\/pages\/2842","targetHints":{"allow":["GET"]}}],"collection":[{"href":"https:\/\/drterziler.com\/de\/wp-json\/wp\/v2\/pages"}],"about":[{"href":"https:\/\/drterziler.com\/de\/wp-json\/wp\/v2\/types\/page"}],"author":[{"embeddable":true,"href":"https:\/\/drterziler.com\/de\/wp-json\/wp\/v2\/users\/6"}],"replies":[{"embeddable":true,"href":"https:\/\/drterziler.com\/de\/wp-json\/wp\/v2\/comments?post=2842"}],"version-history":[{"count":12,"href":"https:\/\/drterziler.com\/de\/wp-json\/wp\/v2\/pages\/2842\/revisions"}],"predecessor-version":[{"id":62065,"href":"https:\/\/drterziler.com\/de\/wp-json\/wp\/v2\/pages\/2842\/revisions\/62065"}],"up":[{"embeddable":true,"href":"https:\/\/drterziler.com\/de\/wp-json\/wp\/v2\/pages\/2840"}],"wp:featuredmedia":[{"embeddable":true,"href":"https:\/\/drterziler.com\/de\/wp-json\/wp\/v2\/media\/4922"}],"wp:attachment":[{"href":"https:\/\/drterziler.com\/de\/wp-json\/wp\/v2\/media?parent=2842"}],"curies":[{"name":"wp","href":"https:\/\/api.w.org\/{rel}","templated":true}]}}